{"id":7492,"date":"2020-02-12T15:22:03","date_gmt":"2020-02-12T14:22:03","guid":{"rendered":"http:\/\/agora.xtec.cat\/zergavarresa\/?page_id=7492"},"modified":"2025-11-07T13:28:57","modified_gmt":"2025-11-07T12:28:57","slug":"escola-verda","status":"publish","type":"page","link":"https:\/\/agora.xtec.cat\/zergavarresa\/projectes\/escola-verda\/","title":{"rendered":"ESCOLA VERDA"},"content":{"rendered":"\n<p class=\"has-light-green-cyan-background-color has-background\">El Programa escoles verdes sorgeix com un comprom\u00eds de la Generalitat de Catalunya per donar suport a tots els centres educatius de Catalunya que volen innovar, incloure, avan\u00e7ar, sistematitzar i organitzar accions educatives que tinguin la finalitat d&#8217;afrontar, des de l&#8217;educaci\u00f3, els nous reptes i valors de la sostenibilitat.<\/p>\n\n\n\n<div class=\"wp-block-buttons is-layout-flex wp-block-buttons-is-layout-flex\">\n<div class=\"wp-block-button has-custom-width wp-block-button__width-50\"><a class=\"wp-block-button__link has-light-green-cyan-background-color has-background wp-element-button\"><strong>Objectius<\/strong><\/a><\/div>\n<\/div>\n\n\n\n<figure class=\"wp-block-table is-style-stripes\"><table class=\"has-fixed-layout\"><tbody><tr><td class=\"has-text-align-left\" data-align=\"left\">&#8211; Ajudar els centres a incorporar els valors de l&#8217;educaci\u00f3 per a la sostenibilitat en tots els \u00e0mbits de la vida del centre (curr\u00edculum, gesti\u00f3, relacions amb l&#8217;entorn, etc.).<br>&#8211; Promoure la participaci\u00f3 i la implicaci\u00f3 activa de la comunitat educativa en la millora del seu entorn.                                           <img loading=\"lazy\" decoding=\"async\" width=\"150\" height=\"139\" class=\"wp-image-14065\" style=\"width: 150px;\" src=\"https:\/\/agora.xtec.cat\/zergavarresa\/wp-content\/uploads\/usu1235\/2025\/07\/verdes.png\" alt=\"\" srcset=\"https:\/\/agora.xtec.cat\/zergavarresa\/wp-content\/uploads\/usu1235\/2025\/07\/verdes.png 450w, https:\/\/agora.xtec.cat\/zergavarresa\/wp-content\/uploads\/usu1235\/2025\/07\/verdes-300x278.png 300w\" sizes=\"auto, (max-width: 150px) 100vw, 150px\" \/><br>&#8211; Afavorir l&#8217;intercanvi entre els centres que comparteixen uns mateixos objectius.<\/td><\/tr><\/tbody><\/table><\/figure>\n\n\n\n<p class=\"has-light-green-cyan-background-color has-background has-medium-font-size\" style=\"border-style:none;border-width:0px\"><strong>Xarxa d&#8217;escoles verdes<\/strong><\/p>\n\n\n\n<p class=\"has-light-green-cyan-background-color has-background\">Xarxa d&#8217;escoles verdes. Les Escoles Verdes s\u00f3n centres educatius compromesos amb la sostenibilitat que treballen per fomentar una educaci\u00f3 ecosocial que transformi el centre educatiu i el seu entorn, per a la qual cosa fan xarxa amb altres entitats del territori. Actualment, hi ha m\u00e9s de 800 centres que formen part de la Xarxa d\u2019Escoles Verdes. El curs 2023\/24 es va celebrar el 25\u00e8 aniversari de la Xarxa<\/p>\n\n\n\n<div class=\"wp-block-buttons is-layout-flex wp-block-buttons-is-layout-flex\">\n<div class=\"wp-block-button has-custom-width wp-block-button__width-25\"><a class=\"wp-block-button__link has-light-green-cyan-background-color has-background wp-element-button\"><strong>Plans d&#8217;acci\u00f3<\/strong><\/a><\/div>\n<\/div>\n\n\n<p style=\"text-align: center;\">PLA D&#8217;ACCI\u00d3 ESCOLA VERDA 25-26<\/p>\n<p style=\"text-align: center;\"><a href=\"https:\/\/drive.google.com\/file\/d\/1k5YEaVIxQ7sFNhvK4el95fkLkdvdguKD\/view?usp=sharing\" target=\"_blank\" rel=\"noopener\">PLA D&#8217;ACCI\u00d3 ESCOLA VERDA 23-24<\/a><\/p>\n\n\n<div class=\"wp-block-buttons is-layout-flex wp-block-buttons-is-layout-flex\">\n<div class=\"wp-block-button has-custom-width wp-block-button__width-25\"><a class=\"wp-block-button__link has-light-green-cyan-background-color has-background wp-element-button\" href=\"https:\/\/mediambient.gencat.cat\/ca\/05_ambits_dactuacio\/persones-i-natura\/centres-educatius\/xarxa-escoles-verdes\/\"><strong>Per saber-ne m\u00e9s&#8230;<\/strong><\/a><\/div>\n<\/div>\n\n\n\n<p><\/p>\n","protected":false},"excerpt":{"rendered":"<p>El Programa escoles verdes sorgeix com un comprom\u00eds de la Generalitat de Catalunya per donar suport a tots els centres educatius de Catalunya que volen innovar, incloure, avan\u00e7ar, sistematitzar i organitzar accions educatives que tinguin la finalitat d&#8217;afrontar, des de l&#8217;educaci\u00f3, els nous reptes i valors de la sostenibilitat. &#8211; Ajudar els centres a incorporar [&hellip;]<\/p>\n","protected":false},"author":1,"featured_media":13894,"parent":6089,"menu_order":10,"comment_status":"closed","ping_status":"closed","template":"","meta":{"_bbp_topic_count":0,"_bbp_reply_count":0,"_bbp_total_topic_count":0,"_bbp_total_reply_count":0,"_bbp_voice_count":0,"_bbp_anonymous_reply_count":0,"_bbp_topic_count_hidden":0,"_bbp_reply_count_hidden":0,"_bbp_forum_subforum_count":0,"site-sidebar-layout":"default","site-content-layout":"","ast-site-content-layout":"default","site-content-style":"default","site-sidebar-style":"default","ast-global-header-display":"","ast-banner-title-visibility":"","ast-main-header-display":"","ast-hfb-above-header-display":"","ast-hfb-below-header-display":"","ast-hfb-mobile-header-display":"","site-post-title":"","ast-breadcrumbs-content":"","ast-featured-img":"","footer-sml-layout":"","theme-transparent-header-meta":"","adv-header-id-meta":"","stick-header-meta":"","header-above-stick-meta":"","header-main-stick-meta":"","header-below-stick-meta":"","astra-migrate-meta-layouts":"set","ast-page-background-enabled":"default","ast-page-background-meta":{"desktop":{"background-color":"var(--ast-global-color-4)","background-image":"","background-repeat":"repeat","background-position":"center center","background-size":"auto","background-attachment":"scroll","background-type":"","background-media":"","overlay-type":"","overlay-color":"","overlay-opacity":"","overlay-gradient":""},"tablet":{"background-color":"","background-image":"","background-repeat":"repeat","background-position":"center center","background-size":"auto","background-attachment":"scroll","background-type":"","background-media":"","overlay-type":"","overlay-color":"","overlay-opacity":"","overlay-gradient":""},"mobile":{"background-color":"","background-image":"","background-repeat":"repeat","background-position":"center center","background-size":"auto","background-attachment":"scroll","background-type":"","background-media":"","overlay-type":"","overlay-color":"","overlay-opacity":"","overlay-gradient":""}},"ast-content-background-meta":{"desktop":{"background-color":"var(--ast-global-color-5)","background-image":"","background-repeat":"repeat","background-position":"center center","background-size":"auto","background-attachment":"scroll","background-type":"","background-media":"","overlay-type":"","overlay-color":"","overlay-opacity":"","overlay-gradient":""},"tablet":{"background-color":"var(--ast-global-color-5)","background-image":"","background-repeat":"repeat","background-position":"center center","background-size":"auto","background-attachment":"scroll","background-type":"","background-media":"","overlay-type":"","overlay-color":"","overlay-opacity":"","overlay-gradient":""},"mobile":{"background-color":"var(--ast-global-color-5)","background-image":"","background-repeat":"repeat","background-position":"center center","background-size":"auto","background-attachment":"scroll","background-type":"","background-media":"","overlay-type":"","overlay-color":"","overlay-opacity":"","overlay-gradient":""}},"footnotes":""},"class_list":["post-7492","page","type-page","status-publish","has-post-thumbnail","hentry"],"post_mailing_queue_ids":[],"_links":{"self":[{"href":"https:\/\/agora.xtec.cat\/zergavarresa\/wp-json\/wp\/v2\/pages\/7492","targetHints":{"allow":["GET"]}}],"collection":[{"href":"https:\/\/agora.xtec.cat\/zergavarresa\/wp-json\/wp\/v2\/pages"}],"about":[{"href":"https:\/\/agora.xtec.cat\/zergavarresa\/wp-json\/wp\/v2\/types\/page"}],"author":[{"embeddable":true,"href":"https:\/\/agora.xtec.cat\/zergavarresa\/wp-json\/wp\/v2\/users\/1"}],"replies":[{"embeddable":true,"href":"https:\/\/agora.xtec.cat\/zergavarresa\/wp-json\/wp\/v2\/comments?post=7492"}],"version-history":[{"count":6,"href":"https:\/\/agora.xtec.cat\/zergavarresa\/wp-json\/wp\/v2\/pages\/7492\/revisions"}],"predecessor-version":[{"id":14266,"href":"https:\/\/agora.xtec.cat\/zergavarresa\/wp-json\/wp\/v2\/pages\/7492\/revisions\/14266"}],"up":[{"embeddable":true,"href":"https:\/\/agora.xtec.cat\/zergavarresa\/wp-json\/wp\/v2\/pages\/6089"}],"wp:featuredmedia":[{"embeddable":true,"href":"https:\/\/agora.xtec.cat\/zergavarresa\/wp-json\/wp\/v2\/media\/13894"}],"wp:attachment":[{"href":"https:\/\/agora.xtec.cat\/zergavarresa\/wp-json\/wp\/v2\/media?parent=7492"}],"curies":[{"name":"wp","href":"https:\/\/api.w.org\/{rel}","templated":true}]}}