{"id":7454,"date":"2020-01-28T12:17:48","date_gmt":"2020-01-28T11:17:48","guid":{"rendered":"http:\/\/agora.xtec.cat\/zergavarresa\/?page_id=7454"},"modified":"2025-07-11T10:26:57","modified_gmt":"2025-07-11T08:26:57","slug":"plurilinguisme-avancem","status":"publish","type":"page","link":"https:\/\/agora.xtec.cat\/zergavarresa\/projectes\/plurilinguisme-avancem\/","title":{"rendered":"PLURILING\u00dcISME &#8211; AVANCEM: Ensenyament i Aprenentatge integrat de les lleng\u00fces"},"content":{"rendered":"\n<div class=\"wp-block-buttons is-layout-flex wp-block-buttons-is-layout-flex\"><\/div>\n\n\n\n<p class=\"has-medium-font-size\"><strong>Marc te\u00f2ric<\/strong><\/p>\n\n\n\n<p class=\"has-light-green-cyan-background-color has-background\">L&#8217;objecte del <strong>programa Avancem<\/strong> \u00e9s <strong>refor\u00e7ar la compet\u00e8ncia pluriling\u00fce<\/strong> dels alumnes implementant un ensenyament de les lleng\u00fces competencial que incentivi i faciliti la col\u00b7laboraci\u00f3 i el <strong>treball coordinat<\/strong> entre els professors de llengua, tot organitzant el\u00a0curr\u00edculum de forma conjunta i partint dels textos proposats als alumnes. Aix\u00f2 implicar\u00e0 la seq\u00fcenciaci\u00f3 de les tipologies i g\u00e8neres textuals al llarg de l&#8217;etapa. El programa t\u00e9 una durada de tres cursos.<\/p>\n\n\n\n<p class=\"has-white-background-color has-background\">S&#8217;ent\u00e9n per<strong> compet\u00e8ncia pluriling\u00fce<\/strong> els <strong>continguts<\/strong> relacionats amb les <strong>habilitats i destreses per a la conviv\u00e8ncia<\/strong>, el respecte i l\u2019enteniment <strong>entre les persones<\/strong> basats en els usos socials de les <strong>lleng\u00fces en contextos multiling\u00fces<\/strong>. Es parteix de la idea que aprendre lleng\u00fces \u00e9s, abans que altra cosa, aprendre a <strong>comunicar-se amb altres persones<\/strong>, a prendre contacte amb <strong>distintes realitats<\/strong> i a assumir la pr\u00f2pia expressi\u00f3 com a modalitat fonamental d\u2019obertura als altres.<\/p>\n\n\n\n<p class=\"has-white-background-color has-background\">La <strong>dimensi\u00f3 pluriling\u00fce<\/strong> i intercultural est\u00e0 <strong>integrada<\/strong> per les<strong> compet\u00e8ncies<\/strong> seg\u00fcents:<br>\u2022 Ser conscient de la pertinen\u00e7a a la comunitat ling\u00fc\u00edstica i cultural catalana i mostrar inter\u00e8s per l\u2019\u00fas de la llengua catalana.<br>\u2022 Con\u00e8ixer i valorar la diversitat ling\u00fc\u00edstica i cultural de Catalunya, de l\u2019Estat espanyol, d\u2019Europa i del m\u00f3n.<\/p>\n\n\n\n<p class=\"has-medium-font-size\"><strong>Marc pr\u00e0ctic<\/strong><\/p>\n\n\n\n<p class=\"has-white-background-color has-background\">Enguany \u00e9s el segon curs que la ZER Gavarresa est\u00e0 inmersa en aquesta formaci\u00f3. Al llarg del curs anterior es va abordar la festa del Carnestoltes com a objecte de treball dins la dimensi\u00f3 pluriling\u00fce. Es va portar a terme una proposta did\u00e0ctica amb la implicaci\u00f3 de la llengua catalana, la llengua castellana i la llengua estrangera per a l&#8217;assoliment d&#8217;un objectiu com\u00fa: La preparaci\u00f3 de les festa del Carnestoltes. Es pot consultar el document resum de la programaci\u00f3 de cada cicle.<\/p>\n\n\n\n<p><strong><a href=\"https:\/\/drive.google.com\/open?id=1YQXyvRcxQ2cwj0pJi4DhOpIzsMSySw_J\" target=\"_blank\" rel=\"noreferrer noopener\">Cicle inicial St Feliu i Orist\u00e0<\/a><\/strong>&nbsp; &#8211;&nbsp; <strong><a href=\"https:\/\/drive.google.com\/open?id=1lpeRXmQnS2HNNgNUHI6IfmmA-_jsPLI8\" target=\"_blank\" rel=\"noreferrer noopener\">Cicle mitj\u00e0 St Feliu i Orist\u00e0<\/a><\/strong> &#8211;&nbsp; <strong><a href=\"https:\/\/drive.google.com\/open?id=1rrMo95DnVpky7lcbMPX-i6FG3jRdRQIa\" target=\"_blank\" rel=\"noreferrer noopener\">Cicle superior St Feliu<\/a><\/strong>&nbsp; &#8211;&nbsp;<strong><a href=\"https:\/\/drive.google.com\/open?id=1Wt88KDSWQ_SCcIPQBymEBuYydWbDBug0\" target=\"_blank\" rel=\"noreferrer noopener\"> Cicle Superior Orist\u00e0<\/a><\/strong><\/p>\n\n\n\n<p class=\"has-white-background-color has-background\">Al llarg d&#8217;aquest curs la proposta did\u00e0ctica que inclou la implicaci\u00f3 de la llengua catalana, la llengua castellana i la llengua estrangera gira entorn el text ret\u00f2ric. L&#8217;objectiu final ha estat un recull de format digital\/paper on s&#8217;inclouen totes les produccions ret\u00f2riques treballades: El poema, el cal\u00b7ligrama, els acr\u00f2stics, embarbussaments i limeriks. Podeu consultar el document resum de la programaci\u00f3 de cada cicle.<\/p>\n\n\n\n<p><strong><a href=\"https:\/\/drive.google.com\/open?id=1wdoLov0PrUI8hXZzaRCZNk_VevmiFnyN\" target=\"_blank\" rel=\"noreferrer noopener\">Cicle inicial St Feliu<\/a>&nbsp; &nbsp;&#8211;&nbsp; &nbsp;<a href=\"https:\/\/drive.google.com\/open?id=153AHywpw9sI7Uuj1ZShgjQpdeY6iL0NX\" target=\"_blank\" rel=\"noreferrer noopener\">Cicle mitja St Feliu<\/a>&nbsp; &nbsp;&#8211;&nbsp; <a href=\"https:\/\/drive.google.com\/open?id=1LZGlzio0wIdEb4oIDZQTce0cMrMLr26N\" target=\"_blank\" rel=\"noreferrer noopener\">Cicle superior St Feliu<\/a>&nbsp; &#8211;&nbsp; &nbsp;<a href=\"https:\/\/drive.google.com\/open?id=1KG8FX2E2OjbuyvC4ZtWdHtsHWKdvHRMZ\" target=\"_blank\" rel=\"noreferrer noopener\">Orist\u00e0 CI-CM-CS<\/a><\/strong><\/p>\n\n\n\n<p><\/p>\n","protected":false},"excerpt":{"rendered":"<p>Marc te\u00f2ric L&#8217;objecte del programa Avancem \u00e9s refor\u00e7ar la compet\u00e8ncia pluriling\u00fce dels alumnes implementant un ensenyament de les lleng\u00fces competencial que incentivi i faciliti la col\u00b7laboraci\u00f3 i el treball coordinat entre els professors de llengua, tot organitzant el\u00a0curr\u00edculum de forma conjunta i partint dels textos proposats als alumnes. Aix\u00f2 implicar\u00e0 la seq\u00fcenciaci\u00f3 de les tipologies [&hellip;]<\/p>\n","protected":false},"author":26,"featured_media":13945,"parent":6089,"menu_order":20,"comment_status":"closed","ping_status":"closed","template":"","meta":{"_bbp_topic_count":0,"_bbp_reply_count":0,"_bbp_total_topic_count":0,"_bbp_total_reply_count":0,"_bbp_voice_count":0,"_bbp_anonymous_reply_count":0,"_bbp_topic_count_hidden":0,"_bbp_reply_count_hidden":0,"_bbp_forum_subforum_count":0,"site-sidebar-layout":"default","site-content-layout":"","ast-site-content-layout":"default","site-content-style":"default","site-sidebar-style":"default","ast-global-header-display":"","ast-banner-title-visibility":"","ast-main-header-display":"","ast-hfb-above-header-display":"","ast-hfb-below-header-display":"","ast-hfb-mobile-header-display":"","site-post-title":"","ast-breadcrumbs-content":"","ast-featured-img":"","footer-sml-layout":"","theme-transparent-header-meta":"","adv-header-id-meta":"","stick-header-meta":"","header-above-stick-meta":"","header-main-stick-meta":"","header-below-stick-meta":"","astra-migrate-meta-layouts":"set","ast-page-background-enabled":"default","ast-page-background-meta":{"desktop":{"background-color":"var(--ast-global-color-4)","background-image":"","background-repeat":"repeat","background-position":"center center","background-size":"auto","background-attachment":"scroll","background-type":"","background-media":"","overlay-type":"","overlay-color":"","overlay-opacity":"","overlay-gradient":""},"tablet":{"background-color":"","background-image":"","background-repeat":"repeat","background-position":"center center","background-size":"auto","background-attachment":"scroll","background-type":"","background-media":"","overlay-type":"","overlay-color":"","overlay-opacity":"","overlay-gradient":""},"mobile":{"background-color":"","background-image":"","background-repeat":"repeat","background-position":"center center","background-size":"auto","background-attachment":"scroll","background-type":"","background-media":"","overlay-type":"","overlay-color":"","overlay-opacity":"","overlay-gradient":""}},"ast-content-background-meta":{"desktop":{"background-color":"var(--ast-global-color-5)","background-image":"","background-repeat":"repeat","background-position":"center center","background-size":"auto","background-attachment":"scroll","background-type":"","background-media":"","overlay-type":"","overlay-color":"","overlay-opacity":"","overlay-gradient":""},"tablet":{"background-color":"var(--ast-global-color-5)","background-image":"","background-repeat":"repeat","background-position":"center center","background-size":"auto","background-attachment":"scroll","background-type":"","background-media":"","overlay-type":"","overlay-color":"","overlay-opacity":"","overlay-gradient":""},"mobile":{"background-color":"var(--ast-global-color-5)","background-image":"","background-repeat":"repeat","background-position":"center center","background-size":"auto","background-attachment":"scroll","background-type":"","background-media":"","overlay-type":"","overlay-color":"","overlay-opacity":"","overlay-gradient":""}},"footnotes":""},"class_list":["post-7454","page","type-page","status-publish","has-post-thumbnail","hentry"],"post_mailing_queue_ids":[],"_links":{"self":[{"href":"https:\/\/agora.xtec.cat\/zergavarresa\/wp-json\/wp\/v2\/pages\/7454","targetHints":{"allow":["GET"]}}],"collection":[{"href":"https:\/\/agora.xtec.cat\/zergavarresa\/wp-json\/wp\/v2\/pages"}],"about":[{"href":"https:\/\/agora.xtec.cat\/zergavarresa\/wp-json\/wp\/v2\/types\/page"}],"author":[{"embeddable":true,"href":"https:\/\/agora.xtec.cat\/zergavarresa\/wp-json\/wp\/v2\/users\/26"}],"replies":[{"embeddable":true,"href":"https:\/\/agora.xtec.cat\/zergavarresa\/wp-json\/wp\/v2\/comments?post=7454"}],"version-history":[{"count":5,"href":"https:\/\/agora.xtec.cat\/zergavarresa\/wp-json\/wp\/v2\/pages\/7454\/revisions"}],"predecessor-version":[{"id":14074,"href":"https:\/\/agora.xtec.cat\/zergavarresa\/wp-json\/wp\/v2\/pages\/7454\/revisions\/14074"}],"up":[{"embeddable":true,"href":"https:\/\/agora.xtec.cat\/zergavarresa\/wp-json\/wp\/v2\/pages\/6089"}],"wp:featuredmedia":[{"embeddable":true,"href":"https:\/\/agora.xtec.cat\/zergavarresa\/wp-json\/wp\/v2\/media\/13945"}],"wp:attachment":[{"href":"https:\/\/agora.xtec.cat\/zergavarresa\/wp-json\/wp\/v2\/media?parent=7454"}],"curies":[{"name":"wp","href":"https:\/\/api.w.org\/{rel}","templated":true}]}}