{"id":6259,"date":"2018-11-05T12:13:24","date_gmt":"2018-11-05T11:13:24","guid":{"rendered":"http:\/\/agora.xtec.cat\/zergavarresa\/?page_id=6259"},"modified":"2025-07-09T18:44:59","modified_gmt":"2025-07-09T16:44:59","slug":"projecte-emprenedoria","status":"publish","type":"page","link":"https:\/\/agora.xtec.cat\/zergavarresa\/projectes\/projecte-emprenedoria\/","title":{"rendered":"PROJECTE EMPRENEDORIA"},"content":{"rendered":"<h3>PRESENTACI\u00d3<\/h3>\n<p>Durant aquest curs escolar, dins el projecte CuEmE,\u00a0 els alumnes crearan i gestionaran una cooperativa a l\u2019aula i s\u2019organitzaran per fabricar productes artesanals.<\/p>\n<p>Es tracta d\u2019una activitat que es desenvolupa de forma l\u00fadica i creativa a trav\u00e9s d\u2019una metodologia de treball per projectes que permet treballar diferents compet\u00e8ncies de manera transversal.<\/p>\n<h3>FASES DEL PROJECTE<\/h3>\n<p>A l\u2019aula, el projecte s\u2019estructura en\u00a0vuit moments:<\/p>\n<p><img loading=\"lazy\" decoding=\"async\" class=\" wp-image-6260 aligncenter\" src=\"https:\/\/agora.xtec.cat\/zergavarresa\/wp-content\/uploads\/usu1235\/2018\/11\/FASES-PROJECTE.jpg\" alt=\"\" width=\"450\" height=\"527\" srcset=\"https:\/\/agora.xtec.cat\/zergavarresa\/wp-content\/uploads\/usu1235\/2018\/11\/FASES-PROJECTE.jpg 724w, https:\/\/agora.xtec.cat\/zergavarresa\/wp-content\/uploads\/usu1235\/2018\/11\/FASES-PROJECTE-256x300.jpg 256w\" sizes=\"auto, (max-width: 450px) 100vw, 450px\" \/><\/p>\n<h3>METODOLOGIA<\/h3>\n<p>El treball per projectes es defineix en els termes seg\u00fcents:<\/p>\n<ul>\n<li>Aprendre no nom\u00e9s \u00e9s emmagatzemar informaci\u00f3: cal relacionar-la i interioritzar-la.<\/li>\n<li>L\u2019aprenentatge \u00e9s experi\u00e8ncia, tota la resta \u00e9s informaci\u00f3.<\/li>\n<li>Equivocar-se no \u00e9s motiu de frac\u00e0s, sin\u00f3 el cam\u00ed per descobrir la via correcta; els errors tenen un paper fonamental en l\u2019aprenentatge. Aix\u00f2 afavoreix l\u2019autoestima dels alumnes, condici\u00f3 indispensable per a l\u2019aprenentatge.<\/li>\n<li>El paper del professorat no \u00e9s nom\u00e9s ensenyar, tamb\u00e9 \u00e9s afavorir les condicions per aprendre i donar als alumnes oportunitats per a la reflexi\u00f3 i l\u2019autoavaluaci\u00f3.<\/li>\n<li>El treball per projectes afavoreix la individualitat de l\u2019ensenyament perqu\u00e8 respecta el ritme d\u2019aprenentatge, ajuda a connectar els nous aprenentatges amb els coneixements previs i permet aprendre de la resta de persones i amb elles.<\/li>\n<li>Aquesta manera de treballar integra la teoria amb la pr\u00e0ctica en activitats sempre contextualitzades en els interessos de cada estudiant.<\/li>\n<\/ul>\n<p><strong>El programa CuEmE ofereix als alumnes l\u2019oportunitat d\u2019adquirir gradualment una s\u00e8rie d\u2019habilitats i actituds vinculades a la compet\u00e8ncia emprenedora (autonomia, iniciativa personal i emprenedoria) com la responsabilitat, la iniciativa, la comunicaci\u00f3, el treball en equip, etc.<\/strong><\/p>\n<p><strong>Tamb\u00e9 unes compet\u00e8ncies en els diferents \u00e0mbits: llengua, matem\u00e0tiques, medi, art\u00edstica, digital, educaci\u00f3 f\u00edsica i educaci\u00f3 en valors socials i ciutadans.<\/strong><\/p>\n<p>Al llarg de tot el proc\u00e9s de creaci\u00f3 de la cooperativa els mestres acompanyen els cooperativistes a mesura que van passant per les diferents fases del projecte.<\/p>\n<p>Aix\u00ed, en el projecte CuEmE el tutor o tutora es converteix en observador, facilitador i, en definitiva, mediador entre all\u00f2 que coneixem de l\u2019estructura cognitiva dels alumnes (com aprendre, per qu\u00e8, etc.) i els continguts estipulats per a cada etapa educativa. El seu paper correspondria al d\u2019un dissenyador o dissenyadora de situacions d\u2019aprenentatge.<\/p>\n<p>Les fam\u00edlies tamb\u00e9 podeu acompanyar als vostres fills\/es en tot el proc\u00e9s, i deixar-los equivocar, si cal, perqu\u00e8 es converteixin en els m\u00e0xims responsables del projecte.<\/p>\n<p>Quan hagin d\u2019elaborar el prototip d\u2019un producte, hem de ser conscients que l\u2019hauran d\u2019elaborar ells sols a la classe davant els seus socis, per tant han de ser coses senzilles que no requereixin la m\u00e0 dels pares (com tallar fusta, treballar ferro, en definitiva utilitzar eines perilloses&#8230;).<\/p>\n<p>Hem de tenir en compte que el que m\u00e9s important no \u00e9s el resultat sin\u00f3 tot el proc\u00e9s que faran.<\/p>\n<p>Per la seva banda, els alumnes han d\u2019assumir un paper molt m\u00e9s actiu. Han de prendre decisions, treballar cooperativament, tenir iniciativa, fer presentacions p\u00fabliques i, en definitiva, construir el seu propi coneixement. Encara que aix\u00f2 pugui ser un repte al comen\u00e7ament, l\u2019experi\u00e8ncia del CuEmE posa de manifest que el treball per projectes \u00e9s m\u00e9s significatiu i m\u00e9s rellevant per als nens i nenes, per la qual cosa estan m\u00e9s motivats, retenen millor el nou aprenentatge i, a m\u00e9s, comprenen la funcionalitat del que han apr\u00e8s.<\/p>\n<p>L\u2019objectiu \u00e9s que els nens i nenes que participen en el projecte CuEmE se sentin part integrant del seu entorn m\u00e9s proper, ja que les seves accions tenen un valor fora del centre educatiu. En aquest sentit, l\u2019ajuntament (o el corresponent ens local de refer\u00e8ncia de l\u2019escola) defineix una estrat\u00e8gia local que permet vincular l\u2019escola amb l\u2019exterior a trav\u00e9s de diverses activitats (tallers, visites, etc.), de manera que el projecte traspassa les aules i es disposa de la implicaci\u00f3 dels agents i les entitats del territori.<\/p>\n<h3><\/h3>\n<h3>CRONOLOGIA D&#8217;ACTIVITATS (Curs 24\/25)<\/h3>\n<p><a href=\"https:\/\/sites.google.com\/zergavarresa.cat\/sanfe-tiva\/inici\">https:\/\/sites.google.com\/zergavarresa.cat\/sanfe-tiva\/inici\u00a0\u00a0<\/a><\/p>\n<h3>CRONOLOGIA D&#8217;ACTIVITATS (Curs 22\/23)<\/h3>\n<p>Activitats descrites al bloc<\/p>\n<h3>CRONOLOGIA D&#8217;ACTIVITATS (Curs 20\/21)<\/h3>\n<p>Trobareu totes les activitats, al link que us deixem a continuaci\u00f3:<\/p>\n<p><strong><a href=\"https:\/\/sites.google.com\/zergavarresa.cat\/rouresart\/p%C3%A0gina-principal\">https:\/\/sites.google.com\/zergavarresa.cat\/rouresart\/p%C3%A0gina-principal<\/a><\/strong><\/p>\n<p><span style=\"font-size: 1.6875em; font-weight: bold;\">CRONOLOGIA D&#8217;ACTIVITATS (Curs 18\/19)<\/span><\/p>\n<table style=\"border-collapse: collapse; width: 100%; height: 1556px;\" border=\"1\">\n<tbody>\n<tr style=\"height: 30px;\">\n<td style=\"width: 33.3333%; text-align: center; height: 30px;\"><strong>ACTIVITAT<\/strong><\/td>\n<td style=\"width: 33.3333%; text-align: center; height: 30px;\"><strong>DATA<\/strong><\/td>\n<td style=\"width: 33.3333%; text-align: center; height: 30px;\"><strong>ENLLA\u00c7<\/strong><\/td>\n<\/tr>\n<tr style=\"height: 60px;\">\n<td style=\"width: 33.3333%; text-align: center; height: 60px;\">TALLER D&#8217;ASSESSORAMENT EMPRESARIAL<\/td>\n<td style=\"width: 33.3333%; text-align: center; height: 60px;\">25\/10\/2018<\/td>\n<td style=\"width: 33.3333%; text-align: center; height: 60px;\"><a href=\"https:\/\/agora.xtec.cat\/zergavarresa\/escola-els-roures\/grups-els-roures\/cicle-superior-els-roures\/treballem-la-cultura-emprenedora-a-lescola\/\">https:\/\/agora.xtec.cat\/zergavarresa\/escola-els-roures\/grups-els-roures\/cicle-superior-els-roures\/treballem-la-cultura-emprenedora-a-lescola\/<\/a><\/td>\n<\/tr>\n<tr style=\"height: 30px;\">\n<td style=\"width: 33.3333%; text-align: center; height: 30px;\">HABILITATS EMPRENEDORES<\/td>\n<td style=\"width: 33.3333%; text-align: center; height: 30px;\">\u00a0OCTUBRE<\/td>\n<td style=\"width: 33.3333%; text-align: center; height: 30px;\"><\/td>\n<\/tr>\n<tr style=\"height: 60px;\">\n<td style=\"width: 33.3333%; text-align: center; height: 60px;\">\u00a0CONSTITUCI\u00d3 DE LA COOPERATIVA<\/td>\n<td style=\"width: 33.3333%; text-align: center; height: 60px;\">6\/11\/2018<\/td>\n<td style=\"width: 33.3333%; text-align: center; height: 60px;\"><a href=\"https:\/\/agora.xtec.cat\/zergavarresa\/escola-els-roures\/grups-els-roures\/cicle-superior-els-roures\/noticia-bomba-ja-tenim-cooperativa\/\">https:\/\/agora.xtec.cat\/zergavarresa\/escola-els-roures\/grups-els-roures\/cicle-superior-els-roures\/noticia-bomba-ja-tenim-cooperativa\/<\/a><\/td>\n<\/tr>\n<tr style=\"height: 45px;\">\n<td style=\"width: 33.3333%; text-align: center; height: 45px;\">PRESENTACI\u00d3 DE CANDIDATURES<\/td>\n<td style=\"width: 33.3333%; text-align: center; height: 45px;\">\u00a014\/11\/2018<\/td>\n<td style=\"width: 33.3333%; text-align: center; height: 45px;\"><\/td>\n<\/tr>\n<tr style=\"height: 30px;\">\n<td style=\"width: 33.3333%; text-align: center; height: 30px;\">ELABORACI\u00d3 DELS ESTATUTS<\/td>\n<td style=\"width: 33.3333%; text-align: center; height: 30px;\">\u00a020 i 21 de novembre<\/td>\n<td style=\"width: 33.3333%; text-align: center; height: 30px;\"><\/td>\n<\/tr>\n<tr style=\"height: 60px;\">\n<td style=\"width: 33.3333%; text-align: center; height: 60px;\">NOM DE LA COOPERATIVA I DONACI\u00d3 DE PART DEL BENEFICI A UN ASSOCIACI\u00d3<\/td>\n<td style=\"width: 33.3333%; text-align: center; height: 60px;\">13\/11\/2018<\/td>\n<td style=\"width: 33.3333%; text-align: center; height: 60px;\"><\/td>\n<\/tr>\n<tr style=\"height: 30px;\">\n<td style=\"width: 33.3333%; text-align: center; height: 30px;\">ORGANIGRAMA<\/td>\n<td style=\"width: 33.3333%; text-align: center; height: 30px;\">21\/11\/18<\/td>\n<td style=\"width: 33.3333%; text-align: center; height: 30px;\"><\/td>\n<\/tr>\n<tr style=\"height: 45px;\">\n<td style=\"width: 33.3333%; text-align: center; height: 45px;\">INST\u00c0NCIA\u00a0 I MODEL 037 SOL.LICITUD DEL CIF<\/td>\n<td style=\"width: 33.3333%; text-align: center; height: 45px;\">21\/11\/18<\/td>\n<td style=\"width: 33.3333%; text-align: center; height: 45px;\"><\/td>\n<\/tr>\n<tr style=\"height: 30px;\">\n<td style=\"width: 33.3333%; text-align: center; height: 30px;\">FITXA DELS SOCIS I S\u00d2CIES<\/td>\n<td style=\"width: 33.3333%; text-align: center; height: 30px;\">Novembre-Desembre<\/td>\n<td style=\"width: 33.3333%; text-align: center; height: 30px;\"><\/td>\n<\/tr>\n<tr style=\"height: 45px;\">\n<td style=\"width: 33.3333%; text-align: center; height: 45px;\">ENTREM LA SOL.LICITUD A L&#8217;AJUNTAMENT<\/td>\n<td style=\"width: 33.3333%; text-align: center; height: 45px;\">27 de novembre<\/td>\n<td style=\"width: 33.3333%; text-align: center; height: 45px;\"><\/td>\n<\/tr>\n<tr style=\"height: 60px;\">\n<td style=\"width: 33.3333%; text-align: center; height: 60px;\">Donem a con\u00e8ixer la nostra cooperativa (classes i ajuntament\/consorci)<\/td>\n<td style=\"width: 33.3333%; text-align: center; height: 60px;\">30 de novembre<\/td>\n<td style=\"width: 33.3333%; text-align: center; height: 60px;\"><\/td>\n<\/tr>\n<tr style=\"height: 60px;\">\n<td style=\"width: 33.3333%; text-align: center; height: 60px;\">Taller de disseny gr\u00e0fic\u00a0 \u00a0&#8220;LOGO&#8221;<\/td>\n<td style=\"width: 33.3333%; text-align: center; height: 60px;\">5 de desembre<\/td>\n<td style=\"width: 33.3333%; text-align: center; height: 60px;\"><a href=\"https:\/\/agora.xtec.cat\/zergavarresa\/escola-els-roures\/grups-els-roures\/cicle-superior-els-roures\/taller-de-disseny-grafic\/\">https:\/\/agora.xtec.cat\/zergavarresa\/escola-els-roures\/grups-els-roures\/cicle-superior-els-roures\/taller-de-disseny-grafic\/<\/a><\/td>\n<\/tr>\n<tr style=\"height: 60px;\">\n<td style=\"width: 33.3333%; text-align: center; height: 60px;\">Presentaci\u00f3 de les propostes de logos als socis<\/td>\n<td style=\"width: 33.3333%; text-align: center; height: 60px;\">11 de desembre<\/td>\n<td style=\"width: 33.3333%; text-align: center; height: 60px;\"><a href=\"https:\/\/agora.xtec.cat\/zergavarresa\/escola-els-roures\/grups-els-roures\/cicle-mitja-els-roures\/el-logotip-de-la-cooperativa\/\">https:\/\/agora.xtec.cat\/zergavarresa\/escola-els-roures\/grups-els-roures\/cicle-mitja-els-roures\/el-logotip-de-la-cooperativa\/<\/a><\/td>\n<\/tr>\n<tr style=\"height: 116px;\">\n<td style=\"width: 33.3333%; text-align: center; height: 116px;\">Presentaci\u00f3 del Prototips de possibles productesAutoavaluaci\u00f3<\/td>\n<td style=\"width: 33.3333%; text-align: center; height: 116px;\">8, 9 i 10 de gener<\/td>\n<td style=\"width: 33.3333%; text-align: center; height: 116px;\"><a href=\"https:\/\/agora.xtec.cat\/zergavarresa\/escola-els-roures\/grups-els-roures\/cicle-mitja-els-roures\/presentem-els-prototips-de-la-nostra-cooperativa\/\">https:\/\/agora.xtec.cat\/zergavarresa\/escola-els-roures\/grups-els-roures\/cicle-mitja-els-roures\/presentem-els-prototips-de-la-nostra-cooperativa\/<\/a><\/td>\n<\/tr>\n<tr style=\"height: 116px;\">\n<td style=\"width: 33.3333%; text-align: center; height: 116px;\">Preselecci\u00f3 del prototipEstudi de mercat (elaboraci\u00f3 q\u00fcestionari i realitzaci\u00f3 enquesta)<\/td>\n<td style=\"width: 33.3333%; text-align: center; height: 116px;\">Gener i febrer<\/td>\n<td style=\"width: 33.3333%; text-align: center; height: 116px;\"><a href=\"https:\/\/agora.xtec.cat\/zergavarresa\/escola-els-roures\/grups-els-roures\/cicle-mitja-els-roures\/estudi-de-mercat\/\">https:\/\/agora.xtec.cat\/zergavarresa\/escola-els-roures\/grups-els-roures\/cicle-mitja-els-roures\/estudi-de-mercat\/<\/a><\/td>\n<\/tr>\n<tr style=\"height: 30px;\">\n<td style=\"width: 33.3333%; text-align: center; height: 30px;\">Cat\u00e0leg de productes<\/td>\n<td style=\"width: 33.3333%; text-align: center; height: 30px;\">Abril<\/td>\n<td style=\"width: 33.3333%; text-align: center; height: 30px;\"><a href=\"https:\/\/www.scribd.com\/presentation\/407411467\/CATALEG\">https:\/\/www.scribd.com\/presentation\/407411467\/CATALEG<\/a><\/td>\n<\/tr>\n<tr style=\"height: 30px;\">\n<td style=\"width: 33.3333%; text-align: center; height: 30px;\">Fitxa de socis<\/td>\n<td style=\"width: 33.3333%; text-align: center; height: 30px;\">al llarg del trimestre<\/td>\n<td style=\"width: 33.3333%; text-align: center; height: 30px;\"><\/td>\n<\/tr>\n<tr style=\"height: 94px;\">\n<td style=\"width: 33.3333%; text-align: center; height: 94px;\">Pressupost i materials necessarisPrevisi\u00f3 d&#8217;ingressos<\/td>\n<td style=\"width: 33.3333%; text-align: center; height: 94px;\">12 i 13 de febrer<\/td>\n<td style=\"width: 33.3333%; text-align: center; height: 94px;\"><\/td>\n<\/tr>\n<tr style=\"height: 60px;\">\n<td style=\"width: 33.3333%; text-align: center; height: 60px;\">Producci\u00f3<\/td>\n<td style=\"width: 33.3333%; text-align: center; height: 60px;\">Febrer, mar\u00e7 i abril<\/td>\n<td style=\"width: 33.3333%; text-align: center; height: 60px;\"><a href=\"https:\/\/agora.xtec.cat\/zergavarresa\/escola-els-roures\/grups-els-roures\/cicle-mitja-els-roures\/la-cooperativa-ja-esta-produint\/\">https:\/\/agora.xtec.cat\/zergavarresa\/escola-els-roures\/grups-els-roures\/cicle-mitja-els-roures\/la-cooperativa-ja-esta-produint\/<\/a><\/td>\n<\/tr>\n<tr style=\"height: 60px;\">\n<td style=\"width: 33.3333%; text-align: center; height: 60px;\">Xerrades econ\u00f2miques<\/td>\n<td style=\"width: 33.3333%; text-align: center; height: 60px;\">12 de mar\u00e7 &#8211; 10 d&#8217;abril<\/td>\n<td style=\"width: 33.3333%; text-align: center; height: 60px;\"><a href=\"https:\/\/agora.xtec.cat\/zergavarresa\/escola-els-roures\/grups-els-roures\/cicle-mitja-els-roures\/xerrades-economiques-el-joan-i-lalbert-ens-assessoren\/\">https:\/\/agora.xtec.cat\/zergavarresa\/escola-els-roures\/grups-els-roures\/cicle-mitja-els-roures\/xerrades-economiques-el-joan-i-lalbert-ens-assessoren\/<\/a><\/td>\n<\/tr>\n<tr style=\"height: 60px;\">\n<td style=\"width: 33.3333%; text-align: center; height: 60px;\">Ens parla: l&#8217;Associaci\u00f3 a ContraCORrent<\/td>\n<td style=\"width: 33.3333%; text-align: center; height: 60px;\">25 de mar\u00e7<\/td>\n<td style=\"width: 33.3333%; text-align: center; height: 60px;\"><a href=\"https:\/\/agora.xtec.cat\/zergavarresa\/escola-els-roures\/grups-els-roures\/cicle-mitja-els-roures\/xerrada-de-lassociacio-a-contracorrent\/\">https:\/\/agora.xtec.cat\/zergavarresa\/escola-els-roures\/grups-els-roures\/cicle-mitja-els-roures\/xerrada-de-lassociacio-a-contracorrent\/<\/a><\/td>\n<\/tr>\n<tr style=\"height: 45px;\">\n<td style=\"width: 33.3333%; text-align: center; height: 45px;\">Taller de comunicaci\u00f3 i Marqueting<\/td>\n<td style=\"width: 33.3333%; text-align: center; height: 45px;\">24 d&#8217;abril<\/td>\n<td style=\"width: 33.3333%; text-align: center; height: 45px;\"><\/td>\n<\/tr>\n<tr style=\"height: 45px;\">\n<td style=\"width: 33.3333%; text-align: center; height: 45px;\">Etiquetatge, embolicar, disseny parada i producci\u00f3<\/td>\n<td style=\"width: 33.3333%; text-align: center; height: 45px;\">Maig<\/td>\n<td style=\"width: 33.3333%; text-align: center; height: 45px;\"><\/td>\n<\/tr>\n<tr style=\"height: 60px;\">\n<td style=\"width: 33.3333%; text-align: center; height: 60px;\">Venda de productes. Mercat a Prats i a St. Feliu<\/td>\n<td style=\"width: 33.3333%; text-align: center; height: 60px;\">12 i 16 de maig<\/td>\n<td style=\"width: 33.3333%; text-align: center; height: 60px;\"><a href=\"https:\/\/agora.xtec.cat\/zergavarresa\/escola-els-roures\/grups-els-roures\/cicle-mitja-els-roures\/dies-de-mercat-de-la-cooperativa-roures-a-ma\/\">https:\/\/agora.xtec.cat\/zergavarresa\/escola-els-roures\/grups-els-roures\/cicle-mitja-els-roures\/dies-de-mercat-de-la-cooperativa-roures-a-ma\/<\/a><\/td>\n<\/tr>\n<tr style=\"height: 45px;\">\n<td style=\"width: 33.3333%; text-align: center; height: 45px;\">Trobada de cooperatives a Manlleu<\/td>\n<td style=\"width: 33.3333%; text-align: center; height: 45px;\">17 de maig<\/td>\n<td style=\"width: 33.3333%; text-align: center; height: 45px;\"><a href=\"https:\/\/ess.manlleu.cat\/mes-de-600-alumnes-participen-a-la-trobada-comarcal-de-cooperatives-escolars-a-manlleu\/\">https:\/\/ess.manlleu.cat\/mes-de-600-alumnes-participen-a-la-trobada-comarcal-de-cooperatives-escolars-a-manlleu\/<\/a><\/td>\n<\/tr>\n<tr style=\"height: 45px;\">\n<td style=\"width: 33.3333%; text-align: center; height: 45px;\">Tancament CUEME del Llu\u00e7an\u00e8s<\/td>\n<td style=\"width: 33.3333%; text-align: center; height: 45px;\">23 de maig<\/td>\n<td style=\"width: 33.3333%; text-align: center; height: 45px;\"><a href=\"https:\/\/www.llucanes.cat\/tanca-el-cueme-al-llucanes-a-sant-feliu-sasserra\/\">https:\/\/www.llucanes.cat\/tanca-el-cueme-al-llucanes-a-sant-feliu-sasserra\/<\/a><\/td>\n<\/tr>\n<tr style=\"height: 60px;\">\n<td style=\"width: 33.3333%; text-align: center; height: 60px;\">Producci\u00f3 per respondre a les comandes de les fam\u00edlies de l&#8217;escola<\/td>\n<td style=\"width: 33.3333%; text-align: center; height: 60px;\">Maig-Juny<\/td>\n<td style=\"width: 33.3333%; text-align: center; height: 60px;\"><\/td>\n<\/tr>\n<tr style=\"height: 45px;\">\n<td style=\"width: 33.3333%; text-align: center; height: 45px;\">Activitat conjunta de tots els socis (beneficis)<\/td>\n<td style=\"width: 33.3333%; text-align: center; height: 45px;\">13 de juny<\/td>\n<td style=\"width: 33.3333%; text-align: center; height: 45px;\"><\/td>\n<\/tr>\n<\/tbody>\n<\/table>\n","protected":false},"excerpt":{"rendered":"<p>PRESENTACI\u00d3 Durant aquest curs escolar, dins el projecte CuEmE,\u00a0 els alumnes crearan i gestionaran una cooperativa a l\u2019aula i s\u2019organitzaran per fabricar productes artesanals. Es tracta d\u2019una activitat que es desenvolupa de forma l\u00fadica i creativa a trav\u00e9s d\u2019una metodologia de treball per projectes que permet treballar diferents compet\u00e8ncies de manera transversal. FASES DEL PROJECTE [&hellip;]<\/p>\n","protected":false},"author":1,"featured_media":13947,"parent":6089,"menu_order":30,"comment_status":"closed","ping_status":"closed","template":"","meta":{"_bbp_topic_count":0,"_bbp_reply_count":0,"_bbp_total_topic_count":0,"_bbp_total_reply_count":0,"_bbp_voice_count":0,"_bbp_anonymous_reply_count":0,"_bbp_topic_count_hidden":0,"_bbp_reply_count_hidden":0,"_bbp_forum_subforum_count":0,"site-sidebar-layout":"default","site-content-layout":"","ast-site-content-layout":"default","site-content-style":"default","site-sidebar-style":"default","ast-global-header-display":"","ast-banner-title-visibility":"","ast-main-header-display":"","ast-hfb-above-header-display":"","ast-hfb-below-header-display":"","ast-hfb-mobile-header-display":"","site-post-title":"","ast-breadcrumbs-content":"","ast-featured-img":"","footer-sml-layout":"","theme-transparent-header-meta":"","adv-header-id-meta":"","stick-header-meta":"","header-above-stick-meta":"","header-main-stick-meta":"","header-below-stick-meta":"","astra-migrate-meta-layouts":"set","ast-page-background-enabled":"default","ast-page-background-meta":{"desktop":{"background-color":"var(--ast-global-color-4)","background-image":"","background-repeat":"repeat","background-position":"center center","background-size":"auto","background-attachment":"scroll","background-type":"","background-media":"","overlay-type":"","overlay-color":"","overlay-opacity":"","overlay-gradient":""},"tablet":{"background-color":"","background-image":"","background-repeat":"repeat","background-position":"center center","background-size":"auto","background-attachment":"scroll","background-type":"","background-media":"","overlay-type":"","overlay-color":"","overlay-opacity":"","overlay-gradient":""},"mobile":{"background-color":"","background-image":"","background-repeat":"repeat","background-position":"center center","background-size":"auto","background-attachment":"scroll","background-type":"","background-media":"","overlay-type":"","overlay-color":"","overlay-opacity":"","overlay-gradient":""}},"ast-content-background-meta":{"desktop":{"background-color":"var(--ast-global-color-5)","background-image":"","background-repeat":"repeat","background-position":"center center","background-size":"auto","background-attachment":"scroll","background-type":"","background-media":"","overlay-type":"","overlay-color":"","overlay-opacity":"","overlay-gradient":""},"tablet":{"background-color":"var(--ast-global-color-5)","background-image":"","background-repeat":"repeat","background-position":"center center","background-size":"auto","background-attachment":"scroll","background-type":"","background-media":"","overlay-type":"","overlay-color":"","overlay-opacity":"","overlay-gradient":""},"mobile":{"background-color":"var(--ast-global-color-5)","background-image":"","background-repeat":"repeat","background-position":"center center","background-size":"auto","background-attachment":"scroll","background-type":"","background-media":"","overlay-type":"","overlay-color":"","overlay-opacity":"","overlay-gradient":""}},"footnotes":""},"class_list":["post-6259","page","type-page","status-publish","has-post-thumbnail","hentry"],"post_mailing_queue_ids":[],"_links":{"self":[{"href":"https:\/\/agora.xtec.cat\/zergavarresa\/wp-json\/wp\/v2\/pages\/6259","targetHints":{"allow":["GET"]}}],"collection":[{"href":"https:\/\/agora.xtec.cat\/zergavarresa\/wp-json\/wp\/v2\/pages"}],"about":[{"href":"https:\/\/agora.xtec.cat\/zergavarresa\/wp-json\/wp\/v2\/types\/page"}],"author":[{"embeddable":true,"href":"https:\/\/agora.xtec.cat\/zergavarresa\/wp-json\/wp\/v2\/users\/1"}],"replies":[{"embeddable":true,"href":"https:\/\/agora.xtec.cat\/zergavarresa\/wp-json\/wp\/v2\/comments?post=6259"}],"version-history":[{"count":4,"href":"https:\/\/agora.xtec.cat\/zergavarresa\/wp-json\/wp\/v2\/pages\/6259\/revisions"}],"predecessor-version":[{"id":14015,"href":"https:\/\/agora.xtec.cat\/zergavarresa\/wp-json\/wp\/v2\/pages\/6259\/revisions\/14015"}],"up":[{"embeddable":true,"href":"https:\/\/agora.xtec.cat\/zergavarresa\/wp-json\/wp\/v2\/pages\/6089"}],"wp:featuredmedia":[{"embeddable":true,"href":"https:\/\/agora.xtec.cat\/zergavarresa\/wp-json\/wp\/v2\/media\/13947"}],"wp:attachment":[{"href":"https:\/\/agora.xtec.cat\/zergavarresa\/wp-json\/wp\/v2\/media?parent=6259"}],"curies":[{"name":"wp","href":"https:\/\/api.w.org\/{rel}","templated":true}]}}