{"id":6251,"date":"2018-11-05T12:02:05","date_gmt":"2018-11-05T11:02:05","guid":{"rendered":"http:\/\/agora.xtec.cat\/zergavarresa\/?page_id=6251"},"modified":"2025-07-09T18:45:27","modified_gmt":"2025-07-09T16:45:27","slug":"projecte-fonts","status":"publish","type":"page","link":"https:\/\/agora.xtec.cat\/zergavarresa\/projectes\/projecte-fonts\/","title":{"rendered":"PROJECTE FONTS"},"content":{"rendered":"<h3>JUSTIFICACI\u00d3<\/h3>\n<p>El motiu principal de l&#8217;elecci\u00f3 d&#8217;una font del municipi ha estat con\u00e8ixer i col\u00b7laborar amb els agents competents per tal de fer conservaci\u00f3 de l&#8217;espai f\u00edsic i conseq\u00fcentment poder fer \u00fas social d&#8217;aquest espai.<\/p>\n<p>Altres motius i no menys importants han estat poder fer un treball de camp de l&#8217;entorn proper aprofundint en diferents continguts de l&#8217;\u00e0mbit del medi natural i social i conscienciar a l&#8217;alumnat de la qualitat de l&#8217;aigua cada vegada amb m\u00e9s perill al nostre territori.<\/p>\n<h3>OBJECTIUS DEL PROJECTE<\/h3>\n<ul>\n<li>Descobrir el patrimoni de les fonts que hi ha al municipi, escollir-ne una per apadrinar-la.<\/li>\n<li>Con\u00e8ixer i analitzar l&#8217;entorn: an\u00e0lisi de l&#8217;aigua, formulaci\u00f3 d&#8217;hip\u00f2tesis, observaci\u00f3 de la vegetaci\u00f3 i altres aspectes socials,&#8230;<\/li>\n<li>Entendre l&#8217;element patrimonial com a font d&#8217;informaci\u00f3 sobre la vida i el pensament de les societats, per tal de poder interpretar el present, el passat i el futur.<\/li>\n<li>Descobrir la import\u00e0ncia i recuperaci\u00f3 de la mem\u00f2ria hist\u00f2rica i la conservaci\u00f3 i difusi\u00f3 de l&#8217;element apadrinat.<\/li>\n<\/ul>\n<h3>CRONOLOGIA D&#8217;ACTIVITATS<\/h3>\n<table style=\"border-collapse: collapse; width: 100%;\" border=\"1\">\n<tbody>\n<tr style=\"height: 30px;\">\n<td style=\"width: 33.3333%; height: 30px; text-align: center;\"><strong>ACTIVITAT<\/strong><\/td>\n<td style=\"width: 33.3333%; height: 30px; text-align: center;\"><strong>DATA<\/strong><\/td>\n<td style=\"width: 33.3333%; height: 30px; text-align: center;\"><strong>ENLLA\u00c7<\/strong><\/td>\n<\/tr>\n<tr style=\"height: 45px;\">\n<td style=\"width: 33.3333%; height: 45px; text-align: center;\">GIMCAMA EN BICICLETAGeolocalitzaci\u00f3 de 5 fonts del municipi i proves interdisciplinars amb l&#8217;EDULOC<\/td>\n<td style=\"width: 33.3333%; height: 45px; text-align: center;\">CURS 15-16<\/td>\n<td style=\"width: 33.3333%; height: 45px;\">\u00a0<img loading=\"lazy\" decoding=\"async\" class=\"alignnone size-large wp-image-6256\" src=\"https:\/\/agora.xtec.cat\/zergavarresa\/wp-content\/uploads\/usu1235\/2018\/11\/eduloc-5-fonts-1024x494.png\" alt=\"\" width=\"1024\" height=\"494\" srcset=\"https:\/\/agora.xtec.cat\/zergavarresa\/wp-content\/uploads\/usu1235\/2018\/11\/eduloc-5-fonts.png 1024w, https:\/\/agora.xtec.cat\/zergavarresa\/wp-content\/uploads\/usu1235\/2018\/11\/eduloc-5-fonts-300x145.png 300w, https:\/\/agora.xtec.cat\/zergavarresa\/wp-content\/uploads\/usu1235\/2018\/11\/eduloc-5-fonts-768x371.png 768w\" sizes=\"auto, (max-width: 1024px) 100vw, 1024px\" \/><\/td>\n<\/tr>\n<tr style=\"height: 45px;\">\n<td style=\"width: 33.3333%; height: 45px; text-align: center;\">REVISTA-CAT\u00c0LEG DE LES FONTS DE SANT FELIU SASSERRA<\/td>\n<td style=\"width: 33.3333%; height: 45px; text-align: center;\">CURS 16-17<\/td>\n<td style=\"width: 33.3333%; height: 45px;\">\n<p style=\"margin: 12px auto 6px auto; font-family: Helvetica,Arial,Sans-serif; font-style: normal; font-variant: normal; font-weight: normal; font-size: 14px; line-height: normal; font-size-adjust: none; font-stretch: normal; -x-system-font: none; display: block;\"><a style=\"text-decoration: underline;\" title=\"View REVISTA-CAT\u00c0LEG DELS FONTS DE SANT FELIU SASSERRA on Scribd\" href=\"https:\/\/www.scribd.com\/document\/392396522\/REVISTA-CATALEG-DELS-FONTS-DE-SANT-FELIU-SASSERRA#from_embed\">REVISTA-CAT\u00c0LEG DELS FONTS DE SANT FELIU SASSERRA<\/a> by <a style=\"text-decoration: underline;\" title=\"View Anonymous zuXwnUK's profile on Scribd\" href=\"https:\/\/www.scribd.com\/user\/136548068\/Anonymous-zuXwnUK#from_embed\">Anonymous zuXwnUK<\/a> on Scribd<\/p>\n<p><iframe loading=\"lazy\" id=\"doc_71301\" class=\"scribd_iframe_embed\" title=\"REVISTA-CAT\u00c0LEG DELS FONTS DE SANT FELIU SASSERRA\" src=\"https:\/\/www.scribd.com\/embeds\/392396522\/content?start_page=1&amp;view_mode=scroll&amp;access_key=key-soJh4vHqGo5Ah1wJuQgB&amp;show_recommendations=true\" width=\"100%\" height=\"300\" frameborder=\"0\" scrolling=\"no\" data-auto-height=\"false\" data-aspect-ratio=\"0.7080062794348508\"><span data-mce-type=\"bookmark\" style=\"display: inline-block; width: 0px; overflow: hidden; line-height: 0;\" class=\"mce_SELRES_start\">\ufeff<\/span><\/iframe><\/td>\n<\/tr>\n<tr style=\"height: 35px;\">\n<td style=\"width: 33.3333%; height: 35px;\"><\/td>\n<td style=\"width: 33.3333%; height: 35px;\"><\/td>\n<td style=\"width: 33.3333%; height: 35px;\"><\/td>\n<\/tr>\n<\/tbody>\n<\/table>\n","protected":false},"excerpt":{"rendered":"<p>JUSTIFICACI\u00d3 El motiu principal de l&#8217;elecci\u00f3 d&#8217;una font del municipi ha estat con\u00e8ixer i col\u00b7laborar amb els agents competents per tal de fer conservaci\u00f3 de l&#8217;espai f\u00edsic i conseq\u00fcentment poder fer \u00fas social d&#8217;aquest espai. Altres motius i no menys importants han estat poder fer un treball de camp de l&#8217;entorn proper aprofundint en diferents [&hellip;]<\/p>\n","protected":false},"author":1,"featured_media":6098,"parent":6089,"menu_order":40,"comment_status":"closed","ping_status":"closed","template":"","meta":{"_bbp_topic_count":0,"_bbp_reply_count":0,"_bbp_total_topic_count":0,"_bbp_total_reply_count":0,"_bbp_voice_count":0,"_bbp_anonymous_reply_count":0,"_bbp_topic_count_hidden":0,"_bbp_reply_count_hidden":0,"_bbp_forum_subforum_count":0,"site-sidebar-layout":"default","site-content-layout":"","ast-site-content-layout":"default","site-content-style":"default","site-sidebar-style":"default","ast-global-header-display":"","ast-banner-title-visibility":"","ast-main-header-display":"","ast-hfb-above-header-display":"","ast-hfb-below-header-display":"","ast-hfb-mobile-header-display":"","site-post-title":"","ast-breadcrumbs-content":"","ast-featured-img":"","footer-sml-layout":"","theme-transparent-header-meta":"","adv-header-id-meta":"","stick-header-meta":"","header-above-stick-meta":"","header-main-stick-meta":"","header-below-stick-meta":"","astra-migrate-meta-layouts":"set","ast-page-background-enabled":"default","ast-page-background-meta":{"desktop":{"background-color":"var(--ast-global-color-4)","background-image":"","background-repeat":"repeat","background-position":"center center","background-size":"auto","background-attachment":"scroll","background-type":"","background-media":"","overlay-type":"","overlay-color":"","overlay-opacity":"","overlay-gradient":""},"tablet":{"background-color":"","background-image":"","background-repeat":"repeat","background-position":"center center","background-size":"auto","background-attachment":"scroll","background-type":"","background-media":"","overlay-type":"","overlay-color":"","overlay-opacity":"","overlay-gradient":""},"mobile":{"background-color":"","background-image":"","background-repeat":"repeat","background-position":"center center","background-size":"auto","background-attachment":"scroll","background-type":"","background-media":"","overlay-type":"","overlay-color":"","overlay-opacity":"","overlay-gradient":""}},"ast-content-background-meta":{"desktop":{"background-color":"var(--ast-global-color-5)","background-image":"","background-repeat":"repeat","background-position":"center center","background-size":"auto","background-attachment":"scroll","background-type":"","background-media":"","overlay-type":"","overlay-color":"","overlay-opacity":"","overlay-gradient":""},"tablet":{"background-color":"var(--ast-global-color-5)","background-image":"","background-repeat":"repeat","background-position":"center center","background-size":"auto","background-attachment":"scroll","background-type":"","background-media":"","overlay-type":"","overlay-color":"","overlay-opacity":"","overlay-gradient":""},"mobile":{"background-color":"var(--ast-global-color-5)","background-image":"","background-repeat":"repeat","background-position":"center center","background-size":"auto","background-attachment":"scroll","background-type":"","background-media":"","overlay-type":"","overlay-color":"","overlay-opacity":"","overlay-gradient":""}},"footnotes":""},"class_list":["post-6251","page","type-page","status-publish","has-post-thumbnail","hentry"],"post_mailing_queue_ids":[],"_links":{"self":[{"href":"https:\/\/agora.xtec.cat\/zergavarresa\/wp-json\/wp\/v2\/pages\/6251","targetHints":{"allow":["GET"]}}],"collection":[{"href":"https:\/\/agora.xtec.cat\/zergavarresa\/wp-json\/wp\/v2\/pages"}],"about":[{"href":"https:\/\/agora.xtec.cat\/zergavarresa\/wp-json\/wp\/v2\/types\/page"}],"author":[{"embeddable":true,"href":"https:\/\/agora.xtec.cat\/zergavarresa\/wp-json\/wp\/v2\/users\/1"}],"replies":[{"embeddable":true,"href":"https:\/\/agora.xtec.cat\/zergavarresa\/wp-json\/wp\/v2\/comments?post=6251"}],"version-history":[{"count":4,"href":"https:\/\/agora.xtec.cat\/zergavarresa\/wp-json\/wp\/v2\/pages\/6251\/revisions"}],"predecessor-version":[{"id":14016,"href":"https:\/\/agora.xtec.cat\/zergavarresa\/wp-json\/wp\/v2\/pages\/6251\/revisions\/14016"}],"up":[{"embeddable":true,"href":"https:\/\/agora.xtec.cat\/zergavarresa\/wp-json\/wp\/v2\/pages\/6089"}],"wp:featuredmedia":[{"embeddable":true,"href":"https:\/\/agora.xtec.cat\/zergavarresa\/wp-json\/wp\/v2\/media\/6098"}],"wp:attachment":[{"href":"https:\/\/agora.xtec.cat\/zergavarresa\/wp-json\/wp\/v2\/media?parent=6251"}],"curies":[{"name":"wp","href":"https:\/\/api.w.org\/{rel}","templated":true}]}}