{"id":607,"date":"2016-06-16T12:24:02","date_gmt":"2016-06-16T11:24:02","guid":{"rendered":"http:\/\/agora.xtec.cat\/zergavarresa\/?page_id=607"},"modified":"2025-09-11T17:45:45","modified_gmt":"2025-09-11T15:45:45","slug":"qui-som","status":"publish","type":"page","link":"https:\/\/agora.xtec.cat\/zergavarresa\/qui-som\/","title":{"rendered":"Qui som?"},"content":{"rendered":"\n<p><em>L\u2019escola <strong>Els Roures<\/strong> forma part de la ZER Gavarresa (formada per les escoles de St. Feliu Sasserra i Orist\u00e0). Est\u00e0 situat al municipi de Sant Feliu Sasserra (Bages), dins del Llu\u00e7an\u00e8s.<\/em><\/p>\n\n\n\n<p><em>\u00c9s una escola p\u00fablica&nbsp; de nucli rural,&nbsp; hi assisteixen els alumnes de la localitat. Al centre fomentem una escola oberta, plural, participativa i democr\u00e0tica tot educant per la diversitat, afavorim la creativitat, l\u2019espontane\u00eftat i la pr\u00f2pia iniciativa dels alumnes, preparant- los per un futur immediat.<\/em><\/p>\n\n\n\n<figure class=\"wp-block-image size-full\"><a href=\"https:\/\/agora.xtec.cat\/zergavarresa\/wp-content\/uploads\/usu1235\/2025\/07\/logo.png\"><img loading=\"lazy\" decoding=\"async\" width=\"768\" height=\"169\" src=\"https:\/\/agora.xtec.cat\/zergavarresa\/wp-content\/uploads\/usu1235\/2025\/07\/logo.png\" alt=\"\" class=\"wp-image-13973\" srcset=\"https:\/\/agora.xtec.cat\/zergavarresa\/wp-content\/uploads\/usu1235\/2025\/07\/logo.png 768w, https:\/\/agora.xtec.cat\/zergavarresa\/wp-content\/uploads\/usu1235\/2025\/07\/logo-300x66.png 300w\" sizes=\"auto, (max-width: 768px) 100vw, 768px\" \/><\/a><\/figure>\n\n\n\n<hr class=\"wp-block-separator has-alpha-channel-opacity\"\/>\n\n\n\n<div class=\"wp-block-getwid-tabs\" data-active-tab=\"0\"><ul class=\"wp-block-getwid-tabs__nav-links\"><\/ul>\n<div class=\"wp-block-getwid-tabs__nav-link\"><span class=\"wp-block-getwid-tabs__title-wrapper\"><a href=\"#\"><span class=\"wp-block-getwid-tabs__title\">Contactes Escola<\/span><\/a><\/span><\/div><div class=\"wp-block-getwid-tabs__tab-content-wrapper\"><div class=\"wp-block-getwid-tabs__tab-content\">\n<figure class=\"wp-block-table\"><table class=\"has-fixed-layout\"><tbody><tr><td><strong>&nbsp;<\/strong><\/td><td>CORREU<\/td><td>TEL\u00c8FON<\/td><\/tr><tr><td><strong>ESCOLA ELS ROURES<\/strong><\/td><td>a8026415@xtec.cat<\/td><td>93 813 90 07<\/td><\/tr><tr><td><strong>ZER GAVARRESA<\/strong><\/td><td>a8056857@xtec.cat<\/td><td>93 813 90 07<\/td><\/tr><\/tbody><\/table><\/figure>\n<\/div><\/div>\n\n\n\n<div class=\"wp-block-getwid-tabs__nav-link\"><span class=\"wp-block-getwid-tabs__title-wrapper\"><a href=\"#\"><span class=\"wp-block-getwid-tabs__title\">Contactes Mestres<\/span><\/a><\/span><\/div><div class=\"wp-block-getwid-tabs__tab-content-wrapper\"><div class=\"wp-block-getwid-tabs__tab-content\">\n<figure class=\"wp-block-table\"><table><tbody><tr><td><strong>Nom<\/strong><\/td><td><strong>Mat\u00e8ria\/C\u00e0rrec<\/strong><\/td><td><strong>Correu<\/strong><\/td><\/tr><tr><td>Leire D\u00edaz<\/td><td>Tutora Ed. Infantil 1r cicle<\/td><td>ldiaz16@zergavarresa.cat<\/td><\/tr><tr><td>Maica<\/td><td>Suport Ed. Infantil 1r cicle<\/td><td>mcoma237@zergavarresa.cat<\/td><\/tr><tr><td>Montse Jord\u00e0<\/td><td>Tutora Ed. Infantil 2n cicle<\/td><td>mjorda23@zergavarresa.cat<\/td><\/tr><tr><td>Sandra Soler<\/td><td>Suport Ed. Infantil 2n cicle<\/td><td>ssolder31@zergavarresa.cat<\/td><\/tr><tr><td>Marta Rovira<\/td><td>Tutora CI\/Equip directiu de ZER<\/td><td>mserr442@zergavarresa.cat<\/td><\/tr><tr><td>L\u00eddia Rocadembosch<\/td><td>Tutora CM<\/td><td>lrocadem@zergavarresa.cat<\/td><\/tr><tr><td>C\u00e8lia Soldevila<\/td><td>Tutora CS\/Equip directiu<\/td><td>csoldev5@zergavarresa.cat<\/td><\/tr><tr><td>Lurdes Borrellas<\/td><td>Suport\/ Directora<\/td><td>lborrel2@zergavarresa.cat<\/td><\/tr><tr><td>Gemma Bou<\/td><td>Ed. F\u00edsica &#8211; Psicomotricitat\/ Directora ZER<\/td><td>gbou2@zergavarresa.cat<\/td><\/tr><tr><td>Anna Farr\u00e0s<\/td><td>Ed. Especial \/ Equip directiu ZER<\/td><td>afarras4@zergavarresa.cat<\/td><\/tr><tr><td>Teresa Fern\u00e1ndez<\/td><td>Ll. Anglesa <\/td><td>tfernan3@zergavarresa.cat<\/td><\/tr><tr><td>Iris Sala<\/td><td>Ll. Musical<\/td><td>isala6@zergavarresa.cat<\/td><\/tr><tr><td>Marlon<\/td><td>Religi\u00f3<\/td><td>&#8211;<\/td><\/tr><\/tbody><\/table><\/figure>\n<\/div><\/div>\n<\/div>\n\n\n\n<p>A trav\u00e9s d\u2019aquest&nbsp;<strong>Nodes<\/strong>, pretenem oferir-vos una mostra de les activitats que realitzem amb els alumnes d\u2019Educaci\u00f3 Infantil i Prim\u00e0ria. Aqu\u00ed hi trobareu un munt de coses:&nbsp;Treballs dels nens i nenes, reflexions, fotografies d\u2019activitats, projectes, sortides\u2026 i moltes d\u2019altres coses que de ben segur us sorprendran.<\/p>\n\n\n\n<p>Animeu-vos a participar-hi i esperem que gaudiu de la visita!!!<\/p>\n\n\n\n<p><strong>Docents de l\u2019escola Els Roures<\/strong><\/p>\n\n\n\n<p><\/p>\n","protected":false},"excerpt":{"rendered":"<p>L\u2019escola Els Roures forma part de la ZER Gavarresa (formada per les escoles de St. Feliu Sasserra i Orist\u00e0). Est\u00e0 situat al municipi de Sant Feliu Sasserra (Bages), dins del Llu\u00e7an\u00e8s. \u00c9s una escola p\u00fablica&nbsp; de nucli rural,&nbsp; hi assisteixen els alumnes de la localitat. Al centre fomentem una escola oberta, plural, participativa i democr\u00e0tica [&hellip;]<\/p>\n","protected":false},"author":1,"featured_media":0,"parent":0,"menu_order":0,"comment_status":"closed","ping_status":"closed","template":"","meta":{"_bbp_topic_count":0,"_bbp_reply_count":0,"_bbp_total_topic_count":0,"_bbp_total_reply_count":0,"_bbp_voice_count":0,"_bbp_anonymous_reply_count":0,"_bbp_topic_count_hidden":0,"_bbp_reply_count_hidden":0,"_bbp_forum_subforum_count":0,"site-sidebar-layout":"default","site-content-layout":"","ast-site-content-layout":"default","site-content-style":"default","site-sidebar-style":"default","ast-global-header-display":"","ast-banner-title-visibility":"","ast-main-header-display":"","ast-hfb-above-header-display":"","ast-hfb-below-header-display":"","ast-hfb-mobile-header-display":"","site-post-title":"","ast-breadcrumbs-content":"","ast-featured-img":"","footer-sml-layout":"","theme-transparent-header-meta":"","adv-header-id-meta":"","stick-header-meta":"","header-above-stick-meta":"","header-main-stick-meta":"","header-below-stick-meta":"","astra-migrate-meta-layouts":"set","ast-page-background-enabled":"default","ast-page-background-meta":{"desktop":{"background-color":"var(--ast-global-color-4)","background-image":"","background-repeat":"repeat","background-position":"center center","background-size":"auto","background-attachment":"scroll","background-type":"","background-media":"","overlay-type":"","overlay-color":"","overlay-opacity":"","overlay-gradient":""},"tablet":{"background-color":"","background-image":"","background-repeat":"repeat","background-position":"center center","background-size":"auto","background-attachment":"scroll","background-type":"","background-media":"","overlay-type":"","overlay-color":"","overlay-opacity":"","overlay-gradient":""},"mobile":{"background-color":"","background-image":"","background-repeat":"repeat","background-position":"center center","background-size":"auto","background-attachment":"scroll","background-type":"","background-media":"","overlay-type":"","overlay-color":"","overlay-opacity":"","overlay-gradient":""}},"ast-content-background-meta":{"desktop":{"background-color":"var(--ast-global-color-5)","background-image":"","background-repeat":"repeat","background-position":"center center","background-size":"auto","background-attachment":"scroll","background-type":"","background-media":"","overlay-type":"","overlay-color":"","overlay-opacity":"","overlay-gradient":""},"tablet":{"background-color":"var(--ast-global-color-5)","background-image":"","background-repeat":"repeat","background-position":"center center","background-size":"auto","background-attachment":"scroll","background-type":"","background-media":"","overlay-type":"","overlay-color":"","overlay-opacity":"","overlay-gradient":""},"mobile":{"background-color":"var(--ast-global-color-5)","background-image":"","background-repeat":"repeat","background-position":"center center","background-size":"auto","background-attachment":"scroll","background-type":"","background-media":"","overlay-type":"","overlay-color":"","overlay-opacity":"","overlay-gradient":""}},"footnotes":""},"class_list":["post-607","page","type-page","status-publish","hentry"],"post_mailing_queue_ids":[],"_links":{"self":[{"href":"https:\/\/agora.xtec.cat\/zergavarresa\/wp-json\/wp\/v2\/pages\/607","targetHints":{"allow":["GET"]}}],"collection":[{"href":"https:\/\/agora.xtec.cat\/zergavarresa\/wp-json\/wp\/v2\/pages"}],"about":[{"href":"https:\/\/agora.xtec.cat\/zergavarresa\/wp-json\/wp\/v2\/types\/page"}],"author":[{"embeddable":true,"href":"https:\/\/agora.xtec.cat\/zergavarresa\/wp-json\/wp\/v2\/users\/1"}],"replies":[{"embeddable":true,"href":"https:\/\/agora.xtec.cat\/zergavarresa\/wp-json\/wp\/v2\/comments?post=607"}],"version-history":[{"count":6,"href":"https:\/\/agora.xtec.cat\/zergavarresa\/wp-json\/wp\/v2\/pages\/607\/revisions"}],"predecessor-version":[{"id":14117,"href":"https:\/\/agora.xtec.cat\/zergavarresa\/wp-json\/wp\/v2\/pages\/607\/revisions\/14117"}],"wp:attachment":[{"href":"https:\/\/agora.xtec.cat\/zergavarresa\/wp-json\/wp\/v2\/media?parent=607"}],"curies":[{"name":"wp","href":"https:\/\/api.w.org\/{rel}","templated":true}]}}