{"id":386,"date":"2019-04-01T11:38:38","date_gmt":"2019-04-01T09:38:38","guid":{"rendered":"http:\/\/blocs.xtec.cat\/ceipelsroures\/?page_id=386"},"modified":"2025-07-09T18:11:49","modified_gmt":"2025-07-09T16:11:49","slug":"el-menjador-de-lescola","status":"publish","type":"page","link":"https:\/\/agora.xtec.cat\/zergavarresa\/el-menjador-de-lescola\/","title":{"rendered":"El menjador de l&#8217;escola"},"content":{"rendered":"\n<h3 class=\"wp-block-heading\"><strong>Qu\u00e8 \u00e9s l\u2019espai de menjador a la nostra escola?<\/strong><\/h3>\n\n\n\n<p>L\u2019<strong>espai de menjador<\/strong> \u00e9s molt m\u00e9s que un lloc per alimentar-se. \u00c9s un entorn acollidor i segur on l\u2019alumnat pot gaudir dels \u00e0pats diaris en un ambient tranquil, respectu\u00f3s i educatiu. A m\u00e9s de cobrir una necessitat b\u00e0sica com \u00e9s l\u2019alimentaci\u00f3, el menjador \u00e9s tamb\u00e9 un <strong>espai de conviv\u00e8ncia i aprenentatge<\/strong>.<\/p>\n\n\n\n<p>Durant l\u2019estona de menjador, els infants aprenen <strong>bons h\u00e0bits alimentaris<\/strong>, practiquen l\u2019<strong>autonomia personal<\/strong>, i posen en joc <strong>valors fonamentals com el respecte, la responsabilitat, el compartir i la cooperaci\u00f3<\/strong>.<\/p>\n\n\n\n<p>El nostre equip de monitors i monitores acompanya els infants amb cura i criteri educatiu, vetllant perqu\u00e8 cada moment sigui una oportunitat per cr\u00e9ixer. A trav\u00e9s d\u2019activitats, din\u00e0miques i una atenci\u00f3 propera, el menjador esdev\u00e9 una extensi\u00f3 del projecte educatiu de l\u2019escola.<\/p>\n\n\n\n<p>Tamb\u00e9 donem molta import\u00e0ncia a una alimentaci\u00f3 equilibrada, saludable i adaptada a les necessitats de cada etapa. Treballem amb men\u00fas elaborats amb criteris nutricionals i, sempre que \u00e9s possible, amb productes de proximitat i temporada.<\/p>\n\n\n\n<p><em><strong>DOCUMENTACI\u00d3 A TENIR EN COMPTE:<\/strong><\/em><\/p>\n\n\n\n<ul class=\"wp-block-list\">\n<li><a href=\"https:\/\/drive.google.com\/file\/d\/1hgGlCqoepdC-3O0Pe44tIdGVVK7ZuZns\/view?usp=sharing\">Guia alimentaci\u00f3 escolar &#8211; fam\u00edlies i escola<\/a><\/li>\n\n\n\n<li><a href=\"https:\/\/drive.google.com\/file\/d\/1OJ09onBZ7lo3DF3YagPoxlUMFdStZWCy\/view?usp=sharing\">Alimentaci\u00f3 saludable a l&#8217;etapa escolar<\/a><\/li>\n\n\n\n<li><a href=\"https:\/\/salutpublica.gencat.cat\/web\/.content\/minisite\/aspcat\/promocio_salut\/alimentacio_saludable\/02Publicacions\/pub_alim_inf\/acompanyar_apats_infants\/acompanyar_apats_escola_familia.pdf\">Acompanyar els \u00e0pats dels infants &#8211; Consells per a menjadors escolars i per a les fam\u00edlies<\/a><\/li>\n\n\n\n<li><a href=\"https:\/\/salutpublica.gencat.cat\/ca\/detalls\/Article\/Lalimentacio-saludable-en-letapa-escolar.-Edicio-2020\">L&#8217;alimentaci\u00f3 saludable en l&#8217;etapa escolar &#8211; WEB GENCAT<\/a><\/li>\n<\/ul>\n\n\n\n<div class=\"wp-block-buttons is-layout-flex wp-block-buttons-is-layout-flex\">\n<div class=\"wp-block-button\"><a class=\"wp-block-button__link wp-element-button\" href=\"https:\/\/agora.xtec.cat\/zergavarresa\/el-menjador-de-lescola\/espai-de-menjador-els-roures\/\">ELS ROURES<\/a><\/div>\n\n\n\n<div class=\"wp-block-button\"><a class=\"wp-block-button__link wp-element-button\" href=\"https:\/\/agora.xtec.cat\/zergavarresa\/el-menjador-de-lescola\/espai-de-menjador-llevant\/\">LLEVANT<\/a><\/div>\n<\/div>\n\n\n\n<div class=\"wp-block-buttons is-layout-flex wp-block-buttons-is-layout-flex\"><\/div>\n\n\n\n<p><\/p>\n","protected":false},"excerpt":{"rendered":"<p>Qu\u00e8 \u00e9s l\u2019espai de menjador a la nostra escola? L\u2019espai de menjador \u00e9s molt m\u00e9s que un lloc per alimentar-se. \u00c9s un entorn acollidor i segur on l\u2019alumnat pot gaudir dels \u00e0pats diaris en un ambient tranquil, respectu\u00f3s i educatiu. A m\u00e9s de cobrir una necessitat b\u00e0sica com \u00e9s l\u2019alimentaci\u00f3, el menjador \u00e9s tamb\u00e9 un [&hellip;]<\/p>\n","protected":false},"author":1,"featured_media":0,"parent":0,"menu_order":60,"comment_status":"open","ping_status":"closed","template":"","meta":{"_bbp_topic_count":0,"_bbp_reply_count":0,"_bbp_total_topic_count":0,"_bbp_total_reply_count":0,"_bbp_voice_count":0,"_bbp_anonymous_reply_count":0,"_bbp_topic_count_hidden":0,"_bbp_reply_count_hidden":0,"_bbp_forum_subforum_count":0,"site-sidebar-layout":"default","site-content-layout":"","ast-site-content-layout":"default","site-content-style":"default","site-sidebar-style":"default","ast-global-header-display":"","ast-banner-title-visibility":"","ast-main-header-display":"","ast-hfb-above-header-display":"","ast-hfb-below-header-display":"","ast-hfb-mobile-header-display":"","site-post-title":"","ast-breadcrumbs-content":"","ast-featured-img":"","footer-sml-layout":"","theme-transparent-header-meta":"","adv-header-id-meta":"","stick-header-meta":"","header-above-stick-meta":"","header-main-stick-meta":"","header-below-stick-meta":"","astra-migrate-meta-layouts":"set","ast-page-background-enabled":"default","ast-page-background-meta":{"desktop":{"background-color":"var(--ast-global-color-4)","background-image":"","background-repeat":"repeat","background-position":"center center","background-size":"auto","background-attachment":"scroll","background-type":"","background-media":"","overlay-type":"","overlay-color":"","overlay-opacity":"","overlay-gradient":""},"tablet":{"background-color":"","background-image":"","background-repeat":"repeat","background-position":"center center","background-size":"auto","background-attachment":"scroll","background-type":"","background-media":"","overlay-type":"","overlay-color":"","overlay-opacity":"","overlay-gradient":""},"mobile":{"background-color":"","background-image":"","background-repeat":"repeat","background-position":"center center","background-size":"auto","background-attachment":"scroll","background-type":"","background-media":"","overlay-type":"","overlay-color":"","overlay-opacity":"","overlay-gradient":""}},"ast-content-background-meta":{"desktop":{"background-color":"var(--ast-global-color-5)","background-image":"","background-repeat":"repeat","background-position":"center center","background-size":"auto","background-attachment":"scroll","background-type":"","background-media":"","overlay-type":"","overlay-color":"","overlay-opacity":"","overlay-gradient":""},"tablet":{"background-color":"var(--ast-global-color-5)","background-image":"","background-repeat":"repeat","background-position":"center center","background-size":"auto","background-attachment":"scroll","background-type":"","background-media":"","overlay-type":"","overlay-color":"","overlay-opacity":"","overlay-gradient":""},"mobile":{"background-color":"var(--ast-global-color-5)","background-image":"","background-repeat":"repeat","background-position":"center center","background-size":"auto","background-attachment":"scroll","background-type":"","background-media":"","overlay-type":"","overlay-color":"","overlay-opacity":"","overlay-gradient":""}},"footnotes":""},"class_list":["post-386","page","type-page","status-publish","hentry"],"post_mailing_queue_ids":[],"_links":{"self":[{"href":"https:\/\/agora.xtec.cat\/zergavarresa\/wp-json\/wp\/v2\/pages\/386","targetHints":{"allow":["GET"]}}],"collection":[{"href":"https:\/\/agora.xtec.cat\/zergavarresa\/wp-json\/wp\/v2\/pages"}],"about":[{"href":"https:\/\/agora.xtec.cat\/zergavarresa\/wp-json\/wp\/v2\/types\/page"}],"author":[{"embeddable":true,"href":"https:\/\/agora.xtec.cat\/zergavarresa\/wp-json\/wp\/v2\/users\/1"}],"replies":[{"embeddable":true,"href":"https:\/\/agora.xtec.cat\/zergavarresa\/wp-json\/wp\/v2\/comments?post=386"}],"version-history":[{"count":6,"href":"https:\/\/agora.xtec.cat\/zergavarresa\/wp-json\/wp\/v2\/pages\/386\/revisions"}],"predecessor-version":[{"id":13999,"href":"https:\/\/agora.xtec.cat\/zergavarresa\/wp-json\/wp\/v2\/pages\/386\/revisions\/13999"}],"wp:attachment":[{"href":"https:\/\/agora.xtec.cat\/zergavarresa\/wp-json\/wp\/v2\/media?parent=386"}],"curies":[{"name":"wp","href":"https:\/\/api.w.org\/{rel}","templated":true}]}}