{"id":14010,"date":"2025-07-09T18:38:08","date_gmt":"2025-07-09T16:38:08","guid":{"rendered":"https:\/\/agora.xtec.cat\/zergavarresa\/?page_id=14010"},"modified":"2025-11-07T16:21:35","modified_gmt":"2025-11-07T15:21:35","slug":"pinnerg","status":"publish","type":"page","link":"https:\/\/agora.xtec.cat\/zergavarresa\/projectes\/pinnerg\/","title":{"rendered":"PINNERG"},"content":{"rendered":"\n<p class=\"has-light-green-cyan-background-color has-background has-medium-font-size\">El <strong>Programa d\u2019Innovaci\u00f3 Educativa d\u2019Enfocament Restauratiu Global<\/strong> (PINNERG) es crea per tal de proporcionar als centres educatius l\u2019acompanyament, els recursos pedag\u00f2gics i la formaci\u00f3 per promoure la necessitat de canvi cap a una comunitat educativa restaurativa. El Programa es basa en els valors i els principis de l\u2019Enfocament Restauratiu Global, i cerca potenciar noves habilitats en aprendre per construir relacions i crear comunitat, per donar una resposta positiva al conflicte, reparar danys i restaurar relacions, definint els elements estructurals i organitzatius dins del projecte de conviv\u00e8ncia de centre.<\/p>\n\n\n\n<div class=\"wp-block-buttons is-layout-flex wp-block-buttons-is-layout-flex\">\n<div class=\"wp-block-button has-custom-width wp-block-button__width-50\"><a class=\"wp-block-button__link has-light-green-cyan-background-color has-background has-text-align-center wp-element-button\"><strong>Objectius<\/strong><\/a><\/div>\n<\/div>\n\n\n\n<figure class=\"wp-block-table is-style-stripes\"><table class=\"has-fixed-layout\"><tbody><tr><td><br>Incorporar estrat\u00e8gies per construir una conviv\u00e8ncia positiva.<br><br>Fomentar una cultura del di\u00e0leg de pau i no viol\u00e8ncia.<br><br>Promoure en l&#8217;alumnat la ciutadania democr\u00e0tica, la consci\u00e8ncia global i el benestar emocional.<br><br>Establir mecanisme de reparaci\u00f3 de relacions i danys. Incorporar al projecte de conviv\u00e8ncia l&#8217;impacte de l&#8217;ERG.<\/td><td class=\"has-text-align-center\" data-align=\"center\"><img loading=\"lazy\" decoding=\"async\" width=\"300\" height=\"300\" class=\"wp-image-14050\" style=\"width: 300px;\" src=\"https:\/\/agora.xtec.cat\/zergavarresa\/wp-content\/uploads\/usu1235\/2025\/07\/cub.png\" alt=\"\" srcset=\"https:\/\/agora.xtec.cat\/zergavarresa\/wp-content\/uploads\/usu1235\/2025\/07\/cub.png 1500w, https:\/\/agora.xtec.cat\/zergavarresa\/wp-content\/uploads\/usu1235\/2025\/07\/cub-300x300.png 300w, https:\/\/agora.xtec.cat\/zergavarresa\/wp-content\/uploads\/usu1235\/2025\/07\/cub-1024x1024.png 1024w, https:\/\/agora.xtec.cat\/zergavarresa\/wp-content\/uploads\/usu1235\/2025\/07\/cub-150x150.png 150w, https:\/\/agora.xtec.cat\/zergavarresa\/wp-content\/uploads\/usu1235\/2025\/07\/cub-768x768.png 768w\" sizes=\"auto, (max-width: 300px) 100vw, 300px\" \/><\/td><\/tr><\/tbody><\/table><\/figure>\n\n\n\n<div class=\"wp-block-buttons is-layout-flex wp-block-buttons-is-layout-flex\">\n<div class=\"wp-block-button has-custom-width wp-block-button__width-100\"><a class=\"wp-block-button__link has-light-green-cyan-background-color has-background wp-element-button\"><strong>Recursos a l&#8217;abast&#8230;<\/strong><\/a><\/div>\n<\/div>\n\n\n\n<figure class=\"wp-block-table is-style-stripes\"><table class=\"has-fixed-layout\"><tbody><tr><td class=\"has-text-align-center\" data-align=\"center\"><a href=\"https:\/\/projectes.xtec.cat\/conv2\/el-petit-manual-de-lenfocament-restauratiu\/\"><img loading=\"lazy\" decoding=\"async\" width=\"150\" height=\"168\" class=\"wp-image-14052\" style=\"width: 150px;\" src=\"https:\/\/agora.xtec.cat\/zergavarresa\/wp-content\/uploads\/usu1235\/2025\/07\/petit-manual.jpg\" alt=\"\"><\/a><br><a href=\"https:\/\/projectes.xtec.cat\/conv2\/el-petit-manual-de-lenfocament-restauratiu\/\">El petit manual de l&#8217;ERG<\/a><\/td><td class=\"has-text-align-center\" data-align=\"center\"><a href=\"https:\/\/projectes.xtec.cat\/conv2\/comunicacio-no-violenta\/\"><img loading=\"lazy\" decoding=\"async\" width=\"170\" height=\"155\" class=\"wp-image-14053\" style=\"width: 170px;\" src=\"https:\/\/agora.xtec.cat\/zergavarresa\/wp-content\/uploads\/usu1235\/2025\/07\/girafa.png\" alt=\"\" srcset=\"https:\/\/agora.xtec.cat\/zergavarresa\/wp-content\/uploads\/usu1235\/2025\/07\/girafa.png 315w, https:\/\/agora.xtec.cat\/zergavarresa\/wp-content\/uploads\/usu1235\/2025\/07\/girafa-300x274.png 300w\" sizes=\"auto, (max-width: 170px) 100vw, 170px\" \/><\/a><br><a href=\"https:\/\/projectes.xtec.cat\/conv2\/comunicacio-no-violenta\/\">Comunicaci\u00f3 no violenta<\/a><\/td><td class=\"has-text-align-center\" data-align=\"center\"><a href=\"https:\/\/projectes.xtec.cat\/conv2\/programa-dinnovacio-pinnerg\/\"><img loading=\"lazy\" decoding=\"async\" width=\"150\" height=\"150\" class=\"wp-image-14054\" style=\"width: 150px;\" src=\"https:\/\/agora.xtec.cat\/zergavarresa\/wp-content\/uploads\/usu1235\/2025\/07\/ergo222.png\" alt=\"\"><\/a><br><a href=\"https:\/\/projectes.xtec.cat\/conv2\/programa-dinnovacio-pinnerg\/\">Programa d&#8217;innovaci\u00f3 pedag\u00f2gica<\/a> <\/td><td class=\"has-text-align-center\" data-align=\"center\"><a href=\"https:\/\/projectes.xtec.cat\/conv2\/avaluacio-de-la-implementacio\/\"><img loading=\"lazy\" decoding=\"async\" width=\"150\" height=\"154\" class=\"wp-image-14055\" style=\"width: 150px;\" src=\"https:\/\/agora.xtec.cat\/zergavarresa\/wp-content\/uploads\/usu1235\/2025\/07\/avaluacio.png\" alt=\"\"><\/a><br><a href=\"https:\/\/projectes.xtec.cat\/conv2\/avaluacio-de-la-implementacio\/\">Avaluaci\u00f3 de la implementaci\u00f3<\/a><\/td><\/tr><tr><td class=\"has-text-align-center\" data-align=\"center\"><a href=\"https:\/\/projectes.xtec.cat\/conv2\/guia-per-al-desplegament-de-lerg\/\"><img loading=\"lazy\" decoding=\"async\" width=\"200\" height=\"111\" class=\"wp-image-14056\" style=\"width: 200px;\" src=\"https:\/\/agora.xtec.cat\/zergavarresa\/wp-content\/uploads\/usu1235\/2025\/07\/guia.png\" alt=\"\"><\/a><br><a href=\"https:\/\/projectes.xtec.cat\/conv2\/guia-per-al-desplegament-de-lerg\/\">Guia per al desplegament de l&#8217;ERG al centre<\/a><\/td><td class=\"has-text-align-center\" data-align=\"center\"><a href=\"https:\/\/projectes.xtec.cat\/conv2\/la-mediacio-escolar\/\"><img loading=\"lazy\" decoding=\"async\" width=\"150\" height=\"123\" class=\"wp-image-14057\" style=\"width: 150px;\" src=\"https:\/\/agora.xtec.cat\/zergavarresa\/wp-content\/uploads\/usu1235\/2025\/07\/mediacio.png\" alt=\"\"><\/a><br><a href=\"https:\/\/projectes.xtec.cat\/conv2\/la-mediacio-escolar\/\">Mediaci\u00f3 escolar<\/a><\/td><td class=\"has-text-align-center\" data-align=\"center\"><a href=\"https:\/\/projectes.xtec.cat\/conv2\/xarxa-enfocament-restauratiu\/\"><img loading=\"lazy\" decoding=\"async\" width=\"150\" height=\"78\" class=\"wp-image-14058\" style=\"width: 150px;\" src=\"https:\/\/agora.xtec.cat\/zergavarresa\/wp-content\/uploads\/usu1235\/2025\/07\/xerg-1.png\" alt=\"\"><\/a><br><a href=\"https:\/\/projectes.xtec.cat\/conv2\/xarxa-enfocament-restauratiu\/\"><br>Xarxa Enfocament Restauratiu<\/a><\/td><td class=\"has-text-align-center\" data-align=\"center\"><a href=\"https:\/\/projectes.xtec.cat\/conv2\/mes-recursos\/\"><img loading=\"lazy\" decoding=\"async\" width=\"150\" height=\"151\" class=\"wp-image-14059\" style=\"width: 150px;\" src=\"https:\/\/agora.xtec.cat\/zergavarresa\/wp-content\/uploads\/usu1235\/2025\/07\/recursos.png\" alt=\"\" srcset=\"https:\/\/agora.xtec.cat\/zergavarresa\/wp-content\/uploads\/usu1235\/2025\/07\/recursos.png 516w, https:\/\/agora.xtec.cat\/zergavarresa\/wp-content\/uploads\/usu1235\/2025\/07\/recursos-300x300.png 300w, https:\/\/agora.xtec.cat\/zergavarresa\/wp-content\/uploads\/usu1235\/2025\/07\/recursos-150x150.png 150w\" sizes=\"auto, (max-width: 150px) 100vw, 150px\" \/><\/a><br><a href=\"https:\/\/projectes.xtec.cat\/conv2\/mes-recursos\/\">M\u00e9s recursos<\/a><\/td><\/tr><\/tbody><\/table><\/figure>\n\n\n\n<div class=\"wp-block-buttons is-layout-flex wp-block-buttons-is-layout-flex\">\n<div class=\"wp-block-button has-custom-width wp-block-button__width-100 has-custom-font-size has-small-font-size\"><a class=\"wp-block-button__link has-light-green-cyan-background-color has-background wp-element-button\" href=\"https:\/\/xtec.gencat.cat\/ca\/centres\/projeducatiu\/convivencia\/una-comunitat-educativa-restaurativa-i-resilient\/la-restaurativa-a-casa\/\"><strong>Espai fam\u00edlies<\/strong><\/a><\/div>\n<\/div>\n\n\n\n<figure class=\"wp-block-image size-large is-resized\"><a href=\"https:\/\/agora.xtec.cat\/zergavarresa\/wp-content\/uploads\/usu1235\/2025\/11\/casa.png\"><img loading=\"lazy\" decoding=\"async\" width=\"1024\" height=\"576\" src=\"https:\/\/agora.xtec.cat\/zergavarresa\/wp-content\/uploads\/usu1235\/2025\/11\/casa-1024x576.png\" alt=\"\" class=\"wp-image-14268\" style=\"aspect-ratio:16\/9;object-fit:cover;width:765px;height:auto\" srcset=\"https:\/\/agora.xtec.cat\/zergavarresa\/wp-content\/uploads\/usu1235\/2025\/11\/casa-1024x576.png 1024w, https:\/\/agora.xtec.cat\/zergavarresa\/wp-content\/uploads\/usu1235\/2025\/11\/casa-300x169.png 300w, https:\/\/agora.xtec.cat\/zergavarresa\/wp-content\/uploads\/usu1235\/2025\/11\/casa-768x432.png 768w, https:\/\/agora.xtec.cat\/zergavarresa\/wp-content\/uploads\/usu1235\/2025\/11\/casa.png 1152w\" sizes=\"auto, (max-width: 1024px) 100vw, 1024px\" \/><\/a><\/figure>\n\n\n\n<p><\/p>\n","protected":false},"excerpt":{"rendered":"<p>El Programa d\u2019Innovaci\u00f3 Educativa d\u2019Enfocament Restauratiu Global (PINNERG) es crea per tal de proporcionar als centres educatius l\u2019acompanyament, els recursos pedag\u00f2gics i la formaci\u00f3 per promoure la necessitat de canvi cap a una comunitat educativa restaurativa. El Programa es basa en els valors i els principis de l\u2019Enfocament Restauratiu Global, i cerca potenciar noves habilitats [&hellip;]<\/p>\n","protected":false},"author":1,"featured_media":13910,"parent":6089,"menu_order":0,"comment_status":"closed","ping_status":"close","template":"","meta":{"_bbp_topic_count":0,"_bbp_reply_count":0,"_bbp_total_topic_count":0,"_bbp_total_reply_count":0,"_bbp_voice_count":0,"_bbp_anonymous_reply_count":0,"_bbp_topic_count_hidden":0,"_bbp_reply_count_hidden":0,"_bbp_forum_subforum_count":0,"site-sidebar-layout":"default","site-content-layout":"","ast-site-content-layout":"default","site-content-style":"default","site-sidebar-style":"default","ast-global-header-display":"","ast-banner-title-visibility":"","ast-main-header-display":"","ast-hfb-above-header-display":"","ast-hfb-below-header-display":"","ast-hfb-mobile-header-display":"","site-post-title":"","ast-breadcrumbs-content":"","ast-featured-img":"","footer-sml-layout":"","theme-transparent-header-meta":"","adv-header-id-meta":"","stick-header-meta":"","header-above-stick-meta":"","header-main-stick-meta":"","header-below-stick-meta":"","astra-migrate-meta-layouts":"set","ast-page-background-enabled":"default","ast-page-background-meta":{"desktop":{"background-color":"var(--ast-global-color-4)","background-image":"","background-repeat":"repeat","background-position":"center center","background-size":"auto","background-attachment":"scroll","background-type":"","background-media":"","overlay-type":"","overlay-color":"","overlay-opacity":"","overlay-gradient":""},"tablet":{"background-color":"","background-image":"","background-repeat":"repeat","background-position":"center center","background-size":"auto","background-attachment":"scroll","background-type":"","background-media":"","overlay-type":"","overlay-color":"","overlay-opacity":"","overlay-gradient":""},"mobile":{"background-color":"","background-image":"","background-repeat":"repeat","background-position":"center center","background-size":"auto","background-attachment":"scroll","background-type":"","background-media":"","overlay-type":"","overlay-color":"","overlay-opacity":"","overlay-gradient":""}},"ast-content-background-meta":{"desktop":{"background-color":"var(--ast-global-color-5)","background-image":"","background-repeat":"repeat","background-position":"center center","background-size":"auto","background-attachment":"scroll","background-type":"","background-media":"","overlay-type":"","overlay-color":"","overlay-opacity":"","overlay-gradient":""},"tablet":{"background-color":"var(--ast-global-color-5)","background-image":"","background-repeat":"repeat","background-position":"center center","background-size":"auto","background-attachment":"scroll","background-type":"","background-media":"","overlay-type":"","overlay-color":"","overlay-opacity":"","overlay-gradient":""},"mobile":{"background-color":"var(--ast-global-color-5)","background-image":"","background-repeat":"repeat","background-position":"center center","background-size":"auto","background-attachment":"scroll","background-type":"","background-media":"","overlay-type":"","overlay-color":"","overlay-opacity":"","overlay-gradient":""}},"footnotes":""},"class_list":["post-14010","page","type-page","status-publish","has-post-thumbnail","hentry"],"post_mailing_queue_ids":[],"_links":{"self":[{"href":"https:\/\/agora.xtec.cat\/zergavarresa\/wp-json\/wp\/v2\/pages\/14010","targetHints":{"allow":["GET"]}}],"collection":[{"href":"https:\/\/agora.xtec.cat\/zergavarresa\/wp-json\/wp\/v2\/pages"}],"about":[{"href":"https:\/\/agora.xtec.cat\/zergavarresa\/wp-json\/wp\/v2\/types\/page"}],"author":[{"embeddable":true,"href":"https:\/\/agora.xtec.cat\/zergavarresa\/wp-json\/wp\/v2\/users\/1"}],"replies":[{"embeddable":true,"href":"https:\/\/agora.xtec.cat\/zergavarresa\/wp-json\/wp\/v2\/comments?post=14010"}],"version-history":[{"count":6,"href":"https:\/\/agora.xtec.cat\/zergavarresa\/wp-json\/wp\/v2\/pages\/14010\/revisions"}],"predecessor-version":[{"id":14273,"href":"https:\/\/agora.xtec.cat\/zergavarresa\/wp-json\/wp\/v2\/pages\/14010\/revisions\/14273"}],"up":[{"embeddable":true,"href":"https:\/\/agora.xtec.cat\/zergavarresa\/wp-json\/wp\/v2\/pages\/6089"}],"wp:featuredmedia":[{"embeddable":true,"href":"https:\/\/agora.xtec.cat\/zergavarresa\/wp-json\/wp\/v2\/media\/13910"}],"wp:attachment":[{"href":"https:\/\/agora.xtec.cat\/zergavarresa\/wp-json\/wp\/v2\/media?parent=14010"}],"curies":[{"name":"wp","href":"https:\/\/api.w.org\/{rel}","templated":true}]}}