{"id":13996,"date":"2025-07-09T18:10:56","date_gmt":"2025-07-09T16:10:56","guid":{"rendered":"https:\/\/agora.xtec.cat\/zergavarresa\/?page_id=13996"},"modified":"2026-05-04T14:41:13","modified_gmt":"2026-05-04T12:41:13","slug":"espai-de-menjador-llevant","status":"publish","type":"page","link":"https:\/\/agora.xtec.cat\/zergavarresa\/el-menjador-de-lescola\/espai-de-menjador-llevant\/","title":{"rendered":"Espai de menjador &#8211; LLEVANT"},"content":{"rendered":"\n<p>En aquest espai es penjar\u00e0 tota la informaci\u00f3 que faci refer\u00e8ncia als men\u00fas.<\/p>\n\n\n\n<p><a href=\"https:\/\/activitats.fundesplai.org\/upload\/entrades\/documents\/1f591a6e-b88c-420e-90a9-5be1803c3af9\/Men%C3%BA%20Mengem%20d_Aqui%20Osona%20Setembre%202025.pdf\">Men\u00fa Setembre 2025<\/a><\/p>\n\n\n\n<p><a href=\"https:\/\/drive.google.com\/file\/d\/1uB44kCgNyuAxPG_h4g2c46I7EcgKErtG\/view?usp=drive_link\">Men\u00fa Octubre 2025<\/a><\/p>\n\n\n\n<p><a href=\"https:\/\/drive.google.com\/file\/d\/1WY1eWPj4zj0apcAl2-y79v6AXpbXuoJ5\/view?usp=drive_link\">Men\u00fa Novembre 2025<\/a><\/p>\n\n\n\n<p><a href=\"https:\/\/drive.google.com\/file\/d\/1-6Um2XFIzwQf94G9PaPoYOGUdDjX3GkN\/view?usp=drive_link\">Men\u00fa Gener 2026<\/a><\/p>\n\n\n\n<p><a href=\"https:\/\/drive.google.com\/file\/d\/1P1muAvH214QRaniQnbczwx5YDEsyZ07I\/view?usp=drive_link\">Men\u00fa Mar\u00e7 2026<\/a><\/p>\n\n\n\n<p><a href=\"https:\/\/drive.google.com\/file\/d\/1wn_6r9Fn8umsuCO-xspTR5-DuDTopcRM\/view?usp=drive_link\">Men\u00fa Abril 2026<\/a><\/p>\n\n\n\n<p><a href=\"https:\/\/drive.google.com\/file\/d\/1O_5iuvmyA1kQDCpGQdRUwGSWK_xb_Exv\/view?usp=drive_link\">Men\u00fa Maig 2026<\/a><\/p>\n\n\n\n<p><\/p>\n","protected":false},"excerpt":{"rendered":"<p>En aquest espai es penjar\u00e0 tota la informaci\u00f3 que faci refer\u00e8ncia als men\u00fas. Men\u00fa Setembre 2025 Men\u00fa Octubre 2025 Men\u00fa Novembre 2025 Men\u00fa Gener 2026 Men\u00fa Mar\u00e7 2026 Men\u00fa Abril 2026 Men\u00fa Maig 2026<\/p>\n","protected":false},"author":1,"featured_media":0,"parent":386,"menu_order":0,"comment_status":"closed","ping_status":"close","template":"","meta":{"_bbp_topic_count":0,"_bbp_reply_count":0,"_bbp_total_topic_count":0,"_bbp_total_reply_count":0,"_bbp_voice_count":0,"_bbp_anonymous_reply_count":0,"_bbp_topic_count_hidden":0,"_bbp_reply_count_hidden":0,"_bbp_forum_subforum_count":0,"site-sidebar-layout":"default","site-content-layout":"","ast-site-content-layout":"default","site-content-style":"default","site-sidebar-style":"default","ast-global-header-display":"","ast-banner-title-visibility":"","ast-main-header-display":"","ast-hfb-above-header-display":"","ast-hfb-below-header-display":"","ast-hfb-mobile-header-display":"","site-post-title":"","ast-breadcrumbs-content":"","ast-featured-img":"","footer-sml-layout":"","theme-transparent-header-meta":"","adv-header-id-meta":"","stick-header-meta":"","header-above-stick-meta":"","header-main-stick-meta":"","header-below-stick-meta":"","astra-migrate-meta-layouts":"set","ast-page-background-enabled":"default","ast-page-background-meta":{"desktop":{"background-color":"var(--ast-global-color-4)","background-image":"","background-repeat":"repeat","background-position":"center center","background-size":"auto","background-attachment":"scroll","background-type":"","background-media":"","overlay-type":"","overlay-color":"","overlay-opacity":"","overlay-gradient":""},"tablet":{"background-color":"","background-image":"","background-repeat":"repeat","background-position":"center center","background-size":"auto","background-attachment":"scroll","background-type":"","background-media":"","overlay-type":"","overlay-color":"","overlay-opacity":"","overlay-gradient":""},"mobile":{"background-color":"","background-image":"","background-repeat":"repeat","background-position":"center center","background-size":"auto","background-attachment":"scroll","background-type":"","background-media":"","overlay-type":"","overlay-color":"","overlay-opacity":"","overlay-gradient":""}},"ast-content-background-meta":{"desktop":{"background-color":"var(--ast-global-color-5)","background-image":"","background-repeat":"repeat","background-position":"center center","background-size":"auto","background-attachment":"scroll","background-type":"","background-media":"","overlay-type":"","overlay-color":"","overlay-opacity":"","overlay-gradient":""},"tablet":{"background-color":"var(--ast-global-color-5)","background-image":"","background-repeat":"repeat","background-position":"center center","background-size":"auto","background-attachment":"scroll","background-type":"","background-media":"","overlay-type":"","overlay-color":"","overlay-opacity":"","overlay-gradient":""},"mobile":{"background-color":"var(--ast-global-color-5)","background-image":"","background-repeat":"repeat","background-position":"center center","background-size":"auto","background-attachment":"scroll","background-type":"","background-media":"","overlay-type":"","overlay-color":"","overlay-opacity":"","overlay-gradient":""}},"footnotes":""},"class_list":["post-13996","page","type-page","status-publish","hentry"],"post_mailing_queue_ids":[],"_links":{"self":[{"href":"https:\/\/agora.xtec.cat\/zergavarresa\/wp-json\/wp\/v2\/pages\/13996","targetHints":{"allow":["GET"]}}],"collection":[{"href":"https:\/\/agora.xtec.cat\/zergavarresa\/wp-json\/wp\/v2\/pages"}],"about":[{"href":"https:\/\/agora.xtec.cat\/zergavarresa\/wp-json\/wp\/v2\/types\/page"}],"author":[{"embeddable":true,"href":"https:\/\/agora.xtec.cat\/zergavarresa\/wp-json\/wp\/v2\/users\/1"}],"replies":[{"embeddable":true,"href":"https:\/\/agora.xtec.cat\/zergavarresa\/wp-json\/wp\/v2\/comments?post=13996"}],"version-history":[{"count":6,"href":"https:\/\/agora.xtec.cat\/zergavarresa\/wp-json\/wp\/v2\/pages\/13996\/revisions"}],"predecessor-version":[{"id":14684,"href":"https:\/\/agora.xtec.cat\/zergavarresa\/wp-json\/wp\/v2\/pages\/13996\/revisions\/14684"}],"up":[{"embeddable":true,"href":"https:\/\/agora.xtec.cat\/zergavarresa\/wp-json\/wp\/v2\/pages\/386"}],"wp:attachment":[{"href":"https:\/\/agora.xtec.cat\/zergavarresa\/wp-json\/wp\/v2\/media?parent=13996"}],"curies":[{"name":"wp","href":"https:\/\/api.w.org\/{rel}","templated":true}]}}