{"id":12769,"date":"2024-02-13T21:47:44","date_gmt":"2024-02-13T20:47:44","guid":{"rendered":"https:\/\/agora.xtec.cat\/zergavarresa\/?page_id=12769"},"modified":"2025-11-07T13:28:07","modified_gmt":"2025-11-07T12:28:07","slug":"art-i-connexio-projecte-bianual","status":"publish","type":"page","link":"https:\/\/agora.xtec.cat\/zergavarresa\/projectes\/art-i-connexio-projecte-bianual\/","title":{"rendered":"ART I CONNEXI\u00d3"},"content":{"rendered":"<h5 class=\"fusion-responsive-typography-calculated\" data-fontsize=\"15\" data-lineheight=\"20.7px\">L\u2019Escola de M\u00fasica i Arts del Llu\u00e7an\u00e8s (EMAL) ha iniciat aquest curs 2020-2021 el projecte \u201cArt en Connexi\u00f3\u201d, un projecte de col\u00b7laboraci\u00f3 amb 9 escoles de prim\u00e0ria del Llu\u00e7an\u00e8s (La Forja, Heurom, Aurora, Gafarr\u00f3, Terra Nostra, Fedac, Llu\u00e7an\u00e8s, Llevant i Els Roures).<\/h5>\n<p style=\"font-family: 'Helvetica Neue', Helvetica, Helvetica, Arial, sans-serif; font-size: 16px;\">Es tracta d\u2019un projecte art\u00edstic que pret\u00e9n explorar diferents \u00e0mbits creatius a partir d\u2019una can\u00e7\u00f3, a trav\u00e9s del treball conjunt i col\u00b7laboratiu amb les altres escoles. Els infants de cicle inicial han hagut d\u2019inventar-se la coreografia, el vestuari i la decoraci\u00f3 a trav\u00e9s de comissions de treball amb companys i companyes d\u2019altres escoles i, a m\u00e9s, cada grup-classe s\u2019ha hagut d\u2019inventar una part de la lletra de la can\u00e7\u00f3 i una percussi\u00f3 corporal per acompanyar aquesta lletra.<\/p>\n<p style=\"font-family: 'Helvetica Neue', Helvetica, Helvetica, Arial, sans-serif; font-size: 16px;\">Durant el mes de febrer l\u2019EMAL ha visitat totes les escoles participants per tal de treballar la part interpretativa i vocal de la can\u00e7\u00f3 i fer un petit taller de percussi\u00f3 corporal per tal de dotar d\u2019eines a l\u2019alumnat per inventar-se els seus propis patrons de percussi\u00f3.<\/p>\n<p style=\"font-family: 'Helvetica Neue', Helvetica, Helvetica, Arial, sans-serif; font-size: 16px;\">Un cop acabat tot el proc\u00e9s creatiu, els infants acabaran de preparar la posada en escena per tal d\u2019enregistrar un v\u00eddeo conjunt que reflectir\u00e0 tot el proc\u00e9s i el resultat final i que compartiran amb tota la ciutadania.<\/p>\n<p style=\"font-family: 'Helvetica Neue', Helvetica, Helvetica, Arial, sans-serif; font-size: 16px;\">Per enregistrar l\u2019acompanyament instrumental de la can\u00e7\u00f3 es comptar\u00e0 amb les bandes escolars de les escoles Heurom i La Forja i amb el professorat de l\u2019EMAL.<\/p>\n<h5 data-fontsize=\"15\" data-lineheight=\"20.7px\">En el context actual, d\u2019a\u00efllament dels infants en grups bombolla, un projecte d\u2019aquestes caracter\u00edstiques on es posa en valor la connexi\u00f3 de les escoles i dels infants i el treball compartit per assolir un objectiu com\u00fa, pren m\u00e9s import\u00e0ncia que mai.<\/h5>\n<p data-fontsize=\"15\" data-lineheight=\"20.7px\"><em>Projecte art\u00edstic que pret\u00e9n explorar diferents \u00e0mbits creatius a partir d\u2019una can\u00e7\u00f3, a trav\u00e9s del treball conjunt i col\u00b7laboratiu amb les altres escoles.<\/em><\/p>\n<h5 data-fontsize=\"15\" data-lineheight=\"20.7px\"><span style=\"text-decoration: underline;\">Curs 25-26<\/span><\/h5>\n<h5 data-fontsize=\"15\" data-lineheight=\"20.7px\"><\/h5>\n<h5 data-fontsize=\"15\" data-lineheight=\"20.7px\"><span style=\"text-decoration: underline;\"><strong>Curs 23-24<\/strong><\/span><\/h5>\n<p><span style=\"text-decoration: underline;\">El follet valent<\/span><\/p>\n<p><a href=\"https:\/\/www.youtube.com\/watch?reload=9&amp;v=uO2w9YoeWmM\">Resultat final<\/a><\/p>\n<h5 data-fontsize=\"15\" data-lineheight=\"20.7px\"><span style=\"text-decoration: underline;\"><em><strong>Curs 20-21<\/strong><\/em><\/span><\/h5>\n<p><span style=\"text-decoration: underline;\">El nen enamorat de la lluna<\/span><\/p>\n<p>Resultat final: <a href=\"https:\/\/www.youtube.com\/watch?v=rozew-C-SL4\">https:\/\/www.youtube.com\/watch?v=rozew-C-SL4\u00a0<\/a><\/p>\n","protected":false},"excerpt":{"rendered":"<p>L\u2019Escola de M\u00fasica i Arts del Llu\u00e7an\u00e8s (EMAL) ha iniciat aquest curs 2020-2021 el projecte \u201cArt en Connexi\u00f3\u201d, un projecte de col\u00b7laboraci\u00f3 amb 9 escoles de prim\u00e0ria del Llu\u00e7an\u00e8s (La Forja, Heurom, Aurora, Gafarr\u00f3, Terra Nostra, Fedac, Llu\u00e7an\u00e8s, Llevant i Els Roures). Es tracta d\u2019un projecte art\u00edstic que pret\u00e9n explorar diferents \u00e0mbits creatius a partir [&hellip;]<\/p>\n","protected":false},"author":45,"featured_media":12768,"parent":6089,"menu_order":0,"comment_status":"closed","ping_status":"closed","template":"","meta":{"_bbp_topic_count":0,"_bbp_reply_count":0,"_bbp_total_topic_count":0,"_bbp_total_reply_count":0,"_bbp_voice_count":0,"_bbp_anonymous_reply_count":0,"_bbp_topic_count_hidden":0,"_bbp_reply_count_hidden":0,"_bbp_forum_subforum_count":0,"site-sidebar-layout":"default","site-content-layout":"","ast-site-content-layout":"default","site-content-style":"default","site-sidebar-style":"default","ast-global-header-display":"","ast-banner-title-visibility":"","ast-main-header-display":"","ast-hfb-above-header-display":"","ast-hfb-below-header-display":"","ast-hfb-mobile-header-display":"","site-post-title":"","ast-breadcrumbs-content":"","ast-featured-img":"","footer-sml-layout":"","theme-transparent-header-meta":"","adv-header-id-meta":"","stick-header-meta":"","header-above-stick-meta":"","header-main-stick-meta":"","header-below-stick-meta":"","astra-migrate-meta-layouts":"set","ast-page-background-enabled":"default","ast-page-background-meta":{"desktop":{"background-color":"var(--ast-global-color-4)","background-image":"","background-repeat":"repeat","background-position":"center center","background-size":"auto","background-attachment":"scroll","background-type":"","background-media":"","overlay-type":"","overlay-color":"","overlay-opacity":"","overlay-gradient":""},"tablet":{"background-color":"","background-image":"","background-repeat":"repeat","background-position":"center center","background-size":"auto","background-attachment":"scroll","background-type":"","background-media":"","overlay-type":"","overlay-color":"","overlay-opacity":"","overlay-gradient":""},"mobile":{"background-color":"","background-image":"","background-repeat":"repeat","background-position":"center center","background-size":"auto","background-attachment":"scroll","background-type":"","background-media":"","overlay-type":"","overlay-color":"","overlay-opacity":"","overlay-gradient":""}},"ast-content-background-meta":{"desktop":{"background-color":"var(--ast-global-color-5)","background-image":"","background-repeat":"repeat","background-position":"center center","background-size":"auto","background-attachment":"scroll","background-type":"","background-media":"","overlay-type":"","overlay-color":"","overlay-opacity":"","overlay-gradient":""},"tablet":{"background-color":"var(--ast-global-color-5)","background-image":"","background-repeat":"repeat","background-position":"center center","background-size":"auto","background-attachment":"scroll","background-type":"","background-media":"","overlay-type":"","overlay-color":"","overlay-opacity":"","overlay-gradient":""},"mobile":{"background-color":"var(--ast-global-color-5)","background-image":"","background-repeat":"repeat","background-position":"center center","background-size":"auto","background-attachment":"scroll","background-type":"","background-media":"","overlay-type":"","overlay-color":"","overlay-opacity":"","overlay-gradient":""}},"footnotes":""},"class_list":["post-12769","page","type-page","status-publish","has-post-thumbnail","hentry"],"post_mailing_queue_ids":[],"_links":{"self":[{"href":"https:\/\/agora.xtec.cat\/zergavarresa\/wp-json\/wp\/v2\/pages\/12769","targetHints":{"allow":["GET"]}}],"collection":[{"href":"https:\/\/agora.xtec.cat\/zergavarresa\/wp-json\/wp\/v2\/pages"}],"about":[{"href":"https:\/\/agora.xtec.cat\/zergavarresa\/wp-json\/wp\/v2\/types\/page"}],"author":[{"embeddable":true,"href":"https:\/\/agora.xtec.cat\/zergavarresa\/wp-json\/wp\/v2\/users\/45"}],"replies":[{"embeddable":true,"href":"https:\/\/agora.xtec.cat\/zergavarresa\/wp-json\/wp\/v2\/comments?post=12769"}],"version-history":[{"count":6,"href":"https:\/\/agora.xtec.cat\/zergavarresa\/wp-json\/wp\/v2\/pages\/12769\/revisions"}],"predecessor-version":[{"id":14265,"href":"https:\/\/agora.xtec.cat\/zergavarresa\/wp-json\/wp\/v2\/pages\/12769\/revisions\/14265"}],"up":[{"embeddable":true,"href":"https:\/\/agora.xtec.cat\/zergavarresa\/wp-json\/wp\/v2\/pages\/6089"}],"wp:featuredmedia":[{"embeddable":true,"href":"https:\/\/agora.xtec.cat\/zergavarresa\/wp-json\/wp\/v2\/media\/12768"}],"wp:attachment":[{"href":"https:\/\/agora.xtec.cat\/zergavarresa\/wp-json\/wp\/v2\/media?parent=12769"}],"curies":[{"name":"wp","href":"https:\/\/api.w.org\/{rel}","templated":true}]}}