{"id":11288,"date":"2022-08-12T10:21:27","date_gmt":"2022-08-12T08:21:27","guid":{"rendered":"https:\/\/agora.xtec.cat\/zergavarresa\/?page_id=11288"},"modified":"2025-07-11T10:15:47","modified_gmt":"2025-07-11T08:15:47","slug":"tancant-cercles","status":"publish","type":"page","link":"https:\/\/agora.xtec.cat\/zergavarresa\/projectes\/tancant-cercles\/","title":{"rendered":"TANCANT CERCLES"},"content":{"rendered":"\n<p><strong>PROJECTES D\u2019APRENENTATGE I SERVEIS \u2013 TANCANT EL CERCLE<\/strong><\/p>\n\n\n\n<p class=\"has-light-green-cyan-background-color has-background\">Es tracta d\u2019un projecte d\u2019Aprenentatge i Serveis amb l\u2019objectiu d\u2019ajudar a conservar i respectar l\u2019entorn m\u00e9s immediat dels infants de l\u2019escola, de forma sostenible. Est\u00e0 adre\u00e7at a alumnes d\u2019educaci\u00f3 infantil i prim\u00e0ria i es realitza en horari escolar a l\u2019entorn de l\u2019escola.<\/p>\n\n\n\n<div class=\"wp-block-buttons is-layout-flex wp-block-buttons-is-layout-flex\">\n<div class=\"wp-block-button has-custom-width wp-block-button__width-50\"><a class=\"wp-block-button__link has-light-green-cyan-background-color has-background wp-element-button\"><strong>Objectius<\/strong><\/a><\/div>\n<\/div>\n\n\n\n<figure class=\"wp-block-table is-style-stripes\" style=\"padding-top:0;padding-right:0;padding-bottom:0;padding-left:0\"><table class=\"has-fixed-layout\"><tbody><tr><td><strong>Referents als Aprenentatges<\/strong>:<br>&#8211; Prendre consci\u00e8ncia de la import\u00e0ncia de preservar l\u2019entorn m\u00e9s proper de forma activa.<br>&#8211; Con\u00e8ixer tots els passos per construir i fer el seguiment de refugis de fauna per potenciar la biodiversitat .<br>&#8211; Aprendre a estudiar la natura a trav\u00e9s de l\u2019observaci\u00f3.<br>&#8211; Deduir quan i perqu\u00e8 \u00e9s necessari col\u00b7locar refugis de fauna a l\u2019entorn.<br>&#8211; Interpretar l\u2019efic\u00e0cia dels refugis per combatre plagues de forma sostenible.<br><br><strong>Referent al servei<\/strong>:<br>&#8211; Augmentar els depredadors d\u2019insectes al voltant,\u00a0 per a combatre les plagues dels boscos de forma natural.<br>&#8211; Preservar i augmentar els insectes i la biodiversitat de l\u2019entorn de l\u2019escola.<br>&#8211; Construir i fer el seguiment d\u2019un m\u00ednim de 200 capses niu per ocells insect\u00edvors i ratpenats.<br>&#8211; Construir i fer el seguiment d\u2019un m\u00ednim de 15 hotels d\u2019insectes als patis i prop dels horts de les escoles.<br>&#8211; Sensibilitzar als professors i alumnat en el respecte a l\u2019entorn natural en la pr\u00e0ctica educativa.<br>&#8211; Aplicar els conceptes d\u2019economia circular i de les tres erres al projecte de voluntariat ambiental.<\/td><\/tr><\/tbody><\/table><\/figure>\n\n\n\n<div class=\"wp-block-buttons is-layout-flex wp-block-buttons-is-layout-flex\">\n<div class=\"wp-block-button has-custom-width wp-block-button__width-50\"><a class=\"wp-block-button__link has-light-green-cyan-background-color has-background wp-element-button\"><strong>ACTIVITATS QUE ES DURAN A TERME<\/strong><\/a><\/div>\n<\/div>\n\n\n\n<figure class=\"wp-block-table is-style-stripes\"><table class=\"has-fixed-layout\"><tbody><tr><td>&#8211; Construcci\u00f3, col\u00b7locaci\u00f3 i seguiment de capses niu per insect\u00edvors i ratpenats al voltant de l\u2019escola.<br>&#8211; Disseny, construcci\u00f3 i seguiment d\u2019un hotel d\u2019insectes a l\u2019entorn del pati \/ hort de l\u2019escola.<br><br>El centre pot escollir ambdues activitats o nom\u00e9s una,\u00a0 i que la realitzin tots els nens de l\u2019escola o nom\u00e9s algun dels nivells, tamb\u00e9 es pot fer que cada nivell s\u2019encarregui de tasques diferents, dins una mateixa activitat. Pr\u00e8viament, es duran a terme reunions amb l\u2019equip de mestres per organitzar i coordinar les activitats.<br><br>Es busca la complicitat de les fam\u00edlies i empreses de la zona per buscar palets i separar les fustes.<br>Les escoles podran entrar les dades dels seguiments i resultats obtinguts a l\u2019apartat de la web d\u2019ADEFFA, amb un codi espec\u00edfic per a cada escola.<br><br><strong><em>CONSTRUCCI\u00d3, COL\u00b7LOCACI\u00d3 I SEGUIMENT DE CAPSES NIU PER INSECT\u00cdVORS I RATPENATS A L\u2019ENTORN DE L\u2019ESCOLA<\/em><\/strong><br>\u00a0Primer es faran xerrades per explicar i deduir la finalitat de les capses niu. Les capses es construiran amb el m\u00e0xim de material reciclat possible (fustes de pales, nanses de pots de pintura, oli de fregir, \u2026.), s\u2019utilitzaran eines com trepans. Es penjaran a les zones escollides, properes a l\u2019escola i es geolocalitzaran i codificaran. El seguiment de les capses a la primavera es dur\u00e0 a terme mitjan\u00e7ant observaci\u00f3, sense baixar les capses ni molestar als animals i a l\u2019hivern es netejaran, es podr\u00e0 estudiar el material de construcci\u00f3 dels nius i deduir l\u2019esp\u00e8cie que l\u2019ha fet. L\u2019activitat es dur\u00e0 a terme amb monitors especialitzats, a l\u2019escola i entorn on es vulguin penjar les capses niu (bosc, font, pati de l\u2019escola, etc\u2026. ), amb l\u2019objectiu de combatre les plagues d\u2019insectes potenciant els seus depredadors.<br><a href=\"https:\/\/adeffa.cat\/wp-content\/uploads\/2021\/03\/activitats-TC-capses-niu.pdf\">ACTIVITATS<\/a><br>\u00a0<br><br><strong><em>DISSENY, CONSTRUCCI\u00d3 I SEGUIMENT D\u2019UN HOTEL D\u2019INSECTES A L\u2019ENTORN DEL PATI \/ HORT DE L\u2019ESCOLA<\/em><\/strong><br>\u00a0Construcci\u00f3 d\u2019hotels d\u2019insectes grans als patis de les escoles per potenciar biodiversitat i poder estudiar els insectes de forma no lesiva. Tamb\u00e9 es construiran amb material reciclat, els nens podran anar a buscar material al seu entorn per omplir-lo (fustes, pedres, branques, pinyes, \u2026.) .<br>Hi ha dos tipus d\u2019hotels d\u2019insectes:<br>Hotels fets apilant palets, amb calaixos on es posa el material i una jardinera a la part superior. Un model nou i innovador, que est\u00e0 donant molt bons resultats.<br>Hotels d\u2019insectes en forma de casa, amb apartats en forma de quadrat i filat, per aguantar el material.<br>Tamb\u00e9 es far\u00e0 una primera xerrada per explicar la finalitat de l\u2019hotel, que no \u00e9s nom\u00e9s la de potenciar la biodiversitat, sin\u00f3 tamb\u00e9 que els alumnes tinguin un lloc on portar els insectes que es troben al pati i que corrin el risc de ser lesionats o aixafats. S\u2019ensenyar\u00e0 als alumnes m\u00e8todes per transportar als insectes fins a l\u2019hotel, si se\u2019ls troben a llocs com el sorral, per exemple.<br><a href=\"https:\/\/adeffa.cat\/wp-content\/uploads\/2021\/03\/activitats-TC-hotel-insectes.pdf\">ACTIVITATS<\/a><\/td><\/tr><\/tbody><\/table><\/figure>\n\n\n<div class=\"wpb_text_column wpb_content_element \">\n<div class=\"wpb_wrapper\">\u00a0<\/div>\n<\/div>\n<div class=\"vc_message_box vc_message_box-standard vc_message_box-rounded vc_color-vista_blue\">\n<div class=\"wpb_text_column wpb_content_element \">\n<div class=\"wpb_wrapper\">\n<p><strong style=\"background-color: rgba(0, 0, 0, 0); font-size: 1rem;\">VINCULACI\u00d3 CURRICULAR:<\/strong><\/p>\n<\/div>\n<\/div>\n<\/div>\n<div class=\"clearboth\"><a href=\"https:\/\/adeffa.cat\/wp-content\/uploads\/2021\/03\/vinculaci%C3%B3-curricular-TC.pdf\">https:\/\/adeffa.cat\/wp-content\/uploads\/2021\/03\/vinculaci%C3%B3-curricular-TC.pdf\u00a0<\/a><\/div>\n<div>\u00a0<\/div>\n<div>\u00a0<\/div>\n<div>\n<div id=\"vc_row-62f60bd06d079\" class=\"vc_row wpb_row vc_row-fluid\">\n<div class=\"wpb_column vc_column_container vc_col-sm-12\">\n<div class=\"vc_column-inner \">\n<div class=\"wpb_wrapper\">\n<div class=\"wpb_text_column wpb_content_element \">\n<div class=\"wpb_wrapper\">\n<p><strong>Material pedag\u00f2gic espec\u00edfic pel projecte:<\/strong><\/p>\n<ul>\n<li><a href=\"https:\/\/adeffa.cat\/wp-content\/uploads\/2021\/03\/FITXA-INSECTES-TC-ADEFFA.pdf\" target=\"_blank\" rel=\"noopener\"><u>Fitxa dels diferents invertebrats del nostre entorn<\/u><\/a><\/li>\n<li><a href=\"https:\/\/adeffa.cat\/wp-content\/uploads\/2021\/03\/FITXA-INSECTES-MATERIAL-TC-ADEFFA.pdf\" target=\"_blank\" rel=\"noopener\"><u>Fitxa dels materials m\u00e9s adequats per a cada insecte<\/u><\/a><\/li>\n<li><a href=\"https:\/\/adeffa.cat\/wp-content\/uploads\/2021\/03\/proposta-normes-hotel-insectes.pdf\" target=\"_blank\" rel=\"noopener\"><u>Proposta de normes i funcionament per l\u2019hotel d\u2019insectes<\/u><\/a><\/li>\n<li><a href=\"https:\/\/adeffa.cat\/wp-content\/uploads\/2021\/03\/FITXA-ANIMALS-CAPSES-NIU-TC-ADEFFA-1.pdf\" target=\"_blank\" rel=\"noopener\"><u>Fitxa dels diferents animals que poden ocupar les capses niu<\/u><\/a><\/li>\n<li><a href=\"https:\/\/adeffa.cat\/wp-content\/uploads\/2021\/05\/Que-sabem-de-les-capses-niu-TC-ADEFFA.pdf\" target=\"_blank\" rel=\"noopener\"><u>Qu\u00e8 sabem de les capses niu? Presentaci\u00f3 amb activitats pedag\u00f2giques<\/u><\/a><\/li>\n<li><a href=\"https:\/\/adeffa.cat\/wp-content\/uploads\/2021\/05\/Que-sabem-dels-hotels-dinsectes-TC-ADEFFA.pdf\" target=\"_blank\" rel=\"noopener\"><u>Qu\u00e8 sabem dels hotels d\u2019insectes? Presentaci\u00f3 amb activitats pedag\u00f2giques<\/u><\/a><\/li>\n<\/ul>\n<\/div>\n<\/div>\n<div class=\"vc_empty_space\">\u00a0<\/div>\n<\/div>\n<\/div>\n<\/div>\n<\/div>\n<div id=\"vc_row-62f60bd06d464\" class=\"vc_row wpb_row vc_row-fluid\">\n<div class=\"wpb_column vc_column_container vc_col-sm-12\">\n<div class=\"vc_column-inner \">\n<div class=\"wpb_wrapper\">\n<div class=\"wpb_text_column wpb_content_element \">\n<div class=\"wpb_wrapper\">\n<p><strong>Protocols on s\u2019explica com heu de fer el seguiment i neteja de les capses niu i l\u2019estudi dels hotels d\u2019insectes i tamb\u00e9 hi trobareu models de taules de seguiment:<\/strong><\/p>\n<ul>\n<li><a href=\"https:\/\/adeffa.cat\/wp-content\/uploads\/2022\/01\/m%C3%A8tode-i-registre-neteja-capses-niu-ocells.pdf\"><u>Metodologia pel seguiment i registre de dades per la neteja de les capses niu d\u2019ocells a la tardor i hivern<\/u><\/a><\/li>\n<li><a href=\"https:\/\/adeffa.cat\/wp-content\/uploads\/2022\/01\/m%C3%A8tode-i-registre-seguiment-capses-niu-ocells.pdf\">Metodologia pel seguiment i registre de dades de les capses niu d\u2019ocells en \u00e8poca de cria<\/a><\/li>\n<li><a href=\"https:\/\/adeffa.cat\/wp-content\/uploads\/2022\/01\/m%C3%A8tode-i-registre-seguiment-capses-niu-ratpenats.pdf\">Metodologia pel seguiment i registre de dades de les capses niu de ratpenats<\/a><\/li>\n<li><a href=\"https:\/\/adeffa.cat\/wp-content\/uploads\/2022\/01\/m%C3%A8tode-i-registre-seguiment-hotel-insectes.pdf\">Metodologia per l\u2019estudi dels insectes a l\u2019hotel d\u2019insectes<\/a><\/li>\n<\/ul>\n<\/div>\n<\/div>\n<\/div>\n<\/div>\n<\/div>\n<\/div>\n<\/div>\n\n\n<p><\/p>\n","protected":false},"excerpt":{"rendered":"<p>PROJECTES D\u2019APRENENTATGE I SERVEIS \u2013 TANCANT EL CERCLE Es tracta d\u2019un projecte d\u2019Aprenentatge i Serveis amb l\u2019objectiu d\u2019ajudar a conservar i respectar l\u2019entorn m\u00e9s immediat dels infants de l\u2019escola, de forma sostenible. Est\u00e0 adre\u00e7at a alumnes d\u2019educaci\u00f3 infantil i prim\u00e0ria i es realitza en horari escolar a l\u2019entorn de l\u2019escola. Referents als Aprenentatges:&#8211; Prendre consci\u00e8ncia [&hellip;]<\/p>\n","protected":false},"author":45,"featured_media":13899,"parent":6089,"menu_order":60,"comment_status":"closed","ping_status":"closed","template":"","meta":{"_bbp_topic_count":0,"_bbp_reply_count":0,"_bbp_total_topic_count":0,"_bbp_total_reply_count":0,"_bbp_voice_count":0,"_bbp_anonymous_reply_count":0,"_bbp_topic_count_hidden":0,"_bbp_reply_count_hidden":0,"_bbp_forum_subforum_count":0,"site-sidebar-layout":"default","site-content-layout":"","ast-site-content-layout":"default","site-content-style":"default","site-sidebar-style":"default","ast-global-header-display":"","ast-banner-title-visibility":"","ast-main-header-display":"","ast-hfb-above-header-display":"","ast-hfb-below-header-display":"","ast-hfb-mobile-header-display":"","site-post-title":"","ast-breadcrumbs-content":"","ast-featured-img":"","footer-sml-layout":"","theme-transparent-header-meta":"","adv-header-id-meta":"","stick-header-meta":"","header-above-stick-meta":"","header-main-stick-meta":"","header-below-stick-meta":"","astra-migrate-meta-layouts":"set","ast-page-background-enabled":"default","ast-page-background-meta":{"desktop":{"background-color":"var(--ast-global-color-4)","background-image":"","background-repeat":"repeat","background-position":"center center","background-size":"auto","background-attachment":"scroll","background-type":"","background-media":"","overlay-type":"","overlay-color":"","overlay-opacity":"","overlay-gradient":""},"tablet":{"background-color":"","background-image":"","background-repeat":"repeat","background-position":"center center","background-size":"auto","background-attachment":"scroll","background-type":"","background-media":"","overlay-type":"","overlay-color":"","overlay-opacity":"","overlay-gradient":""},"mobile":{"background-color":"","background-image":"","background-repeat":"repeat","background-position":"center center","background-size":"auto","background-attachment":"scroll","background-type":"","background-media":"","overlay-type":"","overlay-color":"","overlay-opacity":"","overlay-gradient":""}},"ast-content-background-meta":{"desktop":{"background-color":"var(--ast-global-color-5)","background-image":"","background-repeat":"repeat","background-position":"center center","background-size":"auto","background-attachment":"scroll","background-type":"","background-media":"","overlay-type":"","overlay-color":"","overlay-opacity":"","overlay-gradient":""},"tablet":{"background-color":"var(--ast-global-color-5)","background-image":"","background-repeat":"repeat","background-position":"center center","background-size":"auto","background-attachment":"scroll","background-type":"","background-media":"","overlay-type":"","overlay-color":"","overlay-opacity":"","overlay-gradient":""},"mobile":{"background-color":"var(--ast-global-color-5)","background-image":"","background-repeat":"repeat","background-position":"center center","background-size":"auto","background-attachment":"scroll","background-type":"","background-media":"","overlay-type":"","overlay-color":"","overlay-opacity":"","overlay-gradient":""}},"footnotes":""},"class_list":["post-11288","page","type-page","status-publish","has-post-thumbnail","hentry"],"post_mailing_queue_ids":[],"_links":{"self":[{"href":"https:\/\/agora.xtec.cat\/zergavarresa\/wp-json\/wp\/v2\/pages\/11288","targetHints":{"allow":["GET"]}}],"collection":[{"href":"https:\/\/agora.xtec.cat\/zergavarresa\/wp-json\/wp\/v2\/pages"}],"about":[{"href":"https:\/\/agora.xtec.cat\/zergavarresa\/wp-json\/wp\/v2\/types\/page"}],"author":[{"embeddable":true,"href":"https:\/\/agora.xtec.cat\/zergavarresa\/wp-json\/wp\/v2\/users\/45"}],"replies":[{"embeddable":true,"href":"https:\/\/agora.xtec.cat\/zergavarresa\/wp-json\/wp\/v2\/comments?post=11288"}],"version-history":[{"count":3,"href":"https:\/\/agora.xtec.cat\/zergavarresa\/wp-json\/wp\/v2\/pages\/11288\/revisions"}],"predecessor-version":[{"id":14069,"href":"https:\/\/agora.xtec.cat\/zergavarresa\/wp-json\/wp\/v2\/pages\/11288\/revisions\/14069"}],"up":[{"embeddable":true,"href":"https:\/\/agora.xtec.cat\/zergavarresa\/wp-json\/wp\/v2\/pages\/6089"}],"wp:featuredmedia":[{"embeddable":true,"href":"https:\/\/agora.xtec.cat\/zergavarresa\/wp-json\/wp\/v2\/media\/13899"}],"wp:attachment":[{"href":"https:\/\/agora.xtec.cat\/zergavarresa\/wp-json\/wp\/v2\/media?parent=11288"}],"curies":[{"name":"wp","href":"https:\/\/api.w.org\/{rel}","templated":true}]}}