{"id":1020,"date":"2014-01-10T13:37:05","date_gmt":"2014-01-10T12:37:05","guid":{"rendered":"http:\/\/blocs.xtec.cat\/ceipllevant1\/?page_id=1020"},"modified":"2025-09-12T14:02:05","modified_gmt":"2025-09-12T12:02:05","slug":"quisom","status":"publish","type":"page","link":"https:\/\/agora.xtec.cat\/zergavarresa\/quisom\/","title":{"rendered":"Qui som?"},"content":{"rendered":"\n<p><em>L\u2019escola <strong>Llevant<\/strong> forma part de la ZER Gavarresa (formada per les escoles de St. Feliu Sasserra i Orist\u00e0). Est\u00e0 situat al municipi d\u2019Orist\u00e0 a la comarca del Llu\u00e7an\u00e8s.<\/em><\/p>\n\n\n\n<p><em>\u00c9s una escola p\u00fablica&nbsp; de nucli rural,&nbsp; hi assisteixen els alumnes de les dues localitats del municipi: Orist\u00e0 i la Torre d\u2019Orist\u00e0.<\/em><\/p>\n\n\n\n<p><em>Els nens i nenes de la Torre d&#8217;Orist\u00e0 tenen el transport gratu\u00eft (pagat per l&#8217;ajuntament) fins al poble d&#8217;Orist\u00e0, on est\u00e0 situada l&#8217;escola.<\/em><\/p>\n\n\n\n<p><em>Al centre fomentem una escola&nbsp;oberta, plural, participativa i democr\u00e0tica&nbsp;tot educant per la diversitat, afavorim la creativitat, l\u2019espontane\u00eftat i la pr\u00f2pia iniciativa dels alumnes, preparant- los per un futur immediat.<\/em><\/p>\n\n\n\n<figure class=\"wp-block-image size-full\"><a href=\"https:\/\/agora.xtec.cat\/zergavarresa\/wp-content\/uploads\/usu1235\/2025\/07\/LOGO-ESCOLA-LLEVANT-prova-768x169-1.jpg\"><img loading=\"lazy\" decoding=\"async\" width=\"768\" height=\"169\" src=\"https:\/\/agora.xtec.cat\/zergavarresa\/wp-content\/uploads\/usu1235\/2025\/07\/LOGO-ESCOLA-LLEVANT-prova-768x169-1.jpg\" alt=\"\" class=\"wp-image-14018\" srcset=\"https:\/\/agora.xtec.cat\/zergavarresa\/wp-content\/uploads\/usu1235\/2025\/07\/LOGO-ESCOLA-LLEVANT-prova-768x169-1.jpg 768w, https:\/\/agora.xtec.cat\/zergavarresa\/wp-content\/uploads\/usu1235\/2025\/07\/LOGO-ESCOLA-LLEVANT-prova-768x169-1-300x66.jpg 300w\" sizes=\"auto, (max-width: 768px) 100vw, 768px\" \/><\/a><\/figure>\n\n\n\n<hr class=\"wp-block-separator has-alpha-channel-opacity\"\/>\n\n\n\n<div class=\"wp-block-getwid-tabs\" data-active-tab=\"0\"><ul class=\"wp-block-getwid-tabs__nav-links\"><\/ul>\n<div class=\"wp-block-getwid-tabs__nav-link\"><span class=\"wp-block-getwid-tabs__title-wrapper\"><a href=\"#\"><span class=\"wp-block-getwid-tabs__title\">Contactes Escola<\/span><\/a><\/span><\/div><div class=\"wp-block-getwid-tabs__tab-content-wrapper\"><div class=\"wp-block-getwid-tabs__tab-content\">\n<figure class=\"wp-block-table\"><table class=\"has-fixed-layout\"><tbody><tr><td><\/td><td>CORREU<\/td><td>TEL\u00c8FON<\/td><\/tr><tr><td><strong>ESCOLA LLEVANT<\/strong><\/td><td>a8022549@xtec.cat<\/td><td>938 12 80 36<\/td><\/tr><tr><td><strong>ZER GAVARRESA<\/strong><\/td><td>a8056857@xtec.cat<\/td><td>93 813 90 07<\/td><\/tr><\/tbody><\/table><\/figure>\n\n\n\n<p><\/p>\n<\/div><\/div>\n\n\n\n<div class=\"wp-block-getwid-tabs__nav-link\"><span class=\"wp-block-getwid-tabs__title-wrapper\"><a href=\"#\"><span class=\"wp-block-getwid-tabs__title\">Contactes Mestres<\/span><\/a><\/span><\/div><div class=\"wp-block-getwid-tabs__tab-content-wrapper\"><div class=\"wp-block-getwid-tabs__tab-content\">\n<div class=\"wp-block-columns is-layout-flex wp-container-core-columns-is-layout-2 wp-block-columns-is-layout-flex\">\n<div class=\"wp-block-column is-layout-flow wp-block-column-is-layout-flow\" style=\"flex-basis:100%\">\n<div class=\"wp-block-columns is-layout-flex wp-container-core-columns-is-layout-1 wp-block-columns-is-layout-flex\">\n<div class=\"wp-block-column is-layout-flow wp-block-column-is-layout-flow\" style=\"flex-basis:100%\">\n<figure class=\"wp-block-table\"><table><tbody><tr><td><strong>Docent<\/strong><\/td><td><strong>Mat\u00e8ria \/ C\u00e0rrec<\/strong><\/td><td><strong>Correu electr\u00f2nic<\/strong><\/td><\/tr><tr><td>Montse Guitart<\/td><td>Tutora Ed. Infantil primer cicle<\/td><td>mguita33@zergavarresa.cat<\/td><\/tr><tr><td>Ester Font<\/td><td>Suport Ed. Infantil primer cicle<\/td><td>efont6@zergavarresa.cat<\/td><\/tr><tr><td>Anna M\u00aa Bruch<\/td><td>Tutora d&#8217;Ed. Infantil segon cicle<\/td><td>abruch@zergavarresa.cat<\/td><\/tr><tr><td>Eva Boixad\u00e9<\/td><td>Tutora prim\u00e0ria \/Direcci\u00f3 Escola<\/td><td>eboixade@zergavarresa.cat<\/td><\/tr><tr><td>Gemma Bou<\/td><td>Ed. F\u00edsica &#8211; Psicomotricitat \/ Direcci\u00f3 ZER<\/td><td>gbou2@zergavarresa.cat<\/td><\/tr><tr><td>Anna Farr\u00e0s<\/td><td>Ed. Especial \/ Equip directiu ZER<\/td><td>afarras4@zergavarresa.cat<\/td><\/tr><tr><td>Teresa Fern\u00e1ndez<\/td><td>Ll. Angl\u00e8s<\/td><td>tfernan3@zergavarresa.cat<\/td><\/tr><tr><td>Iris Sala<\/td><td>Ll. Musical<\/td><td>isala6@zergavarresa.cat<\/td><\/tr><tr><td>Cristina Caballeria<\/td><td>Religi\u00f3<\/td><td><\/td><\/tr><\/tbody><\/table><\/figure>\n<\/div>\n<\/div>\n<\/div>\n<\/div>\n<\/div><\/div>\n<\/div>\n\n\n\n<p>A trav\u00e9s d\u2019aquest <strong>Nodes<\/strong>, pretenem oferir-vos una mostra de les activitats que realitzem amb els alumnes d\u2019Educaci\u00f3 Infantil i Prim\u00e0ria. Aqu\u00ed hi trobareu un munt de coses:&nbsp;Treballs dels nens i nenes, reflexions, fotografies d\u2019activitats, projectes, sortides\u2026 i moltes d\u2019altres coses que de ben segur us sorprendran.<\/p>\n\n\n\n<p>Animeu-vos a participar-hi i esperem que gaudiu de la visita!!!<\/p>\n\n\n\n<p><strong>Docents de l\u2019escola Llevant.<\/strong><\/p>\n\n\n\n<p><\/p>\n","protected":false},"excerpt":{"rendered":"<p>L\u2019escola Llevant forma part de la ZER Gavarresa (formada per les escoles de St. Feliu Sasserra i Orist\u00e0). Est\u00e0 situat al municipi d\u2019Orist\u00e0 a la comarca del Llu\u00e7an\u00e8s. \u00c9s una escola p\u00fablica&nbsp; de nucli rural,&nbsp; hi assisteixen els alumnes de les dues localitats del municipi: Orist\u00e0 i la Torre d\u2019Orist\u00e0. Els nens i nenes de [&hellip;]<\/p>\n","protected":false},"author":1,"featured_media":0,"parent":0,"menu_order":0,"comment_status":"open","ping_status":"closed","template":"","meta":{"_bbp_topic_count":0,"_bbp_reply_count":0,"_bbp_total_topic_count":0,"_bbp_total_reply_count":0,"_bbp_voice_count":0,"_bbp_anonymous_reply_count":0,"_bbp_topic_count_hidden":0,"_bbp_reply_count_hidden":0,"_bbp_forum_subforum_count":0,"site-sidebar-layout":"default","site-content-layout":"","ast-site-content-layout":"default","site-content-style":"default","site-sidebar-style":"default","ast-global-header-display":"","ast-banner-title-visibility":"","ast-main-header-display":"","ast-hfb-above-header-display":"","ast-hfb-below-header-display":"","ast-hfb-mobile-header-display":"","site-post-title":"","ast-breadcrumbs-content":"","ast-featured-img":"","footer-sml-layout":"","theme-transparent-header-meta":"","adv-header-id-meta":"","stick-header-meta":"","header-above-stick-meta":"","header-main-stick-meta":"","header-below-stick-meta":"","astra-migrate-meta-layouts":"set","ast-page-background-enabled":"default","ast-page-background-meta":{"desktop":{"background-color":"var(--ast-global-color-4)","background-image":"","background-repeat":"repeat","background-position":"center center","background-size":"auto","background-attachment":"scroll","background-type":"","background-media":"","overlay-type":"","overlay-color":"","overlay-opacity":"","overlay-gradient":""},"tablet":{"background-color":"","background-image":"","background-repeat":"repeat","background-position":"center center","background-size":"auto","background-attachment":"scroll","background-type":"","background-media":"","overlay-type":"","overlay-color":"","overlay-opacity":"","overlay-gradient":""},"mobile":{"background-color":"","background-image":"","background-repeat":"repeat","background-position":"center center","background-size":"auto","background-attachment":"scroll","background-type":"","background-media":"","overlay-type":"","overlay-color":"","overlay-opacity":"","overlay-gradient":""}},"ast-content-background-meta":{"desktop":{"background-color":"var(--ast-global-color-5)","background-image":"","background-repeat":"repeat","background-position":"center center","background-size":"auto","background-attachment":"scroll","background-type":"","background-media":"","overlay-type":"","overlay-color":"","overlay-opacity":"","overlay-gradient":""},"tablet":{"background-color":"var(--ast-global-color-5)","background-image":"","background-repeat":"repeat","background-position":"center center","background-size":"auto","background-attachment":"scroll","background-type":"","background-media":"","overlay-type":"","overlay-color":"","overlay-opacity":"","overlay-gradient":""},"mobile":{"background-color":"var(--ast-global-color-5)","background-image":"","background-repeat":"repeat","background-position":"center center","background-size":"auto","background-attachment":"scroll","background-type":"","background-media":"","overlay-type":"","overlay-color":"","overlay-opacity":"","overlay-gradient":""}},"footnotes":""},"class_list":["post-1020","page","type-page","status-publish","hentry"],"post_mailing_queue_ids":[],"_links":{"self":[{"href":"https:\/\/agora.xtec.cat\/zergavarresa\/wp-json\/wp\/v2\/pages\/1020","targetHints":{"allow":["GET"]}}],"collection":[{"href":"https:\/\/agora.xtec.cat\/zergavarresa\/wp-json\/wp\/v2\/pages"}],"about":[{"href":"https:\/\/agora.xtec.cat\/zergavarresa\/wp-json\/wp\/v2\/types\/page"}],"author":[{"embeddable":true,"href":"https:\/\/agora.xtec.cat\/zergavarresa\/wp-json\/wp\/v2\/users\/1"}],"replies":[{"embeddable":true,"href":"https:\/\/agora.xtec.cat\/zergavarresa\/wp-json\/wp\/v2\/comments?post=1020"}],"version-history":[{"count":6,"href":"https:\/\/agora.xtec.cat\/zergavarresa\/wp-json\/wp\/v2\/pages\/1020\/revisions"}],"predecessor-version":[{"id":14120,"href":"https:\/\/agora.xtec.cat\/zergavarresa\/wp-json\/wp\/v2\/pages\/1020\/revisions\/14120"}],"wp:attachment":[{"href":"https:\/\/agora.xtec.cat\/zergavarresa\/wp-json\/wp\/v2\/media?parent=1020"}],"curies":[{"name":"wp","href":"https:\/\/api.w.org\/{rel}","templated":true}]}}