{"id":600,"date":"2016-05-23T18:53:56","date_gmt":"2016-05-23T17:53:56","guid":{"rendered":"http:\/\/agora.xtec.cat\/zergarriguesaltes\/?page_id=600"},"modified":"2018-10-03T09:46:23","modified_gmt":"2018-10-03T07:46:23","slug":"menjador","status":"publish","type":"page","link":"https:\/\/agora.xtec.cat\/zergarriguesaltes\/escolasoleras\/menjador\/","title":{"rendered":"Menjador"},"content":{"rendered":"<p><strong>Els grans xefs es reuniran cada mes per elaborar un men\u00fa amb totes les garanties i amb els sabors m\u00e9s internacionals.<\/strong><\/p>\n<p>Al novembre del 2009 va comen\u00e7ar a funcionar el menjador escolar. \u00a0Era un servei molt desitjat per l&#8217;alumnat provinent de la poblaci\u00f3 de Granyena. Es serveix un catering de l\u00ednia freda que s&#8217;encarrega de calentar i servir la monitora.<\/p>\n<p>Actualment se&#8217;n cuida el Consell Comarcal de les Garrigues a trav\u00e9s de l&#8217;empresa \u00a0 Comertel.<\/p>\n<p>&nbsp;<\/p>\n<div style=\"width: 540px; margin: auto;\">\n<p><embed width=\"540\" height=\"410\" name=\"photo_peel\" flashvars=\"ql=2&amp;src1=http:\/\/pic90.picturetrail.com\/VOL2325\/12417153\/flicks\/1\/7758222\" src=\"http:\/\/flash.picturetrail.com\/pflicks\/3\/spflick.swf\" align=\"middle\" quality=\"high\" allowscriptaccess=\"sameDomain\" type=\"application\/x-shockwave-flash\"><\/embed><\/p>\n<p style=\"margin-top: 10px; height: 24px; width: 540px;\"><a href=\"http:\/\/www.picturetrail.com\/misc\/counter.fcgi?link=%2FphotoFlick%2Fsamples%2Fpflicks%3Dshtml&amp;cID=924\"><img decoding=\"async\" src=\"http:\/\/pics.picturetrail.com\/res\/pflicks\/pt.gif\" align=\"left\" border=\"0\" \/><\/a><a href=\"http:\/\/www.picturetrail.com\/misc\/counter.fcgi?link=%2FphotoFlick%2Fsamples%2Fpflicks%3Dshtml&amp;cID=925\"><img decoding=\"async\" style=\"margin-left: 5px;\" src=\"http:\/\/pics.picturetrail.com\/static\/images\/pt2.gif\" align=\"left\" border=\"0\" \/><\/a><\/p>\n<\/div>\n<p>&nbsp;<\/p>\n<p>A finals de juny i principis de cada setembre es fa la previsi\u00f3 anual d&#8217;usuaris setmanals. Aquells que estiguin interessats en fer \u00fas del menjador escolar de manera espor\u00e0dica han de fer arribar a l\u2019escola la seva sol\u00b7licitud durant el <strong>dilluns<\/strong> o <strong>dimarts<\/strong> al mat\u00ed de la setmana anterior, indicant clarament el dia o dies en q\u00fcesti\u00f3. A final del mes el servei de menjador us passar\u00e0 el rebut.<\/p>\n<p>Tamb\u00e9 se us informar\u00e0 de les beques de menjador que cada any es convoquen a finals del tercer trimestre escolar.<\/p>\n<p><strong>\u00a0<\/strong><\/p>\n<p>&nbsp;<\/p>\n","protected":false},"excerpt":{"rendered":"<p>Els grans xefs es reuniran cada mes per elaborar un men\u00fa amb totes les garanties i amb els sabors m\u00e9s internacionals.<br \/>\nAl novembre del 2009 va comen\u00e7ar a funcionar el menjador escolar. \u00a0Era un servei molt desitjat per l&#8217;alumnat provinent de la poblaci\u00f3 de Granyena. Es&hellip;  <a href=\"https:\/\/agora.xtec.cat\/zergarriguesaltes\/escolasoleras\/menjador\/\" title=\"Read Menjador\">Llegeix m\u00e9s\u00bb<\/a><\/p>\n","protected":false},"author":1,"featured_media":0,"parent":266,"menu_order":55,"comment_status":"closed","ping_status":"closed","template":"page-templates\/side-menu.php","meta":{"_bbp_topic_count":0,"_bbp_reply_count":0,"_bbp_total_topic_count":0,"_bbp_total_reply_count":0,"_bbp_voice_count":0,"_bbp_anonymous_reply_count":0,"_bbp_topic_count_hidden":0,"_bbp_reply_count_hidden":0,"_bbp_forum_subforum_count":0,"footnotes":""},"class_list":["post-600","page","type-page","status-publish","hentry"],"post_mailing_queue_ids":[],"_links":{"self":[{"href":"https:\/\/agora.xtec.cat\/zergarriguesaltes\/wp-json\/wp\/v2\/pages\/600","targetHints":{"allow":["GET"]}}],"collection":[{"href":"https:\/\/agora.xtec.cat\/zergarriguesaltes\/wp-json\/wp\/v2\/pages"}],"about":[{"href":"https:\/\/agora.xtec.cat\/zergarriguesaltes\/wp-json\/wp\/v2\/types\/page"}],"author":[{"embeddable":true,"href":"https:\/\/agora.xtec.cat\/zergarriguesaltes\/wp-json\/wp\/v2\/users\/1"}],"replies":[{"embeddable":true,"href":"https:\/\/agora.xtec.cat\/zergarriguesaltes\/wp-json\/wp\/v2\/comments?post=600"}],"version-history":[{"count":3,"href":"https:\/\/agora.xtec.cat\/zergarriguesaltes\/wp-json\/wp\/v2\/pages\/600\/revisions"}],"predecessor-version":[{"id":2523,"href":"https:\/\/agora.xtec.cat\/zergarriguesaltes\/wp-json\/wp\/v2\/pages\/600\/revisions\/2523"}],"up":[{"embeddable":true,"href":"https:\/\/agora.xtec.cat\/zergarriguesaltes\/wp-json\/wp\/v2\/pages\/266"}],"wp:attachment":[{"href":"https:\/\/agora.xtec.cat\/zergarriguesaltes\/wp-json\/wp\/v2\/media?parent=600"}],"curies":[{"name":"wp","href":"https:\/\/api.w.org\/{rel}","templated":true}]}}