{"id":57,"date":"2014-09-17T17:01:07","date_gmt":"2014-09-17T16:01:07","guid":{"rendered":"http:\/\/agora.xtec.cat\/zergarriguesaltes\/?page_id=57"},"modified":"2016-06-21T19:12:52","modified_gmt":"2016-06-21T18:12:52","slug":"projecte-educatiu","status":"publish","type":"page","link":"https:\/\/agora.xtec.cat\/zergarriguesaltes\/zer\/projecte-educatiu\/","title":{"rendered":"Projecte educatiu"},"content":{"rendered":"<p>En aquesta secci\u00f3 trobareu les l\u00ednies generals del nostre projecte educatiu que, d&#8217;acord amb la <a title=\"Article 91 LEC\" href=\"http:\/\/www20.gencat.cat\/portal\/site\/portaljuridic\/menuitem.d15a4e5dfb99396dc366ec10b0c0e1a0\/?vgnextoid=b85297b5a87d6210VgnVCM1000000b0c1e0aRCRD&amp;vgnextchannel=b85297b5a87d6210VgnVCM1000000b0c1e0aRCRD&amp;vgnextfmt=default&amp;action=fitxa&amp;portalId=1&amp;documentId=480169&amp;newLang=ca_ES#fragment-1182442\" target=\"_blank\">Llei d&#8217;Educaci\u00f3 de Catalunya<\/a>, \u00a0incorpora el car\u00e0cter propi del centre. Els documents de gesti\u00f3 i funcionament de la ZER els trobareu a la p\u00e0gina de <a href=\"http:\/\/agora.xtec.cat\/zergarriguesaltes\/docs\/\" target=\"_blank\">documents<\/a>.<\/p>\n<p>La ZER Garrigues Altes ha \u00a0de ser un referent de qualitat educativa i d\u2019assoliment dels objectius d\u2019excel\u00b7l\u00e8ncia i d\u2019equitat que la LEC determina.<\/p>\n<p>La\u00a0 ZER Garrigues Altes \u00a0es defineix com a inclusiva, \u00a0laica i respectuosa amb la pluralitat, trets definidors del seu car\u00e0cter propi.<\/p>\n<p>La ZER Garrigues Altes es defineixen d\u2019acord amb els principis de qualitat pedag\u00f2gica, de direcci\u00f3 responsable, de dedicaci\u00f3 i professionalitat docents, d\u2019avaluaci\u00f3, de retiment de comptes, d\u2019implicaci\u00f3 de les fam\u00edlies, de preservaci\u00f3 de l\u2019equitat, de cerca de l\u2019excel\u00b7l\u00e8ncia i de respecte a les idees i les creences dels alumnes i de llurs mares, pares o tutors.<\/p>\n<p>Els principis que inspiren el projecte educatiu de la ZER Garrigues Altes \u00a0reconeix determinant \u00a0la relaci\u00f3 amb els alumnes i les fam\u00edlies, la implicaci\u00f3 activa del centre en l\u2019entorn social i el comprom\u00eds de cooperaci\u00f3 i d\u2019integraci\u00f3 plena en la prestaci\u00f3 del Servei d\u2019Educaci\u00f3 de Catalunya.<\/p>\n<p>Els trets d&#8217;identitat caracteritzen la presa de posici\u00f3 de l&#8217;escola respecte als aspectes rellevants en mat\u00e8ria d&#8217;educaci\u00f3 i s\u00f3n el que conformen el que tamb\u00e9 s&#8217;anomena &#8220;car\u00e0cter propi&#8221; de la ZER i els seus centres. La ZER Garrigues Altes com a centre p\u00fablic depenent de la Generalitat de Catalunya, assumeix com a propis els seg\u00fcents principis:<\/p>\n<p>a) El respecte dels drets i els deures que deriven de la Constituci\u00f3, l\u2019Estatut i la resta de legislaci\u00f3 vigent.<\/p>\n<p>b) La transmissi\u00f3 i la consolidaci\u00f3 dels valors propis d\u2019una societat democr\u00e0tica: la llibertat personal, la responsabilitat, la solidaritat, el respecte i la igualtat.<\/p>\n<p>c) La universalitat i l\u2019equitat com a garantia d\u2019igualtat d\u2019oportunitats i la integraci\u00f3 de tots els collectius, basada en la coresponsabilitat de tots els centres sostinguts amb fons p\u00fablics.<\/p>\n<p>d) El respecte de la llibertat d\u2019ensenyament, la llibertat de creaci\u00f3 de centres, la llibertat d\u2019elecci\u00f3 entre centres p\u00fablics o centres altres que els creats pels poders p\u00fablics, la llibertat de c\u00e0tedra del professorat i la llibertat de consci\u00e8ncia dels alumnes.<\/p>\n<p>e) El pluralisme.<\/p>\n<p>f) La inclusi\u00f3 escolar i la cohesi\u00f3 social.<\/p>\n<p>g) La qualitat de l\u2019educaci\u00f3, que possibilita l\u2019assoliment de les compet\u00e8ncies b\u00e0siques i la consecuci\u00f3 de l\u2019excell\u00e8ncia, en un context d\u2019equitat.<\/p>\n<p>h) El conreu del coneixement de Catalunya i l\u2019arrelament dels alumnes al pa\u00eds, i el respecte a la conviv\u00e8ncia.<\/p>\n<p>i) El respecte i el coneixement del propi cos.<\/p>\n<p>j) El foment de la pau i el respecte dels drets humans.<\/p>\n<p>k) El respecte i la preservaci\u00f3 del medi ambient i el gaudi respectu\u00f3s i responsable dels recursos naturals i del paisatge.<\/p>\n<p>l) El foment de l\u2019emprenedoria.<\/p>\n<p>m) La coeducaci\u00f3 i el foment de la igualtat real i efectiva entre dones i homes.<\/p>\n<p>n) L\u2019afavoriment de l\u2019educaci\u00f3 m\u00e9s enll\u00e0 de l\u2019escola.<\/p>\n<p>o) L\u2019educaci\u00f3 al llarg de la vida.<\/p>\n<p>p) El respecte del dret de mares i pares perqu\u00e8 llurs fills rebin la formaci\u00f3 religiosa i moral que vagi d\u2019acord amb llurs conviccions.<\/p>\n<p>q) L\u2019exclusi\u00f3 de qualsevol mena de proselitisme o adoctrinament.<\/p>\n<p>&nbsp;<\/p>\n<p>&nbsp;<\/p>\n<p>&nbsp;<\/p>\n","protected":false},"excerpt":{"rendered":"<p>En aquesta secci\u00f3 trobareu les l\u00ednies generals del nostre projecte educatiu que, d&#8217;acord amb la <a title=\"Article 91 LEC\" href=\"http:\/\/www20.gencat.cat\/portal\/site\/portaljuridic\/menuitem.d15a4e5dfb99396dc366ec10b0c0e1a0\/?vgnextoid=b85297b5a87d6210VgnVCM1000000b0c1e0aRCRD&amp;vgnextchannel=b85297b5a87d6210VgnVCM1000000b0c1e0aRCRD&amp;vgnextfmt=default&amp;action=fitxa&amp;portalId=1&amp;documentId=480169&amp;newLang=ca_ES#fragment-1182442\" target=\"_blank\">Llei d&#8217;Educaci\u00f3 de Catalunya<\/a>, \u00a0incorpora el car\u00e0cter propi del centre. Els documents de gesti\u00f3 i funcionament de la ZER els trobareu a la p\u00e0gina de&hellip;  <a href=\"https:\/\/agora.xtec.cat\/zergarriguesaltes\/zer\/projecte-educatiu\/\" title=\"Read Projecte educatiu\">Llegeix m\u00e9s\u00bb<\/a><\/p>\n","protected":false},"author":1,"featured_media":0,"parent":19,"menu_order":30,"comment_status":"closed","ping_status":"closed","template":"page-templates\/side-menu.php","meta":{"_bbp_topic_count":0,"_bbp_reply_count":0,"_bbp_total_topic_count":0,"_bbp_total_reply_count":0,"_bbp_voice_count":0,"_bbp_anonymous_reply_count":0,"_bbp_topic_count_hidden":0,"_bbp_reply_count_hidden":0,"_bbp_forum_subforum_count":0,"footnotes":""},"class_list":["post-57","page","type-page","status-publish","hentry"],"post_mailing_queue_ids":[],"_links":{"self":[{"href":"https:\/\/agora.xtec.cat\/zergarriguesaltes\/wp-json\/wp\/v2\/pages\/57","targetHints":{"allow":["GET"]}}],"collection":[{"href":"https:\/\/agora.xtec.cat\/zergarriguesaltes\/wp-json\/wp\/v2\/pages"}],"about":[{"href":"https:\/\/agora.xtec.cat\/zergarriguesaltes\/wp-json\/wp\/v2\/types\/page"}],"author":[{"embeddable":true,"href":"https:\/\/agora.xtec.cat\/zergarriguesaltes\/wp-json\/wp\/v2\/users\/1"}],"replies":[{"embeddable":true,"href":"https:\/\/agora.xtec.cat\/zergarriguesaltes\/wp-json\/wp\/v2\/comments?post=57"}],"version-history":[{"count":3,"href":"https:\/\/agora.xtec.cat\/zergarriguesaltes\/wp-json\/wp\/v2\/pages\/57\/revisions"}],"predecessor-version":[{"id":804,"href":"https:\/\/agora.xtec.cat\/zergarriguesaltes\/wp-json\/wp\/v2\/pages\/57\/revisions\/804"}],"up":[{"embeddable":true,"href":"https:\/\/agora.xtec.cat\/zergarriguesaltes\/wp-json\/wp\/v2\/pages\/19"}],"wp:attachment":[{"href":"https:\/\/agora.xtec.cat\/zergarriguesaltes\/wp-json\/wp\/v2\/media?parent=57"}],"curies":[{"name":"wp","href":"https:\/\/api.w.org\/{rel}","templated":true}]}}