{"id":498,"date":"2015-07-24T17:07:28","date_gmt":"2015-07-24T16:07:28","guid":{"rendered":"http:\/\/agora.xtec.cat\/zergarriguesaltes\/?page_id=498"},"modified":"2018-10-03T09:43:51","modified_gmt":"2018-10-03T07:43:51","slug":"ampa","status":"publish","type":"page","link":"https:\/\/agora.xtec.cat\/zergarriguesaltes\/escolajuncosa\/ampa\/","title":{"rendered":"AMPA"},"content":{"rendered":"<p>L\u2019AMPA \u00e9s l\u2019entitat que agrupa a les mares i els pares d\u2019alumnes de l\u2019Escola per a la defensa dels seus interessos en tot all\u00f2 que fa refer\u00e8ncia a l\u2019educaci\u00f3 dels nens i nenes i col\u00b7labora en el funcionament del centre.<br \/>\n\u00c9s una entitat constitu\u00efda com associaci\u00f3 sense \u00e0nim de lucre. Est\u00e0 regulada per uns estatuts i s\u2019organitza a trav\u00e9s de: La Junta Directiva i l\u2019Assemblea General.<br \/>\nL&#8217;objectiu fonamental de l&#8217;AMPA \u00e9s contribuir a la millora de la qualitat de l&#8217;ensenyament que reben els nostres fills i filles.<\/p>\n<p>Algunes de les tasques que es fan s\u00f3n:<\/p>\n<ul>\n<li>Promoure la participaci\u00f3 de pares i mares dels alumnes en les festes escolars.<\/li>\n<li>Promoure la representaci\u00f3 i la participaci\u00f3 dels pares i mares dels alumnes en el Consell Escolar.<\/li>\n<li>Col\u00b7labora en les activitats educatives, organitza i gestiona les activitats extraescolars.<\/li>\n<\/ul>\n<h6>Qui \u00e9s de l\u2019AMPA?<\/h6>\n<p>L\u2019Associaci\u00f3 est\u00e0 formada per les fam\u00edlies que s\u2019han inscrit com a s\u00f2cies.<\/p>\n<h6><\/h6>\n","protected":false},"excerpt":{"rendered":"<p>L\u2019AMPA \u00e9s l\u2019entitat que agrupa a les mares i els pares d\u2019alumnes de l\u2019Escola per a la defensa dels seus interessos en tot all\u00f2 que fa refer\u00e8ncia a l\u2019educaci\u00f3 dels nens i nenes i col\u00b7labora en el funcionament del centre.<br \/>\n\u00c9s una entitat constitu\u00efda com associaci\u00f3&hellip;  <a href=\"https:\/\/agora.xtec.cat\/zergarriguesaltes\/escolajuncosa\/ampa\/\" title=\"Read AMPA\">Llegeix m\u00e9s\u00bb<\/a><\/p>\n","protected":false},"author":1,"featured_media":0,"parent":270,"menu_order":70,"comment_status":"closed","ping_status":"closed","template":"page-templates\/side-menu.php","meta":{"_bbp_topic_count":0,"_bbp_reply_count":0,"_bbp_total_topic_count":0,"_bbp_total_reply_count":0,"_bbp_voice_count":0,"_bbp_anonymous_reply_count":0,"_bbp_topic_count_hidden":0,"_bbp_reply_count_hidden":0,"_bbp_forum_subforum_count":0,"footnotes":""},"class_list":["post-498","page","type-page","status-publish","hentry"],"post_mailing_queue_ids":[],"_links":{"self":[{"href":"https:\/\/agora.xtec.cat\/zergarriguesaltes\/wp-json\/wp\/v2\/pages\/498","targetHints":{"allow":["GET"]}}],"collection":[{"href":"https:\/\/agora.xtec.cat\/zergarriguesaltes\/wp-json\/wp\/v2\/pages"}],"about":[{"href":"https:\/\/agora.xtec.cat\/zergarriguesaltes\/wp-json\/wp\/v2\/types\/page"}],"author":[{"embeddable":true,"href":"https:\/\/agora.xtec.cat\/zergarriguesaltes\/wp-json\/wp\/v2\/users\/1"}],"replies":[{"embeddable":true,"href":"https:\/\/agora.xtec.cat\/zergarriguesaltes\/wp-json\/wp\/v2\/comments?post=498"}],"version-history":[{"count":3,"href":"https:\/\/agora.xtec.cat\/zergarriguesaltes\/wp-json\/wp\/v2\/pages\/498\/revisions"}],"predecessor-version":[{"id":2521,"href":"https:\/\/agora.xtec.cat\/zergarriguesaltes\/wp-json\/wp\/v2\/pages\/498\/revisions\/2521"}],"up":[{"embeddable":true,"href":"https:\/\/agora.xtec.cat\/zergarriguesaltes\/wp-json\/wp\/v2\/pages\/270"}],"wp:attachment":[{"href":"https:\/\/agora.xtec.cat\/zergarriguesaltes\/wp-json\/wp\/v2\/media?parent=498"}],"curies":[{"name":"wp","href":"https:\/\/api.w.org\/{rel}","templated":true}]}}