{"id":411,"date":"2015-07-23T15:36:01","date_gmt":"2015-07-23T14:36:01","guid":{"rendered":"http:\/\/agora.xtec.cat\/zergarriguesaltes\/?page_id=411"},"modified":"2016-06-01T11:53:49","modified_gmt":"2016-06-01T10:53:49","slug":"transport-escolar","status":"publish","type":"page","link":"https:\/\/agora.xtec.cat\/zergarriguesaltes\/escolasoleras\/transport-escolar\/","title":{"rendered":"Transport escolar"},"content":{"rendered":"<p>L&#8217;escola del Soler\u00e0s disposa de transport escolar pels alumnes de la poblaci\u00f3 de Granyena de les Garrigues.<br \/>\nL&#8217;horari de recollida \u00e9s a les 8.45h pel mat\u00ed i per la tarda l&#8217;horari de tornada \u00e9s a les 16.40h.<br \/>\nEl servei de  transport es contractat des del Consell Comarcal de les Garrigues i actualment l&#8217;empresa que el porta a terme \u00e9s Autocars Sol\u00e9 de Juncosa. Pel transport dels m\u00e9s petitons disposa d&#8217;elevadors complint les mesures de seguretat vi\u00e0ria pertinents i al mateix temps s&#8217;inicia a l&#8217;alumnat en el compliment de la normativa vi\u00e0ria. <\/p>\n<p><a href=\"http:\/\/agora.xtec.cat\/zergarriguesaltes\/wp-content\/uploads\/usu1308\/2015\/07\/autocar4.jpg\"><img loading=\"lazy\" decoding=\"async\" src=\"http:\/\/agora.xtec.cat\/zergarriguesaltes\/wp-content\/uploads\/usu1308\/2015\/07\/autocar4-1024x768.jpg\" alt=\"autocar4\" width=\"1024\" height=\"268\" class=\"alignnone size-large wp-image-280\" \/><\/a><\/p>\n","protected":false},"excerpt":{"rendered":"<p>L&#8217;escola del Soler\u00e0s disposa de transport escolar pels alumnes de la poblaci\u00f3 de Granyena de les Garrigues.<br \/>\nL&#8217;horari de recollida \u00e9s a les 8.45h pel mat\u00ed i per la tarda l&#8217;horari de tornada \u00e9s a les 16.40h.<br \/>\nEl servei de  transport es contractat des del Consell&hellip;  <a href=\"https:\/\/agora.xtec.cat\/zergarriguesaltes\/escolasoleras\/transport-escolar\/\" title=\"Read Transport escolar\">Llegeix m\u00e9s\u00bb<\/a><\/p>\n","protected":false},"author":1,"featured_media":0,"parent":266,"menu_order":60,"comment_status":"closed","ping_status":"closed","template":"page-templates\/side-menu.php","meta":{"_bbp_topic_count":0,"_bbp_reply_count":0,"_bbp_total_topic_count":0,"_bbp_total_reply_count":0,"_bbp_voice_count":0,"_bbp_anonymous_reply_count":0,"_bbp_topic_count_hidden":0,"_bbp_reply_count_hidden":0,"_bbp_forum_subforum_count":0,"footnotes":""},"class_list":["post-411","page","type-page","status-publish","hentry"],"post_mailing_queue_ids":[],"_links":{"self":[{"href":"https:\/\/agora.xtec.cat\/zergarriguesaltes\/wp-json\/wp\/v2\/pages\/411","targetHints":{"allow":["GET"]}}],"collection":[{"href":"https:\/\/agora.xtec.cat\/zergarriguesaltes\/wp-json\/wp\/v2\/pages"}],"about":[{"href":"https:\/\/agora.xtec.cat\/zergarriguesaltes\/wp-json\/wp\/v2\/types\/page"}],"author":[{"embeddable":true,"href":"https:\/\/agora.xtec.cat\/zergarriguesaltes\/wp-json\/wp\/v2\/users\/1"}],"replies":[{"embeddable":true,"href":"https:\/\/agora.xtec.cat\/zergarriguesaltes\/wp-json\/wp\/v2\/comments?post=411"}],"version-history":[{"count":4,"href":"https:\/\/agora.xtec.cat\/zergarriguesaltes\/wp-json\/wp\/v2\/pages\/411\/revisions"}],"predecessor-version":[{"id":690,"href":"https:\/\/agora.xtec.cat\/zergarriguesaltes\/wp-json\/wp\/v2\/pages\/411\/revisions\/690"}],"up":[{"embeddable":true,"href":"https:\/\/agora.xtec.cat\/zergarriguesaltes\/wp-json\/wp\/v2\/pages\/266"}],"wp:attachment":[{"href":"https:\/\/agora.xtec.cat\/zergarriguesaltes\/wp-json\/wp\/v2\/media?parent=411"}],"curies":[{"name":"wp","href":"https:\/\/api.w.org\/{rel}","templated":true}]}}