{"id":367,"date":"2015-07-23T15:21:30","date_gmt":"2015-07-23T14:21:30","guid":{"rendered":"http:\/\/agora.xtec.cat\/zergarriguesaltes\/?page_id=367"},"modified":"2018-10-03T09:37:15","modified_gmt":"2018-10-03T07:37:15","slug":"qui-som","status":"publish","type":"page","link":"https:\/\/agora.xtec.cat\/zergarriguesaltes\/escolajuncosa\/qui-som\/","title":{"rendered":"Qui som"},"content":{"rendered":"<p>La nostra escola t\u00e9 al voltant de 17 alumnes.\u00a0 Estan dividits en dues aules:\u00a0 la classe d\u2019Educaci\u00f3 Infantil\/ Cicle Inicial i la de Cicle Mitj\u00e0\/ Cicle Superior, a m\u00e9s de la sala de mestres, la direcci\u00f3, el gimn\u00e0s, el menjador i l&#8217;aula d&#8217;inform\u00e0tica.<\/p>\n<p>En aquests moments el claustre de mestres est\u00e0 format per la tutora d\u2019EI \/C.I i directora del centre ; S\u00f2nia Mateu i de C.M \/ C.S; Marta Vidal.<\/p>\n\n<p>&nbsp;<\/p>\n<p>&nbsp;<\/p>\n","protected":false},"excerpt":{"rendered":"<p>La nostra escola t\u00e9 al voltant de 17 alumnes.\u00a0 Estan dividits en dues aules:\u00a0 la classe d\u2019Educaci\u00f3 Infantil\/ Cicle Inicial i la de Cicle Mitj\u00e0\/ Cicle Superior, a m\u00e9s de la sala de mestres, la direcci\u00f3, el gimn\u00e0s, el menjador i l&#8217;aula d&#8217;inform\u00e0tica.<br \/>\nEn aquests moments&hellip;  <a href=\"https:\/\/agora.xtec.cat\/zergarriguesaltes\/escolajuncosa\/qui-som\/\" title=\"Read Qui som\">Llegeix m\u00e9s\u00bb<\/a><\/p>\n","protected":false},"author":1,"featured_media":0,"parent":270,"menu_order":10,"comment_status":"closed","ping_status":"closed","template":"page-templates\/side-menu.php","meta":{"_bbp_topic_count":0,"_bbp_reply_count":0,"_bbp_total_topic_count":0,"_bbp_total_reply_count":0,"_bbp_voice_count":0,"_bbp_anonymous_reply_count":0,"_bbp_topic_count_hidden":0,"_bbp_reply_count_hidden":0,"_bbp_forum_subforum_count":0,"footnotes":""},"class_list":["post-367","page","type-page","status-publish","hentry"],"post_mailing_queue_ids":[],"_links":{"self":[{"href":"https:\/\/agora.xtec.cat\/zergarriguesaltes\/wp-json\/wp\/v2\/pages\/367","targetHints":{"allow":["GET"]}}],"collection":[{"href":"https:\/\/agora.xtec.cat\/zergarriguesaltes\/wp-json\/wp\/v2\/pages"}],"about":[{"href":"https:\/\/agora.xtec.cat\/zergarriguesaltes\/wp-json\/wp\/v2\/types\/page"}],"author":[{"embeddable":true,"href":"https:\/\/agora.xtec.cat\/zergarriguesaltes\/wp-json\/wp\/v2\/users\/1"}],"replies":[{"embeddable":true,"href":"https:\/\/agora.xtec.cat\/zergarriguesaltes\/wp-json\/wp\/v2\/comments?post=367"}],"version-history":[{"count":3,"href":"https:\/\/agora.xtec.cat\/zergarriguesaltes\/wp-json\/wp\/v2\/pages\/367\/revisions"}],"predecessor-version":[{"id":2518,"href":"https:\/\/agora.xtec.cat\/zergarriguesaltes\/wp-json\/wp\/v2\/pages\/367\/revisions\/2518"}],"up":[{"embeddable":true,"href":"https:\/\/agora.xtec.cat\/zergarriguesaltes\/wp-json\/wp\/v2\/pages\/270"}],"wp:attachment":[{"href":"https:\/\/agora.xtec.cat\/zergarriguesaltes\/wp-json\/wp\/v2\/media?parent=367"}],"curies":[{"name":"wp","href":"https:\/\/api.w.org\/{rel}","templated":true}]}}