{"id":7,"date":"2014-09-12T10:14:31","date_gmt":"2014-09-12T10:14:31","guid":{"rendered":"http:\/\/agora.xtec.cat\/zerespernallac\/?page_id=7"},"modified":"2026-03-08T14:08:25","modified_gmt":"2026-03-08T13:08:25","slug":"inici","status":"publish","type":"page","link":"https:\/\/agora.xtec.cat\/zerespernallac\/","title":{"rendered":"Inici"},"content":{"rendered":"<h4 style=\"text-align: center;\"><span style=\"color: #008000;\"><strong>Tota la Comunitat Educativa de la ZER ESPERNALLAC <\/strong><\/span><\/h4>\n<h4 style=\"text-align: center;\"><span style=\"color: #008000;\"><strong>us dona la <\/strong><\/span><span style=\"color: #bf9c0d;\"><strong>BENVINGUDA<\/strong><\/span><span style=\"color: #008000;\"><strong> al curs 2025 &#8211; 2026!<\/strong><\/span><\/h4>\n<h4 style=\"text-align: center;\"><span style=\"color: #3366ff;\"><strong style=\"font-size: 1.4375em;\"><span style=\"color: #ccae04;\">______________________<\/span><\/strong><\/span><\/h4>\n<h4 style=\"text-align: center;\"><span style=\"background-color: #339966;\"><strong>PREINSCRIPCI\u00d3 I MATR\u00cdCULA &#8211; CURS 2026 &#8211; 2027<\/strong><\/span><\/h4>\n<p style=\"text-align: center;\"><a href=\"https:\/\/agora.xtec.cat\/zerespernallac\/preinscripcio-i-matricula\/\" target=\"_blank\" rel=\"noopener\" data-wplink-edit=\"true\"><img loading=\"lazy\" decoding=\"async\" class=\"https:\/\/agora.xtec.cat\/zerespernallac\/preinscripcio-i-matricula\/ aligncenter wp-image-4807\" src=\"https:\/\/agora.xtec.cat\/zerespernallac\/wp-content\/uploads\/usu716\/2026\/03\/Preinscripcio_baners_Web-300x105.jpg\" alt=\"\" width=\"462\" height=\"162\" srcset=\"https:\/\/agora.xtec.cat\/zerespernallac\/wp-content\/uploads\/usu716\/2026\/03\/Preinscripcio_baners_Web-300x105.jpg 300w, https:\/\/agora.xtec.cat\/zerespernallac\/wp-content\/uploads\/usu716\/2026\/03\/Preinscripcio_baners_Web.jpg 744w\" sizes=\"auto, (max-width: 462px) 100vw, 462px\" \/><\/a><em><strong>(Fes clic damunt la imatge per accedir a la informaci\u00f3)<\/strong><\/em><\/p>\n\n\n<p><\/p>\n","protected":false},"excerpt":{"rendered":"<p>Tota la Comunitat Educativa de la ZER ESPERNALLAC us dona la BENVINGUDA al curs 2025 &#8211; 2026! ______________________ PREINSCRIPCI\u00d3 I MATR\u00cdCULA &#8211; CURS 2026 &#8211; 2027 (Fes clic damunt la imatge per accedir a la informaci\u00f3)<\/p>\n","protected":false},"author":1,"featured_media":0,"parent":0,"menu_order":0,"comment_status":"closed","ping_status":"closed","template":"","meta":{"_bbp_topic_count":0,"_bbp_reply_count":0,"_bbp_total_topic_count":0,"_bbp_total_reply_count":0,"_bbp_voice_count":0,"_bbp_anonymous_reply_count":0,"_bbp_topic_count_hidden":0,"_bbp_reply_count_hidden":0,"_bbp_forum_subforum_count":0,"site-sidebar-layout":"default","site-content-layout":"","ast-site-content-layout":"default","site-content-style":"default","site-sidebar-style":"default","ast-global-header-display":"","ast-banner-title-visibility":"","ast-main-header-display":"","ast-hfb-above-header-display":"","ast-hfb-below-header-display":"","ast-hfb-mobile-header-display":"","site-post-title":"","ast-breadcrumbs-content":"","ast-featured-img":"","footer-sml-layout":"","theme-transparent-header-meta":"","adv-header-id-meta":"","stick-header-meta":"","header-above-stick-meta":"","header-main-stick-meta":"","header-below-stick-meta":"","astra-migrate-meta-layouts":"set","ast-page-background-enabled":"default","ast-page-background-meta":{"desktop":{"background-color":"var(--ast-global-color-4)","background-image":"","background-repeat":"repeat","background-position":"center center","background-size":"auto","background-attachment":"scroll","background-type":"","background-media":"","overlay-type":"","overlay-color":"","overlay-opacity":"","overlay-gradient":""},"tablet":{"background-color":"","background-image":"","background-repeat":"repeat","background-position":"center center","background-size":"auto","background-attachment":"scroll","background-type":"","background-media":"","overlay-type":"","overlay-color":"","overlay-opacity":"","overlay-gradient":""},"mobile":{"background-color":"","background-image":"","background-repeat":"repeat","background-position":"center center","background-size":"auto","background-attachment":"scroll","background-type":"","background-media":"","overlay-type":"","overlay-color":"","overlay-opacity":"","overlay-gradient":""}},"ast-content-background-meta":{"desktop":{"background-color":"var(--ast-global-color-5)","background-image":"","background-repeat":"repeat","background-position":"center center","background-size":"auto","background-attachment":"scroll","background-type":"","background-media":"","overlay-type":"","overlay-color":"","overlay-opacity":"","overlay-gradient":""},"tablet":{"background-color":"var(--ast-global-color-5)","background-image":"","background-repeat":"repeat","background-position":"center center","background-size":"auto","background-attachment":"scroll","background-type":"","background-media":"","overlay-type":"","overlay-color":"","overlay-opacity":"","overlay-gradient":""},"mobile":{"background-color":"var(--ast-global-color-5)","background-image":"","background-repeat":"repeat","background-position":"center center","background-size":"auto","background-attachment":"scroll","background-type":"","background-media":"","overlay-type":"","overlay-color":"","overlay-opacity":"","overlay-gradient":""}},"footnotes":""},"class_list":["post-7","page","type-page","status-publish","hentry"],"post_mailing_queue_ids":[],"_links":{"self":[{"href":"https:\/\/agora.xtec.cat\/zerespernallac\/wp-json\/wp\/v2\/pages\/7","targetHints":{"allow":["GET"]}}],"collection":[{"href":"https:\/\/agora.xtec.cat\/zerespernallac\/wp-json\/wp\/v2\/pages"}],"about":[{"href":"https:\/\/agora.xtec.cat\/zerespernallac\/wp-json\/wp\/v2\/types\/page"}],"author":[{"embeddable":true,"href":"https:\/\/agora.xtec.cat\/zerespernallac\/wp-json\/wp\/v2\/users\/1"}],"replies":[{"embeddable":true,"href":"https:\/\/agora.xtec.cat\/zerespernallac\/wp-json\/wp\/v2\/comments?post=7"}],"version-history":[{"count":6,"href":"https:\/\/agora.xtec.cat\/zerespernallac\/wp-json\/wp\/v2\/pages\/7\/revisions"}],"predecessor-version":[{"id":4814,"href":"https:\/\/agora.xtec.cat\/zerespernallac\/wp-json\/wp\/v2\/pages\/7\/revisions\/4814"}],"wp:attachment":[{"href":"https:\/\/agora.xtec.cat\/zerespernallac\/wp-json\/wp\/v2\/media?parent=7"}],"curies":[{"name":"wp","href":"https:\/\/api.w.org\/{rel}","templated":true}]}}