{"id":494,"date":"2015-07-24T17:06:00","date_gmt":"2015-07-24T16:06:00","guid":{"rendered":"http:\/\/agora.xtec.cat\/zerespernallac\/?page_id=494"},"modified":"2024-10-20T21:53:23","modified_gmt":"2024-10-20T19:53:23","slug":"ampa","status":"publish","type":"page","link":"https:\/\/agora.xtec.cat\/zerespernallac\/escola-ramongombal\/ampa\/","title":{"rendered":"AFA"},"content":{"rendered":"<p style=\"text-align: justify;\">La nova junta de l&#8217;AFA de l&#8217;escola Ramon Gombal de Penelles, queda constitu\u00efda per:<\/p>\n<p style=\"text-align: justify;\">Eloi B. (presidenta)<\/p>\n<p style=\"text-align: justify;\">Montse G. (tresorera)<\/p>\n<p style=\"text-align: justify;\">Silvia Farre Capdevila (secret\u00e0ria)<\/p>\n<p style=\"text-align: justify;\">Ibra B. (vocal)<\/p>\n<p style=\"text-align: justify;\">Norbert B. (vocal)<\/p>\n<p style=\"text-align: justify;\">Silvia F. (vocal)<\/p>\n<p style=\"text-align: justify;\">Jordi B. (vocal)<\/p>\n<p>N\u00faria A. (vocal)<\/p>\n<p style=\"text-align: justify;\"><strong>Activitats extraescolars:<\/strong><\/p>\n<p style=\"text-align: justify;\">Gestionades per l\u2019AFA<\/p>\n<ul>\n<li style=\"text-align: justify;\">Aquest curs no hi ha activitats extraescolars que gestiona l&#8217;AFA.<\/li>\n<\/ul>\n<p style=\"text-align: justify;\">Quota AMPA 35\u20ac\/ alumne<br \/>\nContacte AMPA: ramongombalampa@gmail.com<\/p>\n","protected":false},"excerpt":{"rendered":"<p>La nova junta de l&#8217;AFA de l&#8217;escola Ramon Gombal de Penelles, queda constitu\u00efda per: Eloi B. (presidenta) Montse G. (tresorera) Silvia Farre Capdevila (secret\u00e0ria) Ibra B. (vocal) Norbert B. (vocal) Silvia F. (vocal) Jordi B. (vocal) N\u00faria A. (vocal) Activitats extraescolars: Gestionades per l\u2019AFA Aquest curs no hi ha activitats extraescolars que gestiona l&#8217;AFA. Quota [&hellip;]<\/p>\n","protected":false},"author":1,"featured_media":0,"parent":268,"menu_order":70,"comment_status":"closed","ping_status":"closed","template":"page-templates\/side-menu.php","meta":{"_bbp_topic_count":0,"_bbp_reply_count":0,"_bbp_total_topic_count":0,"_bbp_total_reply_count":0,"_bbp_voice_count":0,"_bbp_anonymous_reply_count":0,"_bbp_topic_count_hidden":0,"_bbp_reply_count_hidden":0,"_bbp_forum_subforum_count":0,"site-sidebar-layout":"default","site-content-layout":"","ast-site-content-layout":"","site-content-style":"default","site-sidebar-style":"default","ast-global-header-display":"","ast-banner-title-visibility":"","ast-main-header-display":"","ast-hfb-above-header-display":"","ast-hfb-below-header-display":"","ast-hfb-mobile-header-display":"","site-post-title":"","ast-breadcrumbs-content":"","ast-featured-img":"","footer-sml-layout":"","theme-transparent-header-meta":"","adv-header-id-meta":"","stick-header-meta":"","header-above-stick-meta":"","header-main-stick-meta":"","header-below-stick-meta":"","astra-migrate-meta-layouts":"default","ast-page-background-enabled":"default","ast-page-background-meta":{"desktop":{"background-color":"var(--ast-global-color-4)","background-image":"","background-repeat":"repeat","background-position":"center center","background-size":"auto","background-attachment":"scroll","background-type":"","background-media":"","overlay-type":"","overlay-color":"","overlay-opacity":"","overlay-gradient":""},"tablet":{"background-color":"","background-image":"","background-repeat":"repeat","background-position":"center center","background-size":"auto","background-attachment":"scroll","background-type":"","background-media":"","overlay-type":"","overlay-color":"","overlay-opacity":"","overlay-gradient":""},"mobile":{"background-color":"","background-image":"","background-repeat":"repeat","background-position":"center center","background-size":"auto","background-attachment":"scroll","background-type":"","background-media":"","overlay-type":"","overlay-color":"","overlay-opacity":"","overlay-gradient":""}},"ast-content-background-meta":{"desktop":{"background-color":"var(--ast-global-color-5)","background-image":"","background-repeat":"repeat","background-position":"center center","background-size":"auto","background-attachment":"scroll","background-type":"","background-media":"","overlay-type":"","overlay-color":"","overlay-opacity":"","overlay-gradient":""},"tablet":{"background-color":"var(--ast-global-color-5)","background-image":"","background-repeat":"repeat","background-position":"center center","background-size":"auto","background-attachment":"scroll","background-type":"","background-media":"","overlay-type":"","overlay-color":"","overlay-opacity":"","overlay-gradient":""},"mobile":{"background-color":"var(--ast-global-color-5)","background-image":"","background-repeat":"repeat","background-position":"center center","background-size":"auto","background-attachment":"scroll","background-type":"","background-media":"","overlay-type":"","overlay-color":"","overlay-opacity":"","overlay-gradient":""}},"footnotes":""},"class_list":["post-494","page","type-page","status-publish","hentry"],"post_mailing_queue_ids":[],"_links":{"self":[{"href":"https:\/\/agora.xtec.cat\/zerespernallac\/wp-json\/wp\/v2\/pages\/494","targetHints":{"allow":["GET"]}}],"collection":[{"href":"https:\/\/agora.xtec.cat\/zerespernallac\/wp-json\/wp\/v2\/pages"}],"about":[{"href":"https:\/\/agora.xtec.cat\/zerespernallac\/wp-json\/wp\/v2\/types\/page"}],"author":[{"embeddable":true,"href":"https:\/\/agora.xtec.cat\/zerespernallac\/wp-json\/wp\/v2\/users\/1"}],"replies":[{"embeddable":true,"href":"https:\/\/agora.xtec.cat\/zerespernallac\/wp-json\/wp\/v2\/comments?post=494"}],"version-history":[{"count":5,"href":"https:\/\/agora.xtec.cat\/zerespernallac\/wp-json\/wp\/v2\/pages\/494\/revisions"}],"predecessor-version":[{"id":4473,"href":"https:\/\/agora.xtec.cat\/zerespernallac\/wp-json\/wp\/v2\/pages\/494\/revisions\/4473"}],"up":[{"embeddable":true,"href":"https:\/\/agora.xtec.cat\/zerespernallac\/wp-json\/wp\/v2\/pages\/268"}],"wp:attachment":[{"href":"https:\/\/agora.xtec.cat\/zerespernallac\/wp-json\/wp\/v2\/media?parent=494"}],"curies":[{"name":"wp","href":"https:\/\/api.w.org\/{rel}","templated":true}]}}