{"id":4752,"date":"2025-12-14T17:45:06","date_gmt":"2025-12-14T16:45:06","guid":{"rendered":"https:\/\/agora.xtec.cat\/zerespernallac\/?page_id=4752"},"modified":"2025-12-14T17:52:24","modified_gmt":"2025-12-14T16:52:24","slug":"criteris-de-no-assistencia-de-lalumnat-a-lescola-a-causa-de-malalties-transmissibles","status":"publish","type":"page","link":"https:\/\/agora.xtec.cat\/zerespernallac\/documents-de-centre\/criteris-de-no-assistencia-de-lalumnat-a-lescola-a-causa-de-malalties-transmissibles\/","title":{"rendered":"Criteris de no assist\u00e8ncia de l\u2019alumnat a l\u2019escola o la llar d&#8217;infants a causa de malalties transmissibles."},"content":{"rendered":"\n<p>Les malalties infeccioses que es poden transmetre d\u2019una persona a una altra per qualsevol mecanisme (malalties transmissibles) s\u00f3n freq\u00fcents en infants escolaritzats. En general, si els infants estan afectats per infeccions respirat\u00f2ries lleus, no cal excloure\u2019ls del centre educatiu at\u00e8s que, a m\u00e9s, la transmissi\u00f3 de la infecci\u00f3 s\u2019esdev\u00e9 abans que apareguin els s\u00edmptomes o a partir del contacte amb altres infants amb infeccions asimptom\u00e0tiques. El risc de contagi es pot minimitzar seguint les normes higi\u00e8niques habituals.&nbsp;<\/p>\n\n\n\n<p>L\u2019exclusi\u00f3 i no assist\u00e8ncia dels infants al centre escolar es recomana quan, potencialment, es puguin reduir les probabilitats d\u2019aparici\u00f3 de casos secundaris o es donin alguna de les condicions seg\u00fcents:<\/p>\n\n\n\n<ul class=\"wp-block-list\">\n<li>La malaltia impedeix que l\u2019alumne dugui a terme les seves activitats amb normalitat.<\/li>\n\n\n\n<li>La malaltia requereix m\u00e9s atencions de les que els responsables a c\u00e0rrec de l\u2019alumne\/a poden donar-li, at\u00e8s que aquest fet reduiria l\u2019atenci\u00f3 envers la resta d\u2019alumnat.<\/li>\n\n\n\n<li>L\u2019infant presenta febre, letargia, irritabilitat, plora constantment, respira amb dificultat o altres signes que evidenci\u00efn una malaltia greu.<\/li>\n\n\n\n<li>L\u2019infant presenta exantema amb febre o altres s\u00edmptomes i el metge no ha descartat que es tracti d\u2019una malaltia transmissible.<\/li>\n<\/ul>\n\n\n\n<figure class=\"wp-block-table\"><table class=\"has-fixed-layout\"><tbody><tr><td><strong>IMPORTANT: En totes les malalties que cursin amb febre, a m\u00e9s de seguir les recomanacions espec\u00edfiques per a cadascuna d\u2019elles, cal que l\u2019infant hagi estat 24 hores sense febre abans de tornar a l\u2019escola.<\/strong><\/td><\/tr><\/tbody><\/table><\/figure>\n\n\n\n<p>Per tal d\u2019orientar en relaci\u00f3 amb els per\u00edodes durant els quals els infants no haurien d\u2019assistir a l\u2019escola segons la malaltia que estiguin patint, en el document que trobareu a continuaci\u00f3 s\u2019enumeren les  malalties infeccioses que afecten m\u00e9s sovint els infants en edat escolar, agrupades per les manifestacions cl\u00edniques m\u00e9s freq\u00fcents, amb els per\u00edodes de no assist\u00e8ncia al centre escolar i les mesures addicionals recomanades en cada cas:\u00a0<\/p>\n\n\n\n<figure class=\"wp-block-image size-large\"><a href=\"https:\/\/scientiasalut.gencat.cat\/bitstream\/handle\/11351\/3061.4\/criteris-no-assistencia-alumnat-escola-llar-infants-malalties-transmisibles-2025.pdf?sequence=4&amp;isAllowed=y\" target=\"_blank\" rel=\" noreferrer noopener\"><img decoding=\"async\" src=\"https:\/\/docs.academia.cat\/noticies\/4465\/1\/imatge_destacada.jpg\" alt=\"\"\/><\/a><\/figure>\n\n\n\n<p>Generalitat de Catalunya. Departament de Salut (Actualitzaci\u00f3 mar\u00e7 del 2025). Criteris de no assist\u00e8ncia de l\u2019alumnat a l\u2019escola o la llar d\u2019infants durant un per\u00edode de temps determinat a causa de malalties transmissibles.&nbsp;<\/p>\n\n\n\n<p><strong>Ag\u00e8ncia de Salut P\u00fablica de Catalunya.&nbsp;<\/strong><strong>Generalitat de Catalunya.<\/strong><\/p>\n\n\n\n<p><\/p>\n","protected":false},"excerpt":{"rendered":"<p>Les malalties infeccioses que es poden transmetre d\u2019una persona a una altra per qualsevol mecanisme (malalties transmissibles) s\u00f3n freq\u00fcents en infants escolaritzats. En general, si els infants estan afectats per infeccions respirat\u00f2ries lleus, no cal excloure\u2019ls del centre educatiu at\u00e8s que, a m\u00e9s, la transmissi\u00f3 de la infecci\u00f3 s\u2019esdev\u00e9 abans que apareguin els s\u00edmptomes o [&hellip;]<\/p>\n","protected":false},"author":1,"featured_media":0,"parent":1746,"menu_order":0,"comment_status":"closed","ping_status":"close","template":"","meta":{"_bbp_topic_count":0,"_bbp_reply_count":0,"_bbp_total_topic_count":0,"_bbp_total_reply_count":0,"_bbp_voice_count":0,"_bbp_anonymous_reply_count":0,"_bbp_topic_count_hidden":0,"_bbp_reply_count_hidden":0,"_bbp_forum_subforum_count":0,"site-sidebar-layout":"default","site-content-layout":"","ast-site-content-layout":"default","site-content-style":"default","site-sidebar-style":"default","ast-global-header-display":"","ast-banner-title-visibility":"","ast-main-header-display":"","ast-hfb-above-header-display":"","ast-hfb-below-header-display":"","ast-hfb-mobile-header-display":"","site-post-title":"","ast-breadcrumbs-content":"","ast-featured-img":"","footer-sml-layout":"","theme-transparent-header-meta":"","adv-header-id-meta":"","stick-header-meta":"","header-above-stick-meta":"","header-main-stick-meta":"","header-below-stick-meta":"","astra-migrate-meta-layouts":"set","ast-page-background-enabled":"default","ast-page-background-meta":{"desktop":{"background-color":"var(--ast-global-color-4)","background-image":"","background-repeat":"repeat","background-position":"center center","background-size":"auto","background-attachment":"scroll","background-type":"","background-media":"","overlay-type":"","overlay-color":"","overlay-opacity":"","overlay-gradient":""},"tablet":{"background-color":"","background-image":"","background-repeat":"repeat","background-position":"center center","background-size":"auto","background-attachment":"scroll","background-type":"","background-media":"","overlay-type":"","overlay-color":"","overlay-opacity":"","overlay-gradient":""},"mobile":{"background-color":"","background-image":"","background-repeat":"repeat","background-position":"center center","background-size":"auto","background-attachment":"scroll","background-type":"","background-media":"","overlay-type":"","overlay-color":"","overlay-opacity":"","overlay-gradient":""}},"ast-content-background-meta":{"desktop":{"background-color":"var(--ast-global-color-5)","background-image":"","background-repeat":"repeat","background-position":"center center","background-size":"auto","background-attachment":"scroll","background-type":"","background-media":"","overlay-type":"","overlay-color":"","overlay-opacity":"","overlay-gradient":""},"tablet":{"background-color":"var(--ast-global-color-5)","background-image":"","background-repeat":"repeat","background-position":"center center","background-size":"auto","background-attachment":"scroll","background-type":"","background-media":"","overlay-type":"","overlay-color":"","overlay-opacity":"","overlay-gradient":""},"mobile":{"background-color":"var(--ast-global-color-5)","background-image":"","background-repeat":"repeat","background-position":"center center","background-size":"auto","background-attachment":"scroll","background-type":"","background-media":"","overlay-type":"","overlay-color":"","overlay-opacity":"","overlay-gradient":""}},"footnotes":""},"class_list":["post-4752","page","type-page","status-publish","hentry"],"post_mailing_queue_ids":[],"_links":{"self":[{"href":"https:\/\/agora.xtec.cat\/zerespernallac\/wp-json\/wp\/v2\/pages\/4752","targetHints":{"allow":["GET"]}}],"collection":[{"href":"https:\/\/agora.xtec.cat\/zerespernallac\/wp-json\/wp\/v2\/pages"}],"about":[{"href":"https:\/\/agora.xtec.cat\/zerespernallac\/wp-json\/wp\/v2\/types\/page"}],"author":[{"embeddable":true,"href":"https:\/\/agora.xtec.cat\/zerespernallac\/wp-json\/wp\/v2\/users\/1"}],"replies":[{"embeddable":true,"href":"https:\/\/agora.xtec.cat\/zerespernallac\/wp-json\/wp\/v2\/comments?post=4752"}],"version-history":[{"count":4,"href":"https:\/\/agora.xtec.cat\/zerespernallac\/wp-json\/wp\/v2\/pages\/4752\/revisions"}],"predecessor-version":[{"id":4757,"href":"https:\/\/agora.xtec.cat\/zerespernallac\/wp-json\/wp\/v2\/pages\/4752\/revisions\/4757"}],"up":[{"embeddable":true,"href":"https:\/\/agora.xtec.cat\/zerespernallac\/wp-json\/wp\/v2\/pages\/1746"}],"wp:attachment":[{"href":"https:\/\/agora.xtec.cat\/zerespernallac\/wp-json\/wp\/v2\/media?parent=4752"}],"curies":[{"name":"wp","href":"https:\/\/api.w.org\/{rel}","templated":true}]}}