{"id":4671,"date":"2025-12-14T16:35:42","date_gmt":"2025-12-14T15:35:42","guid":{"rendered":"https:\/\/agora.xtec.cat\/zerespernallac\/?page_id=4671"},"modified":"2025-12-14T17:23:23","modified_gmt":"2025-12-14T16:23:23","slug":"informacio-municipal","status":"publish","type":"page","link":"https:\/\/agora.xtec.cat\/zerespernallac\/escola-el-terrall\/informacio-municipal\/","title":{"rendered":"On som"},"content":{"rendered":"<p style=\"color: #666666;\"><strong>Escola El Terrall<\/strong><br \/>C\/ Major, 35<br \/>25334 CASTELLSER\u00c0<br \/>634770244<br \/><span style=\"color: #0000ff;\">c5001281@xtec.cat<\/span><\/p>\n<p><iframe loading=\"lazy\" style=\"border: 0;\" src=\"https:\/\/www.google.com\/maps\/embed?pb=!1m18!1m12!1m3!1d5953.530583698507!2d0.9844832444124035!3d41.74715515697365!2m3!1f0!2f0!3f0!3m2!1i1024!2i768!4f13.1!3m3!1m2!1s0x12a691fa605426f3%3A0x3d3121b06275ec4c!2sZER+Espernallac+-+Escola+%22El+Terrall%22!5e0!3m2!1sca!2ses!4v1451934648256\" width=\"600\" height=\"450\" frameborder=\"0\" allowfullscreen=\"allowfullscreen\"><\/iframe><\/p>\n<p><span style=\"background-color: #ffffff; color: #993366;\"><strong>Situaci\u00f3 del municipi<\/strong><\/span><\/p>\n<p>Castellser\u00e0, amb una altitud de 267 m, pertanyent al partit judicial de Balaguer, es troba situat al nord-est de la comarca de l&#8217;Urgell, al l\u00edmit amb la comarca de la Noguera. La localitat \u00e9s situada a l&#8217;anomenat Pla d&#8217;Urgell, arrecerada la peu de la serra d&#8217;Almenara, que li queda a la banda nord.<\/p>\n<p>El terme de 15,84 quil\u00f2metres quadrats es troba dividit en dos sectors pel canal d&#8217;Urgell: la part del nord, de sec\u00e0, amb 168 ha, i accidentat per la mencionada serra, i\u00a0 la part del sud, de regadiu, que es troba regat per\u00a0 diverses s\u00e8quies del canal.<\/p>\n\n\n<p><\/p>\n","protected":false},"excerpt":{"rendered":"<p>Escola El TerrallC\/ Major, 3525334 CASTELLSER\u00c0634770244c5001281@xtec.cat Situaci\u00f3 del municipi Castellser\u00e0, amb una altitud de 267 m, pertanyent al partit judicial de Balaguer, es troba situat al nord-est de la comarca de l&#8217;Urgell, al l\u00edmit amb la comarca de la Noguera. La localitat \u00e9s situada a l&#8217;anomenat Pla d&#8217;Urgell, arrecerada la peu de la serra d&#8217;Almenara, [&hellip;]<\/p>\n","protected":false},"author":1,"featured_media":0,"parent":266,"menu_order":0,"comment_status":"closed","ping_status":"close","template":"","meta":{"_bbp_topic_count":0,"_bbp_reply_count":0,"_bbp_total_topic_count":0,"_bbp_total_reply_count":0,"_bbp_voice_count":0,"_bbp_anonymous_reply_count":0,"_bbp_topic_count_hidden":0,"_bbp_reply_count_hidden":0,"_bbp_forum_subforum_count":0,"site-sidebar-layout":"default","site-content-layout":"","ast-site-content-layout":"default","site-content-style":"default","site-sidebar-style":"default","ast-global-header-display":"","ast-banner-title-visibility":"","ast-main-header-display":"","ast-hfb-above-header-display":"","ast-hfb-below-header-display":"","ast-hfb-mobile-header-display":"","site-post-title":"","ast-breadcrumbs-content":"","ast-featured-img":"","footer-sml-layout":"","theme-transparent-header-meta":"","adv-header-id-meta":"","stick-header-meta":"","header-above-stick-meta":"","header-main-stick-meta":"","header-below-stick-meta":"","astra-migrate-meta-layouts":"set","ast-page-background-enabled":"default","ast-page-background-meta":{"desktop":{"background-color":"var(--ast-global-color-4)","background-image":"","background-repeat":"repeat","background-position":"center center","background-size":"auto","background-attachment":"scroll","background-type":"","background-media":"","overlay-type":"","overlay-color":"","overlay-opacity":"","overlay-gradient":""},"tablet":{"background-color":"","background-image":"","background-repeat":"repeat","background-position":"center center","background-size":"auto","background-attachment":"scroll","background-type":"","background-media":"","overlay-type":"","overlay-color":"","overlay-opacity":"","overlay-gradient":""},"mobile":{"background-color":"","background-image":"","background-repeat":"repeat","background-position":"center center","background-size":"auto","background-attachment":"scroll","background-type":"","background-media":"","overlay-type":"","overlay-color":"","overlay-opacity":"","overlay-gradient":""}},"ast-content-background-meta":{"desktop":{"background-color":"var(--ast-global-color-5)","background-image":"","background-repeat":"repeat","background-position":"center center","background-size":"auto","background-attachment":"scroll","background-type":"","background-media":"","overlay-type":"","overlay-color":"","overlay-opacity":"","overlay-gradient":""},"tablet":{"background-color":"var(--ast-global-color-5)","background-image":"","background-repeat":"repeat","background-position":"center center","background-size":"auto","background-attachment":"scroll","background-type":"","background-media":"","overlay-type":"","overlay-color":"","overlay-opacity":"","overlay-gradient":""},"mobile":{"background-color":"var(--ast-global-color-5)","background-image":"","background-repeat":"repeat","background-position":"center center","background-size":"auto","background-attachment":"scroll","background-type":"","background-media":"","overlay-type":"","overlay-color":"","overlay-opacity":"","overlay-gradient":""}},"footnotes":""},"class_list":["post-4671","page","type-page","status-publish","hentry"],"post_mailing_queue_ids":[],"_links":{"self":[{"href":"https:\/\/agora.xtec.cat\/zerespernallac\/wp-json\/wp\/v2\/pages\/4671","targetHints":{"allow":["GET"]}}],"collection":[{"href":"https:\/\/agora.xtec.cat\/zerespernallac\/wp-json\/wp\/v2\/pages"}],"about":[{"href":"https:\/\/agora.xtec.cat\/zerespernallac\/wp-json\/wp\/v2\/types\/page"}],"author":[{"embeddable":true,"href":"https:\/\/agora.xtec.cat\/zerespernallac\/wp-json\/wp\/v2\/users\/1"}],"replies":[{"embeddable":true,"href":"https:\/\/agora.xtec.cat\/zerespernallac\/wp-json\/wp\/v2\/comments?post=4671"}],"version-history":[{"count":2,"href":"https:\/\/agora.xtec.cat\/zerespernallac\/wp-json\/wp\/v2\/pages\/4671\/revisions"}],"predecessor-version":[{"id":4674,"href":"https:\/\/agora.xtec.cat\/zerespernallac\/wp-json\/wp\/v2\/pages\/4671\/revisions\/4674"}],"up":[{"embeddable":true,"href":"https:\/\/agora.xtec.cat\/zerespernallac\/wp-json\/wp\/v2\/pages\/266"}],"wp:attachment":[{"href":"https:\/\/agora.xtec.cat\/zerespernallac\/wp-json\/wp\/v2\/media?parent=4671"}],"curies":[{"name":"wp","href":"https:\/\/api.w.org\/{rel}","templated":true}]}}