{"id":4653,"date":"2015-07-18T13:10:00","date_gmt":"2015-07-18T11:10:00","guid":{"rendered":"https:\/\/agora.xtec.cat\/zerespernallac\/?page_id=4653"},"modified":"2025-12-14T17:21:08","modified_gmt":"2025-12-14T16:21:08","slug":"historia-de-lescola-el-terrall","status":"publish","type":"page","link":"https:\/\/agora.xtec.cat\/zerespernallac\/escola-el-terrall\/historia-de-lescola-el-terrall\/","title":{"rendered":"Qui som"},"content":{"rendered":"<p style=\"text-align: center;\"><span style=\"color: #993366;\"><strong>INFORMACI\u00d3 EN RELACI\u00d3 AL CURS 2025 &#8211; 2026<\/strong><\/span><\/p>\n<p style=\"text-align: justify;\"><strong>L\u2019Escola el Terrall &#8211; ZER Espernallac<\/strong>, en aquest curs 2025-2026, hi ha matriculats 79 nenes i nens distribu\u00efts en Educaci\u00f3 Infantil ( I3 i I4- I5), Cicle Inicial, Cicle Mitj\u00e0 (3r, 4rt) i Cicle Superior (5\u00e8 i 6\u00e8).<\/p>\n<p style=\"text-align: justify;\">Compartim amb les escoles que formem part de la ZER Espernallac els especialistes de: E.Musical, E.F\u00edsica, E.Especial, Ll.Anglesa i Religi\u00f3.<\/p>\n<p><span style=\"color: #800080;\"><strong>Organigrama<\/strong><\/span><\/p>\n<table style=\"height: 374px; width: 37.0886%;\" width=\"509\">\n<tbody>\n<tr style=\"height: 31px;\">\n<td style=\"height: 31px; width: 225.267px;\">Llar d&#8217;Infants\u00a0 (I1 i I2)<\/td>\n<td style=\"height: 31px; width: 275.733px;\">\u00a0Eva F.<\/td>\n<\/tr>\n<tr style=\"height: 31px;\">\n<td style=\"height: 31px; width: 225.267px;\">Suport Infantil\u00a0 i Llar (I2 i I3)<\/td>\n<td style=\"height: 31px; width: 275.733px;\">Sandra G.<\/td>\n<\/tr>\n<tr style=\"height: 31px;\">\n<td style=\"height: 31px; width: 225.267px;\">Educaci\u00f3 Infantil\u00a0 (I3, I4, I5)<\/td>\n<td style=\"height: 31px; width: 275.733px;\">Imma S.<\/td>\n<\/tr>\n<tr style=\"height: 31px;\">\n<td style=\"height: 31px; width: 225.267px;\">Cicle Inicial (1r &#8211; 2n)<\/td>\n<td style=\"height: 31px; width: 275.733px;\">Mali \/ Alba P.<\/td>\n<\/tr>\n<tr style=\"height: 31px;\">\n<td style=\"height: 31px; width: 225.267px;\">Tutoria de Cicle Mitj\u00e0 (3r i 4t)<\/td>\n<td style=\"height: 31px; width: 275.733px;\">N\u00faria A. \/ Quim C.<\/td>\n<\/tr>\n<tr style=\"height: 31px;\">\n<td style=\"height: 31px; width: 225.267px;\">Tutoria de Cicle Superior (5\u00e8 i 6\u00e8)<\/td>\n<td style=\"height: 31px; width: 275.733px;\">\u00c0frica R.<\/td>\n<\/tr>\n<tr style=\"height: 31px;\">\n<td style=\"height: 31px; width: 225.267px;\">Suport Cicle Superior (5\u00e8 i 6\u00e8)<\/td>\n<td style=\"height: 31px; width: 275.733px;\">Ramon R.<\/td>\n<\/tr>\n<tr style=\"height: 31px;\">\n<td style=\"height: 31px; width: 225.267px;\">Ed. Prim\u00e0ria &#8211; Suport<\/td>\n<td style=\"height: 31px; width: 275.733px;\">Ester G.<\/td>\n<\/tr>\n<tr style=\"height: 31px;\">\n<td style=\"height: 31px; width: 503px;\" colspan=\"2\">Direcci\u00f3: Ramon R.<\/td>\n<\/tr>\n<tr style=\"height: 31px;\">\n<td style=\"height: 31px;\" colspan=\"2\">Secret\u00e0ria escola: \u00c0frica R.<\/td>\n<\/tr>\n<tr style=\"height: 33px;\">\n<td style=\"width: 503px; height: 33px;\" colspan=\"2\">Administrativa: Olga S.<\/td>\n<\/tr>\n<\/tbody>\n<\/table>\n<table style=\"height: 198px;\" width=\"510\">\n<tbody>\n<tr style=\"height: 33px;\">\n<td style=\"height: 33px; width: 504px;\" colspan=\"2\"><strong>ESPECIALISTES<\/strong><\/td>\n<\/tr>\n<tr style=\"height: 33px;\">\n<td style=\"height: 33px; width: 215.033px;\">Educaci\u00f3 Musical<\/td>\n<td style=\"height: 33px; width: 286.967px;\">J\u00falia P.<\/td>\n<\/tr>\n<tr style=\"height: 33px;\">\n<td style=\"height: 33px; width: 215.033px;\">Educaci\u00f3 F\u00edsica<\/td>\n<td style=\"height: 33px; width: 286.967px;\">Ramon C.<\/td>\n<\/tr>\n<tr style=\"height: 33px;\">\n<td style=\"height: 33px; width: 215.033px;\">Educaci\u00f3 Especial<\/td>\n<td style=\"height: 33px; width: 286.967px;\">Laia C.<\/td>\n<\/tr>\n<tr style=\"height: 33px;\">\n<td style=\"height: 33px; width: 215.033px;\">Llengua anglesa<\/td>\n<td style=\"height: 33px; width: 286.967px;\">Mali C. \/ Judith R.<\/td>\n<\/tr>\n<tr style=\"height: 33px;\">\n<td style=\"height: 33px; width: 215.033px;\">Religi\u00f3<\/td>\n<td style=\"height: 33px; width: 286.967px;\">Marc<\/td>\n<\/tr>\n<\/tbody>\n<\/table>\n<p><span style=\"color: #800080;\"><strong>Serveis<\/strong><\/span><\/p>\n<p style=\"text-align: justify;\">L&#8217;escola disposa de servei de menjador. El servei de menjador es va posar en funcionament el curs 96-97 davant la necessitat de les fam\u00edlies de disposar d&#8217;aquest servei a l&#8217;escola, ja que la jornada de treball de les fam\u00edlies, dificultava poder-los recollir despr\u00e9s de l&#8217;horari escolar del mat\u00ed i tornar-los a portar a l&#8217;escola a les tres de la tarda.<br \/>\nDe seguida va tenir una bona acollida i sempre s&#8217;hi han quedat molts alumnes.<br \/>\nLa primera monitora va ser la Rosa Magr\u00ed, a continuaci\u00f3 se&#8217;n va fer c\u00e0rrec la Judit Olid i actualment se n&#8217;encarreguen la Dolors, l&#8217;\u00c0ngels i la Maricel.<br \/>\nCal dir que aquest servei el gestiona l&#8217;AFA del centre educatiu.<br \/>\nEl servei de cuina es realitza mitjan\u00e7ant c\u00e0tering de Qu\u00e0lia (Associaci\u00f3 Alba de T\u00e0rrega).<\/p>\n","protected":false},"excerpt":{"rendered":"<p>INFORMACI\u00d3 EN RELACI\u00d3 AL CURS 2025 &#8211; 2026 L\u2019Escola el Terrall &#8211; ZER Espernallac, en aquest curs 2025-2026, hi ha matriculats 79 nenes i nens distribu\u00efts en Educaci\u00f3 Infantil ( I3 i I4- I5), Cicle Inicial, Cicle Mitj\u00e0 (3r, 4rt) i Cicle Superior (5\u00e8 i 6\u00e8). Compartim amb les escoles que formem part de la [&hellip;]<\/p>\n","protected":false},"author":1,"featured_media":0,"parent":266,"menu_order":0,"comment_status":"open","ping_status":"close","template":"","meta":{"_bbp_topic_count":0,"_bbp_reply_count":0,"_bbp_total_topic_count":0,"_bbp_total_reply_count":0,"_bbp_voice_count":0,"_bbp_anonymous_reply_count":0,"_bbp_topic_count_hidden":0,"_bbp_reply_count_hidden":0,"_bbp_forum_subforum_count":0,"site-sidebar-layout":"default","site-content-layout":"","ast-site-content-layout":"default","site-content-style":"default","site-sidebar-style":"default","ast-global-header-display":"","ast-banner-title-visibility":"","ast-main-header-display":"","ast-hfb-above-header-display":"","ast-hfb-below-header-display":"","ast-hfb-mobile-header-display":"","site-post-title":"","ast-breadcrumbs-content":"","ast-featured-img":"","footer-sml-layout":"","theme-transparent-header-meta":"","adv-header-id-meta":"","stick-header-meta":"","header-above-stick-meta":"","header-main-stick-meta":"","header-below-stick-meta":"","astra-migrate-meta-layouts":"set","ast-page-background-enabled":"default","ast-page-background-meta":{"desktop":{"background-color":"var(--ast-global-color-4)","background-image":"","background-repeat":"repeat","background-position":"center center","background-size":"auto","background-attachment":"scroll","background-type":"","background-media":"","overlay-type":"","overlay-color":"","overlay-opacity":"","overlay-gradient":""},"tablet":{"background-color":"","background-image":"","background-repeat":"repeat","background-position":"center center","background-size":"auto","background-attachment":"scroll","background-type":"","background-media":"","overlay-type":"","overlay-color":"","overlay-opacity":"","overlay-gradient":""},"mobile":{"background-color":"","background-image":"","background-repeat":"repeat","background-position":"center center","background-size":"auto","background-attachment":"scroll","background-type":"","background-media":"","overlay-type":"","overlay-color":"","overlay-opacity":"","overlay-gradient":""}},"ast-content-background-meta":{"desktop":{"background-color":"var(--ast-global-color-5)","background-image":"","background-repeat":"repeat","background-position":"center center","background-size":"auto","background-attachment":"scroll","background-type":"","background-media":"","overlay-type":"","overlay-color":"","overlay-opacity":"","overlay-gradient":""},"tablet":{"background-color":"var(--ast-global-color-5)","background-image":"","background-repeat":"repeat","background-position":"center center","background-size":"auto","background-attachment":"scroll","background-type":"","background-media":"","overlay-type":"","overlay-color":"","overlay-opacity":"","overlay-gradient":""},"mobile":{"background-color":"var(--ast-global-color-5)","background-image":"","background-repeat":"repeat","background-position":"center center","background-size":"auto","background-attachment":"scroll","background-type":"","background-media":"","overlay-type":"","overlay-color":"","overlay-opacity":"","overlay-gradient":""}},"footnotes":""},"class_list":["post-4653","page","type-page","status-publish","hentry"],"post_mailing_queue_ids":[],"_links":{"self":[{"href":"https:\/\/agora.xtec.cat\/zerespernallac\/wp-json\/wp\/v2\/pages\/4653","targetHints":{"allow":["GET"]}}],"collection":[{"href":"https:\/\/agora.xtec.cat\/zerespernallac\/wp-json\/wp\/v2\/pages"}],"about":[{"href":"https:\/\/agora.xtec.cat\/zerespernallac\/wp-json\/wp\/v2\/types\/page"}],"author":[{"embeddable":true,"href":"https:\/\/agora.xtec.cat\/zerespernallac\/wp-json\/wp\/v2\/users\/1"}],"replies":[{"embeddable":true,"href":"https:\/\/agora.xtec.cat\/zerespernallac\/wp-json\/wp\/v2\/comments?post=4653"}],"version-history":[{"count":6,"href":"https:\/\/agora.xtec.cat\/zerespernallac\/wp-json\/wp\/v2\/pages\/4653\/revisions"}],"predecessor-version":[{"id":4719,"href":"https:\/\/agora.xtec.cat\/zerespernallac\/wp-json\/wp\/v2\/pages\/4653\/revisions\/4719"}],"up":[{"embeddable":true,"href":"https:\/\/agora.xtec.cat\/zerespernallac\/wp-json\/wp\/v2\/pages\/266"}],"wp:attachment":[{"href":"https:\/\/agora.xtec.cat\/zerespernallac\/wp-json\/wp\/v2\/media?parent=4653"}],"curies":[{"name":"wp","href":"https:\/\/api.w.org\/{rel}","templated":true}]}}