{"id":4510,"date":"2025-07-18T23:02:03","date_gmt":"2025-07-18T21:02:03","guid":{"rendered":"https:\/\/agora.xtec.cat\/zerespernallac\/?page_id=4510"},"modified":"2025-07-19T13:51:43","modified_gmt":"2025-07-19T11:51:43","slug":"llars-dinfants-escoles-rurals","status":"publish","type":"page","link":"https:\/\/agora.xtec.cat\/zerespernallac\/llars-dinfants-escoles-rurals\/","title":{"rendered":"Llars d&#8217;Infants &#8211; Escoles rurals"},"content":{"rendered":"\n<p><strong>BENVOLGUDES FAM\u00cdLIES DE LES LLARS RURALS DE LA ZER ESPERNALLAC<\/strong><\/p>\n\n\n\n<p class=\"has-text-align-left\">Us volem donar la benvinguda a l&#8217;espai NODES de la ZER Espernallac destinat a l&#8217;alumnat del 1r cicle, o sigui, de la llar d&#8217;infants. Aquest espai podeu trobar tota la informaci\u00f3 en refer\u00e8ncia a aquesta etapa espec\u00edfica, la qual \u00e9s tant especial per als vostres fills i filles.<\/p>\n\n\n\n<p>En cada un dels diferents espais del NODES de la nostra ZER trobareu la informaci\u00f3 en relaci\u00f3 al projecte educatiu, a l&#8217;Equip Docent, al calendari acad\u00e8mic escolar, a les activitats, als serveis que disposen l&#8217;alumnat, entre d&#8217;altres.<\/p>\n\n\n\n<p>Les Llars rurals tenen un espai idoni i un entorn segur i proper. Aquest espai s&#8217;hi realitza una educaci\u00f3 formal respectuosa, afectiva i propera, on cada alumne\/a pot cr\u00e9ixer en un entorn segur, acollidor i estimulant. Aix\u00ed doncs, volem que les fam\u00edlies en acompanyeu en el guiatge del proc\u00e9s educatiu i que us en sentiu part perqu\u00e8 junts compartim aquest cam\u00ed en confian\u00e7a.<\/p>\n\n\n\n<p>Us animem a mirar aquest espai web i a contactar amb nosaltres per qualsevol dubte i aix\u00ed poder con\u00e8ixer-nos millor.<\/p>\n\n\n\n<p>Endavant i que comenci l&#8217;aventura educativa!!!<\/p>\n\n\n\n<p>Gr\u00e0cies per la vostra confian\u00e7a i benvinguts\/des a la Llar d&#8217;Infants Rural!!!<\/p>\n\n\n\n<p><strong><mark style=\"background-color:rgba(0, 0, 0, 0)\" class=\"has-inline-color has-ast-global-color-0-color\">BLOCS DE LES NOSTRES LLARS D&#8217;INFANTS RURALS:<\/mark><\/strong><\/p>\n\n\n\n<div class=\"wp-block-media-text alignwide is-stacked-on-mobile\" style=\"grid-template-columns:30% auto\"><figure class=\"wp-block-media-text__media\"><img loading=\"lazy\" decoding=\"async\" width=\"480\" height=\"640\" src=\"https:\/\/agora.xtec.cat\/zerespernallac\/wp-content\/uploads\/usu716\/2022\/11\/IMG_1850.jpg\" alt=\"\" class=\"wp-image-3607 size-full\" srcset=\"https:\/\/agora.xtec.cat\/zerespernallac\/wp-content\/uploads\/usu716\/2022\/11\/IMG_1850.jpg 480w, https:\/\/agora.xtec.cat\/zerespernallac\/wp-content\/uploads\/usu716\/2022\/11\/IMG_1850-225x300.jpg 225w\" sizes=\"auto, (max-width: 480px) 100vw, 480px\" \/><\/figure><div class=\"wp-block-media-text__content\">\n<p class=\"has-text-align-center has-x-large-font-size\" style=\"line-height:2\"><a href=\"https:\/\/agora.xtec.cat\/zerespernallac\/llars-dinfants-escoles-rurals\/llar-dinfants-escola-el-terrall\/\">LLAR D&#8217;INFANTS &#8211; ESCOLA EL TERRALL<\/a><\/p>\n<\/div><\/div>\n\n\n\n<p><\/p>\n\n\n\n<div class=\"wp-block-media-text alignwide is-stacked-on-mobile\" style=\"grid-template-columns:30% auto\"><figure class=\"wp-block-media-text__media\"><img loading=\"lazy\" decoding=\"async\" width=\"480\" height=\"640\" src=\"https:\/\/agora.xtec.cat\/zerespernallac\/wp-content\/uploads\/usu716\/2022\/11\/IMG_2002.jpg\" alt=\"\" class=\"wp-image-3608 size-full\" srcset=\"https:\/\/agora.xtec.cat\/zerespernallac\/wp-content\/uploads\/usu716\/2022\/11\/IMG_2002.jpg 480w, https:\/\/agora.xtec.cat\/zerespernallac\/wp-content\/uploads\/usu716\/2022\/11\/IMG_2002-225x300.jpg 225w\" sizes=\"auto, (max-width: 480px) 100vw, 480px\" \/><\/figure><div class=\"wp-block-media-text__content\">\n<p class=\"has-text-align-center has-x-large-font-size\" style=\"line-height:2\"><a href=\"https:\/\/agora.xtec.cat\/zerespernallac\/llars-dinfants-escoles-rurals\/llar-dinfants\/\">LLAR D&#8217;INFANTS &#8211; ESCOLA RAMON GOMBAL<\/a><\/p>\n<\/div><\/div>\n\n\n\n<p><\/p>\n\n\n\n<div class=\"wp-block-media-text alignwide is-stacked-on-mobile\" style=\"grid-template-columns:30% auto\"><figure class=\"wp-block-media-text__media\"><img loading=\"lazy\" decoding=\"async\" width=\"480\" height=\"640\" src=\"https:\/\/agora.xtec.cat\/zerespernallac\/wp-content\/uploads\/usu716\/2022\/11\/IMG_2081.jpg\" alt=\"\" class=\"wp-image-3609 size-full\" srcset=\"https:\/\/agora.xtec.cat\/zerespernallac\/wp-content\/uploads\/usu716\/2022\/11\/IMG_2081.jpg 480w, https:\/\/agora.xtec.cat\/zerespernallac\/wp-content\/uploads\/usu716\/2022\/11\/IMG_2081-225x300.jpg 225w\" sizes=\"auto, (max-width: 480px) 100vw, 480px\" \/><\/figure><div class=\"wp-block-media-text__content\">\n<p class=\"has-text-align-center has-x-large-font-size\" style=\"line-height:2\"><a href=\"https:\/\/agora.xtec.cat\/zerespernallac\/llars-dinfants-escoles-rurals\/llar-dinfants-2\/\">LLAR D&#8217;INFANTS &#8211; ESCOLA SANT BARTOMEU<\/a><\/p>\n<\/div><\/div>\n\n\n\n<p><\/p>\n","protected":false},"excerpt":{"rendered":"<p>BENVOLGUDES FAM\u00cdLIES DE LES LLARS RURALS DE LA ZER ESPERNALLAC Us volem donar la benvinguda a l&#8217;espai NODES de la ZER Espernallac destinat a l&#8217;alumnat del 1r cicle, o sigui, de la llar d&#8217;infants. Aquest espai podeu trobar tota la informaci\u00f3 en refer\u00e8ncia a aquesta etapa espec\u00edfica, la qual \u00e9s tant especial per als vostres [&hellip;]<\/p>\n","protected":false},"author":1,"featured_media":0,"parent":0,"menu_order":6,"comment_status":"closed","ping_status":"close","template":"","meta":{"_bbp_topic_count":0,"_bbp_reply_count":0,"_bbp_total_topic_count":0,"_bbp_total_reply_count":0,"_bbp_voice_count":0,"_bbp_anonymous_reply_count":0,"_bbp_topic_count_hidden":0,"_bbp_reply_count_hidden":0,"_bbp_forum_subforum_count":0,"site-sidebar-layout":"default","site-content-layout":"","ast-site-content-layout":"default","site-content-style":"default","site-sidebar-style":"default","ast-global-header-display":"","ast-banner-title-visibility":"","ast-main-header-display":"","ast-hfb-above-header-display":"","ast-hfb-below-header-display":"","ast-hfb-mobile-header-display":"","site-post-title":"","ast-breadcrumbs-content":"","ast-featured-img":"","footer-sml-layout":"","theme-transparent-header-meta":"","adv-header-id-meta":"","stick-header-meta":"","header-above-stick-meta":"","header-main-stick-meta":"","header-below-stick-meta":"","astra-migrate-meta-layouts":"set","ast-page-background-enabled":"default","ast-page-background-meta":{"desktop":{"background-color":"var(--ast-global-color-4)","background-image":"","background-repeat":"repeat","background-position":"center center","background-size":"auto","background-attachment":"scroll","background-type":"","background-media":"","overlay-type":"","overlay-color":"","overlay-opacity":"","overlay-gradient":""},"tablet":{"background-color":"","background-image":"","background-repeat":"repeat","background-position":"center center","background-size":"auto","background-attachment":"scroll","background-type":"","background-media":"","overlay-type":"","overlay-color":"","overlay-opacity":"","overlay-gradient":""},"mobile":{"background-color":"","background-image":"","background-repeat":"repeat","background-position":"center center","background-size":"auto","background-attachment":"scroll","background-type":"","background-media":"","overlay-type":"","overlay-color":"","overlay-opacity":"","overlay-gradient":""}},"ast-content-background-meta":{"desktop":{"background-color":"var(--ast-global-color-5)","background-image":"","background-repeat":"repeat","background-position":"center center","background-size":"auto","background-attachment":"scroll","background-type":"","background-media":"","overlay-type":"","overlay-color":"","overlay-opacity":"","overlay-gradient":""},"tablet":{"background-color":"var(--ast-global-color-5)","background-image":"","background-repeat":"repeat","background-position":"center center","background-size":"auto","background-attachment":"scroll","background-type":"","background-media":"","overlay-type":"","overlay-color":"","overlay-opacity":"","overlay-gradient":""},"mobile":{"background-color":"var(--ast-global-color-5)","background-image":"","background-repeat":"repeat","background-position":"center center","background-size":"auto","background-attachment":"scroll","background-type":"","background-media":"","overlay-type":"","overlay-color":"","overlay-opacity":"","overlay-gradient":""}},"footnotes":""},"class_list":["post-4510","page","type-page","status-publish","hentry"],"post_mailing_queue_ids":[],"_links":{"self":[{"href":"https:\/\/agora.xtec.cat\/zerespernallac\/wp-json\/wp\/v2\/pages\/4510","targetHints":{"allow":["GET"]}}],"collection":[{"href":"https:\/\/agora.xtec.cat\/zerespernallac\/wp-json\/wp\/v2\/pages"}],"about":[{"href":"https:\/\/agora.xtec.cat\/zerespernallac\/wp-json\/wp\/v2\/types\/page"}],"author":[{"embeddable":true,"href":"https:\/\/agora.xtec.cat\/zerespernallac\/wp-json\/wp\/v2\/users\/1"}],"replies":[{"embeddable":true,"href":"https:\/\/agora.xtec.cat\/zerespernallac\/wp-json\/wp\/v2\/comments?post=4510"}],"version-history":[{"count":6,"href":"https:\/\/agora.xtec.cat\/zerespernallac\/wp-json\/wp\/v2\/pages\/4510\/revisions"}],"predecessor-version":[{"id":4536,"href":"https:\/\/agora.xtec.cat\/zerespernallac\/wp-json\/wp\/v2\/pages\/4510\/revisions\/4536"}],"wp:attachment":[{"href":"https:\/\/agora.xtec.cat\/zerespernallac\/wp-json\/wp\/v2\/media?parent=4510"}],"curies":[{"name":"wp","href":"https:\/\/api.w.org\/{rel}","templated":true}]}}