{"id":43,"date":"2014-09-17T16:45:07","date_gmt":"2014-09-17T16:45:07","guid":{"rendered":"http:\/\/agora.xtec.cat\/zerespernallac\/?page_id=43"},"modified":"2025-12-09T13:32:51","modified_gmt":"2025-12-09T12:32:51","slug":"consell-escolar","status":"publish","type":"page","link":"https:\/\/agora.xtec.cat\/zerespernallac\/zer\/consell-escolar\/","title":{"rendered":"Consell Escolar ZER"},"content":{"rendered":"<p style=\"text-align: justify;\">El consell escolar del centre \u00e9s l\u2019\u00f2rgan col\u00b7legiat de participaci\u00f3 de la comunitat escolar en el govern del centre. Corresponen al consell escolar les funcions establertes a la Llei 12\/2009, de 10 de juliol, d\u2019educaci\u00f3.<\/p>\n<h4>Composici\u00f3 del consell escolar<\/h4>\n<ul>\n<li style=\"text-align: justify;\">President: Gerard G.<\/li>\n<li style=\"text-align: justify;\">Cap d\u2019Estudis: N\u00faria A.<\/li>\n<li style=\"text-align: justify;\">Secretari: Ramon R.<\/li>\n<li style=\"text-align: justify;\">Director Escola Sant Bartomeu: Gerard G.<\/li>\n<li style=\"text-align: justify;\">Directora Escola Ramon Gombal: X\u00e8nia E.<\/li>\n<li style=\"text-align: justify;\">Director Escola El Terrall: Ramon R.<\/li>\n<li style=\"text-align: justify;\">Docents del Claustre:\u00a0 J\u00falia P. i Ramon C.<\/li>\n<li>Representant del PAS:\u00a0 Olga S.<\/li>\n<li style=\"text-align: justify;\">Representants de les Fam\u00edlies: Isaura F. de Bellmunt, Olga G. de Castellser\u00e0 i Marina Ll. de Penelles<\/li>\n<li style=\"text-align: justify;\">Representants municipals: Marta P. de Bellmunt, Noem\u00ed C. de Castellser\u00e0 i\u00a0 N\u00faria P.\u00a0 de Penelles<\/li>\n<\/ul>\n<h4>Funcions del consell escolar dels centres p\u00fablics<\/h4>\n<ol>\n<li style=\"text-align: justify;\">Participar en el projecte educatiu i les modificacions corresponents per una majoria de tres cinquenes parts dels membres.<\/li>\n<li style=\"text-align: justify;\">Participar la programaci\u00f3 general anual del centre i avaluar-ne el desenvolupament i els resultats.<\/li>\n<li style=\"text-align: justify;\">Participar les propostes d\u2019acords de co-responsabilitat, convenis i altres acords de col\u00b7\u0097col\u00b7laboraci\u00f3 del centre amb entitats o institucions.<\/li>\n<li style=\"text-align: justify;\">Participar les normes d\u2019organitzaci\u00f3 i funcionament i les modificacions corresponents.<\/li>\n<li style=\"text-align: justify;\">Participar la carta de comprom\u00eds educatiu.<\/li>\n<li style=\"text-align: justify;\">Participar el pressupost del centre i el rendiment de comptes.<\/li>\n<li style=\"text-align: justify;\">Intervenir en el procediment d\u2019admissi\u00f3 d\u2019alumnes.<\/li>\n<li style=\"text-align: justify;\">Participar en el procediment de selecci\u00f3 i en la proposta de cessament del director o directora.<\/li>\n<li style=\"text-align: justify;\">Intervenir en la resoluci\u00f3 dels conflictes i, si escau, revisar les sancions als alumnes.<\/li>\n<li style=\"text-align: justify;\">Aprovar les directrius per a la programaci\u00f3 d\u2019activitats escolars complement\u00e0ries i d\u2019activitats extraescolars, i avaluar-ne el desenvolupament.<\/li>\n<li style=\"text-align: justify;\">Participar en les an\u00e0lisis i les avaluacions del funcionament general del centre i con\u00e8ixer l\u2019evoluci\u00f3 del rendiment escolar.<\/li>\n<li style=\"text-align: justify;\">Aprovar els criteris de col\u00b7laboraci\u00f3 amb altres centres i amb l\u2019entorn.<\/li>\n<li style=\"text-align: justify;\">Qualsevol altra que li sigui atribu\u00efda per les normes legals o reglament\u00e0ries.<\/li>\n<\/ol>\n<h4>Acc\u00e9s a les actes del Consell Escolar de la ZER<\/h4>\n<p>A continuaci\u00f3, podeu accedir a les actes del Consell Escolar de la ZER, del curs 2025 &#8211; 2026, per tal que hi tingueu acc\u00e9s a la informaci\u00f3 i pugueu con\u00e8ixer aquells aspectes que si tracten:<\/p>\n<p><a href=\"https:\/\/agora.xtec.cat\/zerespernallac\/docs\/actes-consell-escolar-curs-2019-2020\/\">Actes del Consell Escolar de la ZER<\/a><\/p>\n","protected":false},"excerpt":{"rendered":"<p>El consell escolar del centre \u00e9s l\u2019\u00f2rgan col\u00b7legiat de participaci\u00f3 de la comunitat escolar en el govern del centre. Corresponen al consell escolar les funcions establertes a la Llei 12\/2009, de 10 de juliol, d\u2019educaci\u00f3. Composici\u00f3 del consell escolar President: Gerard G. Cap d\u2019Estudis: N\u00faria A. Secretari: Ramon R. Director Escola Sant Bartomeu: Gerard G. [&hellip;]<\/p>\n","protected":false},"author":1,"featured_media":0,"parent":19,"menu_order":60,"comment_status":"closed","ping_status":"closed","template":"","meta":{"_bbp_topic_count":0,"_bbp_reply_count":0,"_bbp_total_topic_count":0,"_bbp_total_reply_count":0,"_bbp_voice_count":0,"_bbp_anonymous_reply_count":0,"_bbp_topic_count_hidden":0,"_bbp_reply_count_hidden":0,"_bbp_forum_subforum_count":0,"site-sidebar-layout":"default","site-content-layout":"","ast-site-content-layout":"default","site-content-style":"default","site-sidebar-style":"default","ast-global-header-display":"","ast-banner-title-visibility":"","ast-main-header-display":"","ast-hfb-above-header-display":"","ast-hfb-below-header-display":"","ast-hfb-mobile-header-display":"","site-post-title":"","ast-breadcrumbs-content":"","ast-featured-img":"","footer-sml-layout":"","theme-transparent-header-meta":"","adv-header-id-meta":"","stick-header-meta":"","header-above-stick-meta":"","header-main-stick-meta":"","header-below-stick-meta":"","astra-migrate-meta-layouts":"set","ast-page-background-enabled":"default","ast-page-background-meta":{"desktop":{"background-color":"var(--ast-global-color-4)","background-image":"","background-repeat":"repeat","background-position":"center center","background-size":"auto","background-attachment":"scroll","background-type":"","background-media":"","overlay-type":"","overlay-color":"","overlay-opacity":"","overlay-gradient":""},"tablet":{"background-color":"","background-image":"","background-repeat":"repeat","background-position":"center center","background-size":"auto","background-attachment":"scroll","background-type":"","background-media":"","overlay-type":"","overlay-color":"","overlay-opacity":"","overlay-gradient":""},"mobile":{"background-color":"","background-image":"","background-repeat":"repeat","background-position":"center center","background-size":"auto","background-attachment":"scroll","background-type":"","background-media":"","overlay-type":"","overlay-color":"","overlay-opacity":"","overlay-gradient":""}},"ast-content-background-meta":{"desktop":{"background-color":"var(--ast-global-color-5)","background-image":"","background-repeat":"repeat","background-position":"center center","background-size":"auto","background-attachment":"scroll","background-type":"","background-media":"","overlay-type":"","overlay-color":"","overlay-opacity":"","overlay-gradient":""},"tablet":{"background-color":"var(--ast-global-color-5)","background-image":"","background-repeat":"repeat","background-position":"center center","background-size":"auto","background-attachment":"scroll","background-type":"","background-media":"","overlay-type":"","overlay-color":"","overlay-opacity":"","overlay-gradient":""},"mobile":{"background-color":"var(--ast-global-color-5)","background-image":"","background-repeat":"repeat","background-position":"center center","background-size":"auto","background-attachment":"scroll","background-type":"","background-media":"","overlay-type":"","overlay-color":"","overlay-opacity":"","overlay-gradient":""}},"footnotes":""},"class_list":["post-43","page","type-page","status-publish","hentry"],"post_mailing_queue_ids":[],"_links":{"self":[{"href":"https:\/\/agora.xtec.cat\/zerespernallac\/wp-json\/wp\/v2\/pages\/43","targetHints":{"allow":["GET"]}}],"collection":[{"href":"https:\/\/agora.xtec.cat\/zerespernallac\/wp-json\/wp\/v2\/pages"}],"about":[{"href":"https:\/\/agora.xtec.cat\/zerespernallac\/wp-json\/wp\/v2\/types\/page"}],"author":[{"embeddable":true,"href":"https:\/\/agora.xtec.cat\/zerespernallac\/wp-json\/wp\/v2\/users\/1"}],"replies":[{"embeddable":true,"href":"https:\/\/agora.xtec.cat\/zerespernallac\/wp-json\/wp\/v2\/comments?post=43"}],"version-history":[{"count":6,"href":"https:\/\/agora.xtec.cat\/zerespernallac\/wp-json\/wp\/v2\/pages\/43\/revisions"}],"predecessor-version":[{"id":4633,"href":"https:\/\/agora.xtec.cat\/zerespernallac\/wp-json\/wp\/v2\/pages\/43\/revisions\/4633"}],"up":[{"embeddable":true,"href":"https:\/\/agora.xtec.cat\/zerespernallac\/wp-json\/wp\/v2\/pages\/19"}],"wp:attachment":[{"href":"https:\/\/agora.xtec.cat\/zerespernallac\/wp-json\/wp\/v2\/media?parent=43"}],"curies":[{"name":"wp","href":"https:\/\/api.w.org\/{rel}","templated":true}]}}