{"id":398,"date":"2015-07-23T15:26:52","date_gmt":"2015-07-23T14:26:52","guid":{"rendered":"http:\/\/agora.xtec.cat\/zerespernallac\/?page_id=398"},"modified":"2025-12-14T17:18:57","modified_gmt":"2025-12-14T16:18:57","slug":"on-som","status":"publish","type":"page","link":"https:\/\/agora.xtec.cat\/zerespernallac\/escola-ramongombal\/on-som\/","title":{"rendered":"Hist\u00f2ria de l&#8217;Escola Ramon Gombal"},"content":{"rendered":"<h6 style=\"padding-left: 30px; text-align: justify;\"><\/h6>\n<h6 style=\"padding-left: 30px; text-align: justify;\"><span style=\"color: #800080;\"><strong>Hist\u00f2ria de l&#8217;Escola Ramon Gombal<\/strong><\/span><\/h6>\n<p style=\"text-align: justify;\">Segons consta, l&#8217;any 1861, l&#8217;ajuntament va crear una escola municipal a c\u00e0rrec de moss\u00e8n Pau Anguerri amb l&#8217;obligaci\u00f3 de fer estudi cada dia. El 1862 el seu lloc fou ocupat pel vicari de Cubells, Mn Ramon Carabassa. Les classes eren impartides en pisos de lloguer. En aquest darrer any, en una reuni\u00f3 de l&#8217;ajuntament es pren l&#8217;acord de construir les Escoles Municipals. Tot deuria quedar en bons desitjos perqu\u00e8 consta que en 1868 es llog\u00e0 la rectoria per a Escola Municipal. En un altre acord del Consistori l\u2019any 1870 tamb\u00e9 hi ha const\u00e0ncia de la necessitat d&#8217;un edifici escolar.<\/p>\n<p style=\"text-align: justify;\">Per\u00f2\u00a0 no \u00e9s fins el 28 d&#8217;abril de 1923 que l&#8217;ajuntament obt\u00e9 d&#8217;Enriqueta Puig i Bold\u00fa la venda d&#8217;una porci\u00f3 de terreny per a la construcci\u00f3 de la casa consistorial, escoles i habitatges per al secretari i mestres, que es corresponen amb les actuals. Per fi Penelles tindria una digna casa d&#8217;Escoles doncs la construcci\u00f3 i inauguraci\u00f3 tindria lloc poc temps despr\u00e9s.<\/p>\n<p style=\"text-align: justify;\">Passada la Guerra Civil hi funcionaven dues aules- nens i nenes- i a finals dels anys 50 s&#8217;autoritz\u00e0 l&#8217;aula de p\u00e0rvuls \u20134 i 5 anys- que va estar oberta fins a mitjans dels 80, que torn\u00e0 a estar tancada per manca d&#8217;alumnes, fins que l&#8217;any 1992 se&#8217;n torn\u00e0 a autoritzar de nou el funcionament- ja es poden matricular nens de 3 anys- que encara dura ara.<br \/>\nL&#8217;any 1974 es va formalitzar l&#8217;educaci\u00f3 mixta a Prim\u00e0ria.<\/p>\n<p style=\"text-align: justify;\">A les darreries dels anys 70 es constitu\u00ed l&#8217;APA i els primers estatuts van ser aprovats a comen\u00e7aments de l&#8217;any 1980. En l&#8217;actualitat es nomena AMPA per raons d&#8217;igualtat de sexes i per seguir la normativa.<\/p>\n<p style=\"text-align: justify;\">El curs 1978-79 s&#8217;introdu\u00ed el Catal\u00e0 com a assignatura i al 1981 es va iniciar l&#8217;ensenyament en catal\u00e0 d&#8217;una altra, en concret de les Matem\u00e0tiques.<br \/>\nPoc a poc es va anar normalitzant el que pod\u00edem ensenyar en la nostra llengua i tamb\u00e9 el Consell Escolar va poder elegir el nom del centre. Es decid\u00ed posar-li \u201cRamon Gombal\u201d, doncs va ser aquest noble del comtat d&#8217;Urgell el que sign\u00e0 l&#8217;acta de la fundaci\u00f3 del poble de Penelles l&#8217;any 1084.<\/p>\n<p style=\"text-align: justify;\">A mitjans dels anys 90 l&#8217;escola\u00a0 va comen\u00e7ar a funcionar com agrupament funcional amb Bellcaire, Bellmunt i La R\u00e0pita. Bellcaire es despenj\u00e0 de l&#8217;agrupament pel seu suficient nombre d&#8217;alumnes i mestres, i La R\u00e0pita fou requerida a formar part conjunta amb les escoles del seu municipi de Vallfogona de Balaguer. Aleshores per necessitat de ve\u00efnatge, tot i no pert\u00e0nyer a la mateixa comarca, s&#8217;hi afeg\u00ed Castellser\u00e0.<\/p>\n<p style=\"text-align: justify;\">Des de l&#8217;any 1996 els tres pobles-Bellmunt, Castellser\u00e0 i Penelles- comen\u00e7aren a organitzar-se fins arribar a constituir-se en la Zona Escolar Rural Espernallac.<\/p>\n<p style=\"text-align: justify;\">L&#8217;any 2000 es va restaurar i pintar la fa\u00e7ana de l&#8217;edifici de l&#8217;Escola i l&#8217;Ajuntament.<\/p>\n<p style=\"text-align: justify;\">El curs 2006-07 es va estrenar escola nova. Est\u00e0 ubicada al costat de la zona esportiva del poble.<\/p>\n<p style=\"text-align: justify;\">L&#8217;escola, actualment \u00e9s gran i molt il\u00b7luminada, i est\u00e0 dotada de totes les instal\u00b7lacions.<\/p>\n<p style=\"text-align: justify;\"><em>Consta de dues plantes:<\/em><br \/>\n&#8211; La planta baixa on hi ha la cuina-menjador, la biblioteca, la sala de professors i direcci\u00f3, la classe d&#8217;Educaci\u00f3 Especial i la classe d&#8217;Educaci\u00f3 Infantil<br \/>\n&#8211; La primera planta on hi ha l&#8217;aula d&#8217;inform\u00e0tica, la classe d&#8217;angl\u00e8s i m\u00fasica i les dues classes: 1r-2n-3r, i 4t-5\u00e8-6\u00e8.<\/p>\n","protected":false},"excerpt":{"rendered":"<p>Hist\u00f2ria de l&#8217;Escola Ramon Gombal Segons consta, l&#8217;any 1861, l&#8217;ajuntament va crear una escola municipal a c\u00e0rrec de moss\u00e8n Pau Anguerri amb l&#8217;obligaci\u00f3 de fer estudi cada dia. El 1862 el seu lloc fou ocupat pel vicari de Cubells, Mn Ramon Carabassa. Les classes eren impartides en pisos de lloguer. En aquest darrer any, en [&hellip;]<\/p>\n","protected":false},"author":1,"featured_media":0,"parent":268,"menu_order":1,"comment_status":"closed","ping_status":"closed","template":"","meta":{"_bbp_topic_count":0,"_bbp_reply_count":0,"_bbp_total_topic_count":0,"_bbp_total_reply_count":0,"_bbp_voice_count":0,"_bbp_anonymous_reply_count":0,"_bbp_topic_count_hidden":0,"_bbp_reply_count_hidden":0,"_bbp_forum_subforum_count":0,"site-sidebar-layout":"default","site-content-layout":"","ast-site-content-layout":"default","site-content-style":"default","site-sidebar-style":"default","ast-global-header-display":"","ast-banner-title-visibility":"","ast-main-header-display":"","ast-hfb-above-header-display":"","ast-hfb-below-header-display":"","ast-hfb-mobile-header-display":"","site-post-title":"","ast-breadcrumbs-content":"","ast-featured-img":"","footer-sml-layout":"","theme-transparent-header-meta":"","adv-header-id-meta":"","stick-header-meta":"","header-above-stick-meta":"","header-main-stick-meta":"","header-below-stick-meta":"","astra-migrate-meta-layouts":"set","ast-page-background-enabled":"default","ast-page-background-meta":{"desktop":{"background-color":"var(--ast-global-color-4)","background-image":"","background-repeat":"repeat","background-position":"center center","background-size":"auto","background-attachment":"scroll","background-type":"","background-media":"","overlay-type":"","overlay-color":"","overlay-opacity":"","overlay-gradient":""},"tablet":{"background-color":"","background-image":"","background-repeat":"repeat","background-position":"center center","background-size":"auto","background-attachment":"scroll","background-type":"","background-media":"","overlay-type":"","overlay-color":"","overlay-opacity":"","overlay-gradient":""},"mobile":{"background-color":"","background-image":"","background-repeat":"repeat","background-position":"center center","background-size":"auto","background-attachment":"scroll","background-type":"","background-media":"","overlay-type":"","overlay-color":"","overlay-opacity":"","overlay-gradient":""}},"ast-content-background-meta":{"desktop":{"background-color":"var(--ast-global-color-5)","background-image":"","background-repeat":"repeat","background-position":"center center","background-size":"auto","background-attachment":"scroll","background-type":"","background-media":"","overlay-type":"","overlay-color":"","overlay-opacity":"","overlay-gradient":""},"tablet":{"background-color":"var(--ast-global-color-5)","background-image":"","background-repeat":"repeat","background-position":"center center","background-size":"auto","background-attachment":"scroll","background-type":"","background-media":"","overlay-type":"","overlay-color":"","overlay-opacity":"","overlay-gradient":""},"mobile":{"background-color":"var(--ast-global-color-5)","background-image":"","background-repeat":"repeat","background-position":"center center","background-size":"auto","background-attachment":"scroll","background-type":"","background-media":"","overlay-type":"","overlay-color":"","overlay-opacity":"","overlay-gradient":""}},"footnotes":""},"class_list":["post-398","page","type-page","status-publish","hentry"],"post_mailing_queue_ids":[],"_links":{"self":[{"href":"https:\/\/agora.xtec.cat\/zerespernallac\/wp-json\/wp\/v2\/pages\/398","targetHints":{"allow":["GET"]}}],"collection":[{"href":"https:\/\/agora.xtec.cat\/zerespernallac\/wp-json\/wp\/v2\/pages"}],"about":[{"href":"https:\/\/agora.xtec.cat\/zerespernallac\/wp-json\/wp\/v2\/types\/page"}],"author":[{"embeddable":true,"href":"https:\/\/agora.xtec.cat\/zerespernallac\/wp-json\/wp\/v2\/users\/1"}],"replies":[{"embeddable":true,"href":"https:\/\/agora.xtec.cat\/zerespernallac\/wp-json\/wp\/v2\/comments?post=398"}],"version-history":[{"count":6,"href":"https:\/\/agora.xtec.cat\/zerespernallac\/wp-json\/wp\/v2\/pages\/398\/revisions"}],"predecessor-version":[{"id":4732,"href":"https:\/\/agora.xtec.cat\/zerespernallac\/wp-json\/wp\/v2\/pages\/398\/revisions\/4732"}],"up":[{"embeddable":true,"href":"https:\/\/agora.xtec.cat\/zerespernallac\/wp-json\/wp\/v2\/pages\/268"}],"wp:attachment":[{"href":"https:\/\/agora.xtec.cat\/zerespernallac\/wp-json\/wp\/v2\/media?parent=398"}],"curies":[{"name":"wp","href":"https:\/\/api.w.org\/{rel}","templated":true}]}}