{"id":396,"date":"2015-07-23T15:26:30","date_gmt":"2015-07-23T14:26:30","guid":{"rendered":"http:\/\/agora.xtec.cat\/zerespernallac\/?page_id=396"},"modified":"2025-12-14T18:24:01","modified_gmt":"2025-12-14T17:24:01","slug":"qui-som","status":"publish","type":"page","link":"https:\/\/agora.xtec.cat\/zerespernallac\/escola-ramongombal\/qui-som\/","title":{"rendered":"Informaci\u00f3 municipal"},"content":{"rendered":"\n<div class=\"wp-block-getwid-tabs\" data-active-tab=\"0\"><ul class=\"wp-block-getwid-tabs__nav-links\"><\/ul>\n<div class=\"wp-block-getwid-tabs__nav-link\"><span class=\"wp-block-getwid-tabs__title-wrapper\"><a href=\"#\"><span class=\"wp-block-getwid-tabs__title\">Activitat econ\u00f2mica<\/span><\/a><\/span><\/div><div class=\"wp-block-getwid-tabs__tab-content-wrapper\"><div class=\"wp-block-getwid-tabs__tab-content\">\n<p><p style=\"text-align: justify;\">La seva estructura econ\u00f2mica \u00e9s b\u00e0sicament agr\u00edcola i ramadera. Els cultius m\u00e9s importants s\u00f3n els cereals, les hortalisses, els farratges, els arbres fruiters i la vinya.<\/p><\/p>\n\n\n\n<p><p style=\"text-align: justify;\">El sector ramader \u00e9s un dels principals complements de l&#8217;agricultura. Penelles t\u00e9 un total de 27 explotacions ramaderes amb 192.710 caps de bestiar, segons dades de 1999. Destaca el sector porc\u00ed amb un 74% de la producci\u00f3 total, seguit de la producci\u00f3 bovina amb un 18,5%.<\/p><\/p>\n\n\n\n<p><p style=\"text-align: justify;\">Hem de destacar el Castell del Remei, que ha esdevingut un important centre vin\u00edcola amb D.O. \u201cCosters del Segre\u201d.<\/p><\/p>\n<\/div><\/div>\n\n\n\n<div class=\"wp-block-getwid-tabs__nav-link\"><span class=\"wp-block-getwid-tabs__title-wrapper\"><a href=\"#\"><span class=\"wp-block-getwid-tabs__title\">Demografia<\/span><\/a><\/span><\/div><div class=\"wp-block-getwid-tabs__tab-content-wrapper\"><div class=\"wp-block-getwid-tabs__tab-content\">\n<p><p style=\"text-align: justify;\">Segons les \u00faltimes dades, la poblaci\u00f3&nbsp; actual \u00e9s de 462 habitants (font: any 2018). Des de l&#8217;any 1981&nbsp; (707 hab.) s&#8217;ha produ\u00eft un important descens de la poblaci\u00f3.<\/p><\/p>\n<\/div><\/div>\n\n\n\n<div class=\"wp-block-getwid-tabs__nav-link\"><span class=\"wp-block-getwid-tabs__title-wrapper\"><a href=\"#\"><span class=\"wp-block-getwid-tabs__title\">Festes populars<\/span><\/a><\/span><\/div><div class=\"wp-block-getwid-tabs__tab-content-wrapper\"><div class=\"wp-block-getwid-tabs__tab-content\">\n<p><p style=\"text-align: justify;\"><strong><em>Festa Major<\/em>:<\/strong> Darrer dissabte i diumenge d&#8217;agost.<\/p><\/p>\n\n\n\n<p><p style=\"text-align: justify;\"><em><strong>Festa del Roser:<\/strong><\/em> primer diumenge de maig. Es fa un dinar popular i ball.<\/p><\/p>\n\n\n\n<p><p style=\"text-align: justify;\"><em><strong>Festivitat de Santa \u00c0gueda<\/strong><\/em>. Es organitzada per l&#8217;associaci\u00f3 de dones &#8220;Il\u00b7lusi\u00f3&#8221;. S&#8217;acostuma a fer un esmorzar popular a la Pla\u00e7a Major, dinar i ball.<\/p><\/p>\n\n\n\n<p><p style=\"text-align: justify;\"><strong><em>Diada de l&#8217;Onze de Setembre<\/em>.<\/strong> Cada entitat del municipi elabora un plat t\u00edpic del qual se&#8217;n fan degustacions a la Pla\u00e7a Major, seguit d&#8217;una&nbsp; sessi\u00f3 de ball.<\/p><\/p>\n\n\n\n<p><p style=\"text-align: justify;\"><strong>El Gargar&nbsp;Festival de Murals i d\u2019Art Rural<\/strong>&nbsp;\u00e9s una iniciativa creada per&nbsp;<strong>Binomic.cat<\/strong>&nbsp;amb el suport de l\u2019<strong>Ajuntament de Penelles<\/strong>&nbsp;i la&nbsp;<strong>Diputaci\u00f3 de Lleida<\/strong>, que vol difondre la cultura art\u00edstica al m\u00f3n rural, fent de&nbsp;<strong>Penelles <\/strong>un&nbsp;referent, implicant la gent en un tema \u00fanic i diferent del que ens puguem sentir orgullosos, dinamitzant el poble i potenciant el turisme.<\/p><\/p>\n<\/div><\/div>\n\n\n\n<div class=\"wp-block-getwid-tabs__nav-link\"><span class=\"wp-block-getwid-tabs__title-wrapper\"><a href=\"#\"><span class=\"wp-block-getwid-tabs__title\">Entitats esportives i culturals<\/span><\/a><\/span><\/div><div class=\"wp-block-getwid-tabs__tab-content-wrapper\"><div class=\"wp-block-getwid-tabs__tab-content\">\n<p><p style=\"text-align: justify;\"><strong>Associaci\u00f3 de ca\u00e7adors.<\/strong> Participen en diferents festes locals.<\/p><\/p>\n\n\n\n<p><p style=\"text-align: justify;\"><strong>Associaci\u00f3 de dones &#8220;Il\u00b7lusi\u00f3&#8221;.<\/strong> Creada l&#8217;any 2001, s&#8217;encarrega d&#8217;organitzar activitats com tallers, excursions, confer\u00e8ncies, &#8230;<\/p><\/p>\n\n\n\n<p><p style=\"text-align: justify;\"><strong>AFA Escola Ramon Gombal.<\/strong> Col\u00b7labora en activitats escolars i municipals.<\/p><\/p>\n\n\n\n<p><p style=\"text-align: justify;\"><strong>Colla de geganters, grallers i timbalers de Penelles.<\/strong><\/p><\/p>\n\n\n\n<p><p style=\"text-align: justify;\"><strong>Consell Parroquial<\/strong>. S&#8217;encarrega dels temes de la Parr\u00f2quia.<\/p><\/p>\n\n\n\n<p><p style=\"text-align: justify;\"><strong>Coral Sant Joan<\/strong>. Dirigida per Vicen\u00e7 Perera i Puig est\u00e0 formada per uns quaranta cantaires. Recentment s&#8217;han iniciat activitats dirigides a la formaci\u00f3 d&#8217;un grup jove per tal d&#8217;atendre a les inquietuds musicals de la joventut de Penelles, donar a con\u00e8ixer la m\u00fasica vocal a veus, i establir un pont entre els nois i noies i la coral.<\/p><\/p>\n\n\n\n<p><p style=\"text-align: justify;\"><strong>Esplai \u201cLa freixa\u201d<\/strong>. \u00c9s una entitat parroquial i es troba ubicat a la rectoria, per a \u00fas dels nens i monitors. Organitza jocs, tallers, excursions&#8230; amb l&#8217;objectiu de fomentar la conviv\u00e8ncia i els valors humans.<\/p><\/p>\n\n\n\n<p><p style=\"text-align: justify;\"><strong>Llar de jubilats Sant Isidre<\/strong>. Organitza excursions i participa en festes locals.<\/p><\/p>\n\n\n\n<p><p style=\"text-align: justify;\"><strong>Associaci\u00f3 de joves de Penelles<\/strong>. S&#8217;encarreguen de planificar activitats de la Festa Major i altres festes.<\/p><\/p>\n<\/div><\/div>\n\n\n\n<div class=\"wp-block-getwid-tabs__nav-link\"><span class=\"wp-block-getwid-tabs__title-wrapper\"><a href=\"#\"><span class=\"wp-block-getwid-tabs__title\">Monuments hist\u00f2rics<\/span><\/a><\/span><\/div><div class=\"wp-block-getwid-tabs__tab-content-wrapper\"><div class=\"wp-block-getwid-tabs__tab-content\">\n<p><p style=\"text-align: justify;\"><strong>Creu de Terme<\/strong>. Esculpida en pedra sorrenca i d\u2019estil g\u00f2tic, \u00e9s de probablement mitjans del segle XV. Fa aproximadament 4,5 metres des del s\u00f2l. Va ser restaurada l\u2019any 1990.<\/p><\/p>\n\n\n\n<p><p style=\"text-align: justify;\"><strong>La Font<\/strong>. Data de 1896 i actualment est\u00e0 reconstru\u00efda. Consta de tres aixetes que surten de la boca de tres personatges: un gu\u00e0rdia civil, un jove amb barretina i un eclesi\u00e0stic.<\/p><\/p>\n\n\n\n<p><p style=\"text-align: justify;\"><strong>Portal Nord<\/strong>. Arcs de diferent mida corresponents a l\u2019antiga vila closa.<\/p><\/p>\n\n\n\n<p><p style=\"text-align: justify;\"><strong>Portal Sud.<\/strong> Portal d\u2019acc\u00e9s al poble del segle XI.<\/p><\/p>\n\n\n\n<p><p style=\"text-align: justify;\"><strong>Esgl\u00e9sia vella.<\/strong> Constru\u00efda entre finals del segle XV i principis del segle XVI. Actualment en mal estat i sense culte, tenia un campanar d\u2019espadanya,&nbsp; avui desaparegut, amb tres grans obertures i molt esvelt.<\/p><\/p>\n\n\n\n<p><p style=\"text-align: justify;\"><strong>Esgl\u00e9sia nova<\/strong>. Es va posar la primera pedra l\u2019any 1951 i es va consagrar l\u2019altar Major l\u2019any 1961. Est\u00e0 dedicada a Sant Joan Baptista i \u00e9s de planta basilical.<\/p><\/p>\n<\/div><\/div>\n<\/div>\n","protected":false},"excerpt":{"rendered":"","protected":false},"author":1,"featured_media":0,"parent":268,"menu_order":2,"comment_status":"closed","ping_status":"closed","template":"","meta":{"_bbp_topic_count":0,"_bbp_reply_count":0,"_bbp_total_topic_count":0,"_bbp_total_reply_count":0,"_bbp_voice_count":0,"_bbp_anonymous_reply_count":0,"_bbp_topic_count_hidden":0,"_bbp_reply_count_hidden":0,"_bbp_forum_subforum_count":0,"site-sidebar-layout":"default","site-content-layout":"","ast-site-content-layout":"default","site-content-style":"default","site-sidebar-style":"default","ast-global-header-display":"","ast-banner-title-visibility":"","ast-main-header-display":"","ast-hfb-above-header-display":"","ast-hfb-below-header-display":"","ast-hfb-mobile-header-display":"","site-post-title":"","ast-breadcrumbs-content":"","ast-featured-img":"","footer-sml-layout":"","theme-transparent-header-meta":"","adv-header-id-meta":"","stick-header-meta":"","header-above-stick-meta":"","header-main-stick-meta":"","header-below-stick-meta":"","astra-migrate-meta-layouts":"set","ast-page-background-enabled":"default","ast-page-background-meta":{"desktop":{"background-color":"var(--ast-global-color-4)","background-image":"","background-repeat":"repeat","background-position":"center center","background-size":"auto","background-attachment":"scroll","background-type":"","background-media":"","overlay-type":"","overlay-color":"","overlay-opacity":"","overlay-gradient":""},"tablet":{"background-color":"","background-image":"","background-repeat":"repeat","background-position":"center center","background-size":"auto","background-attachment":"scroll","background-type":"","background-media":"","overlay-type":"","overlay-color":"","overlay-opacity":"","overlay-gradient":""},"mobile":{"background-color":"","background-image":"","background-repeat":"repeat","background-position":"center center","background-size":"auto","background-attachment":"scroll","background-type":"","background-media":"","overlay-type":"","overlay-color":"","overlay-opacity":"","overlay-gradient":""}},"ast-content-background-meta":{"desktop":{"background-color":"var(--ast-global-color-5)","background-image":"","background-repeat":"repeat","background-position":"center center","background-size":"auto","background-attachment":"scroll","background-type":"","background-media":"","overlay-type":"","overlay-color":"","overlay-opacity":"","overlay-gradient":""},"tablet":{"background-color":"var(--ast-global-color-5)","background-image":"","background-repeat":"repeat","background-position":"center center","background-size":"auto","background-attachment":"scroll","background-type":"","background-media":"","overlay-type":"","overlay-color":"","overlay-opacity":"","overlay-gradient":""},"mobile":{"background-color":"var(--ast-global-color-5)","background-image":"","background-repeat":"repeat","background-position":"center center","background-size":"auto","background-attachment":"scroll","background-type":"","background-media":"","overlay-type":"","overlay-color":"","overlay-opacity":"","overlay-gradient":""}},"footnotes":""},"class_list":["post-396","page","type-page","status-publish","hentry"],"post_mailing_queue_ids":[],"_links":{"self":[{"href":"https:\/\/agora.xtec.cat\/zerespernallac\/wp-json\/wp\/v2\/pages\/396","targetHints":{"allow":["GET"]}}],"collection":[{"href":"https:\/\/agora.xtec.cat\/zerespernallac\/wp-json\/wp\/v2\/pages"}],"about":[{"href":"https:\/\/agora.xtec.cat\/zerespernallac\/wp-json\/wp\/v2\/types\/page"}],"author":[{"embeddable":true,"href":"https:\/\/agora.xtec.cat\/zerespernallac\/wp-json\/wp\/v2\/users\/1"}],"replies":[{"embeddable":true,"href":"https:\/\/agora.xtec.cat\/zerespernallac\/wp-json\/wp\/v2\/comments?post=396"}],"version-history":[{"count":6,"href":"https:\/\/agora.xtec.cat\/zerespernallac\/wp-json\/wp\/v2\/pages\/396\/revisions"}],"predecessor-version":[{"id":4771,"href":"https:\/\/agora.xtec.cat\/zerespernallac\/wp-json\/wp\/v2\/pages\/396\/revisions\/4771"}],"up":[{"embeddable":true,"href":"https:\/\/agora.xtec.cat\/zerespernallac\/wp-json\/wp\/v2\/pages\/268"}],"wp:attachment":[{"href":"https:\/\/agora.xtec.cat\/zerespernallac\/wp-json\/wp\/v2\/media?parent=396"}],"curies":[{"name":"wp","href":"https:\/\/api.w.org\/{rel}","templated":true}]}}