{"id":359,"date":"2015-07-23T09:21:21","date_gmt":"2015-07-23T08:21:21","guid":{"rendered":"http:\/\/agora.xtec.cat\/zerespernallac\/?page_id=359"},"modified":"2021-02-06T13:13:14","modified_gmt":"2021-02-06T12:13:14","slug":"grups","status":"publish","type":"page","link":"https:\/\/agora.xtec.cat\/zerespernallac\/escola-el-terrall\/grups\/","title":{"rendered":"Grups"},"content":{"rendered":"<p>Descripci\u00f3 dels grups d&#8217;alumnes. Nombre, distribuci\u00f3 etc.<\/p>\n<ul>\n<li><a href=\"https:\/\/agora.xtec.cat\/zerespernallac\/inici\/llar-dinfants-escola-el-terrall\/\" target=\"_blank\" rel=\"noopener noreferrer\">Llar d&#8217;Infants<\/a><\/li>\n<li><a href=\"http:\/\/agora.xtec.cat\/zerespernallac\/categoria\/escola-castellsera\/ei-el-terrall\/\" target=\"_blank\" rel=\"noopener noreferrer\">Educaci\u00f3 Infantil<\/a><\/li>\n<li><a href=\"http:\/\/agora.xtec.cat\/zerespernallac\/categoria\/escola-castellsera\/ci-el-terrall\/\" target=\"_blank\" rel=\"noopener noreferrer\">Cicle Inicial<\/a><\/li>\n<li><a href=\"http:\/\/agora.xtec.cat\/zerespernallac\/categoria\/escola-castellsera\/cm-el-terrall\/\" target=\"_blank\" rel=\"noopener noreferrer\">Cicle Mitj\u00e0<\/a><\/li>\n<li><a href=\"http:\/\/agora.xtec.cat\/zerespernallac\/categoria\/escola-castellsera\/cs-el-terrall\/\" target=\"_blank\" rel=\"noopener noreferrer\">Cicle Superior<\/a><\/li>\n<\/ul>\n","protected":false},"excerpt":{"rendered":"<p>Descripci\u00f3 dels grups d&#8217;alumnes. Nombre, distribuci\u00f3 etc. Llar d&#8217;Infants Educaci\u00f3 Infantil Cicle Inicial Cicle Mitj\u00e0 Cicle Superior<\/p>\n","protected":false},"author":1,"featured_media":0,"parent":266,"menu_order":50,"comment_status":"closed","ping_status":"closed","template":"page-templates\/side-menu.php","meta":{"_bbp_topic_count":0,"_bbp_reply_count":0,"_bbp_total_topic_count":0,"_bbp_total_reply_count":0,"_bbp_voice_count":0,"_bbp_anonymous_reply_count":0,"_bbp_topic_count_hidden":0,"_bbp_reply_count_hidden":0,"_bbp_forum_subforum_count":0,"site-sidebar-layout":"default","site-content-layout":"","ast-site-content-layout":"","site-content-style":"default","site-sidebar-style":"default","ast-global-header-display":"","ast-banner-title-visibility":"","ast-main-header-display":"","ast-hfb-above-header-display":"","ast-hfb-below-header-display":"","ast-hfb-mobile-header-display":"","site-post-title":"","ast-breadcrumbs-content":"","ast-featured-img":"","footer-sml-layout":"","theme-transparent-header-meta":"","adv-header-id-meta":"","stick-header-meta":"","header-above-stick-meta":"","header-main-stick-meta":"","header-below-stick-meta":"","astra-migrate-meta-layouts":"default","ast-page-background-enabled":"default","ast-page-background-meta":{"desktop":{"background-color":"var(--ast-global-color-4)","background-image":"","background-repeat":"repeat","background-position":"center center","background-size":"auto","background-attachment":"scroll","background-type":"","background-media":"","overlay-type":"","overlay-color":"","overlay-opacity":"","overlay-gradient":""},"tablet":{"background-color":"","background-image":"","background-repeat":"repeat","background-position":"center center","background-size":"auto","background-attachment":"scroll","background-type":"","background-media":"","overlay-type":"","overlay-color":"","overlay-opacity":"","overlay-gradient":""},"mobile":{"background-color":"","background-image":"","background-repeat":"repeat","background-position":"center center","background-size":"auto","background-attachment":"scroll","background-type":"","background-media":"","overlay-type":"","overlay-color":"","overlay-opacity":"","overlay-gradient":""}},"ast-content-background-meta":{"desktop":{"background-color":"var(--ast-global-color-5)","background-image":"","background-repeat":"repeat","background-position":"center center","background-size":"auto","background-attachment":"scroll","background-type":"","background-media":"","overlay-type":"","overlay-color":"","overlay-opacity":"","overlay-gradient":""},"tablet":{"background-color":"var(--ast-global-color-5)","background-image":"","background-repeat":"repeat","background-position":"center center","background-size":"auto","background-attachment":"scroll","background-type":"","background-media":"","overlay-type":"","overlay-color":"","overlay-opacity":"","overlay-gradient":""},"mobile":{"background-color":"var(--ast-global-color-5)","background-image":"","background-repeat":"repeat","background-position":"center center","background-size":"auto","background-attachment":"scroll","background-type":"","background-media":"","overlay-type":"","overlay-color":"","overlay-opacity":"","overlay-gradient":""}},"footnotes":""},"class_list":["post-359","page","type-page","status-publish","hentry"],"post_mailing_queue_ids":[],"_links":{"self":[{"href":"https:\/\/agora.xtec.cat\/zerespernallac\/wp-json\/wp\/v2\/pages\/359","targetHints":{"allow":["GET"]}}],"collection":[{"href":"https:\/\/agora.xtec.cat\/zerespernallac\/wp-json\/wp\/v2\/pages"}],"about":[{"href":"https:\/\/agora.xtec.cat\/zerespernallac\/wp-json\/wp\/v2\/types\/page"}],"author":[{"embeddable":true,"href":"https:\/\/agora.xtec.cat\/zerespernallac\/wp-json\/wp\/v2\/users\/1"}],"replies":[{"embeddable":true,"href":"https:\/\/agora.xtec.cat\/zerespernallac\/wp-json\/wp\/v2\/comments?post=359"}],"version-history":[{"count":3,"href":"https:\/\/agora.xtec.cat\/zerespernallac\/wp-json\/wp\/v2\/pages\/359\/revisions"}],"predecessor-version":[{"id":2370,"href":"https:\/\/agora.xtec.cat\/zerespernallac\/wp-json\/wp\/v2\/pages\/359\/revisions\/2370"}],"up":[{"embeddable":true,"href":"https:\/\/agora.xtec.cat\/zerespernallac\/wp-json\/wp\/v2\/pages\/266"}],"wp:attachment":[{"href":"https:\/\/agora.xtec.cat\/zerespernallac\/wp-json\/wp\/v2\/media?parent=359"}],"curies":[{"name":"wp","href":"https:\/\/api.w.org\/{rel}","templated":true}]}}