{"id":297,"date":"2015-07-20T13:42:10","date_gmt":"2015-07-20T12:42:10","guid":{"rendered":"http:\/\/agora.xtec.cat\/zerespernallac\/?page_id=297"},"modified":"2025-12-14T13:49:40","modified_gmt":"2025-12-14T12:49:40","slug":"que-fem","status":"publish","type":"page","link":"https:\/\/agora.xtec.cat\/zerespernallac\/zer\/que-fem\/","title":{"rendered":"Qu\u00e8 fem, sortides i activitats ZER"},"content":{"rendered":"<p>En aquesta secci\u00f3 podreu trobar les activitats i projectes significatius que s&#8217;han impulsat o dinamitzat des de la ZER.<\/p>\n<p><strong><span style=\"color: #ff6600;\">Calendari d&#8217;activitats docents i dels alumnes<\/span><\/strong><\/p>\n<p>Els docents iniciaran les activitats d&#8217;organitzaci\u00f3 de curs i les tasques espec\u00edfiques de programaci\u00f3 el dia 1 de setembre de 2025 i les acabaran el dia 30 de juny de 2026.<\/p>\n<p>L&#8217;alumnat comen\u00e7aran les classes el dia 8 de setembre de 2025 i les acabaran el dia 19 de juny de 2026.<\/p>\n<p>L&#8217;horari de les classes per a tot l&#8217;alumnat ser\u00e0 de 9h a 13h i de 15h a 17h. de tot el curs escolar, excepte per la jornada intensiva.<\/p>\n<p><span style=\"color: #ff6600;\"><strong>Organitzaci\u00f3 per trimestres:<\/strong><\/span><\/p>\n<p>Primer trimestre, del 8 de setembre fins al 19 de desembre de 2025.<\/p>\n<p>Segon trimestre del 8 de gener de 2026 fins el 27 de mar\u00e7 de 2026.<\/p>\n<p>Tercer trimestre, del 7 d&#8217;abril fins al 19 de juny de 2026.<\/p>\n<p><strong><span style=\"color: #ff6600;\">Jornada intensiva <\/span><\/strong><span style=\"color: #ff6600;\"><span style=\"color: #000000;\">el dia<\/span><\/span> 19 de desembre de 2025 i del 8 al 19 de juny de 2026.<\/p>\n<p><strong><span style=\"color: #ff6600;\">Lliure disposici\u00f3\u00a0 <\/span><\/strong>31\/10\/25, 16\/02\/26, 09\/03\/26 i 30\/04\/26.<\/p>\n<p><span style=\"color: #ff6600;\"><strong>Festes locals <\/strong><span style=\"color: #000000;\">20\/01\/2026 (El Terrall) 04\/05\/2026 (Ramon Gombal) 11\/05\/2026 (Sant Bartomeu i El Terrall)<br \/>\n<\/span><\/span><\/p>\n","protected":false},"excerpt":{"rendered":"<p>En aquesta secci\u00f3 podreu trobar les activitats i projectes significatius que s&#8217;han impulsat o dinamitzat des de la ZER. Calendari d&#8217;activitats docents i dels alumnes Els docents iniciaran les activitats d&#8217;organitzaci\u00f3 de curs i les tasques espec\u00edfiques de programaci\u00f3 el dia 1 de setembre de 2025 i les acabaran el dia 30 de juny de [&hellip;]<\/p>\n","protected":false},"author":1,"featured_media":0,"parent":19,"menu_order":40,"comment_status":"closed","ping_status":"closed","template":"","meta":{"_bbp_topic_count":0,"_bbp_reply_count":0,"_bbp_total_topic_count":0,"_bbp_total_reply_count":0,"_bbp_voice_count":0,"_bbp_anonymous_reply_count":0,"_bbp_topic_count_hidden":0,"_bbp_reply_count_hidden":0,"_bbp_forum_subforum_count":0,"site-sidebar-layout":"default","site-content-layout":"","ast-site-content-layout":"default","site-content-style":"default","site-sidebar-style":"default","ast-global-header-display":"","ast-banner-title-visibility":"","ast-main-header-display":"","ast-hfb-above-header-display":"","ast-hfb-below-header-display":"","ast-hfb-mobile-header-display":"","site-post-title":"","ast-breadcrumbs-content":"","ast-featured-img":"","footer-sml-layout":"","theme-transparent-header-meta":"","adv-header-id-meta":"","stick-header-meta":"","header-above-stick-meta":"","header-main-stick-meta":"","header-below-stick-meta":"","astra-migrate-meta-layouts":"set","ast-page-background-enabled":"default","ast-page-background-meta":{"desktop":{"background-color":"var(--ast-global-color-4)","background-image":"","background-repeat":"repeat","background-position":"center center","background-size":"auto","background-attachment":"scroll","background-type":"","background-media":"","overlay-type":"","overlay-color":"","overlay-opacity":"","overlay-gradient":""},"tablet":{"background-color":"","background-image":"","background-repeat":"repeat","background-position":"center center","background-size":"auto","background-attachment":"scroll","background-type":"","background-media":"","overlay-type":"","overlay-color":"","overlay-opacity":"","overlay-gradient":""},"mobile":{"background-color":"","background-image":"","background-repeat":"repeat","background-position":"center center","background-size":"auto","background-attachment":"scroll","background-type":"","background-media":"","overlay-type":"","overlay-color":"","overlay-opacity":"","overlay-gradient":""}},"ast-content-background-meta":{"desktop":{"background-color":"var(--ast-global-color-5)","background-image":"","background-repeat":"repeat","background-position":"center center","background-size":"auto","background-attachment":"scroll","background-type":"","background-media":"","overlay-type":"","overlay-color":"","overlay-opacity":"","overlay-gradient":""},"tablet":{"background-color":"var(--ast-global-color-5)","background-image":"","background-repeat":"repeat","background-position":"center center","background-size":"auto","background-attachment":"scroll","background-type":"","background-media":"","overlay-type":"","overlay-color":"","overlay-opacity":"","overlay-gradient":""},"mobile":{"background-color":"var(--ast-global-color-5)","background-image":"","background-repeat":"repeat","background-position":"center center","background-size":"auto","background-attachment":"scroll","background-type":"","background-media":"","overlay-type":"","overlay-color":"","overlay-opacity":"","overlay-gradient":""}},"footnotes":""},"class_list":["post-297","page","type-page","status-publish","hentry"],"post_mailing_queue_ids":[],"_links":{"self":[{"href":"https:\/\/agora.xtec.cat\/zerespernallac\/wp-json\/wp\/v2\/pages\/297","targetHints":{"allow":["GET"]}}],"collection":[{"href":"https:\/\/agora.xtec.cat\/zerespernallac\/wp-json\/wp\/v2\/pages"}],"about":[{"href":"https:\/\/agora.xtec.cat\/zerespernallac\/wp-json\/wp\/v2\/types\/page"}],"author":[{"embeddable":true,"href":"https:\/\/agora.xtec.cat\/zerespernallac\/wp-json\/wp\/v2\/users\/1"}],"replies":[{"embeddable":true,"href":"https:\/\/agora.xtec.cat\/zerespernallac\/wp-json\/wp\/v2\/comments?post=297"}],"version-history":[{"count":5,"href":"https:\/\/agora.xtec.cat\/zerespernallac\/wp-json\/wp\/v2\/pages\/297\/revisions"}],"predecessor-version":[{"id":4651,"href":"https:\/\/agora.xtec.cat\/zerespernallac\/wp-json\/wp\/v2\/pages\/297\/revisions\/4651"}],"up":[{"embeddable":true,"href":"https:\/\/agora.xtec.cat\/zerespernallac\/wp-json\/wp\/v2\/pages\/19"}],"wp:attachment":[{"href":"https:\/\/agora.xtec.cat\/zerespernallac\/wp-json\/wp\/v2\/media?parent=297"}],"curies":[{"name":"wp","href":"https:\/\/api.w.org\/{rel}","templated":true}]}}