{"id":283,"date":"2015-07-20T13:25:33","date_gmt":"2015-07-20T12:25:33","guid":{"rendered":"http:\/\/agora.xtec.cat\/zerespernallac\/?page_id=283"},"modified":"2025-12-14T16:44:19","modified_gmt":"2025-12-14T15:44:19","slug":"on-som","status":"publish","type":"page","link":"https:\/\/agora.xtec.cat\/zerespernallac\/escola-el-terrall\/on-som\/","title":{"rendered":"Hist\u00f2ria de l&#8217;Escola El Terrall"},"content":{"rendered":"<p><strong><span style=\"color: #800080;\">Hist\u00f2ria de l&#8217;escola El Terrall<\/span><\/strong><\/p>\n<p style=\"text-align: justify;\"><\/p>\n<p style=\"text-align: justify;\">L&#8217;escola a la localitat fou fundada a mitjans del segle XIX. Restava situada a la planta baixa de l&#8217;Ajuntament. Un mestre assistia a desenes d&#8217;alumnes en una sola classe.<\/p>\n<p style=\"text-align: justify;\">L&#8217;any 1900 l&#8217;escola nacional per a nens estava col\u00b7locada en un pis llogat. Tamb\u00e9 hi havia una escola particular.<\/p>\n<p style=\"text-align: justify;\">L&#8217;any 1920 es crea una altra escola particular a l&#8217;edifici del Sindicat amb una classe per a nens i una classe per a nenes.<\/p>\n<p style=\"text-align: justify;\">A l&#8217;any 1922, en traslladar-se l&#8217;escola particular a un altre edifici, les escoles nacionals s&#8217;ubiquen al segon pis de l&#8217;edifici del Sindicat i es creen dues classes, una per a nens i una per a nenes.<\/p>\n<p style=\"text-align: justify;\">Acabada la guerra civil desapareixen les escoles particulars i les escoles nacionals retornen al Sindicat amb quatre classes.<\/p>\n<p style=\"text-align: justify;\">La necessitat d&#8217;un nou centre escolar es f\u00e9u evident ja des d\u2019un principi, per\u00f2 les necessitats econ\u00f2miques no ho feren possible.<\/p>\n<p style=\"text-align: justify;\">El 1923 s&#8217;aprova un projecte per a un nou edifici escolar, per\u00f2 no es comen\u00e7\u00e0 a construir fins el 1946, restant, tanmateix, diversos anys sense concloure\u2019s ja que s&#8217;edificava damunt l&#8217;antiga Bassa Bovera de la poblaci\u00f3, cosa que oblig\u00e0 a fer uns fonaments molt profunds, excavant diversos pous lligats amb els encofrats, dificultant i encarint el seu acabament.<\/p>\n<p style=\"text-align: justify;\">El 1951, una vegada finalitzades les obres, s&#8217;inauguren les noves escoles en un edifici amb quatre aules, dues per a nens i dues per a nenes, com a dues construccions sim\u00e8triques i adjacents, per\u00f2 independents, amb dues portes d&#8217;entrada i dos patis separats per una tanca, i, al gener del 1952 es traslladen els alumnes i els mestres.<\/p>\n<p style=\"text-align: justify;\">Al 1966, en aprovar-se una unitat de p\u00e0rvuls, es construeix damunt dels lavabos per a disposar d&#8217;una aula m\u00e9s.<\/p>\n<p style=\"text-align: justify;\">Al 1971, en implantar-se l&#8217;EGB i la coeducaci\u00f3, s&#8217;enderroquen les tanques del pati i l&#8217;env\u00e0 de la planta baixa, essent per aquest lloc on es facilita la comunicaci\u00f3 interna entre les dues ales de l&#8217;edifici.<\/p>\n<p style=\"text-align: justify;\">Al\u00a0 1974 es crea l&#8217;Associaci\u00f3 de Pares.<\/p>\n<p style=\"text-align: justify;\">Diverses obres s&#8217;hi ha realitzat a l&#8217;edifici: el 1976 amb motiu de la instal\u00b7laci\u00f3 de la calefacci\u00f3 a gas-oil, al 1981 es renova el terra de tot l&#8217;edifici i es construeix de nou damunt dels lavabos per a aconseguir una altra aula.<\/p>\n<p style=\"text-align: justify;\">Al 1987 es reconfigura l&#8217;espai de la planta baixa per a disposar de despatxos. Al 1987 s&#8217;han d&#8217;assegurar i refor\u00e7ar l&#8217;embigat de la primera planta, al 1996 es crea el menjador a la planta baixa i al 1998 es reubiquen els espais de la planta baixa a l\u2019ala dreta de l&#8217;edifici.<\/p>\n<p style=\"text-align: justify;\">L\u2019any 1992, d&#8217;acord amb la ubicaci\u00f3 del centre en la zona de les antigues basses de la localitat, lloc anomenat popularment el Terrall, s&#8217;aprov\u00e0 la denominaci\u00f3 oficial del centre com a CEIP El Terrall.<\/p>\n<p style=\"text-align: justify;\">A resultes del desig de la realitzaci\u00f3 d&#8217;un treball conjunt amb altres centres, i despr\u00e9s de diverses possibilitats, finalment, l&#8217;any 1995 es va consolidar l&#8217;agrupament funcional amb els centres de Penelles i Bellmunt. Fruit d&#8217;aquesta tasca va ser la constituci\u00f3 l&#8217;any 1996 de la ZER ESPERNALLAC formada pel CEIP Sant Bartomeu de Bellmunt, el CEIP El Terrall de Castellser\u00e0 i el CEIP Ramon Gombal de Penelles.<\/p>\n<p style=\"text-align: justify;\">L&#8217;any 2002, coincidint en el cinquantenari de la inauguraci\u00f3 de l&#8217;edifici es celebraren els 50 anys de l&#8217;escola amb diverses activitats adre\u00e7ades a antics alumnes, alumnes, professorat i pares\/mares.<\/p>\n<p style=\"text-align: justify;\">L&#8217;any 2006, durant la festa de Sant Sebasti\u00e0, la Consellera d&#8217;Educaci\u00f3 va inaugurar les obres de remodelaci\u00f3 i ampliaci\u00f3 del centre i la llar d&#8217;infants municipal, que resta ubicada dins del recinte escolar.<\/p>\n<p style=\"text-align: center;\"><a href=\"http:\/\/agora.xtec.cat\/zerespernallac\/wp-content\/uploads\/usu716\/2016\/01\/auca.jpg\"><img loading=\"lazy\" decoding=\"async\" class=\"alignnone wp-image-677\" src=\"http:\/\/agora.xtec.cat\/zerespernallac\/wp-content\/uploads\/usu716\/2016\/01\/auca-729x1024.jpg\" alt=\"auca\" width=\"711\" height=\"999\" srcset=\"https:\/\/agora.xtec.cat\/zerespernallac\/wp-content\/uploads\/usu716\/2016\/01\/auca-729x1024.jpg 729w, https:\/\/agora.xtec.cat\/zerespernallac\/wp-content\/uploads\/usu716\/2016\/01\/auca-214x300.jpg 214w, https:\/\/agora.xtec.cat\/zerespernallac\/wp-content\/uploads\/usu716\/2016\/01\/auca.jpg 800w\" sizes=\"auto, (max-width: 711px) 100vw, 711px\" \/><\/a><\/p>\n","protected":false},"excerpt":{"rendered":"<p>Hist\u00f2ria de l&#8217;escola El Terrall L&#8217;escola a la localitat fou fundada a mitjans del segle XIX. Restava situada a la planta baixa de l&#8217;Ajuntament. Un mestre assistia a desenes d&#8217;alumnes en una sola classe. L&#8217;any 1900 l&#8217;escola nacional per a nens estava col\u00b7locada en un pis llogat. Tamb\u00e9 hi havia una escola particular. L&#8217;any 1920 [&hellip;]<\/p>\n","protected":false},"author":1,"featured_media":0,"parent":266,"menu_order":1,"comment_status":"closed","ping_status":"closed","template":"","meta":{"_bbp_topic_count":0,"_bbp_reply_count":0,"_bbp_total_topic_count":0,"_bbp_total_reply_count":0,"_bbp_voice_count":0,"_bbp_anonymous_reply_count":0,"_bbp_topic_count_hidden":0,"_bbp_reply_count_hidden":0,"_bbp_forum_subforum_count":0,"site-sidebar-layout":"default","site-content-layout":"","ast-site-content-layout":"default","site-content-style":"default","site-sidebar-style":"default","ast-global-header-display":"","ast-banner-title-visibility":"","ast-main-header-display":"","ast-hfb-above-header-display":"","ast-hfb-below-header-display":"","ast-hfb-mobile-header-display":"","site-post-title":"","ast-breadcrumbs-content":"","ast-featured-img":"","footer-sml-layout":"","theme-transparent-header-meta":"","adv-header-id-meta":"","stick-header-meta":"","header-above-stick-meta":"","header-main-stick-meta":"","header-below-stick-meta":"","astra-migrate-meta-layouts":"set","ast-page-background-enabled":"default","ast-page-background-meta":{"desktop":{"background-color":"var(--ast-global-color-4)","background-image":"","background-repeat":"repeat","background-position":"center center","background-size":"auto","background-attachment":"scroll","background-type":"","background-media":"","overlay-type":"","overlay-color":"","overlay-opacity":"","overlay-gradient":""},"tablet":{"background-color":"","background-image":"","background-repeat":"repeat","background-position":"center center","background-size":"auto","background-attachment":"scroll","background-type":"","background-media":"","overlay-type":"","overlay-color":"","overlay-opacity":"","overlay-gradient":""},"mobile":{"background-color":"","background-image":"","background-repeat":"repeat","background-position":"center center","background-size":"auto","background-attachment":"scroll","background-type":"","background-media":"","overlay-type":"","overlay-color":"","overlay-opacity":"","overlay-gradient":""}},"ast-content-background-meta":{"desktop":{"background-color":"var(--ast-global-color-5)","background-image":"","background-repeat":"repeat","background-position":"center center","background-size":"auto","background-attachment":"scroll","background-type":"","background-media":"","overlay-type":"","overlay-color":"","overlay-opacity":"","overlay-gradient":""},"tablet":{"background-color":"var(--ast-global-color-5)","background-image":"","background-repeat":"repeat","background-position":"center center","background-size":"auto","background-attachment":"scroll","background-type":"","background-media":"","overlay-type":"","overlay-color":"","overlay-opacity":"","overlay-gradient":""},"mobile":{"background-color":"var(--ast-global-color-5)","background-image":"","background-repeat":"repeat","background-position":"center center","background-size":"auto","background-attachment":"scroll","background-type":"","background-media":"","overlay-type":"","overlay-color":"","overlay-opacity":"","overlay-gradient":""}},"footnotes":""},"class_list":["post-283","page","type-page","status-publish","hentry"],"post_mailing_queue_ids":[],"_links":{"self":[{"href":"https:\/\/agora.xtec.cat\/zerespernallac\/wp-json\/wp\/v2\/pages\/283","targetHints":{"allow":["GET"]}}],"collection":[{"href":"https:\/\/agora.xtec.cat\/zerespernallac\/wp-json\/wp\/v2\/pages"}],"about":[{"href":"https:\/\/agora.xtec.cat\/zerespernallac\/wp-json\/wp\/v2\/types\/page"}],"author":[{"embeddable":true,"href":"https:\/\/agora.xtec.cat\/zerespernallac\/wp-json\/wp\/v2\/users\/1"}],"replies":[{"embeddable":true,"href":"https:\/\/agora.xtec.cat\/zerespernallac\/wp-json\/wp\/v2\/comments?post=283"}],"version-history":[{"count":6,"href":"https:\/\/agora.xtec.cat\/zerespernallac\/wp-json\/wp\/v2\/pages\/283\/revisions"}],"predecessor-version":[{"id":4680,"href":"https:\/\/agora.xtec.cat\/zerespernallac\/wp-json\/wp\/v2\/pages\/283\/revisions\/4680"}],"up":[{"embeddable":true,"href":"https:\/\/agora.xtec.cat\/zerespernallac\/wp-json\/wp\/v2\/pages\/266"}],"wp:attachment":[{"href":"https:\/\/agora.xtec.cat\/zerespernallac\/wp-json\/wp\/v2\/media?parent=283"}],"curies":[{"name":"wp","href":"https:\/\/api.w.org\/{rel}","templated":true}]}}