{"id":276,"date":"2015-07-20T13:18:17","date_gmt":"2015-07-20T12:18:17","guid":{"rendered":"http:\/\/agora.xtec.cat\/zerespernallac\/?page_id=276"},"modified":"2025-12-14T17:31:56","modified_gmt":"2025-12-14T16:31:56","slug":"on-som","status":"publish","type":"page","link":"https:\/\/agora.xtec.cat\/zerespernallac\/escola-alfa\/on-som\/","title":{"rendered":"Hist\u00f2ria de l&#8217;Escola Sant Bartomeu"},"content":{"rendered":"<p><span style=\"color: #800080;\"><strong>Hist\u00f2ria de l&#8217;escola Sant Bartomeu<\/strong><\/span><\/p>\n<p style=\"text-align: justify;\">Les escoles del nostre poble de Bellmunt no es trobaven ubicades on estan les actuals al carrer Dom\u00e8nec Cardenal, sin\u00f3 que estaven a la pla\u00e7a Major, damunt del forn de pa. Aquesta era l\u2019escola de nens i la de nenes es trobava a la placeta a ca l\u2019Amans, que actualment \u00e9s la casa del Ramon Regu\u00e9 de cal Pinxo.<\/p>\n<p style=\"text-align: justify;\">On es troba ubicat l\u2019actual pati de l\u2019escola, hi havia el corral del bestiar.<\/p>\n<p style=\"text-align: justify;\">L\u2019actual escola de Bellmunt es va construir en temps del General Primo de Rivera i constava de dues classes, una pels nens amb un mestre i l\u2019altra per les nenes amb una mestra.<\/p>\n<p style=\"text-align: justify;\">Mentre es realitzava la construcci\u00f3 de les\u00a0 escoles un operari va prendre mal, es deia Lloren\u00e7 i s\u2019estava a ca la modista.<\/p>\n<p style=\"text-align: justify;\">A la fa\u00e7ana\u00a0 de l\u2019escola hi havia unes rajoletes damunt de la porta. Hi posava \u201cni\u00f1os\u201d a la classe dels nens\u00a0 i \u201cni\u00f1as\u201da la de les nenes.<\/p>\n<p style=\"text-align: justify;\">A la part de dalt del col\u00b7legi hi havia dos pisos pels mestres i actualment hi ha una perruqueria i el dispensari del metge.<\/p>\n<p style=\"text-align: justify;\">A l\u2019hivern s\u2019escalfaven amb brases de llenya que cada nen s\u2019havia de portar de casa. M\u00e9s endavant es va comprar una estufa i cadasc\u00fa portava\u00a0 una mica de llenya de casa per encendre-la. Alguns nens disposaven d\u2019una\u00a0 Enciclop\u00e8dia per estudiar i d\u2019altres no tenien diners per a comprar-la.<\/p>\n<p style=\"text-align: justify;\">El 10 de gener de 1929, es va inaugurar: la font del poble, la carretera de Penelles i les escoles. Van venir per la inaguraci\u00f3, els Excms. Srs. Governador Civil, Governador militar, Bisbe de Lleida, President de la Diputaci\u00f3 provincial, President de la Uni\u00f3 Patri\u00f2tica, jefe Delegat Governatiu, Ingenier jefe de la Diputaci\u00f3 i Inspector jefe de 1\u00aa Ensenyan\u00e7a.<\/p>\n<p style=\"text-align: justify;\">El bisbe de Lleida, Dr. Irurita, va bene\u00ed la font i les escoles. En aquell moment, el mestre de l\u2019escola era el Sr. Miguel Sol\u00e8 Casals i la mestra, la Sra. Virtudes Planelles Mira. Els nens: Carmen Montserrat Mallol i Salvador Regu\u00e9 Camats van donar la benvinguda al Capit\u00e0 General i al Rector de la Universitat de Catalunya.<\/p>\n<p style=\"text-align: justify;\">Com a curiositat cal destacar que pels voltants de l\u2019any 1956, els mestres es despla\u00e7aven i llavors no feien classe el dilluns al mat\u00ed. A la tarda, els nens i nenes anaven a esperar la senyoreta a Penelles i venien cap a Bellmunt a peu. Per recuperar aquest mat\u00ed, feien classe\u00a0 el dissabte. Pel mat\u00ed, a la classe de les nenes es feia lavors i a la tarda les dues classes deien el rosari. En acabar es netejaven les classes per torns.<\/p>\n<p style=\"text-align: justify;\">Pel mes de maig, cada diumenge a la tarda s\u2019anava a l\u2019esgl\u00e9sia a fer l\u2019ofrena de flors a l\u2019altar major i es recitaven poesies.<\/p>\n<p style=\"text-align: justify;\">Durant uns anys per obsequi d\u2019algunes f\u00e0briques, a l\u2019hora del pati es donava als nens un tros de formatge o un got de llet amb pols. Es jugava a un joc que es deia Catarroja i a bitlles.<\/p>\n<p style=\"text-align: justify;\">El nostre Centre de Bellmunt d\u2019Urgell, es va atribuir la denominaci\u00f3 espec\u00edfica de \u201cSant Bartomeu\u201d l\u2019any 1993. El col\u00b7legi compta amb tres aules: Una pels nens d\u2019Educaci\u00f3 Infantil i Cicle Inicial, l\u2019altra pels nens de Cicle Mitj\u00e0 i Cicle Superior i una tercera classe per als mestres itinerants.<\/p>\n<p style=\"text-align: justify;\">El dia\u00a0 15 de Maig del 2004 es celebr\u00e0 el 75\u00e8 aniversari de la inauguraci\u00f3 de les escoles.<\/p>\n","protected":false},"excerpt":{"rendered":"<p>Hist\u00f2ria de l&#8217;escola Sant Bartomeu Les escoles del nostre poble de Bellmunt no es trobaven ubicades on estan les actuals al carrer Dom\u00e8nec Cardenal, sin\u00f3 que estaven a la pla\u00e7a Major, damunt del forn de pa. Aquesta era l\u2019escola de nens i la de nenes es trobava a la placeta a ca l\u2019Amans, que actualment [&hellip;]<\/p>\n","protected":false},"author":1,"featured_media":0,"parent":264,"menu_order":1,"comment_status":"closed","ping_status":"closed","template":"","meta":{"_bbp_topic_count":0,"_bbp_reply_count":0,"_bbp_total_topic_count":0,"_bbp_total_reply_count":0,"_bbp_voice_count":0,"_bbp_anonymous_reply_count":0,"_bbp_topic_count_hidden":0,"_bbp_reply_count_hidden":0,"_bbp_forum_subforum_count":0,"site-sidebar-layout":"default","site-content-layout":"","ast-site-content-layout":"default","site-content-style":"default","site-sidebar-style":"default","ast-global-header-display":"","ast-banner-title-visibility":"","ast-main-header-display":"","ast-hfb-above-header-display":"","ast-hfb-below-header-display":"","ast-hfb-mobile-header-display":"","site-post-title":"","ast-breadcrumbs-content":"","ast-featured-img":"","footer-sml-layout":"","theme-transparent-header-meta":"","adv-header-id-meta":"","stick-header-meta":"","header-above-stick-meta":"","header-main-stick-meta":"","header-below-stick-meta":"","astra-migrate-meta-layouts":"set","ast-page-background-enabled":"default","ast-page-background-meta":{"desktop":{"background-color":"var(--ast-global-color-4)","background-image":"","background-repeat":"repeat","background-position":"center center","background-size":"auto","background-attachment":"scroll","background-type":"","background-media":"","overlay-type":"","overlay-color":"","overlay-opacity":"","overlay-gradient":""},"tablet":{"background-color":"","background-image":"","background-repeat":"repeat","background-position":"center center","background-size":"auto","background-attachment":"scroll","background-type":"","background-media":"","overlay-type":"","overlay-color":"","overlay-opacity":"","overlay-gradient":""},"mobile":{"background-color":"","background-image":"","background-repeat":"repeat","background-position":"center center","background-size":"auto","background-attachment":"scroll","background-type":"","background-media":"","overlay-type":"","overlay-color":"","overlay-opacity":"","overlay-gradient":""}},"ast-content-background-meta":{"desktop":{"background-color":"var(--ast-global-color-5)","background-image":"","background-repeat":"repeat","background-position":"center center","background-size":"auto","background-attachment":"scroll","background-type":"","background-media":"","overlay-type":"","overlay-color":"","overlay-opacity":"","overlay-gradient":""},"tablet":{"background-color":"var(--ast-global-color-5)","background-image":"","background-repeat":"repeat","background-position":"center center","background-size":"auto","background-attachment":"scroll","background-type":"","background-media":"","overlay-type":"","overlay-color":"","overlay-opacity":"","overlay-gradient":""},"mobile":{"background-color":"var(--ast-global-color-5)","background-image":"","background-repeat":"repeat","background-position":"center center","background-size":"auto","background-attachment":"scroll","background-type":"","background-media":"","overlay-type":"","overlay-color":"","overlay-opacity":"","overlay-gradient":""}},"footnotes":""},"class_list":["post-276","page","type-page","status-publish","hentry"],"post_mailing_queue_ids":[],"_links":{"self":[{"href":"https:\/\/agora.xtec.cat\/zerespernallac\/wp-json\/wp\/v2\/pages\/276","targetHints":{"allow":["GET"]}}],"collection":[{"href":"https:\/\/agora.xtec.cat\/zerespernallac\/wp-json\/wp\/v2\/pages"}],"about":[{"href":"https:\/\/agora.xtec.cat\/zerespernallac\/wp-json\/wp\/v2\/types\/page"}],"author":[{"embeddable":true,"href":"https:\/\/agora.xtec.cat\/zerespernallac\/wp-json\/wp\/v2\/users\/1"}],"replies":[{"embeddable":true,"href":"https:\/\/agora.xtec.cat\/zerespernallac\/wp-json\/wp\/v2\/comments?post=276"}],"version-history":[{"count":5,"href":"https:\/\/agora.xtec.cat\/zerespernallac\/wp-json\/wp\/v2\/pages\/276\/revisions"}],"predecessor-version":[{"id":4746,"href":"https:\/\/agora.xtec.cat\/zerespernallac\/wp-json\/wp\/v2\/pages\/276\/revisions\/4746"}],"up":[{"embeddable":true,"href":"https:\/\/agora.xtec.cat\/zerespernallac\/wp-json\/wp\/v2\/pages\/264"}],"wp:attachment":[{"href":"https:\/\/agora.xtec.cat\/zerespernallac\/wp-json\/wp\/v2\/media?parent=276"}],"curies":[{"name":"wp","href":"https:\/\/api.w.org\/{rel}","templated":true}]}}