{"id":272,"date":"2015-07-20T13:10:37","date_gmt":"2015-07-20T12:10:37","guid":{"rendered":"http:\/\/agora.xtec.cat\/zerespernallac\/?page_id=272"},"modified":"2025-12-14T18:09:53","modified_gmt":"2025-12-14T17:09:53","slug":"qui-som","status":"publish","type":"page","link":"https:\/\/agora.xtec.cat\/zerespernallac\/escola-el-terrall\/qui-som\/","title":{"rendered":"Informaci\u00f3 Municipal"},"content":{"rendered":"\n<div class=\"wp-block-getwid-tabs\" data-active-tab=\"0\"><ul class=\"wp-block-getwid-tabs__nav-links\"><\/ul>\n<div class=\"wp-block-getwid-tabs__nav-link\"><span class=\"wp-block-getwid-tabs__title-wrapper\"><a href=\"#\"><span class=\"wp-block-getwid-tabs__title\">Activitat econ\u00f2mica<\/span><\/a><\/span><\/div><div class=\"wp-block-getwid-tabs__tab-content-wrapper\"><div class=\"wp-block-getwid-tabs__tab-content\">\n<p><p style=\"text-align: justify;\">De 443 persones ocupades, el 34,1 % es dediquen al sector agrari-ramader, un 35,2 % es dedica al sector ind\u00fastria-construcci\u00f3 i un 30, 7 % es dedica al sector serveis.<\/p><\/p>\n\n\n\n<p><p style=\"text-align: justify;\">En el sector primari\u00a0 l\u2019activitat agr\u00edcola \u00e9s complementada per la ramaderia, dedicada principalment a la cria del porc\u00ed, amb alguna que altra explotaci\u00f3 vacuna i explotacions ovines. Del total de 1.477 ha. conreades, 168 ha. s\u00f3n de sec\u00e0 i 1.309 ha. s\u00f3n de regadiu, regades pel Canal d&#8217;Urgell i dedicades al cultiu de cereals, arbres fruiters, blat de moro i alfals.<\/p><\/p>\n\n\n\n<p><p style=\"text-align: justify;\">A la localitat hi ha 10 establiments d&#8217;empreses industrials de les quals una es dedica a la ind\u00fastria b\u00e0sica, quatre a transformacions dels metalls, una a productes alimentaris, una a t\u00e8xtil i confecci\u00f3, dues dedicades a la fusta i una dedicada a altres activitats. Tamb\u00e9 hi ha 14 establiments d&#8217;empreses dedicats a la construcci\u00f3<\/p><\/p>\n\n\n\n<p><p style=\"text-align: justify;\">Hi ha diferents establiments d&#8217;empreses de comer\u00e7 entre les quals\u00a0 n\u2019hi ha de productes alimentaris, de t\u00e8xtil i confecci\u00f3, de parament de la llar, de llibres i revistes, 1 farm\u00e0cia i d&#8217;altres activitats. Hi ha diferents establiments d&#8217;empreses de servei, que es dediquen al comer\u00e7 a l&#8217;engr\u00f2s, a bars-restaurants, a transport, a finances i assegurances, a serveis a empreses i a altres activitats. A la localitat hi ha una oficina d&#8217;una caixa i 1 oficina d&#8217;un banc.<\/p><\/p>\n<\/div><\/div>\n\n\n\n<div class=\"wp-block-getwid-tabs__nav-link\"><span class=\"wp-block-getwid-tabs__title-wrapper\"><a href=\"#\"><span class=\"wp-block-getwid-tabs__title\">Demografia<\/span><\/a><\/span><\/div><div class=\"wp-block-getwid-tabs__tab-content-wrapper\"><div class=\"wp-block-getwid-tabs__tab-content\">\n<p>Castellser\u00e0 compta amb 1.157 habitants, dels quals 575 s\u00f3n homes i 582 s\u00f3n dones. Dels 1.157 habitants un 12,4 % s\u00f3n de 0 a 14 anys; un 63,3 % s\u00f3n de 15 a 64 anys i un 24,3 % s\u00f3n de m\u00e9s de 65 anys.<\/p>\n<\/div><\/div>\n\n\n\n<div class=\"wp-block-getwid-tabs__nav-link\"><span class=\"wp-block-getwid-tabs__title-wrapper\"><a href=\"#\"><span class=\"wp-block-getwid-tabs__title\">Festes Populars<\/span><\/a><\/span><\/div><div class=\"wp-block-getwid-tabs__tab-content-wrapper\"><div class=\"wp-block-getwid-tabs__tab-content\">\n<p><p style=\"text-align: justify;\"><strong>Sant Sebasti\u00e0<\/strong>: La festivitat de Sant Sebasti\u00e0, patr\u00f3 de la localitat, es celebra cada 20 de gener. Normalment els actes festius del mat\u00ed contemplen la missa a l&#8217;ermita del sant, amb l&#8217;ofrena per part del poble, el cant dels goigs del Sant i el repartiment dels panets bene\u00efts. A continuaci\u00f3 tenen lloc actes per la mainada o ballades de sardanes, acabant la festa amb un llu\u00eft ball de tarda.<\/p><\/p>\n\n\n\n<p><p style=\"text-align: justify;\">La festivitat de <strong>Carnestoltes<\/strong> es celebra el dissabte de Carnaval amb la matan\u00e7a del porc, una rua pels carrers, sopar popular i ball de disfresses.<\/p><\/p>\n\n\n\n<p><p style=\"text-align: justify;\">Per <strong>Sant Jordi<\/strong> es realitzen les principals activitats de la Setmana Cultural de la localitat que compta amb diferents activitats com sardanes, confer\u00e8ncies, tert\u00falies, concursos literaris, etc<\/p><\/p>\n\n\n\n<p><p style=\"text-align: justify;\"><strong>El Roser<\/strong>: La Festa del Roser \u00e9s una festivitat que es realitza al segon cap de setmana de maig. El diumenge es celebra La Festa del Bandoler, amb esmorzar per a tothom, representacions teatrals, la recapta per les cases del poble, un dinar popular, cercavila, concert de m\u00fasica tradicional, tot en un ambient que ens retorna al segle XVII, conjuntament amb la gent vestida de l&#8217;\u00e8poca, amb demostracions d&#8217;oficis i paradetes que ambienten la pla\u00e7a.<\/p><\/p>\n\n\n\n<p>La revetlla de <strong>Sant Joan<\/strong> es celebra a la localitat amb la t\u00edpica foguera i la revetlla a la nit.<\/p>\n\n\n\n<p><strong>Festa Major<\/strong>: \u00c9s la festa gran de la localitat. Durant tres dies, al Juliol, pels volts de Santa Ma Magdalena, s&#8217;organitzen tota una s\u00e8rie d&#8217;actes com exposicions, representacions teatrals, competicions esportives, activitats l\u00fadiques per a la mainada i ball.<\/p>\n\n\n\n<p>L&#8217;<strong>Onze de Setembre<\/strong> es celebra amb l&#8217;ofrena al monument i una sardinada popular.<\/p>\n\n\n\n<p>Per <strong>Nadal<\/strong> s&#8217;organitzen a la localitat totes les activitats pr\u00f2pies d&#8217;aquestes dates, amb representacions teatrals, concerts nadalencs, la cavalcada de Reis i exposicions de pessebres.<\/p>\n\n\n\n<p>Cal destacar la col\u00b7laboraci\u00f3 de les diverses entitats locals en la celebraci\u00f3 de les diferents actes festius.<\/p>\n<\/div><\/div>\n\n\n\n<div class=\"wp-block-getwid-tabs__nav-link\"><span class=\"wp-block-getwid-tabs__title-wrapper\"><a href=\"#\"><span class=\"wp-block-getwid-tabs__title\">Entitats Culturals i Esportives<\/span><\/a><\/span><\/div><div class=\"wp-block-getwid-tabs__tab-content-wrapper\"><div class=\"wp-block-getwid-tabs__tab-content\">\n<p>L&#8217;Agrupaci\u00f3 <strong>Coral Flors d&#8217;Urgell<\/strong> es fund\u00e0 al 1.926 i la seva activitat principal \u00e9s la de cantar Caramelles per Pasqua Florida, a part de realitzar cantades per Nadal i alguna que altra trobada a la localitat amb altres entitats corals. Actualment. entre homes i dones consta d&#8217;una quarantena de cantaires<\/p>\n\n\n\n<p>L&#8217;<strong>Escola Municipal de M\u00fasica<\/strong>, depenent d&#8217;una comissi\u00f3, imparteix l&#8217;ensenyament musical tant de lectura musical com de diferents instruments. Actualment compta amb 5 profesors i una trentena d&#8217;alumnes<\/p>\n\n\n\n<p><strong>Agrupaci\u00f3 Teatral&nbsp; Pecats Teatrals<\/strong>, com el seu nom indica, es limita a les representacions teatrals a la localitat. Actualment hi ha una dotzena de figurants.<\/p>\n\n\n\n<p>L&#8217;<strong>AFA<\/strong>, Associaci\u00f3 de Mares i Pares de l&#8217;Escola El Terrall organitza activitats per als alumnes del centre afiliats a l&#8217;associaci\u00f3, per\u00f2 sempre amb una vessant oberta a la localitat. S&#8217;organitza tot tipus d&#8217;activitats des de manuals, teatre, sardanes, esportives, etc<\/p>\n\n\n\n<p>L\u2019<strong>Esplai de Castellser\u00e0<\/strong> realitza activitats l\u00fadiques per a la mainada i organitza els campaments d\u2019estiu.<\/p>\n\n\n\n<p>L&#8217;<strong>Associaci\u00f3 de Dones l\u2019Esclat<\/strong> organitza activitats de tot tipus, culturals, manuals i l\u00fadiques per a les seves associades i per a tothom que hi vulgui participar, per\u00f2 sempre amb incid\u00e8ncia a la localitat<\/p>\n\n\n\n<p>Les <strong>Puntaires<\/strong> realitzen la seva activitat amb trobades en diferents localitats i a Castellser\u00e0 durant les festes del Roser<\/p>\n\n\n\n<p>La<strong> Llar de Jubilats<\/strong>, el Niu de la Tercera Edat realitza activitats culturals i recreatives per als jubilats associats.<\/p>\n\n\n\n<p>L&#8217;<strong>At. Club de Futbol<\/strong>. Actualment nom\u00e9s realitzen competicions de futbol els veterans.<\/p>\n\n\n\n<p>El <strong>Club Karate<\/strong> organitza activitats de karate per a la mainada i tamb\u00e9 gimn\u00e0stica per a adults<\/p>\n\n\n\n<p>L&#8217;<strong>Escola de Futbol Urgell<\/strong>, d&#8217;\u00e0mbit comarcal, realitza a la localitat trobades i competicions esportives de futbol i de b\u00e0squet per a les categories benjamins, infantils i cadets<\/p>\n\n\n\n<p>La<strong> Societat de Ca\u00e7adors Sant Sebasti\u00e0<\/strong> realitza activitats per als seus socis dins de l&#8217;esport de la ca\u00e7a o del tir al blanc.<\/p>\n\n\n\n<p>El <strong>Grup Excursionista<\/strong> organitza sortides a la natura, escalada, esports d&#8217;aventura arreu del pa\u00eds per als seus associats.<\/p>\n\n\n\n<p>La <strong>Cooperativa del Camp<\/strong> s&#8217;encarrega de comercialitzar els productes dels seus associats i compta amb el servei de producci\u00f3 i subministrament de pinso per als ramaders que en s\u00f3n socis.<\/p>\n\n\n\n<p><strong>Fruturgell<\/strong>, com a entitat frut\u00edcola, tamb\u00e9 amb abonats d&#8217;altres localitats, s&#8217;encarrega de comercialitzar els productes fruiters dels seus socis<\/p>\n\n\n\n<p>L&#8217;<strong>Associaci\u00f3 cultural &#8220;Lo Perot&#8221;<\/strong> organitza les activitats de la Festa del Bandoler.<\/p>\n\n\n\n<p><strong>A Peu de Serra<\/strong>, \u00e9s l&#8217;entitat que edita la revista mensual local que porta el mateix nom. Tamb\u00e9 realitza activitats culturals.<\/p>\n<\/div><\/div>\n\n\n\n<div class=\"wp-block-getwid-tabs__nav-link\"><span class=\"wp-block-getwid-tabs__title-wrapper\"><a href=\"#\"><span class=\"wp-block-getwid-tabs__title\">Monuments hist\u00f2rics<\/span><\/a><\/span><\/div><div class=\"wp-block-getwid-tabs__tab-content-wrapper\"><div class=\"wp-block-getwid-tabs__tab-content\">\n<p><strong>Esgl\u00e9sia Parroquial de Sta. Magdalena<\/strong>: Edificada a finals del S. XVI, amb reformes del S. XVIII. D&#8217;una sola nau, amb capelles laterals. \u00c9s un edifici constru\u00eft amb carreus de pedra tallada. La portalada \u00e9s d\u2019arc de mig punt amb dovelles. A sobre hi ha un motiu decoratiu format per dues columnes i un timp\u00e0, els quals emmarquen una verge amb el nen. De la fa\u00e7ana destaca el roset\u00f3 amb ornaments geom\u00e8trics. El campanar \u00e9s de base quadrada i a la part superior hexagonal, amb una finestra per cara i coronat per una petita terrassa d\u2019on surten g\u00e0rgoles en forma de figures humanes i d\u2019animals.<\/p>\n\n\n\n<p><strong>Creu del Terme<\/strong>: S. XVI-XVIII. A la creu s&#8217;hi representen en una cara la figura de Crist Redemptor i en l&#8217;altra la figura de Maria, envoltada d&#8217;\u00e0ngels, tenint les puntes de la creu unides per ornaments entrella\u00e7ats. La llanterna est\u00e0 formada per un fris amb vuit capelletes amb diferents sants a cada una d&#8217;elles, entre els quals es pot odentificar a St. Miquel, St. Joan, St. Roc i&nbsp; St. Pere. Totes aquestes figures estan ornamentades amb dosserets que dibuixen columnetes, lla\u00e7ades, creus, etc i recolzades sobre una cornisa decorada amb \u00e0ngels, escuts i motius geom\u00e8trics.<\/p>\n\n\n\n<p><strong>La Panera<\/strong>. Antic magatzem del Monestir de Poblet. Fou constru\u00eft al segle XVI per l&#8217;abat Dom\u00e8nec Porta. \u00c9s un edifici de carreus de pedra tallada, actualment reconstru\u00eft. La portada \u00e9s de mig punt amb dovelles, destacant la central amb l&#8217;escut de l&#8217;abat Porta. Consta d&#8217;una planta baixa i un pis sota mateix de la teulada. Cal destacar unes finestres amb unes reixes de ferro forjat a l&#8217;exterior, les columnes i l&#8217;embigat de fusta de l&#8217;interior.<\/p>\n\n\n\n<p><strong>Ermita de St. Sebasti\u00e0<\/strong>: Reformada l&#8217;any 1786, amb paredat com\u00fa. En mig de l&#8217;arc de la portalada hi ha incrustat un gran escut amb un cor travessat per fletxes i ornamentat amb motius geom\u00e8trics i vegetals. Damunt hi ha un petit roset\u00f3, coronant la fa\u00e7ana un petit campanar d&#8217;espadanya amb una campana.<\/p>\n\n\n\n<p><strong>Cal Tarragona<\/strong>, \u00e9s una casa pairal catalana constru\u00efda a principis del S XVII d&#8217;estil renaixentista. L&#8217;edifici consta de planta baixa, primer pis i golfes. La fa\u00e7ana est\u00e0 feta amb carreus de pedra ben tallada, destacant els encoixinats de la portada. Al primer pis s&#8217;hi troba un balc\u00f3 amb dues portes i quatre finestres allisades. Les golfes tenen unes obertures t\u00edpiques del pa\u00eds. A l&#8217;interior cal fer esment d&#8217;una sala noble i dues alcoves. Actualment, s&#8217;hi troben les instal\u00b7lacions del Mag Lari.<\/p>\n<\/div><\/div>\n<\/div>\n\n\n\n<p><\/p>\n","protected":false},"excerpt":{"rendered":"","protected":false},"author":1,"featured_media":0,"parent":266,"menu_order":2,"comment_status":"closed","ping_status":"closed","template":"","meta":{"_bbp_topic_count":0,"_bbp_reply_count":0,"_bbp_total_topic_count":0,"_bbp_total_reply_count":0,"_bbp_voice_count":0,"_bbp_anonymous_reply_count":0,"_bbp_topic_count_hidden":0,"_bbp_reply_count_hidden":0,"_bbp_forum_subforum_count":0,"site-sidebar-layout":"default","site-content-layout":"","ast-site-content-layout":"default","site-content-style":"default","site-sidebar-style":"default","ast-global-header-display":"","ast-banner-title-visibility":"","ast-main-header-display":"","ast-hfb-above-header-display":"","ast-hfb-below-header-display":"","ast-hfb-mobile-header-display":"","site-post-title":"","ast-breadcrumbs-content":"","ast-featured-img":"","footer-sml-layout":"","theme-transparent-header-meta":"","adv-header-id-meta":"","stick-header-meta":"","header-above-stick-meta":"","header-main-stick-meta":"","header-below-stick-meta":"","astra-migrate-meta-layouts":"set","ast-page-background-enabled":"default","ast-page-background-meta":{"desktop":{"background-color":"var(--ast-global-color-4)","background-image":"","background-repeat":"repeat","background-position":"center center","background-size":"auto","background-attachment":"scroll","background-type":"","background-media":"","overlay-type":"","overlay-color":"","overlay-opacity":"","overlay-gradient":""},"tablet":{"background-color":"","background-image":"","background-repeat":"repeat","background-position":"center center","background-size":"auto","background-attachment":"scroll","background-type":"","background-media":"","overlay-type":"","overlay-color":"","overlay-opacity":"","overlay-gradient":""},"mobile":{"background-color":"","background-image":"","background-repeat":"repeat","background-position":"center center","background-size":"auto","background-attachment":"scroll","background-type":"","background-media":"","overlay-type":"","overlay-color":"","overlay-opacity":"","overlay-gradient":""}},"ast-content-background-meta":{"desktop":{"background-color":"var(--ast-global-color-5)","background-image":"","background-repeat":"repeat","background-position":"center center","background-size":"auto","background-attachment":"scroll","background-type":"","background-media":"","overlay-type":"","overlay-color":"","overlay-opacity":"","overlay-gradient":""},"tablet":{"background-color":"var(--ast-global-color-5)","background-image":"","background-repeat":"repeat","background-position":"center center","background-size":"auto","background-attachment":"scroll","background-type":"","background-media":"","overlay-type":"","overlay-color":"","overlay-opacity":"","overlay-gradient":""},"mobile":{"background-color":"var(--ast-global-color-5)","background-image":"","background-repeat":"repeat","background-position":"center center","background-size":"auto","background-attachment":"scroll","background-type":"","background-media":"","overlay-type":"","overlay-color":"","overlay-opacity":"","overlay-gradient":""}},"footnotes":""},"class_list":["post-272","page","type-page","status-publish","hentry"],"post_mailing_queue_ids":[],"_links":{"self":[{"href":"https:\/\/agora.xtec.cat\/zerespernallac\/wp-json\/wp\/v2\/pages\/272","targetHints":{"allow":["GET"]}}],"collection":[{"href":"https:\/\/agora.xtec.cat\/zerespernallac\/wp-json\/wp\/v2\/pages"}],"about":[{"href":"https:\/\/agora.xtec.cat\/zerespernallac\/wp-json\/wp\/v2\/types\/page"}],"author":[{"embeddable":true,"href":"https:\/\/agora.xtec.cat\/zerespernallac\/wp-json\/wp\/v2\/users\/1"}],"replies":[{"embeddable":true,"href":"https:\/\/agora.xtec.cat\/zerespernallac\/wp-json\/wp\/v2\/comments?post=272"}],"version-history":[{"count":6,"href":"https:\/\/agora.xtec.cat\/zerespernallac\/wp-json\/wp\/v2\/pages\/272\/revisions"}],"predecessor-version":[{"id":4767,"href":"https:\/\/agora.xtec.cat\/zerespernallac\/wp-json\/wp\/v2\/pages\/272\/revisions\/4767"}],"up":[{"embeddable":true,"href":"https:\/\/agora.xtec.cat\/zerespernallac\/wp-json\/wp\/v2\/pages\/266"}],"wp:attachment":[{"href":"https:\/\/agora.xtec.cat\/zerespernallac\/wp-json\/wp\/v2\/media?parent=272"}],"curies":[{"name":"wp","href":"https:\/\/api.w.org\/{rel}","templated":true}]}}