{"id":261,"date":"2015-07-20T13:05:00","date_gmt":"2015-07-20T12:05:00","guid":{"rendered":"http:\/\/agora.xtec.cat\/zerespernallac\/?page_id=261"},"modified":"2025-12-14T18:36:09","modified_gmt":"2025-12-14T17:36:09","slug":"qui-som","status":"publish","type":"page","link":"https:\/\/agora.xtec.cat\/zerespernallac\/escola-alfa\/qui-som\/","title":{"rendered":"Informaci\u00f3 municipal"},"content":{"rendered":"\n<div class=\"wp-block-getwid-tabs\" data-active-tab=\"0\"><ul class=\"wp-block-getwid-tabs__nav-links\"><\/ul>\n<div class=\"wp-block-getwid-tabs__nav-link\"><span class=\"wp-block-getwid-tabs__title-wrapper\"><a href=\"#\"><span class=\"wp-block-getwid-tabs__title\">Conreu i ramaderia<\/span><\/a><\/span><\/div><div class=\"wp-block-getwid-tabs__tab-content-wrapper\"><div class=\"wp-block-getwid-tabs__tab-content\">\n<p><p style=\"text-align: justify;\">El canal d\u2019Urgell rega el terme i fa possible una agricultura de regadiu: blat, alfals, blat de moro i arbres fruiters. A les terres de sec\u00e0 es conrea els cereals.&nbsp;Quant a la ramaderia es cria sobretot al bestiar porc\u00ed i l\u2019aviram.<\/p><\/p>\n<\/div><\/div>\n\n\n\n<div class=\"wp-block-getwid-tabs__nav-link\"><span class=\"wp-block-getwid-tabs__title-wrapper\"><a href=\"#\"><span class=\"wp-block-getwid-tabs__title\">Demografia<\/span><\/a><\/span><\/div><div class=\"wp-block-getwid-tabs__tab-content-wrapper\"><div class=\"wp-block-getwid-tabs__tab-content\">\n<p><p style=\"text-align: justify;\">En un per\u00edode de 100 anys, la poblaci\u00f3 ha disminu\u00eft a la meitat. Actualment el poble t\u00e9 237 habitants. L\u2019extensi\u00f3 del terme municipal \u00e9s d\u2019uns 5 km quadrats.<\/p><\/p>\n<\/div><\/div>\n\n\n\n<div class=\"wp-block-getwid-tabs__nav-link\"><span class=\"wp-block-getwid-tabs__title-wrapper\"><a href=\"#\"><span class=\"wp-block-getwid-tabs__title\">Festes populars<\/span><\/a><\/span><\/div><div class=\"wp-block-getwid-tabs__tab-content-wrapper\"><div class=\"wp-block-getwid-tabs__tab-content\">\n<p><p style=\"text-align: justify;\">La Festa del Roser, el segon diumenge de maig.&nbsp;La Festa Major, el tercer diumenge d\u2019agost en honor al Patr\u00f3 del poble: Sant Bartomeu. L\u2019\u00faltim dia, es fa un sopar tradicional on el menjar \u00e9s la sardina i acostuma a aplegar centenars de persones. La Festa de la Sardinada t\u00e9 el seu inici a l\u2019any 1987.<\/p><\/p>\n<\/div><\/div>\n\n\n\n<div class=\"wp-block-getwid-tabs__nav-link\"><span class=\"wp-block-getwid-tabs__title-wrapper\"><a href=\"#\"><span class=\"wp-block-getwid-tabs__title\">Activitats culturals<\/span><\/a><\/span><\/div><div class=\"wp-block-getwid-tabs__tab-content-wrapper\"><div class=\"wp-block-getwid-tabs__tab-content\">\n<p><p style=\"text-align: justify;\">Hi ha un grup de teatre, \u201cEls Puputs\u201d, format per un grup de persones del poble que representen obres molt divertides.<\/p><\/p>\n<\/div><\/div>\n\n\n\n<div class=\"wp-block-getwid-tabs__nav-link\"><span class=\"wp-block-getwid-tabs__title-wrapper\"><a href=\"#\"><span class=\"wp-block-getwid-tabs__title\">Hist\u00f2ria del poble<\/span><\/a><\/span><\/div><div class=\"wp-block-getwid-tabs__tab-content-wrapper\"><div class=\"wp-block-getwid-tabs__tab-content\">\n<p><p style=\"text-align: justify;\">Lloc estrat\u00e8gic conquerit segurament durant el comptat d\u2019Ermengol IV (1066-1092). Va pert\u00e0nyer al monestir de Poblet, a la vegueria de Lleida i despr\u00e9s del 1836 va formar part del partit Judicial de Balaguer.<\/p><\/p>\n<\/div><\/div>\n\n\n\n<div class=\"wp-block-getwid-tabs__nav-link\"><span class=\"wp-block-getwid-tabs__title-wrapper\"><a href=\"#\"><span class=\"wp-block-getwid-tabs__title\">Entitats municipals<\/span><\/a><\/span><\/div><div class=\"wp-block-getwid-tabs__tab-content-wrapper\"><div class=\"wp-block-getwid-tabs__tab-content\">\n<ul class=\"wp-block-list\">\n<p style=\"text-align: justify;\"><li><strong>Assemblea de Joves de Bellmunt d&#8217;Urgell. <\/strong>&#8211;> Entitat que hi ha el jovent del poble i que fan activitats al llarg de l&#8217;any.<\/li>\n<\/ul>\n\n\n\n<ul class=\"wp-block-list\">\n<p style=\"text-align: justify;\"><li><strong>Associaci\u00f3 de Dones Les Rosselles<\/strong> &#8211;> Entitat destinada a la dona i que fan activitats al llarg de l&#8217;any.<\/li>\n<\/ul>\n\n\n\n<ul class=\"wp-block-list\">\n<p style=\"text-align: justify;\"><li><strong>Associaci\u00f3 de gent gran l&#8217;Espia d&#8217;Urgell<\/strong> &#8211;> Entitat que hi participa les persones de la tercera edat i que es reuneixen al Local Social de Bellmunt d&#8217;Urgell.<\/li>\n<\/ul>\n\n\n\n<ul class=\"wp-block-list\">\n<p style=\"text-align: justify;\"><li><strong>AFA Escola Sant Bartomeu <\/strong>&#8211;> Associaci\u00f3 de Fam\u00edlies de l&#8217;Escola que realitzen diferents activitats al llarg de l&#8217;any pel municipi.<\/li>\n<\/ul>\n<\/div><\/div>\n\n\n\n<div class=\"wp-block-getwid-tabs__nav-link\"><span class=\"wp-block-getwid-tabs__title-wrapper\"><a href=\"#\"><span class=\"wp-block-getwid-tabs__title\">Monuments hist\u00f2rics<\/span><\/a><\/span><\/div><div class=\"wp-block-getwid-tabs__tab-content-wrapper\"><div class=\"wp-block-getwid-tabs__tab-content\">\n<p><p style=\"text-align: justify;\">L\u2019<strong>esgl\u00e9sia<\/strong>, dedicada a Sant Josep, est\u00e0 situada al Carrer Major. Data del segle XVI i \u00e9s d\u2019estructura&nbsp; g\u00f2tico-renaixentista. A l\u2019interior hi ha quatre capelles o altars laterals on tenen veneraci\u00f3 la Mare de D\u00e9u, el Sant Crist, Sant Bartomeu i Sant Llop. A Sant Llop es feu el vot de festivitat si la poblaci\u00f3 es veia lliure del c\u00f2lera i es celebra la Festa el dia 1 de setembre.<\/p><\/p>\n\n\n\n<p><p style=\"text-align: justify;\">Edifici de pedra anomenat \u201c<strong>La botigueta<\/strong>\u201d. Aqu\u00ed hi portaven els monjos desterrats de Poblet. En una finestra s\u2019hi conserva encara l\u2019escut de la seva ordre.<\/p><\/p>\n\n\n\n<p><p style=\"text-align: justify;\"><strong>La Font del poble<\/strong>: Font constru\u00efda l\u2019any 1929 en commemoraci\u00f3 de la pujada de l\u2019aigua al poble. Fins aquell moment havien d\u2019anar a rentar la roba al safareig municipal que era bastant lluny.<\/p><\/p>\n\n\n\n<p><p style=\"text-align: justify;\">La <strong>torre de vigil\u00e0ncia<\/strong>, prop de l\u2019esgl\u00e9sia, que es va enderrocar al segle XIX amb certes dificultats pel gruix considerable dels seus murs.<\/p><\/p>\n<\/div><\/div>\n<\/div>\n\n\n\n<p><\/p>\n","protected":false},"excerpt":{"rendered":"","protected":false},"author":1,"featured_media":0,"parent":264,"menu_order":2,"comment_status":"closed","ping_status":"closed","template":"","meta":{"_bbp_topic_count":0,"_bbp_reply_count":0,"_bbp_total_topic_count":0,"_bbp_total_reply_count":0,"_bbp_voice_count":0,"_bbp_anonymous_reply_count":0,"_bbp_topic_count_hidden":0,"_bbp_reply_count_hidden":0,"_bbp_forum_subforum_count":0,"site-sidebar-layout":"default","site-content-layout":"","ast-site-content-layout":"default","site-content-style":"default","site-sidebar-style":"default","ast-global-header-display":"","ast-banner-title-visibility":"","ast-main-header-display":"","ast-hfb-above-header-display":"","ast-hfb-below-header-display":"","ast-hfb-mobile-header-display":"","site-post-title":"","ast-breadcrumbs-content":"","ast-featured-img":"","footer-sml-layout":"","theme-transparent-header-meta":"","adv-header-id-meta":"","stick-header-meta":"","header-above-stick-meta":"","header-main-stick-meta":"","header-below-stick-meta":"","astra-migrate-meta-layouts":"set","ast-page-background-enabled":"default","ast-page-background-meta":{"desktop":{"background-color":"var(--ast-global-color-4)","background-image":"","background-repeat":"repeat","background-position":"center center","background-size":"auto","background-attachment":"scroll","background-type":"","background-media":"","overlay-type":"","overlay-color":"","overlay-opacity":"","overlay-gradient":""},"tablet":{"background-color":"","background-image":"","background-repeat":"repeat","background-position":"center center","background-size":"auto","background-attachment":"scroll","background-type":"","background-media":"","overlay-type":"","overlay-color":"","overlay-opacity":"","overlay-gradient":""},"mobile":{"background-color":"","background-image":"","background-repeat":"repeat","background-position":"center center","background-size":"auto","background-attachment":"scroll","background-type":"","background-media":"","overlay-type":"","overlay-color":"","overlay-opacity":"","overlay-gradient":""}},"ast-content-background-meta":{"desktop":{"background-color":"var(--ast-global-color-5)","background-image":"","background-repeat":"repeat","background-position":"center center","background-size":"auto","background-attachment":"scroll","background-type":"","background-media":"","overlay-type":"","overlay-color":"","overlay-opacity":"","overlay-gradient":""},"tablet":{"background-color":"var(--ast-global-color-5)","background-image":"","background-repeat":"repeat","background-position":"center center","background-size":"auto","background-attachment":"scroll","background-type":"","background-media":"","overlay-type":"","overlay-color":"","overlay-opacity":"","overlay-gradient":""},"mobile":{"background-color":"var(--ast-global-color-5)","background-image":"","background-repeat":"repeat","background-position":"center center","background-size":"auto","background-attachment":"scroll","background-type":"","background-media":"","overlay-type":"","overlay-color":"","overlay-opacity":"","overlay-gradient":""}},"footnotes":""},"class_list":["post-261","page","type-page","status-publish","hentry"],"post_mailing_queue_ids":[],"_links":{"self":[{"href":"https:\/\/agora.xtec.cat\/zerespernallac\/wp-json\/wp\/v2\/pages\/261","targetHints":{"allow":["GET"]}}],"collection":[{"href":"https:\/\/agora.xtec.cat\/zerespernallac\/wp-json\/wp\/v2\/pages"}],"about":[{"href":"https:\/\/agora.xtec.cat\/zerespernallac\/wp-json\/wp\/v2\/types\/page"}],"author":[{"embeddable":true,"href":"https:\/\/agora.xtec.cat\/zerespernallac\/wp-json\/wp\/v2\/users\/1"}],"replies":[{"embeddable":true,"href":"https:\/\/agora.xtec.cat\/zerespernallac\/wp-json\/wp\/v2\/comments?post=261"}],"version-history":[{"count":6,"href":"https:\/\/agora.xtec.cat\/zerespernallac\/wp-json\/wp\/v2\/pages\/261\/revisions"}],"predecessor-version":[{"id":4774,"href":"https:\/\/agora.xtec.cat\/zerespernallac\/wp-json\/wp\/v2\/pages\/261\/revisions\/4774"}],"up":[{"embeddable":true,"href":"https:\/\/agora.xtec.cat\/zerespernallac\/wp-json\/wp\/v2\/pages\/264"}],"wp:attachment":[{"href":"https:\/\/agora.xtec.cat\/zerespernallac\/wp-json\/wp\/v2\/media?parent=261"}],"curies":[{"name":"wp","href":"https:\/\/api.w.org\/{rel}","templated":true}]}}