{"id":2827,"date":"2025-07-25T11:20:41","date_gmt":"2025-07-25T09:20:41","guid":{"rendered":"https:\/\/agora.xtec.cat\/zereral\/?page_id=2827"},"modified":"2025-07-25T11:23:00","modified_gmt":"2025-07-25T09:23:00","slug":"qui-som","status":"publish","type":"page","link":"https:\/\/agora.xtec.cat\/zereral\/la-zer\/qui-som\/","title":{"rendered":"Qui som?"},"content":{"rendered":"<h6>Equip directiu de la ZER<\/h6>\n<ul style=\"list-style-type: square;\">\n<li>Directora: S\u00edlvia Escol\u00e0<\/li>\n<li>Cap d&#8217;estudis: Annabel Cerezo<\/li>\n<li>Secret\u00e0ria: Isabel Vidal<\/li>\n<\/ul>\n<h6>Direcci\u00f3 de les escoles:<\/h6>\n<ul style=\"list-style-type: square;\">\n<li>Escola la Dula: S\u00edlvia Escol\u00e0<\/li>\n<li>Escola d&#8217;Alf\u00e9s: Anna Campanera<\/li>\n<li>Escola la Roca: Isabel Vidal<\/li>\n<li>Escola de Sunyer: Montse Rodr\u00edguez<\/li>\n<li>Escola de Torrebesses: Annabel Cerezo<\/li>\n<\/ul>\n","protected":false},"excerpt":{"rendered":"<p>Equip directiu de la ZER Directora: S\u00edlvia Escol\u00e0 Cap d&#8217;estudis: Annabel Cerezo Secret\u00e0ria: Isabel Vidal Direcci\u00f3 de les escoles: Escola la Dula: S\u00edlvia Escol\u00e0 Escola d&#8217;Alf\u00e9s: Anna Campanera Escola la Roca: Isabel Vidal Escola de Sunyer: Montse Rodr\u00edguez Escola de Torrebesses: Annabel Cerezo<\/p>\n","protected":false},"author":1,"featured_media":0,"parent":2813,"menu_order":0,"comment_status":"closed","ping_status":"closed","template":"","meta":{"_bbp_topic_count":0,"_bbp_reply_count":0,"_bbp_total_topic_count":0,"_bbp_total_reply_count":0,"_bbp_voice_count":0,"_bbp_anonymous_reply_count":0,"_bbp_topic_count_hidden":0,"_bbp_reply_count_hidden":0,"_bbp_forum_subforum_count":0,"site-sidebar-layout":"left-sidebar","site-content-layout":"","ast-site-content-layout":"normal-width-container","site-content-style":"unboxed","site-sidebar-style":"default","ast-global-header-display":"","ast-banner-title-visibility":"","ast-main-header-display":"","ast-hfb-above-header-display":"","ast-hfb-below-header-display":"","ast-hfb-mobile-header-display":"","site-post-title":"","ast-breadcrumbs-content":"","ast-featured-img":"","footer-sml-layout":"","theme-transparent-header-meta":"default","adv-header-id-meta":"","stick-header-meta":"","header-above-stick-meta":"","header-main-stick-meta":"","header-below-stick-meta":"","astra-migrate-meta-layouts":"set","ast-page-background-enabled":"default","ast-page-background-meta":{"desktop":{"background-color":"var(--ast-global-color-4)","background-image":"","background-repeat":"repeat","background-position":"center center","background-size":"auto","background-attachment":"scroll","background-type":"","background-media":"","overlay-type":"","overlay-color":"","overlay-opacity":"","overlay-gradient":""},"tablet":{"background-color":"","background-image":"","background-repeat":"repeat","background-position":"center center","background-size":"auto","background-attachment":"scroll","background-type":"","background-media":"","overlay-type":"","overlay-color":"","overlay-opacity":"","overlay-gradient":""},"mobile":{"background-color":"","background-image":"","background-repeat":"repeat","background-position":"center center","background-size":"auto","background-attachment":"scroll","background-type":"","background-media":"","overlay-type":"","overlay-color":"","overlay-opacity":"","overlay-gradient":""}},"ast-content-background-meta":{"desktop":{"background-color":"var(--ast-global-color-5)","background-image":"","background-repeat":"repeat","background-position":"center center","background-size":"auto","background-attachment":"scroll","background-type":"","background-media":"","overlay-type":"","overlay-color":"","overlay-opacity":"","overlay-gradient":""},"tablet":{"background-color":"var(--ast-global-color-5)","background-image":"","background-repeat":"repeat","background-position":"center center","background-size":"auto","background-attachment":"scroll","background-type":"","background-media":"","overlay-type":"","overlay-color":"","overlay-opacity":"","overlay-gradient":""},"mobile":{"background-color":"var(--ast-global-color-5)","background-image":"","background-repeat":"repeat","background-position":"center center","background-size":"auto","background-attachment":"scroll","background-type":"","background-media":"","overlay-type":"","overlay-color":"","overlay-opacity":"","overlay-gradient":""}},"footnotes":""},"class_list":["post-2827","page","type-page","status-publish","hentry"],"post_mailing_queue_ids":[],"_links":{"self":[{"href":"https:\/\/agora.xtec.cat\/zereral\/wp-json\/wp\/v2\/pages\/2827","targetHints":{"allow":["GET"]}}],"collection":[{"href":"https:\/\/agora.xtec.cat\/zereral\/wp-json\/wp\/v2\/pages"}],"about":[{"href":"https:\/\/agora.xtec.cat\/zereral\/wp-json\/wp\/v2\/types\/page"}],"author":[{"embeddable":true,"href":"https:\/\/agora.xtec.cat\/zereral\/wp-json\/wp\/v2\/users\/1"}],"replies":[{"embeddable":true,"href":"https:\/\/agora.xtec.cat\/zereral\/wp-json\/wp\/v2\/comments?post=2827"}],"version-history":[{"count":2,"href":"https:\/\/agora.xtec.cat\/zereral\/wp-json\/wp\/v2\/pages\/2827\/revisions"}],"predecessor-version":[{"id":2830,"href":"https:\/\/agora.xtec.cat\/zereral\/wp-json\/wp\/v2\/pages\/2827\/revisions\/2830"}],"up":[{"embeddable":true,"href":"https:\/\/agora.xtec.cat\/zereral\/wp-json\/wp\/v2\/pages\/2813"}],"wp:attachment":[{"href":"https:\/\/agora.xtec.cat\/zereral\/wp-json\/wp\/v2\/media?parent=2827"}],"curies":[{"name":"wp","href":"https:\/\/api.w.org\/{rel}","templated":true}]}}