{"id":2754,"date":"2025-07-25T08:09:59","date_gmt":"2025-07-25T06:09:59","guid":{"rendered":"https:\/\/agora.xtec.cat\/zereral\/?page_id=2754"},"modified":"2025-07-25T09:54:59","modified_gmt":"2025-07-25T07:54:59","slug":"documents-per-les-families","status":"publish","type":"page","link":"https:\/\/agora.xtec.cat\/zereral\/documents-per-les-families\/","title":{"rendered":"Documents per les fam\u00edlies"},"content":{"rendered":"<p><a href=\"https:\/\/agora.xtec.cat\/zereral\/wp-content\/uploads\/usu677\/2025\/07\/Imatge-Autoritzacions.png\"><br \/>\n<img loading=\"lazy\" decoding=\"async\" class=\"size-full wp-image-2778 alignright\" src=\"https:\/\/agora.xtec.cat\/zereral\/wp-content\/uploads\/usu677\/2025\/07\/Imatge-Autoritzacions.png\" alt=\"\" width=\"402\" height=\"268\" srcset=\"https:\/\/agora.xtec.cat\/zereral\/wp-content\/uploads\/usu677\/2025\/07\/Imatge-Autoritzacions.png 402w, https:\/\/agora.xtec.cat\/zereral\/wp-content\/uploads\/usu677\/2025\/07\/Imatge-Autoritzacions-300x200.png 300w\" sizes=\"auto, (max-width: 402px) 100vw, 402px\" \/><\/a>Benvolgudes fam\u00edlies, podeu descarregar la documentaci\u00f3 que us faci falta.<\/p>\n<p><div class=\"wp-block-button\"><a class=\"wp-block-button__link has-text-align-center wp-element-button\" href=\"https:\/\/agora.xtec.cat\/zereral\/wp-content\/uploads\/usu677\/2025\/07\/Carta-compromis-25-26.pdf\" target=\"_blank\" rel=\"noreferrer noopener\">Carta de comprom\u00eds educatiu<\/a><\/div>\n<p><div class=\"wp-block-button\"><a class=\"wp-block-button__link has-text-align-center wp-element-button\" href=\"https:\/\/agora.xtec.cat\/zereral\/wp-content\/uploads\/usu677\/2025\/07\/Autoritzacio-inici-curs-25-26.pdf\" target=\"_blank\" rel=\"noreferrer noopener\">Autoritzacions inici de curs<\/a><\/div>\n<p><div class=\"wp-block-button\"><a class=\"wp-block-button__link has-text-align-center wp-element-button\" href=\"https:\/\/agora.xtec.cat\/zereral\/wp-content\/uploads\/usu677\/2025\/07\/Autoritzacio-imatge-25-26.pdf\" target=\"_blank\" rel=\"noreferrer noopener\">Autoritzaci\u00f3 de l&#8217;\u00fas de les imatges de l&#8217;alumnat<\/a><\/div>\n<p><div class=\"wp-block-button\"><a class=\"wp-block-button__link has-text-align-center wp-element-button\" href=\"https:\/\/agora.xtec.cat\/zereral\/wp-content\/uploads\/usu677\/2025\/07\/Autoritzacio-medicaments-25-26.pdf\" target=\"_blank\" rel=\"noreferrer noopener\">Autoritzaci\u00f3 per l&#8217;administraci\u00f3 de medicaments<\/a><\/div>\n<p><div class=\"wp-block-button\"><a class=\"wp-block-button__link has-text-align-center wp-element-button\" href=\"https:\/\/agora.xtec.cat\/zereral\/wp-content\/uploads\/usu677\/2025\/07\/Autoritzacio-Trobada-Sarroca-25-26.pdf\" target=\"_blank\" rel=\"noreferrer noopener\">Autoritzaci\u00f3 Trobada a Sarroca<\/a><\/div>\n<p><div class=\"wp-block-button\"><a class=\"wp-block-button__link has-text-align-center wp-element-button\" href=\"https:\/\/agora.xtec.cat\/zereral\/wp-content\/uploads\/usu677\/2025\/07\/Enquesta-salut-25-26.pdf\" target=\"_blank\" rel=\"noreferrer noopener\">Enquesta de salut<\/a><\/div>\n<p><div class=\"wp-block-button\"><a class=\"wp-block-button__link has-text-align-center wp-element-button\" href=\"https:\/\/agora.xtec.cat\/zereral\/wp-content\/uploads\/usu677\/2025\/07\/PREVISIO-D_ABSENTISME.pdf\" target=\"_blank\" rel=\"noreferrer noopener\">Previsi\u00f3 d&#8217;abs\u00e8ncia escolar<\/a><\/div>\n<div class=\"wp-block-button\"><\/div>\n<p>&nbsp;<\/p>\n","protected":false},"excerpt":{"rendered":"<p>Benvolgudes fam\u00edlies, podeu descarregar la documentaci\u00f3 que us faci falta. Carta de comprom\u00eds educatiu Autoritzacions inici de curs Autoritzaci\u00f3 de l&#8217;\u00fas de les imatges de l&#8217;alumnat Autoritzaci\u00f3 per l&#8217;administraci\u00f3 de medicaments Autoritzaci\u00f3 Trobada a Sarroca Enquesta de salut Previsi\u00f3 d&#8217;abs\u00e8ncia escolar &nbsp;<\/p>\n","protected":false},"author":1,"featured_media":0,"parent":0,"menu_order":0,"comment_status":"closed","ping_status":"closed","template":"","meta":{"_bbp_topic_count":0,"_bbp_reply_count":0,"_bbp_total_topic_count":0,"_bbp_total_reply_count":0,"_bbp_voice_count":0,"_bbp_anonymous_reply_count":0,"_bbp_topic_count_hidden":0,"_bbp_reply_count_hidden":0,"_bbp_forum_subforum_count":0,"site-sidebar-layout":"default","site-content-layout":"","ast-site-content-layout":"default","site-content-style":"default","site-sidebar-style":"default","ast-global-header-display":"","ast-banner-title-visibility":"","ast-main-header-display":"","ast-hfb-above-header-display":"","ast-hfb-below-header-display":"","ast-hfb-mobile-header-display":"","site-post-title":"","ast-breadcrumbs-content":"","ast-featured-img":"","footer-sml-layout":"","theme-transparent-header-meta":"default","adv-header-id-meta":"","stick-header-meta":"","header-above-stick-meta":"","header-main-stick-meta":"","header-below-stick-meta":"","astra-migrate-meta-layouts":"set","ast-page-background-enabled":"default","ast-page-background-meta":{"desktop":{"background-color":"var(--ast-global-color-4)","background-image":"","background-repeat":"repeat","background-position":"center center","background-size":"auto","background-attachment":"scroll","background-type":"","background-media":"","overlay-type":"","overlay-color":"","overlay-opacity":"","overlay-gradient":""},"tablet":{"background-color":"","background-image":"","background-repeat":"repeat","background-position":"center center","background-size":"auto","background-attachment":"scroll","background-type":"","background-media":"","overlay-type":"","overlay-color":"","overlay-opacity":"","overlay-gradient":""},"mobile":{"background-color":"","background-image":"","background-repeat":"repeat","background-position":"center center","background-size":"auto","background-attachment":"scroll","background-type":"","background-media":"","overlay-type":"","overlay-color":"","overlay-opacity":"","overlay-gradient":""}},"ast-content-background-meta":{"desktop":{"background-color":"var(--ast-global-color-5)","background-image":"","background-repeat":"repeat","background-position":"center center","background-size":"auto","background-attachment":"scroll","background-type":"","background-media":"","overlay-type":"","overlay-color":"","overlay-opacity":"","overlay-gradient":""},"tablet":{"background-color":"var(--ast-global-color-5)","background-image":"","background-repeat":"repeat","background-position":"center center","background-size":"auto","background-attachment":"scroll","background-type":"","background-media":"","overlay-type":"","overlay-color":"","overlay-opacity":"","overlay-gradient":""},"mobile":{"background-color":"var(--ast-global-color-5)","background-image":"","background-repeat":"repeat","background-position":"center center","background-size":"auto","background-attachment":"scroll","background-type":"","background-media":"","overlay-type":"","overlay-color":"","overlay-opacity":"","overlay-gradient":""}},"footnotes":""},"class_list":["post-2754","page","type-page","status-publish","hentry"],"post_mailing_queue_ids":[],"_links":{"self":[{"href":"https:\/\/agora.xtec.cat\/zereral\/wp-json\/wp\/v2\/pages\/2754","targetHints":{"allow":["GET"]}}],"collection":[{"href":"https:\/\/agora.xtec.cat\/zereral\/wp-json\/wp\/v2\/pages"}],"about":[{"href":"https:\/\/agora.xtec.cat\/zereral\/wp-json\/wp\/v2\/types\/page"}],"author":[{"embeddable":true,"href":"https:\/\/agora.xtec.cat\/zereral\/wp-json\/wp\/v2\/users\/1"}],"replies":[{"embeddable":true,"href":"https:\/\/agora.xtec.cat\/zereral\/wp-json\/wp\/v2\/comments?post=2754"}],"version-history":[{"count":7,"href":"https:\/\/agora.xtec.cat\/zereral\/wp-json\/wp\/v2\/pages\/2754\/revisions"}],"predecessor-version":[{"id":2810,"href":"https:\/\/agora.xtec.cat\/zereral\/wp-json\/wp\/v2\/pages\/2754\/revisions\/2810"}],"wp:attachment":[{"href":"https:\/\/agora.xtec.cat\/zereral\/wp-json\/wp\/v2\/media?parent=2754"}],"curies":[{"name":"wp","href":"https:\/\/api.w.org\/{rel}","templated":true}]}}