{"id":2729,"date":"2025-07-24T08:12:19","date_gmt":"2025-07-24T06:12:19","guid":{"rendered":"https:\/\/agora.xtec.cat\/zereral\/?page_id=2729"},"modified":"2025-07-25T09:59:18","modified_gmt":"2025-07-25T07:59:18","slug":"ajuntaments","status":"publish","type":"page","link":"https:\/\/agora.xtec.cat\/zereral\/ajuntaments\/","title":{"rendered":"Ajuntaments"},"content":{"rendered":"<p>Els Ajuntaments dels cinc pobles de la ZER, el Departament d\u2019Educaci\u00f3 i Formaci\u00f3 Professional i les fam\u00edlies, subvencionen la trobada setmanal de Sarroca de la ZER.<\/p>\n<table style=\"border-collapse: collapse; width: 100%;\">\n<tbody>\n<tr>\n<td style=\"width: 20%; text-align: center;\"><em>Ajuntament d&#8217;Alcan\u00f3<\/em><\/td>\n<td style=\"width: 20%; text-align: center;\"><em>Ajuntament d&#8217;Alf\u00e9s<\/em><\/td>\n<td style=\"width: 20%; text-align: center;\"><em>Ajuntament de Sarroca de Lleida<\/em><\/td>\n<td style=\"width: 20%; text-align: center;\"><em>Ajuntament de Sunyer<\/em><\/td>\n<td style=\"width: 20%; text-align: center;\"><em>Ajuntament de Torrebesses<\/em><\/td>\n<\/tr>\n<tr>\n<td style=\"width: 20%;\"><a href=\"https:\/\/www.alcano.cat\/\" target=\"_blank\" rel=\"noopener\"><img loading=\"lazy\" decoding=\"async\" class=\"size-full wp-image-2663 aligncenter\" src=\"https:\/\/agora.xtec.cat\/zereral\/wp-content\/uploads\/usu677\/2025\/07\/logo-alcano.png\" alt=\"\" width=\"160\" height=\"160\" srcset=\"https:\/\/agora.xtec.cat\/zereral\/wp-content\/uploads\/usu677\/2025\/07\/logo-alcano.png 160w, https:\/\/agora.xtec.cat\/zereral\/wp-content\/uploads\/usu677\/2025\/07\/logo-alcano-150x150.png 150w\" sizes=\"auto, (max-width: 160px) 100vw, 160px\" \/><\/a><\/td>\n<td style=\"width: 20%;\"><a href=\"https:\/\/alfes.cat\/\" target=\"_blank\" rel=\"noopener\"><img loading=\"lazy\" decoding=\"async\" class=\"size-full wp-image-2665 aligncenter\" src=\"https:\/\/agora.xtec.cat\/zereral\/wp-content\/uploads\/usu677\/2025\/07\/logo-alfes.png\" alt=\"\" width=\"160\" height=\"160\" srcset=\"https:\/\/agora.xtec.cat\/zereral\/wp-content\/uploads\/usu677\/2025\/07\/logo-alfes.png 160w, https:\/\/agora.xtec.cat\/zereral\/wp-content\/uploads\/usu677\/2025\/07\/logo-alfes-150x150.png 150w\" sizes=\"auto, (max-width: 160px) 100vw, 160px\" \/><\/a><\/td>\n<td style=\"width: 20%;\"><a href=\"https:\/\/sarrocalleida.ddl.net\/\" target=\"_blank\" rel=\"noopener\"><img loading=\"lazy\" decoding=\"async\" class=\"size-full wp-image-2666 aligncenter\" src=\"https:\/\/agora.xtec.cat\/zereral\/wp-content\/uploads\/usu677\/2025\/07\/logo_sarroca.png\" alt=\"\" width=\"133\" height=\"160\" \/><\/a><\/td>\n<td style=\"width: 20%;\"><a href=\"https:\/\/www.sunyer.cat\/\" target=\"_blank\" rel=\"noopener\"><img loading=\"lazy\" decoding=\"async\" class=\"size-full wp-image-2667 aligncenter\" src=\"https:\/\/agora.xtec.cat\/zereral\/wp-content\/uploads\/usu677\/2025\/07\/logo-sunyer.png\" alt=\"\" width=\"160\" height=\"160\" srcset=\"https:\/\/agora.xtec.cat\/zereral\/wp-content\/uploads\/usu677\/2025\/07\/logo-sunyer.png 160w, https:\/\/agora.xtec.cat\/zereral\/wp-content\/uploads\/usu677\/2025\/07\/logo-sunyer-150x150.png 150w\" sizes=\"auto, (max-width: 160px) 100vw, 160px\" \/><\/a><\/td>\n<td style=\"width: 20%;\"><a href=\"https:\/\/www.torrebesses.cat\/\" target=\"_blank\" rel=\"noopener\"><img loading=\"lazy\" decoding=\"async\" class=\"size-full wp-image-2670 aligncenter\" src=\"https:\/\/agora.xtec.cat\/zereral\/wp-content\/uploads\/usu677\/2025\/07\/logo-torrebesses160.png\" alt=\"\" width=\"115\" height=\"160\" \/><\/a><\/td>\n<\/tr>\n<\/tbody>\n<\/table>\n<p>&nbsp;<\/p>\n<p>&nbsp;<\/p>\n","protected":false},"excerpt":{"rendered":"<p>Els Ajuntaments dels cinc pobles de la ZER, el Departament d\u2019Educaci\u00f3 i Formaci\u00f3 Professional i les fam\u00edlies, subvencionen la trobada setmanal de Sarroca de la ZER. Ajuntament d&#8217;Alcan\u00f3 Ajuntament d&#8217;Alf\u00e9s Ajuntament de Sarroca de Lleida Ajuntament de Sunyer Ajuntament de Torrebesses &nbsp; &nbsp;<\/p>\n","protected":false},"author":1,"featured_media":0,"parent":0,"menu_order":0,"comment_status":"closed","ping_status":"closed","template":"","meta":{"_bbp_topic_count":0,"_bbp_reply_count":0,"_bbp_total_topic_count":0,"_bbp_total_reply_count":0,"_bbp_voice_count":0,"_bbp_anonymous_reply_count":0,"_bbp_topic_count_hidden":0,"_bbp_reply_count_hidden":0,"_bbp_forum_subforum_count":0,"site-sidebar-layout":"left-sidebar","site-content-layout":"","ast-site-content-layout":"normal-width-container","site-content-style":"unboxed","site-sidebar-style":"default","ast-global-header-display":"","ast-banner-title-visibility":"","ast-main-header-display":"","ast-hfb-above-header-display":"","ast-hfb-below-header-display":"","ast-hfb-mobile-header-display":"","site-post-title":"","ast-breadcrumbs-content":"","ast-featured-img":"","footer-sml-layout":"","theme-transparent-header-meta":"default","adv-header-id-meta":"","stick-header-meta":"","header-above-stick-meta":"","header-main-stick-meta":"","header-below-stick-meta":"","astra-migrate-meta-layouts":"set","ast-page-background-enabled":"default","ast-page-background-meta":{"desktop":{"background-color":"var(--ast-global-color-4)","background-image":"","background-repeat":"repeat","background-position":"center center","background-size":"auto","background-attachment":"scroll","background-type":"","background-media":"","overlay-type":"","overlay-color":"","overlay-opacity":"","overlay-gradient":""},"tablet":{"background-color":"","background-image":"","background-repeat":"repeat","background-position":"center center","background-size":"auto","background-attachment":"scroll","background-type":"","background-media":"","overlay-type":"","overlay-color":"","overlay-opacity":"","overlay-gradient":""},"mobile":{"background-color":"","background-image":"","background-repeat":"repeat","background-position":"center center","background-size":"auto","background-attachment":"scroll","background-type":"","background-media":"","overlay-type":"","overlay-color":"","overlay-opacity":"","overlay-gradient":""}},"ast-content-background-meta":{"desktop":{"background-color":"var(--ast-global-color-5)","background-image":"","background-repeat":"repeat","background-position":"center center","background-size":"auto","background-attachment":"scroll","background-type":"","background-media":"","overlay-type":"","overlay-color":"","overlay-opacity":"","overlay-gradient":""},"tablet":{"background-color":"var(--ast-global-color-5)","background-image":"","background-repeat":"repeat","background-position":"center center","background-size":"auto","background-attachment":"scroll","background-type":"","background-media":"","overlay-type":"","overlay-color":"","overlay-opacity":"","overlay-gradient":""},"mobile":{"background-color":"var(--ast-global-color-5)","background-image":"","background-repeat":"repeat","background-position":"center center","background-size":"auto","background-attachment":"scroll","background-type":"","background-media":"","overlay-type":"","overlay-color":"","overlay-opacity":"","overlay-gradient":""}},"footnotes":""},"class_list":["post-2729","page","type-page","status-publish","hentry"],"post_mailing_queue_ids":[],"_links":{"self":[{"href":"https:\/\/agora.xtec.cat\/zereral\/wp-json\/wp\/v2\/pages\/2729","targetHints":{"allow":["GET"]}}],"collection":[{"href":"https:\/\/agora.xtec.cat\/zereral\/wp-json\/wp\/v2\/pages"}],"about":[{"href":"https:\/\/agora.xtec.cat\/zereral\/wp-json\/wp\/v2\/types\/page"}],"author":[{"embeddable":true,"href":"https:\/\/agora.xtec.cat\/zereral\/wp-json\/wp\/v2\/users\/1"}],"replies":[{"embeddable":true,"href":"https:\/\/agora.xtec.cat\/zereral\/wp-json\/wp\/v2\/comments?post=2729"}],"version-history":[{"count":2,"href":"https:\/\/agora.xtec.cat\/zereral\/wp-json\/wp\/v2\/pages\/2729\/revisions"}],"predecessor-version":[{"id":2736,"href":"https:\/\/agora.xtec.cat\/zereral\/wp-json\/wp\/v2\/pages\/2729\/revisions\/2736"}],"wp:attachment":[{"href":"https:\/\/agora.xtec.cat\/zereral\/wp-json\/wp\/v2\/media?parent=2729"}],"curies":[{"name":"wp","href":"https:\/\/api.w.org\/{rel}","templated":true}]}}