{"id":876,"date":"2021-11-09T14:20:02","date_gmt":"2021-11-09T13:20:02","guid":{"rendered":"https:\/\/agora.xtec.cat\/zeremporda\/?page_id=876"},"modified":"2025-06-18T10:26:31","modified_gmt":"2025-06-18T08:26:31","slug":"escola-palau-de-santa-eulalia","status":"publish","type":"page","link":"https:\/\/agora.xtec.cat\/zeremporda\/escola-palau-de-santa-eulalia\/","title":{"rendered":"Escola Palau de Santa Eul\u00e0lia"},"content":{"rendered":"<div class=\"entry-content\">\n<p>L&#8217;escola <strong>Les Curculles<\/strong> est\u00e0 ubicada a <strong>Palau de Santa Eul\u00e0lia<\/strong>, un petit poble situat al sud-est de la comarca de l\u2019Alt Empord\u00e0.<\/p>\n<p>Actualment al centre hi ha 14 alumnes agrupats de la seg\u00fcent manera:<\/p>\n<p>\u2013 Comunitat dels petits:<\/p>\n<ul>\n<li style=\"list-style-type: none;\">\n<ul>\n<li>Primer cicle d&#8217;educaci\u00f3 infantil: 7 infants (t\u00e8cnica d&#8217;educaci\u00f3 infantil: N\u00faria Elies).<\/li>\n<li>Segon cicle d&#8217;educaci\u00f3 infantil: 4 infants (mestra: Mireia Bellapart).<\/li>\n<\/ul>\n<\/li>\n<\/ul>\n<p>\u2013 Comunitat dels mitjans i grans: 3 infants (mestra: Rut Tierra i X\u00e8nia Prat).<\/p>\n<p>L\u2019escola disposa de servei de menjador.<\/p>\n<p>Podeu consultar les nostres publicacions a <a href=\"https:\/\/www.instagram.com\/escolapalausta.eulalia\/\">INSTAGRAM<\/a>.<\/p>\n<p>DADES DE L&#8217;ESCOLA:<\/p>\n<p><strong>Pla\u00e7a 1 d&#8217;octubre del 2017, Palau de Santa Eul\u00e0lia (Girona)<\/strong><\/p>\n<p><strong>Contacte: 667379879 \/\/ b7010931@xtec.cat<\/strong><\/p>\n<p><strong>Directora: Mireia Bellapart<\/strong><\/p>\n<\/div>\n<footer class=\"entry-footer\">\n<div class=\"edit-link\"><a class=\"post-edit-link\" href=\"https:\/\/agora.xtec.cat\/zeremporda\/wp-admin\/post.php?post=264&amp;action=edit\">Edita<\/a><\/div>\n<\/footer>\n","protected":false},"excerpt":{"rendered":"<p>L&#8217;escola Les Curculles est\u00e0 ubicada a Palau de Santa Eul\u00e0lia, un petit poble situat al sud-est de la comarca de l\u2019Alt Empord\u00e0.<br \/>\nActualment al centre hi ha 14 alumnes agrupats de la seg\u00fcent manera:<br \/>\n\u2013 Comunitat dels petits:<\/p>\n<ul>\n<li style=\"list-style-type: none;\">\n<ul>\n<li>Primer cicle d&#8217;educaci\u00f3 infantil: 7 infants (t\u00e8cnica d&#8217;educaci\u00f3&hellip;  <a href=\"https:\/\/agora.xtec.cat\/zeremporda\/escola-palau-de-santa-eulalia\/\" title=\"Read Escola Palau de Santa Eul\u00e0lia\">Llegeix m\u00e9s\u00bb<\/a><br \/>\n","protected":false},"author":1,"featured_media":0,"parent":0,"menu_order":0,"comment_status":"closed","ping_status":"closed","template":"page-templates\/side-menu.php","meta":{"_bbp_topic_count":0,"_bbp_reply_count":0,"_bbp_total_topic_count":0,"_bbp_total_reply_count":0,"_bbp_voice_count":0,"_bbp_anonymous_reply_count":0,"_bbp_topic_count_hidden":0,"_bbp_reply_count_hidden":0,"_bbp_forum_subforum_count":0,"footnotes":""},"class_list":["post-876","page","type-page","status-publish","hentry"],"post_mailing_queue_ids":[],"_links":{"self":[{"href":"https:\/\/agora.xtec.cat\/zeremporda\/wp-json\/wp\/v2\/pages\/876","targetHints":{"allow":["GET"]}}],"collection":[{"href":"https:\/\/agora.xtec.cat\/zeremporda\/wp-json\/wp\/v2\/pages"}],"about":[{"href":"https:\/\/agora.xtec.cat\/zeremporda\/wp-json\/wp\/v2\/types\/page"}],"author":[{"embeddable":true,"href":"https:\/\/agora.xtec.cat\/zeremporda\/wp-json\/wp\/v2\/users\/1"}],"replies":[{"embeddable":true,"href":"https:\/\/agora.xtec.cat\/zeremporda\/wp-json\/wp\/v2\/comments?post=876"}],"version-history":[{"count":5,"href":"https:\/\/agora.xtec.cat\/zeremporda\/wp-json\/wp\/v2\/pages\/876\/revisions"}],"predecessor-version":[{"id":1494,"href":"https:\/\/agora.xtec.cat\/zeremporda\/wp-json\/wp\/v2\/pages\/876\/revisions\/1494"}],"wp:attachment":[{"href":"https:\/\/agora.xtec.cat\/zeremporda\/wp-json\/wp\/v2\/media?parent=876"}],"curies":[{"name":"wp","href":"https:\/\/api.w.org\/{rel}","templated":true}]}}