{"id":57,"date":"2014-09-17T17:01:07","date_gmt":"2014-09-17T17:01:07","guid":{"rendered":"http:\/\/agora.xtec.cat\/zeremporda\/?page_id=57"},"modified":"2025-02-19T21:59:59","modified_gmt":"2025-02-19T20:59:59","slug":"projecte-educatiu","status":"publish","type":"page","link":"https:\/\/agora.xtec.cat\/zeremporda\/zer\/projecte-educatiu\/","title":{"rendered":"Projecte educatiu"},"content":{"rendered":"<p>El projecte educatiu de la ZER es troba en proc\u00e9s d&#8217;actualitzaci\u00f3 arran de la presentaci\u00f3 del nou projecte de direcci\u00f3, que va comen\u00e7ar en una primera etapa amb nomenament excepcional del nou equip directiu durant els cursos 21-22 i 22-23, i que comen\u00e7a aquest setembre la vig\u00e8ncia del projecte oficial del per\u00edode 23-27.<\/p>\n<p>El seg\u00fcent marc conceptual ens ajuda a centrar la nostra tasca educativa a partir d&#8217;unes l\u00ednies marc que aterren a l&#8217;aula en forma de diferents projectes:<\/p>\n<p><img loading=\"lazy\" decoding=\"async\" class=\"aligncenter size-full wp-image-1298\" src=\"https:\/\/agora.xtec.cat\/zeremporda\/wp-content\/uploads\/usu2230\/2023\/07\/MARC-PEDAGOGIC-ZER-EMPORDA-1.png\" alt=\"\" width=\"1024\" height=\"768\" srcset=\"https:\/\/agora.xtec.cat\/zeremporda\/wp-content\/uploads\/usu2230\/2023\/07\/MARC-PEDAGOGIC-ZER-EMPORDA-1.png 1024w, https:\/\/agora.xtec.cat\/zeremporda\/wp-content\/uploads\/usu2230\/2023\/07\/MARC-PEDAGOGIC-ZER-EMPORDA-1-300x225.png 300w, https:\/\/agora.xtec.cat\/zeremporda\/wp-content\/uploads\/usu2230\/2023\/07\/MARC-PEDAGOGIC-ZER-EMPORDA-1-768x576.png 768w, https:\/\/agora.xtec.cat\/zeremporda\/wp-content\/uploads\/usu2230\/2023\/07\/MARC-PEDAGOGIC-ZER-EMPORDA-1-200x150.png 200w\" sizes=\"auto, (max-width: 1024px) 100vw, 1024px\" \/><\/p>\n<p><span style=\"font-weight: 400;\">El projecte que es desplega a la ZER \u00e9s de gran complexitat, tant pel fet que respon a una inquietud de transformaci\u00f3 educativa, com perqu\u00e8 inclou 5 comunitats educatives. \u00c9s per tot aix\u00f2, que requereix una gran implicaci\u00f3 del Claustre, amb mestres il\u00b7lusionats, creatius i amb una mirada oberta que faciliti la integraci\u00f3 d\u2019un concepte de l\u2019educaci\u00f3 ampli.\u00a0<\/span><\/p>\n<p><span style=\"font-weight: 400;\">S\u2019han creat diferents equips de treball amb la intenci\u00f3 d\u2019estructurar i dissenyar pedag\u00f2gicament les actuacions educatives.\u00a0<\/span><\/p>\n<p style=\"text-align: center;\"><b>EQUIPS IMPULSORS<\/b><\/p>\n<p><img loading=\"lazy\" decoding=\"async\" class=\"aligncenter wp-image-1295\" src=\"https:\/\/agora.xtec.cat\/zeremporda\/wp-content\/uploads\/usu2230\/2023\/07\/Grafic-EQUIPS-IMPULSORS-3.png\" alt=\"\" width=\"619\" height=\"464\" srcset=\"https:\/\/agora.xtec.cat\/zeremporda\/wp-content\/uploads\/usu2230\/2023\/07\/Grafic-EQUIPS-IMPULSORS-3.png 1024w, https:\/\/agora.xtec.cat\/zeremporda\/wp-content\/uploads\/usu2230\/2023\/07\/Grafic-EQUIPS-IMPULSORS-3-300x225.png 300w, https:\/\/agora.xtec.cat\/zeremporda\/wp-content\/uploads\/usu2230\/2023\/07\/Grafic-EQUIPS-IMPULSORS-3-768x576.png 768w, https:\/\/agora.xtec.cat\/zeremporda\/wp-content\/uploads\/usu2230\/2023\/07\/Grafic-EQUIPS-IMPULSORS-3-200x150.png 200w\" sizes=\"auto, (max-width: 619px) 100vw, 619px\" \/><\/p>\n<p><span style=\"font-weight: 400;\">Per tal de fer una bona concreci\u00f3 del disseny pedag\u00f2gic i aplicaci\u00f3 a les aules, hem establert un canal que defineix l\u2019ordre a trav\u00e9s del qual es va donant concreci\u00f3 a la programaci\u00f3 general de ZER.\u00a0<\/span><\/p>\n<p style=\"text-align: center;\"><b>DESPLEGAMENT DEL PROJECTE A PARTIR DELS DOCUMENTS<\/b><\/p>\n<p><img loading=\"lazy\" decoding=\"async\" class=\"aligncenter wp-image-1297\" src=\"https:\/\/agora.xtec.cat\/zeremporda\/wp-content\/uploads\/usu2230\/2023\/07\/CANAL-DISSENY-I-CONCRECIO-PROJECTE-ZER-3.png\" alt=\"\" width=\"657\" height=\"464\" srcset=\"https:\/\/agora.xtec.cat\/zeremporda\/wp-content\/uploads\/usu2230\/2023\/07\/CANAL-DISSENY-I-CONCRECIO-PROJECTE-ZER-3.png 2245w, https:\/\/agora.xtec.cat\/zeremporda\/wp-content\/uploads\/usu2230\/2023\/07\/CANAL-DISSENY-I-CONCRECIO-PROJECTE-ZER-3-300x212.png 300w, https:\/\/agora.xtec.cat\/zeremporda\/wp-content\/uploads\/usu2230\/2023\/07\/CANAL-DISSENY-I-CONCRECIO-PROJECTE-ZER-3-1024x724.png 1024w, https:\/\/agora.xtec.cat\/zeremporda\/wp-content\/uploads\/usu2230\/2023\/07\/CANAL-DISSENY-I-CONCRECIO-PROJECTE-ZER-3-768x543.png 768w, https:\/\/agora.xtec.cat\/zeremporda\/wp-content\/uploads\/usu2230\/2023\/07\/CANAL-DISSENY-I-CONCRECIO-PROJECTE-ZER-3-1536x1086.png 1536w, https:\/\/agora.xtec.cat\/zeremporda\/wp-content\/uploads\/usu2230\/2023\/07\/CANAL-DISSENY-I-CONCRECIO-PROJECTE-ZER-3-2048x1448.png 2048w\" sizes=\"auto, (max-width: 657px) 100vw, 657px\" \/><\/p>\n<p>Cada curs, el Projecte educatiu ens porta a aprendre a partir d&#8217;un marc pedag\u00f2gic singular i \u00fanic. Tot seguit es pot consultar el portfoli que recull el projecte dels \u00faltims dos cursos:<\/p>\n<ul style=\"list-style-type: circle;\">\n<li><a href=\"https:\/\/drive.google.com\/file\/d\/1LmXlps-6rT-YaKnByIfhDN549rWnn94M\/view?usp=drive_link\">Curs 22-23-Portfoli Camins<\/a><\/li>\n<li><a href=\"https:\/\/drive.google.com\/file\/d\/16wmICTDTjZia7SlnoZ96T_EOU6hH6HdY\/view?usp=sharing\">Curs 23-24-Portfoli Identitats<\/a><\/li>\n<\/ul>\n<p style=\"text-align: center;\"><strong>MAPA DEL PROJECTE PEDAG\u00d2GIC 24-25<\/strong><\/p>\n<p><img loading=\"lazy\" decoding=\"async\" class=\"aligncenter size-full wp-image-1422\" src=\"https:\/\/agora.xtec.cat\/zeremporda\/wp-content\/uploads\/usu2230\/2025\/01\/MAPA-REFUGIS.png\" alt=\"\" width=\"1024\" height=\"768\" srcset=\"https:\/\/agora.xtec.cat\/zeremporda\/wp-content\/uploads\/usu2230\/2025\/01\/MAPA-REFUGIS.png 1024w, https:\/\/agora.xtec.cat\/zeremporda\/wp-content\/uploads\/usu2230\/2025\/01\/MAPA-REFUGIS-300x225.png 300w, https:\/\/agora.xtec.cat\/zeremporda\/wp-content\/uploads\/usu2230\/2025\/01\/MAPA-REFUGIS-768x576.png 768w, https:\/\/agora.xtec.cat\/zeremporda\/wp-content\/uploads\/usu2230\/2025\/01\/MAPA-REFUGIS-200x150.png 200w\" sizes=\"auto, (max-width: 1024px) 100vw, 1024px\" \/><\/p>\n<p>&nbsp;<\/p>\n<p>&nbsp;<\/p>\n","protected":false},"excerpt":{"rendered":"<p>El projecte educatiu de la ZER es troba en proc\u00e9s d&#8217;actualitzaci\u00f3 arran de la presentaci\u00f3 del nou projecte de direcci\u00f3, que va comen\u00e7ar en una primera etapa amb nomenament excepcional del nou equip directiu durant els cursos 21-22 i 22-23, i que comen\u00e7a aquest setembre&hellip;  <a href=\"https:\/\/agora.xtec.cat\/zeremporda\/zer\/projecte-educatiu\/\" title=\"Read Projecte educatiu\">Llegeix m\u00e9s\u00bb<\/a><\/p>\n","protected":false},"author":1,"featured_media":0,"parent":19,"menu_order":30,"comment_status":"closed","ping_status":"closed","template":"page-templates\/side-menu.php","meta":{"_bbp_topic_count":0,"_bbp_reply_count":0,"_bbp_total_topic_count":0,"_bbp_total_reply_count":0,"_bbp_voice_count":0,"_bbp_anonymous_reply_count":0,"_bbp_topic_count_hidden":0,"_bbp_reply_count_hidden":0,"_bbp_forum_subforum_count":0,"footnotes":""},"class_list":["post-57","page","type-page","status-publish","hentry"],"post_mailing_queue_ids":[],"_links":{"self":[{"href":"https:\/\/agora.xtec.cat\/zeremporda\/wp-json\/wp\/v2\/pages\/57","targetHints":{"allow":["GET"]}}],"collection":[{"href":"https:\/\/agora.xtec.cat\/zeremporda\/wp-json\/wp\/v2\/pages"}],"about":[{"href":"https:\/\/agora.xtec.cat\/zeremporda\/wp-json\/wp\/v2\/types\/page"}],"author":[{"embeddable":true,"href":"https:\/\/agora.xtec.cat\/zeremporda\/wp-json\/wp\/v2\/users\/1"}],"replies":[{"embeddable":true,"href":"https:\/\/agora.xtec.cat\/zeremporda\/wp-json\/wp\/v2\/comments?post=57"}],"version-history":[{"count":7,"href":"https:\/\/agora.xtec.cat\/zeremporda\/wp-json\/wp\/v2\/pages\/57\/revisions"}],"predecessor-version":[{"id":1453,"href":"https:\/\/agora.xtec.cat\/zeremporda\/wp-json\/wp\/v2\/pages\/57\/revisions\/1453"}],"up":[{"embeddable":true,"href":"https:\/\/agora.xtec.cat\/zeremporda\/wp-json\/wp\/v2\/pages\/19"}],"wp:attachment":[{"href":"https:\/\/agora.xtec.cat\/zeremporda\/wp-json\/wp\/v2\/media?parent=57"}],"curies":[{"name":"wp","href":"https:\/\/api.w.org\/{rel}","templated":true}]}}