{"id":448,"date":"2015-07-24T15:50:21","date_gmt":"2015-07-24T14:50:21","guid":{"rendered":"http:\/\/agora.xtec.cat\/zeremporda\/?page_id=448"},"modified":"2025-02-14T12:50:48","modified_gmt":"2025-02-14T11:50:48","slug":"documents","status":"publish","type":"page","link":"https:\/\/agora.xtec.cat\/zeremporda\/zer\/documents\/","title":{"rendered":"Documents de centre"},"content":{"rendered":"<p>Tot seguit trobareu enlla\u00e7ats els documents oficials de la ZER Empord\u00e0:<\/p>\n<ul style=\"list-style-type: square;\">\n<li><a href=\"https:\/\/drive.google.com\/file\/d\/1jxvqK84z3QfPbvNTJBOKKag3hrVKX0uH\/view?usp=drive_link\">PROJECTE DE DIRECCI\u00d3 DE ZER (2023-2027)<\/a><\/li>\n<li><a href=\"https:\/\/drive.google.com\/file\/d\/1jXggj9YJ4_ousDbbT2FhLQPWN1D09tUX\/view?usp=sharing\">PROGRAMACI\u00d3 ANUAL DE ZER (PGZ 24-25)<\/a><\/li>\n<li><a href=\"https:\/\/drive.google.com\/file\/d\/1Vv9x4G6vooW6QwILRlSf1kxYuM7LUKSq\/view?usp=sharing\">ESTRAT\u00c8GIA DIGITAL DE CENTRE<\/a> I\u00a0<a href=\"https:\/\/sites.google.com\/xtec.cat\/edczeremporda\/edc\">WEB ESTRAT\u00c8GIA DIGITAL DE CENTRE\u00a0<\/a><\/li>\n<\/ul>\n<p>&nbsp;<\/p>\n<ul style=\"list-style-type: square;\">\n<li><em>Documents pendents d&#8217;actualitzar<\/em>:\n<ul style=\"list-style-type: square;\">\n<li><a href=\"https:\/\/agora.xtec.cat\/zeremporda\/wp-content\/uploads\/usu2230\/2020\/10\/PEZ-ZER_18_19.pdf\" target=\"_blank\" rel=\"noopener noreferrer\">Projecte educatiu de ZER (PEZ)<\/a><\/li>\n<li><a href=\"https:\/\/agora.xtec.cat\/zeremporda\/wp-content\/uploads\/usu2230\/2020\/10\/NOFC_ZER_Emporda.pdf\" target=\"_blank\" rel=\"noopener noreferrer\">Normes de funcionament de centre (NOFZ)<\/a><\/li>\n<li><a href=\"https:\/\/agora.xtec.cat\/zeremporda\/wp-content\/uploads\/usu2230\/2020\/10\/PLA_LIC_ZER_Emporda.pdf\" target=\"_blank\" rel=\"noopener noreferrer\">Projecte ling\u00fc\u00edstic de la ZER Empord\u00e0 (Pla LIC)<\/a><\/li>\n<li><a href=\"https:\/\/agora.xtec.cat\/zeremporda\/wp-content\/uploads\/usu2230\/2020\/10\/Projecte_Convivencia_ZER_Emporda.pdf\" target=\"_blank\" rel=\"noopener noreferrer\">Projecte de conviv\u00e8ncia de la ZER Empord\u00e0<\/a><\/li>\n<\/ul>\n<\/li>\n<\/ul>\n<p>&nbsp;<\/p>\n","protected":false},"excerpt":{"rendered":"<p>Tot seguit trobareu enlla\u00e7ats els documents oficials de la ZER Empord\u00e0:<\/p>\n<ul style=\"list-style-type: square;\">\n<li><a href=\"https:\/\/drive.google.com\/file\/d\/1jxvqK84z3QfPbvNTJBOKKag3hrVKX0uH\/view?usp=drive_link\">PROJECTE DE DIRECCI\u00d3 DE ZER (2023-2027)<\/a><\/li>\n<li><a href=\"https:\/\/drive.google.com\/file\/d\/1jXggj9YJ4_ousDbbT2FhLQPWN1D09tUX\/view?usp=sharing\">PROGRAMACI\u00d3 ANUAL DE ZER (PGZ 24-25)<\/a><\/li>\n<li><a href=\"https:\/\/drive.google.com\/file\/d\/1Vv9x4G6vooW6QwILRlSf1kxYuM7LUKSq\/view?usp=sharing\">ESTRAT\u00c8GIA DIGITAL DE CENTRE<\/a> I\u00a0<a href=\"https:\/\/sites.google.com\/xtec.cat\/edczeremporda\/edc\">WEB ESTRAT\u00c8GIA DIGITAL DE CENTRE\u00a0<\/a><\/li>\n<\/ul>\n<p>&nbsp;<\/p>\n<ul style=\"list-style-type: square;\">\n<li>Documents pendents d&#8217;actualitzar:\n<ul style=\"list-style-type: square;\">\n<li><a href=\"https:\/\/agora.xtec.cat\/zeremporda\/wp-content\/uploads\/usu2230\/2020\/10\/PEZ-ZER_18_19.pdf\" target=\"_blank\" rel=\"noopener noreferrer\">Projecte&hellip;  <a href=\"https:\/\/agora.xtec.cat\/zeremporda\/zer\/documents\/\" title=\"Read Documents de centre\">Llegeix m\u00e9s\u00bb<\/a><br \/>\n","protected":false},"author":1,"featured_media":0,"parent":19,"menu_order":70,"comment_status":"closed","ping_status":"closed","template":"page-templates\/side-menu.php","meta":{"_bbp_topic_count":0,"_bbp_reply_count":0,"_bbp_total_topic_count":0,"_bbp_total_reply_count":0,"_bbp_voice_count":0,"_bbp_anonymous_reply_count":0,"_bbp_topic_count_hidden":0,"_bbp_reply_count_hidden":0,"_bbp_forum_subforum_count":0,"footnotes":""},"class_list":["post-448","page","type-page","status-publish","hentry"],"post_mailing_queue_ids":[],"_links":{"self":[{"href":"https:\/\/agora.xtec.cat\/zeremporda\/wp-json\/wp\/v2\/pages\/448","targetHints":{"allow":["GET"]}}],"collection":[{"href":"https:\/\/agora.xtec.cat\/zeremporda\/wp-json\/wp\/v2\/pages"}],"about":[{"href":"https:\/\/agora.xtec.cat\/zeremporda\/wp-json\/wp\/v2\/types\/page"}],"author":[{"embeddable":true,"href":"https:\/\/agora.xtec.cat\/zeremporda\/wp-json\/wp\/v2\/users\/1"}],"replies":[{"embeddable":true,"href":"https:\/\/agora.xtec.cat\/zeremporda\/wp-json\/wp\/v2\/comments?post=448"}],"version-history":[{"count":6,"href":"https:\/\/agora.xtec.cat\/zeremporda\/wp-json\/wp\/v2\/pages\/448\/revisions"}],"predecessor-version":[{"id":1430,"href":"https:\/\/agora.xtec.cat\/zeremporda\/wp-json\/wp\/v2\/pages\/448\/revisions\/1430"}],"up":[{"embeddable":true,"href":"https:\/\/agora.xtec.cat\/zeremporda\/wp-json\/wp\/v2\/pages\/19"}],"wp:attachment":[{"href":"https:\/\/agora.xtec.cat\/zeremporda\/wp-json\/wp\/v2\/media?parent=448"}],"curies":[{"name":"wp","href":"https:\/\/api.w.org\/{rel}","templated":true}]}}