{"id":270,"date":"2015-07-20T13:09:47","date_gmt":"2015-07-20T12:09:47","guid":{"rendered":"http:\/\/agora.xtec.cat\/zeremporda\/?page_id=270"},"modified":"2025-02-19T21:47:22","modified_gmt":"2025-02-19T20:47:22","slug":"escola-pont","status":"publish","type":"page","link":"https:\/\/agora.xtec.cat\/zeremporda\/escola-pont\/","title":{"rendered":"Escola de Pont de Molins"},"content":{"rendered":"<p><img loading=\"lazy\" decoding=\"async\" class=\"wp-image-1106 alignright\" src=\"https:\/\/agora.xtec.cat\/zeremporda\/wp-content\/uploads\/usu2230\/2023\/02\/20221004_084832-scaled.jpg\" alt=\"\" width=\"368\" height=\"276\" srcset=\"https:\/\/agora.xtec.cat\/zeremporda\/wp-content\/uploads\/usu2230\/2023\/02\/20221004_084832-scaled.jpg 2560w, https:\/\/agora.xtec.cat\/zeremporda\/wp-content\/uploads\/usu2230\/2023\/02\/20221004_084832-300x225.jpg 300w, https:\/\/agora.xtec.cat\/zeremporda\/wp-content\/uploads\/usu2230\/2023\/02\/20221004_084832-1024x768.jpg 1024w, https:\/\/agora.xtec.cat\/zeremporda\/wp-content\/uploads\/usu2230\/2023\/02\/20221004_084832-768x576.jpg 768w, https:\/\/agora.xtec.cat\/zeremporda\/wp-content\/uploads\/usu2230\/2023\/02\/20221004_084832-1536x1152.jpg 1536w, https:\/\/agora.xtec.cat\/zeremporda\/wp-content\/uploads\/usu2230\/2023\/02\/20221004_084832-2048x1536.jpg 2048w, https:\/\/agora.xtec.cat\/zeremporda\/wp-content\/uploads\/usu2230\/2023\/02\/20221004_084832-200x150.jpg 200w\" sizes=\"auto, (max-width: 368px) 100vw, 368px\" \/>L\u2019escola Tramuntana\u00a0est\u00e0 situada al poble de\u00a0<a href=\"http:\/\/www.pontdemolins.cat\/\" target=\"_blank\" rel=\"noopener noreferrer\">Pont de Molins<\/a>, al costat de l\u2019Ajuntament i del dispensari m\u00e8dic.<br \/>\nPont de Molins \u00e9s un petit poble al nord de Figueres, a pocs quil\u00f2metres de la Catalunya Nord.<br \/>\nActualment al centre hi ha 39 alumnes agrupats per comunitats:<\/p>\n<p>\u2013 Comunitat de petits (I3-I4-I5): 11 alumnes (mestres: Gemma Gir\u00f3 i Maria Carb\u00f3 )<\/p>\n<p>\u2013 Comunitat de mitjans (1r-2n-3r): 9 alumnes (mestra: S\u00edlvia Montoro)<\/p>\n<p>\u2013 Comunitat de grans (4t-5\u00e8-6\u00e8): 19 alumnes (mestres: Coral Rodr\u00edguez i Imma Congost)<\/p>\n<p>&#8211; Mestra de suport: Sandra Casadevall<\/p>\n<p>&#8211; Personal de suport educatiu: N\u00faria Capac\u00e9s<\/p>\n<p>L\u2019escola disposa de servei de menjador i l\u2019AFA tamb\u00e9 organitza l\u2019acollida matinal i de tardes, a m\u00e9s d&#8217;activitats extraescolars. Els dimecres es fan activitats extraescolars.<\/p>\n<p><strong>Durant el curs 25-26 es posar\u00e0 en funcionament el Primer cicle d&#8217;educaci\u00f3 infantil (I1 i I2), amb una aula de nova construcci\u00f3 adherida a l&#8217;edifici principal i que podr\u00e0 acollir 13 infants d&#8217;1 i 2 anys.<\/strong><\/p>\n<p>Podeu consultar les nostres publicacions a <a href=\"https:\/\/www.instagram.com\/escolapontdemolins\/\">INSTAGRAM<\/a>.<\/p>\n<p>DADES DE L&#8217;ESCOLA<\/p>\n<p><strong>C\/ La Muga n\u00ba2, 17706 Pont de Molins (Girona)<\/strong><\/p>\n<p><strong>Contacte: 972 529 038 \/\/ 634 76 79 83\/\/ b7002776@xtec.cat<\/strong><\/p>\n<p><strong>Directora: M\u00aaAnt\u00f2nia Barcel\u00f3 Sot<\/strong><\/p>\n<p><strong>Secret\u00e0ria: Coral Rodr\u00edguez Astor<\/strong><\/p>\n","protected":false},"excerpt":{"rendered":"<p>L\u2019escola Tramuntana\u00a0est\u00e0 situada al poble de\u00a0<a href=\"http:\/\/www.pontdemolins.cat\/\" target=\"_blank\" rel=\"noopener noreferrer\">Pont de Molins<\/a>, al costat de l\u2019Ajuntament i del dispensari m\u00e8dic.<br \/>\nPont de Molins \u00e9s un petit poble al nord de Figueres, a pocs quil\u00f2metres de la Catalunya Nord.<br \/>\nActualment al centre hi ha 39 alumnes agrupats per&hellip;  <a href=\"https:\/\/agora.xtec.cat\/zeremporda\/escola-pont\/\" title=\"Read Escola de Pont de Molins\">Llegeix m\u00e9s\u00bb<\/a><\/p>\n","protected":false},"author":1,"featured_media":0,"parent":0,"menu_order":0,"comment_status":"closed","ping_status":"closed","template":"page-templates\/side-menu.php","meta":{"_bbp_topic_count":0,"_bbp_reply_count":0,"_bbp_total_topic_count":0,"_bbp_total_reply_count":0,"_bbp_voice_count":0,"_bbp_anonymous_reply_count":0,"_bbp_topic_count_hidden":0,"_bbp_reply_count_hidden":0,"_bbp_forum_subforum_count":0,"footnotes":""},"class_list":["post-270","page","type-page","status-publish","hentry"],"post_mailing_queue_ids":[],"_links":{"self":[{"href":"https:\/\/agora.xtec.cat\/zeremporda\/wp-json\/wp\/v2\/pages\/270","targetHints":{"allow":["GET"]}}],"collection":[{"href":"https:\/\/agora.xtec.cat\/zeremporda\/wp-json\/wp\/v2\/pages"}],"about":[{"href":"https:\/\/agora.xtec.cat\/zeremporda\/wp-json\/wp\/v2\/types\/page"}],"author":[{"embeddable":true,"href":"https:\/\/agora.xtec.cat\/zeremporda\/wp-json\/wp\/v2\/users\/1"}],"replies":[{"embeddable":true,"href":"https:\/\/agora.xtec.cat\/zeremporda\/wp-json\/wp\/v2\/comments?post=270"}],"version-history":[{"count":6,"href":"https:\/\/agora.xtec.cat\/zeremporda\/wp-json\/wp\/v2\/pages\/270\/revisions"}],"predecessor-version":[{"id":1450,"href":"https:\/\/agora.xtec.cat\/zeremporda\/wp-json\/wp\/v2\/pages\/270\/revisions\/1450"}],"wp:attachment":[{"href":"https:\/\/agora.xtec.cat\/zeremporda\/wp-json\/wp\/v2\/media?parent=270"}],"curies":[{"name":"wp","href":"https:\/\/api.w.org\/{rel}","templated":true}]}}