{"id":268,"date":"2015-07-20T13:09:24","date_gmt":"2015-07-20T12:09:24","guid":{"rendered":"http:\/\/agora.xtec.cat\/zeremporda\/?page_id=268"},"modified":"2025-02-19T21:48:20","modified_gmt":"2025-02-19T20:48:20","slug":"escola-vilanant","status":"publish","type":"page","link":"https:\/\/agora.xtec.cat\/zeremporda\/escola-vilanant\/","title":{"rendered":"Escola de Vilanant"},"content":{"rendered":"<p><b>L\u2019escola Tramuntana<\/b><span style=\"font-weight: 400;\">\u00a0est\u00e0 situada\u00a0a\u00a0Vilanant, un petit\u00a0poble ubicat al bell mig de <\/span><span style=\"font-weight: 400;\">la Garriga empordanesa.<img loading=\"lazy\" decoding=\"async\" class=\"wp-image-1087 alignright\" src=\"https:\/\/agora.xtec.cat\/zeremporda\/wp-content\/uploads\/usu2230\/2023\/02\/WhatsApp-Image-2023-02-13-at-21.14.30.jpeg\" alt=\"\" width=\"500\" height=\"281\" srcset=\"https:\/\/agora.xtec.cat\/zeremporda\/wp-content\/uploads\/usu2230\/2023\/02\/WhatsApp-Image-2023-02-13-at-21.14.30.jpeg 2048w, https:\/\/agora.xtec.cat\/zeremporda\/wp-content\/uploads\/usu2230\/2023\/02\/WhatsApp-Image-2023-02-13-at-21.14.30-300x169.jpeg 300w, https:\/\/agora.xtec.cat\/zeremporda\/wp-content\/uploads\/usu2230\/2023\/02\/WhatsApp-Image-2023-02-13-at-21.14.30-1024x576.jpeg 1024w, https:\/\/agora.xtec.cat\/zeremporda\/wp-content\/uploads\/usu2230\/2023\/02\/WhatsApp-Image-2023-02-13-at-21.14.30-768x432.jpeg 768w, https:\/\/agora.xtec.cat\/zeremporda\/wp-content\/uploads\/usu2230\/2023\/02\/WhatsApp-Image-2023-02-13-at-21.14.30-1536x864.jpeg 1536w\" sizes=\"auto, (max-width: 500px) 100vw, 500px\" \/><\/span><\/p>\n<p><span style=\"font-weight: 400;\">Actualment al centre hi ha 30 alumnes agrupats per comunitats:<\/span><\/p>\n<p><span style=\"font-weight: 400;\">\u2013 Comunitat petits (I3-I4-I5): 7 alumnes (Mestra: M\u00f2nica Chia i Anna Boada)<\/span><\/p>\n<p><span style=\"font-weight: 400;\">\u2013 Comunitat mitjans (1r-2n-3r): 12 alumnes (mestre: Anna P\u00e9rez)<\/span><\/p>\n<p><span style=\"font-weight: 400;\">\u2013 Comunitat grans (4t-5\u00e8-6\u00e8): 11 alumnes (mestra: S\u00edlvia Cazorla)<\/span><\/p>\n<p><span style=\"font-weight: 400;\">L\u2019escola disposa dels seg\u00fcents serveis:<\/span><\/p>\n<p><span style=\"font-weight: 400;\">-Acollida matinal de 7:45h a 9:00h.<\/span><\/p>\n<p><span style=\"font-weight: 400;\">-Acollida de tarda de 16:30h a 17:30h,\u00a0<\/span><\/p>\n<p><span style=\"font-weight: 400;\">-Servei de menjador.<\/span><\/p>\n<p><span style=\"font-weight: 400;\">-Activitats extraescolars al migdia i a la tarda.\u00a0<\/span><\/p>\n<p><span style=\"font-weight: 400;\">Estem adherits al programa d\u2019Escoles Verdes, fem teatre i participem al Programa Neda a l\u2019escola.<\/span><\/p>\n<p><span style=\"font-weight: 400;\">Podeu consultar les nostres publicacions a<\/span><a href=\"https:\/\/www.instagram.com\/escolavilanant\/\"><span style=\"font-weight: 400;\">\u00a0Instagram<\/span><\/a><span style=\"font-weight: 400;\">.<\/span><\/p>\n<p><span style=\"font-weight: 400;\">PODEU TROBAR-NOS A:<\/span><\/p>\n<p><b>C\/ Figueres 2, 17743 Vilanant (Girona)<\/b><\/p>\n<p><b>Contacte:\u00a0972 547 061 \/\/ b7004244@xtec.cat<\/b><\/p>\n<p><b>Directora: S\u00edlvia Cazorla<\/b><\/p>\n<p>&nbsp;<\/p>\n","protected":false},"excerpt":{"rendered":"<p>L\u2019escola Tramuntana\u00a0est\u00e0 situada\u00a0a\u00a0Vilanant, un petit\u00a0poble ubicat al bell mig de la Garriga empordanesa.<br \/>\nActualment al centre hi ha 30 alumnes agrupats per comunitats:<br \/>\n\u2013 Comunitat petits (I3-I4-I5): 7 alumnes (Mestra: M\u00f2nica Chia i Anna Boada)<br \/>\n\u2013 Comunitat mitjans (1r-2n-3r): 12 alumnes (mestre: Anna P\u00e9rez)<br \/>\n\u2013 Comunitat grans (4t-5\u00e8-6\u00e8): 11&hellip;  <a href=\"https:\/\/agora.xtec.cat\/zeremporda\/escola-vilanant\/\" title=\"Read Escola de Vilanant\">Llegeix m\u00e9s\u00bb<\/a><\/p>\n","protected":false},"author":1,"featured_media":0,"parent":0,"menu_order":0,"comment_status":"closed","ping_status":"closed","template":"page-templates\/side-menu.php","meta":{"_bbp_topic_count":0,"_bbp_reply_count":0,"_bbp_total_topic_count":0,"_bbp_total_reply_count":0,"_bbp_voice_count":0,"_bbp_anonymous_reply_count":0,"_bbp_topic_count_hidden":0,"_bbp_reply_count_hidden":0,"_bbp_forum_subforum_count":0,"footnotes":""},"class_list":["post-268","page","type-page","status-publish","hentry"],"post_mailing_queue_ids":[],"_links":{"self":[{"href":"https:\/\/agora.xtec.cat\/zeremporda\/wp-json\/wp\/v2\/pages\/268","targetHints":{"allow":["GET"]}}],"collection":[{"href":"https:\/\/agora.xtec.cat\/zeremporda\/wp-json\/wp\/v2\/pages"}],"about":[{"href":"https:\/\/agora.xtec.cat\/zeremporda\/wp-json\/wp\/v2\/types\/page"}],"author":[{"embeddable":true,"href":"https:\/\/agora.xtec.cat\/zeremporda\/wp-json\/wp\/v2\/users\/1"}],"replies":[{"embeddable":true,"href":"https:\/\/agora.xtec.cat\/zeremporda\/wp-json\/wp\/v2\/comments?post=268"}],"version-history":[{"count":5,"href":"https:\/\/agora.xtec.cat\/zeremporda\/wp-json\/wp\/v2\/pages\/268\/revisions"}],"predecessor-version":[{"id":1451,"href":"https:\/\/agora.xtec.cat\/zeremporda\/wp-json\/wp\/v2\/pages\/268\/revisions\/1451"}],"wp:attachment":[{"href":"https:\/\/agora.xtec.cat\/zeremporda\/wp-json\/wp\/v2\/media?parent=268"}],"curies":[{"name":"wp","href":"https:\/\/api.w.org\/{rel}","templated":true}]}}