{"id":258,"date":"2015-07-20T12:40:06","date_gmt":"2015-07-20T11:40:06","guid":{"rendered":"http:\/\/agora.xtec.cat\/zeremporda\/?page_id=258"},"modified":"2025-01-28T19:23:15","modified_gmt":"2025-01-28T18:23:15","slug":"qui-som","status":"publish","type":"page","link":"https:\/\/agora.xtec.cat\/zeremporda\/zer\/qui-som\/","title":{"rendered":"Qui som"},"content":{"rendered":"<p>Les zones escolars rurals (ZER) s\u00f3n institucions escolars de car\u00e0cter p\u00fablic formades per l\u2019agrupaci\u00f3 de centres d&#8217;educaci\u00f3 infantil i prim\u00e0ria que es constitueixen amb la finalitat d\u2019oferir el servei d\u2019ensenyament en condicions de major qualitat en zones de baixa demografia escolar.<\/p>\n<p><span style=\"font-family: inherit; font-size: 1em;\">L\u2019Escola Rural, l\u2019escola de les tres \u201cP\u201d: Petita, de Poble i P\u00fablica, \u00e9s una escola arrelada al territori, que d\u00f3na vida al municipi, que a vegades n\u2019\u00e9s el pal de paller i\/o dinamitzadora d\u2019una part de la vida que el poble genera, que aglutina activitats, persones, i que \u00e9s motiu de trobada i aprenentatge<\/span><\/p>\n<p>La zona escolar rural t\u00e9 consideraci\u00f3 de centre educatiu \u00fanic amb les caracter\u00edstiques i els efectes que es determinen en el <a href=\"http:\/\/dogc.gencat.cat\/ca\/pdogc_canals_interns\/pdogc_resultats_fitxa\/?documentId=545262&amp;language=ca_ES&amp;action=fitxa\" target=\"_blank\" rel=\"noopener noreferrer\">Decret 102\/2010, de 3 d\u2019agost d\u2019autonomia dels centres educatius<\/a>, sense perjudici de respectar la identitat jur\u00eddica de cadascuna de les escoles que la integren.<\/p>\n<p>La ZER t\u00e9 un projecte educatiu per a tots els centres que la integren, les mateixes normes d\u2019organitzaci\u00f3 i funcionament i la mateixa programaci\u00f3 general anual, que ha de respectar la singularitat de cadascuna de les escoles.<\/p>\n<p>La ZER Empord\u00e0\u00a0som una\u00a0<a href=\"http:\/\/xtec.gencat.cat\/ca\/curriculum\/escolarural\/\" target=\"_blank\" rel=\"noopener noreferrer\">agrupaci\u00f3 d&#8217;escoles rurals\u00a0<\/a>nascuda el curs 2011-2012. Fins el curs 2020-2021 ha estat formada per quatre escoles situades al voltant de Figueres, capital de l&#8217;Alt Empord\u00e0: <a href=\"http:\/\/blocs.xtec.cat\/b7004244\/\" target=\"_blank\" rel=\"noopener noreferrer\">l&#8217;escola Tramuntana de Vilanant<\/a>,\u00a0<a href=\"http:\/\/blocs.xtec.cat\/cistella\/\" target=\"_blank\" rel=\"noopener noreferrer\">l&#8217;escola Moss\u00e8n Josep Maria Albert de Cistella<\/a>,\u00a0<a href=\"http:\/\/blocs.xtec.cat\/garrigas\/\" target=\"_blank\" rel=\"noopener noreferrer\">l&#8217;escola de Garrig\u00e0s<\/a>\u00a0i\u00a0<a href=\"http:\/\/blocs.xtec.cat\/pontdemolins\/\" target=\"_blank\" rel=\"noopener noreferrer\">l&#8217;escola Tramuntana de Pont de Molins<\/a>. El curs 2021-2022 s&#8217;hi incorpora una escola de nova creaci\u00f3, recuparada 50 despr\u00e9s del seu tancament, \u00e9s l&#8217;escola de Palau de Sta Eul\u00e0lia. Entre les quatre escoles sumem 115 alumnes.<\/p>\n<ul>\n<li><strong>L&#8217;equip directiu de la ZER<\/strong> est\u00e0 format per:<\/li>\n<\/ul>\n<p>\u2013 Directora: M\u00aaAnt\u00f2nia Barcel\u00f3<\/p>\n<p>\u2013 Cap d\u2019estudis: Mireia Bellapart<\/p>\n<p>\u2013 Secret\u00e0ria: David Coll<\/p>\n<ul>\n<li><strong>El Consell directiu de la ZER<\/strong> est\u00e0 format per:\n<ul>\n<li>Directora de l&#8217;escola de Cistella: Pilar Serrano<\/li>\n<li>Directora de l&#8217;escola de Garrig\u00e0s: Blanca Montaner<\/li>\n<li>Directora de l&#8217;escola de Vilanant: S\u00edlvia Cazorla<\/li>\n<li>Directora de l&#8217;escola de Palau de Sta. Eul\u00e0lia: Mireia Bellapart<\/li>\n<li>Directora de l&#8217;escola de Pont de Molins: M\u00aaAnt\u00f2nia Barcel\u00f3<\/li>\n<li>Secretari de la ZER: David Coll<\/li>\n<\/ul>\n<\/li>\n<\/ul>\n<ul>\n<li>La ZER disposa de <strong>quatre mestres especialistes<\/strong> itinerants:<\/li>\n<\/ul>\n<p>\u2013 Especialistes d\u2019Educaci\u00f3 Especial: Victor Barranqueras<\/p>\n<p>\u2013 Especialista d\u2019Educaci\u00f3 F\u00edsica: David Coll<\/p>\n<p>\u2013 Especialista d\u2019Educaci\u00f3 Musical: L\u00eddia Domingo<\/p>\n<p>\u2013 Especialista de Llengua Anglesa: Patr\u00edcia Izquierdo<\/p>\n","protected":false},"excerpt":{"rendered":"<p>Les zones escolars rurals (ZER) s\u00f3n institucions escolars de car\u00e0cter p\u00fablic formades per l\u2019agrupaci\u00f3 de centres d&#8217;educaci\u00f3 infantil i prim\u00e0ria que es constitueixen amb la finalitat d\u2019oferir el servei d\u2019ensenyament en condicions de major qualitat en zones de baixa demografia escolar.<br \/>\nL\u2019Escola Rural, l\u2019escola de les&hellip;  <a href=\"https:\/\/agora.xtec.cat\/zeremporda\/zer\/qui-som\/\" title=\"Read Qui som\">Llegeix m\u00e9s\u00bb<\/a><\/p>\n","protected":false},"author":1,"featured_media":0,"parent":19,"menu_order":0,"comment_status":"closed","ping_status":"closed","template":"page-templates\/side-menu.php","meta":{"_bbp_topic_count":0,"_bbp_reply_count":0,"_bbp_total_topic_count":0,"_bbp_total_reply_count":0,"_bbp_voice_count":0,"_bbp_anonymous_reply_count":0,"_bbp_topic_count_hidden":0,"_bbp_reply_count_hidden":0,"_bbp_forum_subforum_count":0,"footnotes":""},"class_list":["post-258","page","type-page","status-publish","hentry"],"post_mailing_queue_ids":[],"_links":{"self":[{"href":"https:\/\/agora.xtec.cat\/zeremporda\/wp-json\/wp\/v2\/pages\/258","targetHints":{"allow":["GET"]}}],"collection":[{"href":"https:\/\/agora.xtec.cat\/zeremporda\/wp-json\/wp\/v2\/pages"}],"about":[{"href":"https:\/\/agora.xtec.cat\/zeremporda\/wp-json\/wp\/v2\/types\/page"}],"author":[{"embeddable":true,"href":"https:\/\/agora.xtec.cat\/zeremporda\/wp-json\/wp\/v2\/users\/1"}],"replies":[{"embeddable":true,"href":"https:\/\/agora.xtec.cat\/zeremporda\/wp-json\/wp\/v2\/comments?post=258"}],"version-history":[{"count":4,"href":"https:\/\/agora.xtec.cat\/zeremporda\/wp-json\/wp\/v2\/pages\/258\/revisions"}],"predecessor-version":[{"id":1426,"href":"https:\/\/agora.xtec.cat\/zeremporda\/wp-json\/wp\/v2\/pages\/258\/revisions\/1426"}],"up":[{"embeddable":true,"href":"https:\/\/agora.xtec.cat\/zeremporda\/wp-json\/wp\/v2\/pages\/19"}],"wp:attachment":[{"href":"https:\/\/agora.xtec.cat\/zeremporda\/wp-json\/wp\/v2\/media?parent=258"}],"curies":[{"name":"wp","href":"https:\/\/api.w.org\/{rel}","templated":true}]}}