{"id":940,"date":"2018-07-07T20:02:33","date_gmt":"2018-07-07T18:02:33","guid":{"rendered":"http:\/\/agora.xtec.cat\/zerelsio\/?page_id=940"},"modified":"2025-10-24T10:09:02","modified_gmt":"2025-10-24T08:09:02","slug":"escola-de-butsenit","status":"publish","type":"page","link":"https:\/\/agora.xtec.cat\/zerelsio\/zer\/escola-de-butsenit\/","title":{"rendered":"Escola de Buts\u00e8nit"},"content":{"rendered":"<p><a href=\"http:\/\/www.xtec.cat\/centres\/c5003238\/\"><img decoding=\"async\" src=\"http:\/\/agora.xtec.cat\/zerelsio\/wp-content\/uploads\/usu567\/2018\/10\/butsenit.jpg\" alt=\"\" \/><\/a><\/p>\n<h3><span style=\"color: #00ff00;\">973430166<\/span><\/h3>\n<h3><span style=\"color: #ff0000;\"><span style=\"color: #00ff00;\">c5003238@xtec.cat<\/span><br \/>\n<\/span><\/h3>\n<p><a href=\"https:\/\/agora.xtec.cat\/zerelsio\/wp-content\/uploads\/usu567\/2025\/07\/cooltext485687808167408.png\"><img loading=\"lazy\" decoding=\"async\" class=\"alignnone size-full wp-image-17493\" src=\"https:\/\/agora.xtec.cat\/zerelsio\/wp-content\/uploads\/usu567\/2025\/07\/cooltext485687808167408.png\" alt=\"\" width=\"802\" height=\"141\" srcset=\"https:\/\/agora.xtec.cat\/zerelsio\/wp-content\/uploads\/usu567\/2025\/07\/cooltext485687808167408.png 802w, https:\/\/agora.xtec.cat\/zerelsio\/wp-content\/uploads\/usu567\/2025\/07\/cooltext485687808167408-300x53.png 300w, https:\/\/agora.xtec.cat\/zerelsio\/wp-content\/uploads\/usu567\/2025\/07\/cooltext485687808167408-768x135.png 768w\" sizes=\"auto, (max-width: 802px) 100vw, 802px\" \/><\/a><\/p>\n<p><a href=\"https:\/\/agora.xtec.cat\/zerelsio\/wp-content\/uploads\/usu567\/2025\/10\/4.jpg\"><img loading=\"lazy\" decoding=\"async\" class=\"wp-image-17800 aligncenter\" src=\"https:\/\/agora.xtec.cat\/zerelsio\/wp-content\/uploads\/usu567\/2025\/10\/4-1024x576.jpg\" alt=\"La classe dels grans\" width=\"642\" height=\"361\" srcset=\"https:\/\/agora.xtec.cat\/zerelsio\/wp-content\/uploads\/usu567\/2025\/10\/4-1024x576.jpg 1024w, https:\/\/agora.xtec.cat\/zerelsio\/wp-content\/uploads\/usu567\/2025\/10\/4-300x169.jpg 300w, https:\/\/agora.xtec.cat\/zerelsio\/wp-content\/uploads\/usu567\/2025\/10\/4-768x432.jpg 768w, https:\/\/agora.xtec.cat\/zerelsio\/wp-content\/uploads\/usu567\/2025\/10\/4.jpg 1440w\" sizes=\"auto, (max-width: 642px) 100vw, 642px\" \/><\/a><\/p>\n<p>&nbsp;<\/p>\n<h1><span style=\"color: #ff0000;\">Horari aula grans<\/span><\/h1>\n<p><iframe loading=\"lazy\" src=\"https:\/\/drive.google.com\/file\/d\/11pPs4oL-n-sjYxARzf6PCvAEsM2WTMUW\/preview\" width=\"640\" height=\"480\"><\/iframe><\/p>\n<p><a href=\"https:\/\/agora.xtec.cat\/zerelsio\/wp-content\/uploads\/usu567\/2025\/10\/nsb_grans-1.pdf\">nsb_grans<\/a><\/p>\n<p><a href=\"https:\/\/agora.xtec.cat\/zerelsio\/wp-content\/uploads\/usu567\/2025\/10\/8.jpg\"><img loading=\"lazy\" decoding=\"async\" class=\"wp-image-17801 aligncenter\" src=\"https:\/\/agora.xtec.cat\/zerelsio\/wp-content\/uploads\/usu567\/2025\/10\/8-1024x576.jpg\" alt=\"La classe dels petits \" width=\"636\" height=\"358\" srcset=\"https:\/\/agora.xtec.cat\/zerelsio\/wp-content\/uploads\/usu567\/2025\/10\/8-1024x576.jpg 1024w, https:\/\/agora.xtec.cat\/zerelsio\/wp-content\/uploads\/usu567\/2025\/10\/8-300x169.jpg 300w, https:\/\/agora.xtec.cat\/zerelsio\/wp-content\/uploads\/usu567\/2025\/10\/8-768x432.jpg 768w, https:\/\/agora.xtec.cat\/zerelsio\/wp-content\/uploads\/usu567\/2025\/10\/8.jpg 1440w\" sizes=\"auto, (max-width: 636px) 100vw, 636px\" \/><\/a><\/p>\n<h1><span style=\"color: #ff0000;\">Horari aula petits\/es<\/span><\/h1>\n<p><iframe loading=\"lazy\" src=\"https:\/\/drive.google.com\/file\/d\/10mD8_lB72VERqko2_KOhf1t0N1QPme2g\/preview\" width=\"640\" height=\"480\"><\/iframe><\/p>\n<p><iframe loading=\"lazy\" src=\"https:\/\/drive.google.com\/file\/d\/1KdWLqDFNvpTsyAxP5JthqqGbpUn7tXzS\/preview\" width=\"640\" height=\"480\"><\/iframe><\/p>\n<h1><span style=\"color: #ff0000;\">Col\u00f2nies_l&#8217;Aldric<\/span><\/h1>\n<p>L\u2019alumnat de cicle superior ha elaborat una <a href=\"https:\/\/drive.google.com\/file\/d\/1U0LeX5I1WrDuIH_f10e-ri5ZPO9K_zE7\/view?usp=sharing\">presentaci\u00f3<\/a> sobre les col\u00f2nies amb l\u2019objectiu de con\u00e8ixer la casa on s\u2019allotjaran abans de la sortida. A trav\u00e9s d\u2019aquesta activitat, han pogut investigar la seva ubicaci\u00f3, caracter\u00edstiques i entorn natural. Aquest treball tamb\u00e9 els ha perm\u00e8s practicar l\u2019expressi\u00f3 oral i digital, fomentar el treball en equip i despertar la motivaci\u00f3 per l\u2019experi\u00e8ncia de les col\u00f2nies.<\/p>\n<p><a href=\"https:\/\/drive.google.com\/file\/d\/1U0LeX5I1WrDuIH_f10e-ri5ZPO9K_zE7\/view?usp=sharing\"><img loading=\"lazy\" decoding=\"async\" class=\"alignnone wp-image-17808\" src=\"https:\/\/agora.xtec.cat\/zerelsio\/wp-content\/uploads\/usu567\/2025\/10\/Colonies_2025.png\" alt=\"\" width=\"524\" height=\"295\" srcset=\"https:\/\/agora.xtec.cat\/zerelsio\/wp-content\/uploads\/usu567\/2025\/10\/Colonies_2025.png 1920w, https:\/\/agora.xtec.cat\/zerelsio\/wp-content\/uploads\/usu567\/2025\/10\/Colonies_2025-300x169.png 300w, https:\/\/agora.xtec.cat\/zerelsio\/wp-content\/uploads\/usu567\/2025\/10\/Colonies_2025-1024x576.png 1024w, https:\/\/agora.xtec.cat\/zerelsio\/wp-content\/uploads\/usu567\/2025\/10\/Colonies_2025-768x432.png 768w, https:\/\/agora.xtec.cat\/zerelsio\/wp-content\/uploads\/usu567\/2025\/10\/Colonies_2025-1536x864.png 1536w\" sizes=\"auto, (max-width: 524px) 100vw, 524px\" \/><\/a><\/p>\n<h1><span style=\"color: #ff0000;\">Alumnat<\/span><\/h1>\n<ul>\n<li><a href=\"https:\/\/agora.xtec.cat\/zerelsio\/curs-2024-2025\/alumnat-escola-de-butsenit-curs-2024-2025\/\">Alumnat Curs 2024\/2025<\/a><\/li>\n<li><a href=\"https:\/\/agora.xtec.cat\/zerelsio\/alumnat\/alumnat-escola-de-butsenit-curs-2023-2024\/\">Alumnat Curs 2023\/2024<\/a><\/li>\n<li><a href=\"https:\/\/agora.xtec.cat\/zerelsio\/alumnat\/alumnat-escola-butsenit-curs-2022-2023\/\">Alumnat Curs 2022\/2023<\/a><\/li>\n<li><a href=\"https:\/\/agora.xtec.cat\/zerelsio\/curs2021_2022\/alumnes-escola-de-butsenit-curs-2021-2022\/\">Alumnat Curs 2021\/2022<\/a><\/li>\n<li><a href=\"https:\/\/agora.xtec.cat\/zerelsio\/curs2020_2021\/alumnes-escola-butsenit-curs-2020-2021\/\">Alumnat Curs 2020\/2021<\/a><\/li>\n<li><a href=\"https:\/\/agora.xtec.cat\/zerelsio\/general\/alumnes-escola-butsenit-curs-2019-2020\/\">Alumnat Curs 2019\/2020<\/a><\/li>\n<li><a href=\"https:\/\/agora.xtec.cat\/zerelsio\/curs-2018-2019\/alumnat-escola-de-butsenit-curs-2018-2019\/\">Alumnat Curs 2018\/2019<\/a><\/li>\n<\/ul>\n<h1><span style=\"color: #ff0000;\">Projecte de direcci\u00f3<\/span><\/h1>\n<p>&#8230;<\/p>\n<h1><span style=\"color: #ff0000;\">El poble<\/span><br \/>\n<iframe loading=\"lazy\" title=\"YouTube video player\" src=\"https:\/\/www.youtube.com\/embed\/6vjGLVyjQ44\" width=\"709\" height=\"399\" frameborder=\"0\" allowfullscreen=\"allowfullscreen\"><\/iframe><\/h1>\n<div style=\"width: 100%;\">\n<div style=\"position: relative; padding-bottom: 56.25%; padding-top: 0; height: 0;\"><iframe loading=\"lazy\" style=\"position: absolute; top: 0; left: 0; width: 100%; height: 100%;\" src=\"https:\/\/view.genial.ly\/62b5799ca87a1000181155a8\" width=\"1200px\" height=\"675px\" frameborder=\"0\" scrolling=\"yes\" allowfullscreen=\"allowfullscreen\"><\/iframe><\/div>\n<\/div>\n<p><a href=\"https:\/\/agora.xtec.cat\/zerelsio\/general\/apadrinem-els-nostres-pobles-escape-room-butsenit\/\"><img decoding=\"async\" src=\"https:\/\/agora.xtec.cat\/zerelsio\/wp-content\/uploads\/usu567\/2022\/02\/cooltext405118246885281.gif\" \/><\/a><\/p>\n<p><a href=\"https:\/\/blocs.xtec.cat\/butbloc\/\">https:\/\/blocs.xtec.cat\/butbloc\/<\/a><\/p>\n<blockquote class=\"wp-embedded-content\" data-secret=\"clAntsC0ar\"><p><a href=\"https:\/\/agora.xtec.cat\/zerelsio\/general\/un-dels-nostres-pobles-escenari-dun-thriller-rural\/\">Un dels nostres pobles, escenari d&#8217;un thriller rural!<\/a><\/p><\/blockquote>\n<p><iframe loading=\"lazy\" class=\"wp-embedded-content\" sandbox=\"allow-scripts\" security=\"restricted\" style=\"position: absolute; visibility: hidden;\" title=\"&#8220;Un dels nostres pobles, escenari d&#8217;un thriller rural!&#8221; &#8212; ZER El Si\u00f3\" src=\"https:\/\/agora.xtec.cat\/zerelsio\/general\/un-dels-nostres-pobles-escenari-dun-thriller-rural\/embed\/#?secret=L3gdz6PUYv#?secret=clAntsC0ar\" data-secret=\"clAntsC0ar\" width=\"500\" height=\"282\" frameborder=\"0\" marginwidth=\"0\" marginheight=\"0\" scrolling=\"no\"><\/iframe><\/p>\n<p>&nbsp;<\/p>\n","protected":false},"excerpt":{"rendered":"<p><a href=\"http:\/\/www.xtec.cat\/centres\/c5003238\/\"><\/a><br \/>\n973430166<br \/>\nc5003238@xtec.cat<\/p>\n<p><a href=\"https:\/\/agora.xtec.cat\/zerelsio\/wp-content\/uploads\/usu567\/2025\/07\/cooltext485687808167408.png\"><\/a><br \/>\n<a href=\"https:\/\/agora.xtec.cat\/zerelsio\/wp-content\/uploads\/usu567\/2025\/10\/4.jpg\"><\/a><br \/>\n&nbsp;<br \/>\nHorari aula grans<\/p>\n<p><a href=\"https:\/\/agora.xtec.cat\/zerelsio\/wp-content\/uploads\/usu567\/2025\/10\/nsb_grans-1.pdf\">nsb_grans<\/a><br \/>\n<a href=\"https:\/\/agora.xtec.cat\/zerelsio\/wp-content\/uploads\/usu567\/2025\/10\/8.jpg\"><\/a><br \/>\nHorari aula petits\/es<\/p>\n<p>Col\u00f2nies_l&#8217;Aldric<br \/>\nL\u2019alumnat de cicle superior ha elaborat una <a href=\"https:\/\/drive.google.com\/file\/d\/1U0LeX5I1WrDuIH_f10e-ri5ZPO9K_zE7\/view?usp=sharing\">presentaci\u00f3<\/a> sobre les col\u00f2nies amb l\u2019objectiu de con\u00e8ixer la casa on s\u2019allotjaran abans de la sortida. A trav\u00e9s d\u2019aquesta activitat, han pogut investigar la seva ubicaci\u00f3, caracter\u00edstiques i&hellip;  <a href=\"https:\/\/agora.xtec.cat\/zerelsio\/zer\/escola-de-butsenit\/\" title=\"Read Escola de Buts\u00e8nit\">Llegeix m\u00e9s\u00bb<\/a><\/p>\n","protected":false},"author":1,"featured_media":0,"parent":19,"menu_order":5,"comment_status":"closed","ping_status":"closed","template":"page-templates\/side-menu.php","meta":{"_bbp_topic_count":0,"_bbp_reply_count":0,"_bbp_total_topic_count":0,"_bbp_total_reply_count":0,"_bbp_voice_count":0,"_bbp_anonymous_reply_count":0,"_bbp_topic_count_hidden":0,"_bbp_reply_count_hidden":0,"_bbp_forum_subforum_count":0,"footnotes":""},"class_list":["post-940","page","type-page","status-publish","hentry"],"post_mailing_queue_ids":[],"_links":{"self":[{"href":"https:\/\/agora.xtec.cat\/zerelsio\/wp-json\/wp\/v2\/pages\/940","targetHints":{"allow":["GET"]}}],"collection":[{"href":"https:\/\/agora.xtec.cat\/zerelsio\/wp-json\/wp\/v2\/pages"}],"about":[{"href":"https:\/\/agora.xtec.cat\/zerelsio\/wp-json\/wp\/v2\/types\/page"}],"author":[{"embeddable":true,"href":"https:\/\/agora.xtec.cat\/zerelsio\/wp-json\/wp\/v2\/users\/1"}],"replies":[{"embeddable":true,"href":"https:\/\/agora.xtec.cat\/zerelsio\/wp-json\/wp\/v2\/comments?post=940"}],"version-history":[{"count":6,"href":"https:\/\/agora.xtec.cat\/zerelsio\/wp-json\/wp\/v2\/pages\/940\/revisions"}],"predecessor-version":[{"id":17809,"href":"https:\/\/agora.xtec.cat\/zerelsio\/wp-json\/wp\/v2\/pages\/940\/revisions\/17809"}],"up":[{"embeddable":true,"href":"https:\/\/agora.xtec.cat\/zerelsio\/wp-json\/wp\/v2\/pages\/19"}],"wp:attachment":[{"href":"https:\/\/agora.xtec.cat\/zerelsio\/wp-json\/wp\/v2\/media?parent=940"}],"curies":[{"name":"wp","href":"https:\/\/api.w.org\/{rel}","templated":true}]}}