{"id":8269,"date":"2021-08-18T10:12:38","date_gmt":"2021-08-18T08:12:38","guid":{"rendered":"https:\/\/agora.xtec.cat\/zerelsio\/?page_id=8269"},"modified":"2025-03-11T16:30:07","modified_gmt":"2025-03-11T15:30:07","slug":"dia-internacional-de-la-dona","status":"publish","type":"page","link":"https:\/\/agora.xtec.cat\/zerelsio\/projectes\/zer-coeducat\/dia-internacional-de-la-dona\/","title":{"rendered":"Dia Internacional de la Dona"},"content":{"rendered":"<p><a href=\"https:\/\/agora.xtec.cat\/zerelsio\/wp-content\/uploads\/usu567\/2024\/06\/curs2024_2025.png\"><img loading=\"lazy\" decoding=\"async\" class=\"alignnone size-full wp-image-14402\" src=\"https:\/\/agora.xtec.cat\/zerelsio\/wp-content\/uploads\/usu567\/2024\/06\/curs2024_2025.png\" alt=\"\" width=\"728\" height=\"125\" srcset=\"https:\/\/agora.xtec.cat\/zerelsio\/wp-content\/uploads\/usu567\/2024\/06\/curs2024_2025.png 728w, https:\/\/agora.xtec.cat\/zerelsio\/wp-content\/uploads\/usu567\/2024\/06\/curs2024_2025-300x52.png 300w\" sizes=\"auto, (max-width: 728px) 100vw, 728px\" \/><\/a><\/p>\n<p><a href=\"https:\/\/agora.xtec.cat\/zerelsio\/general\/algunes-dones-rellevants-de-la-zer-escola-de-butsenit\/\"><img loading=\"lazy\" decoding=\"async\" class=\"alignnone wp-image-16753\" src=\"https:\/\/agora.xtec.cat\/zerelsio\/wp-content\/uploads\/usu567\/2025\/03\/1-3.png\" alt=\"\" width=\"621\" height=\"385\" srcset=\"https:\/\/agora.xtec.cat\/zerelsio\/wp-content\/uploads\/usu567\/2025\/03\/1-3.png 731w, https:\/\/agora.xtec.cat\/zerelsio\/wp-content\/uploads\/usu567\/2025\/03\/1-3-300x186.png 300w\" sizes=\"auto, (max-width: 621px) 100vw, 621px\" \/><\/a><\/p>\n<p><a href=\"https:\/\/agora.xtec.cat\/zerelsio\/general\/algunes-dones-rellevants-de-la-zer-escola-de-preixens\/\"><img loading=\"lazy\" decoding=\"async\" class=\"alignnone wp-image-16757\" src=\"https:\/\/agora.xtec.cat\/zerelsio\/wp-content\/uploads\/usu567\/2025\/03\/1-4.png\" alt=\"\" width=\"621\" height=\"312\" srcset=\"https:\/\/agora.xtec.cat\/zerelsio\/wp-content\/uploads\/usu567\/2025\/03\/1-4.png 1015w, https:\/\/agora.xtec.cat\/zerelsio\/wp-content\/uploads\/usu567\/2025\/03\/1-4-300x151.png 300w, https:\/\/agora.xtec.cat\/zerelsio\/wp-content\/uploads\/usu567\/2025\/03\/1-4-768x386.png 768w\" sizes=\"auto, (max-width: 621px) 100vw, 621px\" \/><\/a><\/p>\n<p><a href=\"https:\/\/agora.xtec.cat\/zerelsio\/general\/algunes-dones-rellevants-de-la-zer-escola-de-puigverd-dagramunt\/\"><img loading=\"lazy\" decoding=\"async\" class=\"alignnone size-full wp-image-16766\" src=\"https:\/\/agora.xtec.cat\/zerelsio\/wp-content\/uploads\/usu567\/2025\/03\/1-5.png\" alt=\"\" width=\"624\" height=\"415\" srcset=\"https:\/\/agora.xtec.cat\/zerelsio\/wp-content\/uploads\/usu567\/2025\/03\/1-5.png 624w, https:\/\/agora.xtec.cat\/zerelsio\/wp-content\/uploads\/usu567\/2025\/03\/1-5-300x200.png 300w\" sizes=\"auto, (max-width: 624px) 100vw, 624px\" \/><\/a><\/p>\n<p><a href=\"https:\/\/agora.xtec.cat\/zerelsio\/general\/altres-actuacions-del-dia-de-la-dona\/\"><img loading=\"lazy\" decoding=\"async\" class=\"alignnone  wp-image-16802\" src=\"https:\/\/agora.xtec.cat\/zerelsio\/wp-content\/uploads\/usu567\/2025\/03\/f.elconfidencial.com_original_0bd_bfe_2e6_0bdbfe2e6b29ec16371094225f956622.jpg\" alt=\"\" width=\"622\" height=\"467\" srcset=\"https:\/\/agora.xtec.cat\/zerelsio\/wp-content\/uploads\/usu567\/2025\/03\/f.elconfidencial.com_original_0bd_bfe_2e6_0bdbfe2e6b29ec16371094225f956622.jpg 557w, https:\/\/agora.xtec.cat\/zerelsio\/wp-content\/uploads\/usu567\/2025\/03\/f.elconfidencial.com_original_0bd_bfe_2e6_0bdbfe2e6b29ec16371094225f956622-300x225.jpg 300w, https:\/\/agora.xtec.cat\/zerelsio\/wp-content\/uploads\/usu567\/2025\/03\/f.elconfidencial.com_original_0bd_bfe_2e6_0bdbfe2e6b29ec16371094225f956622-200x150.jpg 200w\" sizes=\"auto, (max-width: 622px) 100vw, 622px\" \/><\/a><\/p>\n<blockquote class=\"wp-embedded-content\" data-secret=\"cZLH76YBDf\"><p><a href=\"https:\/\/serveiseducatius.xtec.cat\/urgell\/general\/dia-internacional-de-les-dones\/\">Dia Internacional de les Dones<\/a><\/p><\/blockquote>\n<p><iframe loading=\"lazy\" class=\"wp-embedded-content\" sandbox=\"allow-scripts\" security=\"restricted\" style=\"position: absolute; clip: rect(1px, 1px, 1px, 1px);\" title=\"&#8220;Dia Internacional de les Dones&#8221; &#8212; Servei Educatiu de l&#039;Urgell\" src=\"https:\/\/serveiseducatius.xtec.cat\/urgell\/general\/dia-internacional-de-les-dones\/embed\/#?secret=sYUd6G01Wc#?secret=cZLH76YBDf\" data-secret=\"cZLH76YBDf\" width=\"500\" height=\"282\" frameborder=\"0\" marginwidth=\"0\" marginheight=\"0\" scrolling=\"no\"><\/iframe><\/p>\n<h1><span style=\"color: #800080;\">Setmana de la Dona. Curs 2023\/2024.<br \/>\n<span style=\"color: #cc99ff;\">Presentaci\u00f3<\/span><\/span><\/h1>\n<p><iframe loading=\"lazy\" src=\"https:\/\/drive.google.com\/file\/d\/1xgJLYgIaXzLMkYC3fzn_vbNEZhLpZz7k\/preview\" width=\"640\" height=\"480\"><\/iframe><\/p>\n<h1><span style=\"color: #800080;\"><span style=\"color: #cc99ff;\">V\u00eddeo<\/span><\/span><\/h1>\n<p><iframe loading=\"lazy\" src=\"https:\/\/drive.google.com\/file\/d\/1C25BZRy14acbSROTFN990RsbCgK80lWY\/preview\" width=\"640\" height=\"480\"><\/iframe><\/p>\n<h1><span style=\"color: #ffff00;\"><em>MOLT\u00cdSSIMES GR\u00c0CIES A TOTES!!!<\/em><\/span><\/h1>\n<h3><span style=\"color: #800080;\">8 de mar\u00e7, Dia de la Dona.<\/span><\/h3>\n<p><a href=\"https:\/\/natibergada.cat\/contes-per-treballar-la-coeducacio-i-la-igualtat-de-genere\/?utm_campaign=nati-contes-coeducacio-i-igualtat-de-genere&amp;utm_medium=email&amp;utm_source=acumbamail\"><img loading=\"lazy\" decoding=\"async\" class=\"alignnone wp-image-13610\" src=\"https:\/\/agora.xtec.cat\/zerelsio\/wp-content\/uploads\/usu567\/2024\/03\/70-contes-per-treballar-la-coeducacio-i-la-igualtat-de-genere.jpg\" alt=\"\" width=\"493\" height=\"350\" srcset=\"https:\/\/agora.xtec.cat\/zerelsio\/wp-content\/uploads\/usu567\/2024\/03\/70-contes-per-treballar-la-coeducacio-i-la-igualtat-de-genere.jpg 1024w, https:\/\/agora.xtec.cat\/zerelsio\/wp-content\/uploads\/usu567\/2024\/03\/70-contes-per-treballar-la-coeducacio-i-la-igualtat-de-genere-300x213.jpg 300w, https:\/\/agora.xtec.cat\/zerelsio\/wp-content\/uploads\/usu567\/2024\/03\/70-contes-per-treballar-la-coeducacio-i-la-igualtat-de-genere-768x545.jpg 768w\" sizes=\"auto, (max-width: 493px) 100vw, 493px\" \/><\/a><\/p>\n<h4>70 contes per treballar la coeducaci\u00f3 i la igualtat de g\u00e8nere.<\/h4>\n<h2><span style=\"color: #800080;\">Curs 2022\/2023.<\/span><\/h2>\n<p><a href=\"https:\/\/agora.xtec.cat\/zerelsio\/general\/8-de-marc-de-2023\/\"><img loading=\"lazy\" decoding=\"async\" class=\"alignnone size-full wp-image-11405\" src=\"https:\/\/agora.xtec.cat\/zerelsio\/wp-content\/uploads\/usu567\/2023\/03\/553x553-dia-dones-23.jpg_1595044798.jpg\" alt=\"\" width=\"538\" height=\"538\" srcset=\"https:\/\/agora.xtec.cat\/zerelsio\/wp-content\/uploads\/usu567\/2023\/03\/553x553-dia-dones-23.jpg_1595044798.jpg 538w, https:\/\/agora.xtec.cat\/zerelsio\/wp-content\/uploads\/usu567\/2023\/03\/553x553-dia-dones-23.jpg_1595044798-300x300.jpg 300w, https:\/\/agora.xtec.cat\/zerelsio\/wp-content\/uploads\/usu567\/2023\/03\/553x553-dia-dones-23.jpg_1595044798-150x150.jpg 150w\" sizes=\"auto, (max-width: 538px) 100vw, 538px\" \/><\/a><\/p>\n<h2><span style=\"color: #800080;\">Curs 2021\/2022.<\/span><\/h2>\n<div style=\"position: relative; width: 100%; height: 0; padding-top: 56.2500%; padding-bottom: 48px; box-shadow: 0 2px 8px 0 rgba(63,69,81,0.16); margin-top: 1.6em; margin-bottom: 0.9em; overflow: hidden; border-radius: 8px; will-change: transform;\"><iframe style=\"position: absolute; width: 100%; height: 100%; top: 0; left: 0; border: none; padding: 0; margin: 0;\" src=\"https:\/\/www.canva.com\/design\/DAE6TxGV-Ac\/watch?embed\" allowfullscreen=\"allowfullscreen\"><br \/>\n<\/iframe><\/div>\n<p><a href=\"https:\/\/www.canva.com\/design\/DAE6TxGV-Ac\/watch?utm_content=DAE6TxGV-Ac&amp;utm_campaign=designshare&amp;utm_medium=embeds&amp;utm_source=link\" target=\"_blank\" rel=\"noopener\">8032022<\/a> de msolduga<\/p>\n<blockquote class=\"wp-embedded-content\" data-secret=\"m2BO14EABS\"><p><a href=\"https:\/\/agora.xtec.cat\/zerelsio\/general\/8-de-marc-per-la-igualtat-de-genere\/\">8 de mar\u00e7, per la igualtat de g\u00e8nere<\/a><\/p><\/blockquote>\n<p><iframe loading=\"lazy\" class=\"wp-embedded-content\" sandbox=\"allow-scripts\" security=\"restricted\" style=\"position: absolute; clip: rect(1px, 1px, 1px, 1px);\" title=\"&#8220;8 de mar\u00e7, per la igualtat de g\u00e8nere&#8221; &#8212; ZER El Si\u00f3\" src=\"https:\/\/agora.xtec.cat\/zerelsio\/general\/8-de-marc-per-la-igualtat-de-genere\/embed\/#?secret=jbPPvqekM4#?secret=m2BO14EABS\" data-secret=\"m2BO14EABS\" width=\"500\" height=\"282\" frameborder=\"0\" marginwidth=\"0\" marginheight=\"0\" scrolling=\"no\"><\/iframe><\/p>\n<h2><span style=\"color: #800080;\">Poemes biogr\u00e0fics a dones cient\u00edfiques.<\/span><\/h2>\n<p><a href=\"https:\/\/blocs.xtec.cat\/butbloc\/2021\/11\/20\/dones-cientifiques\/\"><img loading=\"lazy\" decoding=\"async\" class=\"\" src=\"https:\/\/lh3.googleusercontent.com\/pw\/AM-JKLWQZAlWe3mj4uDpBlRs8KzSObOFFyFYWUHuq_sW42nuBYJR-IRVYtx72XxIwLAIGSrgMibnUuMh6tAi8Q2YR-wzjtZ1WI6y74WjX6ZAd9nZeoHGfGOb91Bvb2BVpaQEDeM3YKT26YDEdxF0bHc6HerL=w758-h568-no?authuser=1\" width=\"701\" height=\"525\" \/><\/a><\/p>\n<p><a href=\"https:\/\/blocs.xtec.cat\/butbloc\/2021\/11\/20\/dones-cientifiques\/\">https:\/\/blocs.xtec.cat\/butbloc\/2021\/11\/20\/dones-cientifiques\/<\/a><\/p>\n<h1><span style=\"color: #ff0000;\">Recursos<\/span><\/h1>\n<p><a href=\"http:\/\/xtec.gencat.cat\/ca\/centres\/celebracions\/2021\/dia-internacional-de-les-dones-2021\/\">http:\/\/xtec.gencat.cat\/ca\/centres\/celebracions\/2021\/dia-internacional-de-les-dones-2021\/<\/a><br \/>\n<a href=\"https:\/\/diarieducacio.cat\/26-contes-per-celebrar-amb-la-canalla-el-dia-internacional-de-les-dones\/\">https:\/\/diarieducacio.cat\/26-contes-per-celebrar-amb-la-canalla-el-dia-internacional-de-les-dones\/<\/a><br \/>\n<a href=\"https:\/\/www.sapiens.cat\/shomereixen.html#propostes\">https:\/\/www.sapiens.cat\/shomereixen.html#propostes<\/a><br \/>\n<iframe loading=\"lazy\" src=\"https:\/\/drive.google.com\/file\/d\/1Q3gBJNtoFn2-BOUPlRqtsZXQzujPJ800\/preview\" width=\"640\" height=\"480\"><\/iframe><\/p>\n<div style=\"width: 100%;\">\n<div style=\"position: relative; padding-bottom: 56.25%; padding-top: 0; height: 0;\"><iframe loading=\"lazy\" style=\"position: absolute; top: 0; left: 0; width: 100%; height: 100%;\" title=\"12 MUJERES QUE TRASFORMARON LA CIENCIA\" src=\"https:\/\/view.genially.com\/5e61fc4145d9ae0fc6fdf56c\" width=\"1200px\" height=\"675px\" frameborder=\"0\" scrolling=\"yes\" allowfullscreen=\"allowfullscreen\"><\/iframe><\/div>\n<\/div>\n","protected":false},"excerpt":{"rendered":"<p><a href=\"https:\/\/agora.xtec.cat\/zerelsio\/wp-content\/uploads\/usu567\/2024\/06\/curs2024_2025.png\"><\/a><br \/>\n<a href=\"https:\/\/agora.xtec.cat\/zerelsio\/general\/algunes-dones-rellevants-de-la-zer-escola-de-butsenit\/\"><\/a><br \/>\n<a href=\"https:\/\/agora.xtec.cat\/zerelsio\/general\/algunes-dones-rellevants-de-la-zer-escola-de-preixens\/\"><\/a><br \/>\n<a href=\"https:\/\/agora.xtec.cat\/zerelsio\/general\/algunes-dones-rellevants-de-la-zer-escola-de-puigverd-dagramunt\/\"><\/a><br \/>\n<a href=\"https:\/\/agora.xtec.cat\/zerelsio\/general\/altres-actuacions-del-dia-de-la-dona\/\"><\/a><br \/>\n<a href=\"https:\/\/serveiseducatius.xtec.cat\/urgell\/general\/dia-internacional-de-les-dones\/\">Dia Internacional de les Dones<\/a><\/p>\n<p>Setmana de la Dona. Curs 2023\/2024.<br \/>\nPresentaci\u00f3<\/p>\n<p>V\u00eddeo<\/p>\n<p>MOLT\u00cdSSIMES GR\u00c0CIES A TOTES!!!<br \/>\n8 de mar\u00e7, Dia de la Dona.<br \/>\n<a href=\"https:\/\/natibergada.cat\/contes-per-treballar-la-coeducacio-i-la-igualtat-de-genere\/?utm_campaign=nati-contes-coeducacio-i-igualtat-de-genere&amp;utm_medium=email&amp;utm_source=acumbamail\"><\/a><br \/>\n70 contes per treballar la coeducaci\u00f3 i la igualtat de g\u00e8nere.<br \/>\nCurs 2022\/2023.<br \/>\n<a href=\"https:\/\/agora.xtec.cat\/zerelsio\/general\/8-de-marc-de-2023\/\"><\/a><br \/>\nCurs 2021\/2022.<\/p>\n<p><a href=\"https:\/\/www.canva.com\/design\/DAE6TxGV-Ac\/watch?utm_content=DAE6TxGV-Ac&amp;utm_campaign=designshare&amp;utm_medium=embeds&amp;utm_source=link\" target=\"_blank\" rel=\"noopener\">8032022<\/a> de msolduga<br \/>\n<a href=\"https:\/\/agora.xtec.cat\/zerelsio\/general\/8-de-marc-per-la-igualtat-de-genere\/\">8&hellip;  <a href=\"https:\/\/agora.xtec.cat\/zerelsio\/projectes\/zer-coeducat\/dia-internacional-de-la-dona\/\" title=\"Read Dia Internacional de la Dona\">Llegeix m\u00e9s\u00bb<\/a><\/p>\n","protected":false},"author":3,"featured_media":0,"parent":7626,"menu_order":0,"comment_status":"closed","ping_status":"closed","template":"","meta":{"_bbp_topic_count":0,"_bbp_reply_count":0,"_bbp_total_topic_count":0,"_bbp_total_reply_count":0,"_bbp_voice_count":0,"_bbp_anonymous_reply_count":0,"_bbp_topic_count_hidden":0,"_bbp_reply_count_hidden":0,"_bbp_forum_subforum_count":0,"footnotes":""},"class_list":["post-8269","page","type-page","status-publish","hentry"],"post_mailing_queue_ids":[],"_links":{"self":[{"href":"https:\/\/agora.xtec.cat\/zerelsio\/wp-json\/wp\/v2\/pages\/8269","targetHints":{"allow":["GET"]}}],"collection":[{"href":"https:\/\/agora.xtec.cat\/zerelsio\/wp-json\/wp\/v2\/pages"}],"about":[{"href":"https:\/\/agora.xtec.cat\/zerelsio\/wp-json\/wp\/v2\/types\/page"}],"author":[{"embeddable":true,"href":"https:\/\/agora.xtec.cat\/zerelsio\/wp-json\/wp\/v2\/users\/3"}],"replies":[{"embeddable":true,"href":"https:\/\/agora.xtec.cat\/zerelsio\/wp-json\/wp\/v2\/comments?post=8269"}],"version-history":[{"count":6,"href":"https:\/\/agora.xtec.cat\/zerelsio\/wp-json\/wp\/v2\/pages\/8269\/revisions"}],"predecessor-version":[{"id":16823,"href":"https:\/\/agora.xtec.cat\/zerelsio\/wp-json\/wp\/v2\/pages\/8269\/revisions\/16823"}],"up":[{"embeddable":true,"href":"https:\/\/agora.xtec.cat\/zerelsio\/wp-json\/wp\/v2\/pages\/7626"}],"wp:attachment":[{"href":"https:\/\/agora.xtec.cat\/zerelsio\/wp-json\/wp\/v2\/media?parent=8269"}],"curies":[{"name":"wp","href":"https:\/\/api.w.org\/{rel}","templated":true}]}}