{"id":7626,"date":"2021-05-09T08:56:34","date_gmt":"2021-05-09T06:56:34","guid":{"rendered":"http:\/\/agora.xtec.cat\/zerelsio\/?page_id=7626"},"modified":"2024-08-09T20:16:02","modified_gmt":"2024-08-09T18:16:02","slug":"zer-coeducat","status":"publish","type":"page","link":"https:\/\/agora.xtec.cat\/zerelsio\/projectes\/zer-coeducat\/","title":{"rendered":"ZER coeduca&#8217;t"},"content":{"rendered":"<p><a href=\"https:\/\/agora.xtec.cat\/zerelsio\/wp-content\/uploads\/usu567\/2021\/05\/coeducacio.jpg\"><img loading=\"lazy\" decoding=\"async\" class=\"alignnone wp-image-7632\" src=\"https:\/\/agora.xtec.cat\/zerelsio\/wp-content\/uploads\/usu567\/2021\/05\/coeducacio.jpg\" alt=\"\" width=\"700\" height=\"495\" srcset=\"https:\/\/agora.xtec.cat\/zerelsio\/wp-content\/uploads\/usu567\/2021\/05\/coeducacio.jpg 512w, https:\/\/agora.xtec.cat\/zerelsio\/wp-content\/uploads\/usu567\/2021\/05\/coeducacio-300x212.jpg 300w\" sizes=\"auto, (max-width: 700px) 100vw, 700px\" \/><\/a><\/p>\n<p><a href=\"https:\/\/agora.xtec.cat\/zerelsio\/wp-content\/uploads\/usu567\/2024\/06\/curs2024_2025.png\"><img loading=\"lazy\" decoding=\"async\" class=\"alignnone size-full wp-image-14402\" src=\"https:\/\/agora.xtec.cat\/zerelsio\/wp-content\/uploads\/usu567\/2024\/06\/curs2024_2025.png\" alt=\"\" width=\"728\" height=\"125\" srcset=\"https:\/\/agora.xtec.cat\/zerelsio\/wp-content\/uploads\/usu567\/2024\/06\/curs2024_2025.png 728w, https:\/\/agora.xtec.cat\/zerelsio\/wp-content\/uploads\/usu567\/2024\/06\/curs2024_2025-300x52.png 300w\" sizes=\"auto, (max-width: 728px) 100vw, 728px\" \/><\/a><\/p>\n<h1><span style=\"color: #ff0000;\">Taller per la igualtat. Curs 2023\/2024.<\/span><\/h1>\n<p><a href=\"https:\/\/agora.xtec.cat\/zerelsio\/general\/taller-juguem-per-la-igualtat\/\"><img loading=\"lazy\" decoding=\"async\" class=\"alignnone size-full wp-image-13955\" src=\"https:\/\/agora.xtec.cat\/zerelsio\/wp-content\/uploads\/usu567\/2024\/04\/coeducaio.jpg\" alt=\"\" width=\"1008\" height=\"756\" srcset=\"https:\/\/agora.xtec.cat\/zerelsio\/wp-content\/uploads\/usu567\/2024\/04\/coeducaio.jpg 1008w, https:\/\/agora.xtec.cat\/zerelsio\/wp-content\/uploads\/usu567\/2024\/04\/coeducaio-300x225.jpg 300w, https:\/\/agora.xtec.cat\/zerelsio\/wp-content\/uploads\/usu567\/2024\/04\/coeducaio-768x576.jpg 768w, https:\/\/agora.xtec.cat\/zerelsio\/wp-content\/uploads\/usu567\/2024\/04\/coeducaio-200x150.jpg 200w\" sizes=\"auto, (max-width: 1008px) 100vw, 1008px\" \/><\/a><\/p>\n<p><iframe loading=\"lazy\" src=\"https:\/\/drive.google.com\/file\/d\/1ZYojmSD_tKVMRCuzJemqcJCZJVKueozl\/preview\" width=\"640\" height=\"480\"><\/iframe><\/p>\n<p><a href=\"https:\/\/conselleducacio.gencat.cat\/ca\/jornades\/2023\/\">https:\/\/conselleducacio.gencat.cat\/ca\/jornades\/2023\/<\/a><\/p>\n<p><iframe loading=\"lazy\" src=\"https:\/\/drive.google.com\/file\/d\/1fsqzm8eTAyciiHau__iCYtlo9MYhvPjY\/preview\" width=\"640\" height=\"480\" allow=\"autoplay\"><\/iframe><\/p>\n<p><iframe loading=\"lazy\" src=\"https:\/\/drive.google.com\/file\/d\/14uyO58N-5PITMVVvP0STOiItjGT22u3i\/preview\" width=\"640\" height=\"480\" allow=\"autoplay\"><\/iframe><\/p>\n<p><a href=\"https:\/\/agora.xtec.cat\/zerelsio\/projectes\/projecte-de-convivencia\/formacio-cocobe\/\" target=\"_blank\" rel=\"noopener\">https:\/\/agora.xtec.cat\/zerelsio\/projectes\/projecte-de-convivencia\/formacio-cocobe\/<\/a><\/p>\n<p><a href=\"https:\/\/agora.xtec.cat\/zerelsio\/general\/25-de-novembre\/\"><img loading=\"lazy\" decoding=\"async\" class=\"alignnone size-full wp-image-10832\" src=\"https:\/\/agora.xtec.cat\/zerelsio\/wp-content\/uploads\/usu567\/2022\/11\/1a.png\" alt=\"\" width=\"623\" height=\"282\" srcset=\"https:\/\/agora.xtec.cat\/zerelsio\/wp-content\/uploads\/usu567\/2022\/11\/1a.png 623w, https:\/\/agora.xtec.cat\/zerelsio\/wp-content\/uploads\/usu567\/2022\/11\/1a-300x136.png 300w\" sizes=\"auto, (max-width: 623px) 100vw, 623px\" \/><\/a><\/p>\n<p><iframe loading=\"lazy\" title=\"Els sis vectors del nou curr\u00edculum. La perspectiva de g\u00e8nere\" src=\"https:\/\/www.youtube.com\/embed\/zbtsK3wNrAk\" width=\"640\" height=\"360\" frameborder=\"0\" allowfullscreen=\"allowfullscreen\"><\/iframe><\/p>\n<p><a href=\"http:\/\/xtec.gencat.cat\/ca\/formacio\/info-general\/cercador-activitats\/\"><img loading=\"lazy\" decoding=\"async\" class=\"alignnone size-full wp-image-8505\" src=\"https:\/\/agora.xtec.cat\/zerelsio\/wp-content\/uploads\/usu567\/2021\/09\/coeducacio.png\" alt=\"\" width=\"726\" height=\"344\" srcset=\"https:\/\/agora.xtec.cat\/zerelsio\/wp-content\/uploads\/usu567\/2021\/09\/coeducacio.png 726w, https:\/\/agora.xtec.cat\/zerelsio\/wp-content\/uploads\/usu567\/2021\/09\/coeducacio-300x142.png 300w\" sizes=\"auto, (max-width: 726px) 100vw, 726px\" \/><\/a><\/p>\n<h3><span style=\"color: #ff0000;\">Dec\u00e0leg.<\/span><\/h3>\n<p><iframe loading=\"lazy\" src=\"https:\/\/drive.google.com\/file\/d\/1hMlS3WXVLQuKQq5EfpcNetQB4y-2ROEK\/preview\" width=\"640\" height=\"480\"><\/iframe><\/p>\n<p><a href=\"https:\/\/blocs.xtec.cat\/coeducacioiigualtat\/?_ga=2.215312210.432410175.1623846243-822433603.1622026420\">Programa de coeducaci\u00f3<\/a>.<\/p>\n<h3><span style=\"color: #ff0000;\">Formaci\u00f3 en\u00a0 <strong>Coeducaci\u00f3, classe social i aprenentatge: eines \u00fatils a l&#8217;escola, amb Daniel Gabarr\u00f3.<\/strong><\/span><\/h3>\n<p><iframe loading=\"lazy\" src=\"https:\/\/drive.google.com\/file\/d\/1Ja3Io1EuraSVEX9b_owKD6oMo-93Bq0N\/preview\" width=\"640\" height=\"480\"><\/iframe><br \/>\n<iframe loading=\"lazy\" src=\"https:\/\/www.youtube.com\/embed\/rA0G0LgA0U4\" width=\"482\" height=\"240\" frameborder=\"0\"><\/iframe><br \/>\n<iframe loading=\"lazy\" src=\"https:\/\/www.youtube.com\/embed\/ONDpzCVDVRM\" width=\"482\" height=\"240\" frameborder=\"0\"><\/iframe><br \/>\n<iframe loading=\"lazy\" src=\"https:\/\/www.youtube.com\/embed\/8C7D3s2UMu8\" width=\"482\" height=\"240\" frameborder=\"0\"><\/iframe><br \/>\n<iframe loading=\"lazy\" src=\"https:\/\/drive.google.com\/file\/d\/1vxMCWvBIcI3L9tNCvyA2GD9JHgZx8mG7\/preview\" width=\"640\" height=\"480\"><\/iframe><\/p>\n<p><a href=\"http:\/\/quaderndelsherpa.blogspot.com\/2014\/08\/el-mal-no-existeix-el-que-si-existeix.html\">http:\/\/quaderndelsherpa.blogspot.com\/2014\/08\/el-mal-no-existeix-el-que-si-existeix.html<\/a><\/p>\n<h3><span style=\"color: #ff0000;\">Escoles lliures de viol\u00e8ncia (LELV).<\/span><\/h3>\n<h3><a href=\"http:\/\/educacio.gencat.cat\/ca\/departament\/linies-estrategiques\/escoles-lliures-de-violencies\/\"><img loading=\"lazy\" decoding=\"async\" class=\"alignnone size-full wp-image-7635\" src=\"https:\/\/agora.xtec.cat\/zerelsio\/wp-content\/uploads\/usu567\/2021\/05\/lliure-violencies.png_2112338113.png\" alt=\"\" width=\"305\" height=\"338\" srcset=\"https:\/\/agora.xtec.cat\/zerelsio\/wp-content\/uploads\/usu567\/2021\/05\/lliure-violencies.png_2112338113.png 305w, https:\/\/agora.xtec.cat\/zerelsio\/wp-content\/uploads\/usu567\/2021\/05\/lliure-violencies.png_2112338113-271x300.png 271w\" sizes=\"auto, (max-width: 305px) 100vw, 305px\" \/><\/a><\/h3>\n<p><iframe loading=\"lazy\" src=\"https:\/\/drive.google.com\/file\/d\/1bR6yPrQOx4-qKqc1dV8fqiteKf9yWV62\/preview\" width=\"640\" height=\"480\"><\/iframe><br \/>\n<iframe loading=\"lazy\" src=\"https:\/\/www.youtube.com\/embed\/YBIJygo3iuo\" width=\"640\" height=\"360\" frameborder=\"0\"><\/iframe><\/p>\n<h3><span style=\"color: #ff0000;\">Dones i hist\u00f2ria. 9 de ma\u00e7, Dia Internacional de les Dones.<\/span><\/h3>\n<p><iframe loading=\"lazy\" src=\"https:\/\/drive.google.com\/file\/d\/12AOVmVjdq3YtcR1nyrB-kpWADxdKNwsF\/preview\" width=\"640\" height=\"480\"><\/iframe><\/p>\n<p><a href=\"https:\/\/web.gencat.cat\/ca\/actualitat\/reportatges\/dia-internacional-de-les-dones\/\">https:\/\/web.gencat.cat\/ca\/actualitat\/reportatges\/dia-internacional-de-les-dones\/<\/a><\/p>\n<p><a href=\"http:\/\/xtec.gencat.cat\/ca\/centres\/celebracions\/2020\/dia-internacional-de-les-dones-2020\/\">http:\/\/xtec.gencat.cat\/ca\/centres\/celebracions\/2020\/dia-internacional-de-les-dones-2020\/<\/a><\/p>\n<h3><span style=\"color: #ff0000;\">Altres recursos.<\/span><\/h3>\n<p><a href=\"https:\/\/natibergada.cat\/contes-per-treballar-la-coeducacio-i-la-igualtat-de-genere\/?utm_campaign=contes-igualtat-de-genere&amp;utm_medium=email&amp;utm_source=acumbamail\"><img loading=\"lazy\" decoding=\"async\" class=\"alignnone wp-image-7640\" src=\"https:\/\/agora.xtec.cat\/zerelsio\/wp-content\/uploads\/usu567\/2021\/05\/coe-1024x727.png\" alt=\"\" width=\"642\" height=\"456\" srcset=\"https:\/\/agora.xtec.cat\/zerelsio\/wp-content\/uploads\/usu567\/2021\/05\/coe.png 1024w, https:\/\/agora.xtec.cat\/zerelsio\/wp-content\/uploads\/usu567\/2021\/05\/coe-300x213.png 300w, https:\/\/agora.xtec.cat\/zerelsio\/wp-content\/uploads\/usu567\/2021\/05\/coe-768x545.png 768w\" sizes=\"auto, (max-width: 642px) 100vw, 642px\" \/><\/a><\/p>\n<h1><a href=\"https:\/\/natibergada.cat\/com-coeducar-a-laula\/?utm_campaign=nati-coeducar-a-laula-23&amp;utm_medium=email&amp;utm_source=acumbamail\">Com podem coeducar?<\/a><br \/>\n<iframe loading=\"lazy\" src=\"https:\/\/drive.google.com\/file\/d\/1-40fcapieGmbw6fysVjYdDJ4SWsE59lG\/preview\" width=\"640\" height=\"480\"><\/iframe><br \/>\n<iframe loading=\"lazy\" src=\"https:\/\/drive.google.com\/file\/d\/1FYCTe2wn44Era-SR3Ub6aBVXHuvVacig\/preview\" width=\"640\" height=\"480\"><\/iframe><br \/>\n<iframe loading=\"lazy\" src=\"https:\/\/drive.google.com\/file\/d\/1MiSWf3sVHdDpMwAXJKdPCX0wyprc4KCf\/preview\" width=\"640\" height=\"480\"><\/iframe><\/h1>\n<p><a href=\"http:\/\/xtec.gencat.cat\/ca\/curriculum\/coeducacio\/\">http:\/\/xtec.gencat.cat\/ca\/curriculum\/coeducacio\/<\/a><\/p>\n<p><a href=\"http:\/\/xtec.gencat.cat\/ca\/centres\/projeducatiu\/convivencia\/prog-form-prev-violencia-masclista\/primaria\/\">http:\/\/xtec.gencat.cat\/ca\/centres\/projeducatiu\/convivencia\/prog-form-prev-violencia-masclista\/primaria\/<\/a><\/p>\n<p><a href=\"https:\/\/serveiseducatius.xtec.cat\/urgell\/recursos\/materials-de-coeducacio\/\">https:\/\/serveiseducatius.xtec.cat\/urgell\/recursos\/materials-de-coeducacio\/<\/a><\/p>\n<ul>\n<li><a href=\"https:\/\/educacio.gencat.cat\/ca\/arees-actuacio\/centres-serveis-educatius\/altres-programes-educatius\/educacio-infantil-primaria-secundaria-batxillerat\/coeducat\/\" target=\"_blank\" rel=\"noopener\" data-saferedirecturl=\"https:\/\/www.google.com\/url?q=https:\/\/educacio.gencat.cat\/ca\/arees-actuacio\/centres-serveis-educatius\/altres-programes-educatius\/educacio-infantil-primaria-secundaria-batxillerat\/coeducat\/&amp;source=gmail&amp;ust=1638691356962000&amp;usg=AOvVaw2z3aSLG41lPOXF5co5M0JU\">Coeduca\u2019t<\/a>\u00a0amb el curr\u00edculum.<\/li>\n<li><a href=\"http:\/\/xtec.gencat.cat\/ca\/centres\/projeducatiu\/convivencia\/prog-form-prev-violencia-masclista\/\" target=\"_blank\" rel=\"noopener\" data-saferedirecturl=\"https:\/\/www.google.com\/url?q=http:\/\/xtec.gencat.cat\/ca\/centres\/projeducatiu\/convivencia\/prog-form-prev-violencia-masclista\/&amp;source=gmail&amp;ust=1638691356962000&amp;usg=AOvVaw0xlcuxvH_Tu9YpJmRaZKRv\">Programa formatiu de prevenci\u00f3 de la viol\u00e8ncia masclista<\/a>.<\/li>\n<li><a href=\"http:\/\/xtec.gencat.cat\/ca\/centres\/projeducatiu\/convivencia\/aquiproubullying\/\" target=\"_blank\" rel=\"noopener\" data-saferedirecturl=\"https:\/\/www.google.com\/url?q=http:\/\/xtec.gencat.cat\/ca\/centres\/projeducatiu\/convivencia\/aquiproubullying\/&amp;source=gmail&amp;ust=1638691356962000&amp;usg=AOvVaw0IxZS5eG_kwTmHzCVk9obD\">Programa d&#8217;innovaci\u00f3 #aquiproubullying<\/a><\/li>\n<li>Enfocament restauratiu global (ERG): web\u00a0<a href=\"http:\/\/xtec.gencat.cat\/ca\/centres\/projeducatiu\/convivencia\/una-comunitat-educativa-restaurativa-i-resilient\/\" target=\"_blank\" rel=\"noopener\" data-saferedirecturl=\"https:\/\/www.google.com\/url?q=http:\/\/xtec.gencat.cat\/ca\/centres\/projeducatiu\/convivencia\/una-comunitat-educativa-restaurativa-i-resilient\/&amp;source=gmail&amp;ust=1638691356962000&amp;usg=AOvVaw0NAgEsmwFgRD1ORQ__KuNQ\">Una comunitat educativa i resilient<\/a>\u00a0i assessoraments a escoles i instituts.<\/li>\n<\/ul>\n<blockquote class=\"wp-embedded-content\" data-secret=\"oHfWCa9r8n\"><p><a href=\"https:\/\/diarieducacio.cat\/26-contes-per-celebrar-amb-la-canalla-el-dia-internacional-de-les-dones\/\">26 contes per celebrar amb la canalla el Dia Internacional de les Dones<\/a><\/p><\/blockquote>\n<p><iframe loading=\"lazy\" class=\"wp-embedded-content\" sandbox=\"allow-scripts\" security=\"restricted\" style=\"position: absolute; clip: rect(1px, 1px, 1px, 1px);\" title=\"&#8220;26 contes per celebrar amb la canalla el Dia Internacional de les Dones&#8221; &#8212; El Diari de l&#039;Educaci\u00f3\" src=\"https:\/\/diarieducacio.cat\/26-contes-per-celebrar-amb-la-canalla-el-dia-internacional-de-les-dones\/embed\/#?secret=9zPYZk7Vq4#?secret=oHfWCa9r8n\" data-secret=\"oHfWCa9r8n\" width=\"500\" height=\"282\" frameborder=\"0\" marginwidth=\"0\" marginheight=\"0\" scrolling=\"no\"><\/iframe><\/p>\n","protected":false},"excerpt":{"rendered":"<p><a href=\"https:\/\/agora.xtec.cat\/zerelsio\/wp-content\/uploads\/usu567\/2021\/05\/coeducacio.jpg\"><\/a><br \/>\n<a href=\"https:\/\/agora.xtec.cat\/zerelsio\/wp-content\/uploads\/usu567\/2024\/06\/curs2024_2025.png\"><\/a><br \/>\nTaller per la igualtat. Curs 2023\/2024.<br \/>\n<a href=\"https:\/\/agora.xtec.cat\/zerelsio\/general\/taller-juguem-per-la-igualtat\/\"><\/a><\/p>\n<p><a href=\"https:\/\/conselleducacio.gencat.cat\/ca\/jornades\/2023\/\">https:\/\/conselleducacio.gencat.cat\/ca\/jornades\/2023\/<\/a><\/p>\n<p><a href=\"https:\/\/agora.xtec.cat\/zerelsio\/projectes\/projecte-de-convivencia\/formacio-cocobe\/\" target=\"_blank\" rel=\"noopener\">https:\/\/agora.xtec.cat\/zerelsio\/projectes\/projecte-de-convivencia\/formacio-cocobe\/<\/a><br \/>\n<a href=\"https:\/\/agora.xtec.cat\/zerelsio\/general\/25-de-novembre\/\"><\/a><\/p>\n<p><a href=\"http:\/\/xtec.gencat.cat\/ca\/formacio\/info-general\/cercador-activitats\/\"><\/a><br \/>\nDec\u00e0leg.<\/p>\n<p><a href=\"https:\/\/blocs.xtec.cat\/coeducacioiigualtat\/?_ga=2.215312210.432410175.1623846243-822433603.1622026420\">Programa de coeducaci\u00f3<\/a>.<br \/>\nFormaci\u00f3 en\u00a0 Coeducaci\u00f3, classe social i aprenentatge: eines \u00fatils a l&#8217;escola, amb Daniel Gabarr\u00f3.<\/p>\n<p><a href=\"http:\/\/quaderndelsherpa.blogspot.com\/2014\/08\/el-mal-no-existeix-el-que-si-existeix.html\">http:\/\/quaderndelsherpa.blogspot.com\/2014\/08\/el-mal-no-existeix-el-que-si-existeix.html<\/a><br \/>\nEscoles lliures de viol\u00e8ncia (LELV).<br \/>\n<a href=\"http:\/\/educacio.gencat.cat\/ca\/departament\/linies-estrategiques\/escoles-lliures-de-violencies\/\"><\/a><\/p>\n<p>Dones i hist\u00f2ria. 9 de ma\u00e7, Dia Internacional de&hellip;  <a href=\"https:\/\/agora.xtec.cat\/zerelsio\/projectes\/zer-coeducat\/\" title=\"Read ZER coeduca&#8217;t\">Llegeix m\u00e9s\u00bb<\/a><\/p>\n","protected":false},"author":3,"featured_media":0,"parent":992,"menu_order":9,"comment_status":"closed","ping_status":"closed","template":"page-templates\/side-menu.php","meta":{"_bbp_topic_count":0,"_bbp_reply_count":0,"_bbp_total_topic_count":0,"_bbp_total_reply_count":0,"_bbp_voice_count":0,"_bbp_anonymous_reply_count":0,"_bbp_topic_count_hidden":0,"_bbp_reply_count_hidden":0,"_bbp_forum_subforum_count":0,"footnotes":""},"class_list":["post-7626","page","type-page","status-publish","hentry"],"post_mailing_queue_ids":[],"_links":{"self":[{"href":"https:\/\/agora.xtec.cat\/zerelsio\/wp-json\/wp\/v2\/pages\/7626","targetHints":{"allow":["GET"]}}],"collection":[{"href":"https:\/\/agora.xtec.cat\/zerelsio\/wp-json\/wp\/v2\/pages"}],"about":[{"href":"https:\/\/agora.xtec.cat\/zerelsio\/wp-json\/wp\/v2\/types\/page"}],"author":[{"embeddable":true,"href":"https:\/\/agora.xtec.cat\/zerelsio\/wp-json\/wp\/v2\/users\/3"}],"replies":[{"embeddable":true,"href":"https:\/\/agora.xtec.cat\/zerelsio\/wp-json\/wp\/v2\/comments?post=7626"}],"version-history":[{"count":7,"href":"https:\/\/agora.xtec.cat\/zerelsio\/wp-json\/wp\/v2\/pages\/7626\/revisions"}],"predecessor-version":[{"id":14889,"href":"https:\/\/agora.xtec.cat\/zerelsio\/wp-json\/wp\/v2\/pages\/7626\/revisions\/14889"}],"up":[{"embeddable":true,"href":"https:\/\/agora.xtec.cat\/zerelsio\/wp-json\/wp\/v2\/pages\/992"}],"wp:attachment":[{"href":"https:\/\/agora.xtec.cat\/zerelsio\/wp-json\/wp\/v2\/media?parent=7626"}],"curies":[{"name":"wp","href":"https:\/\/api.w.org\/{rel}","templated":true}]}}