{"id":6293,"date":"2020-04-06T17:08:31","date_gmt":"2020-04-06T15:08:31","guid":{"rendered":"http:\/\/agora.xtec.cat\/zerelsio\/?page_id=6293"},"modified":"2025-07-16T10:39:42","modified_gmt":"2025-07-16T08:39:42","slug":"lavaluacio","status":"publish","type":"page","link":"https:\/\/agora.xtec.cat\/zerelsio\/ambits\/lavaluacio\/","title":{"rendered":"L&#8217;avaluaci\u00f3"},"content":{"rendered":"<h3 style=\"text-align: justify;\"><span style=\"color: #ff0000;\"><em>&#8220;L&#8217;avaluaci\u00f3 ha de ser el motor de l&#8217;aprenentatge, at\u00e8s que d&#8217;ella dep\u00e8n tant el qu\u00e8 i com s&#8217;ensenya, com el qu\u00e8 i com s&#8217;apr\u00e8n&#8221;. <\/em>Neus Sanmart\u00ed.<\/span><\/h3>\n<h3 style=\"text-align: justify;\"><span style=\"color: #ff0000;\"><em>&#8220;L&#8217;avaluaci\u00f3 hauria de ser un punt d&#8217;avituallament on cada alumne pugui trobar el que necessita.&#8221;<\/em> Jordi Dom\u00e8nech<\/span><\/h3>\n<h3><iframe loading=\"lazy\" src=\"https:\/\/www.youtube.com\/embed\/2-mKkYQ7hA4\" width=\"400\" height=\"225\" frameborder=\"0\" data-mce-fragment=\"1\"><span data-mce-type=\"bookmark\" style=\"display: inline-block; width: 0px; overflow: hidden; line-height: 0;\" class=\"mce_SELRES_start\">\ufeff<\/span><span data-mce-type=\"bookmark\" style=\"display: inline-block; width: 0px; overflow: hidden; line-height: 0;\" class=\"mce_SELRES_start\">\ufeff<\/span><span data-mce-type=\"bookmark\" style=\"display: inline-block; width: 0px; overflow: hidden; line-height: 0;\" class=\"mce_SELRES_start\">\ufeff<\/span><span data-mce-type=\"bookmark\" style=\"display: inline-block; width: 0px; overflow: hidden; line-height: 0;\" class=\"mce_SELRES_start\">\ufeff<\/span><span data-mce-type=\"bookmark\" style=\"display: inline-block; width: 0px; overflow: hidden; line-height: 0;\" class=\"mce_SELRES_start\">\ufeff<\/span><span style=\"display: inline-block; width: 0px; overflow: hidden; line-height: 0;\" data-mce-type=\"bookmark\" class=\"mce_SELRES_start\">\ufeff<\/span><\/iframe><\/h3>\n<h3><a href=\"https:\/\/sites.google.com\/insquercus.cat\/instrumentsavaluacio\/inici\"><img loading=\"lazy\" decoding=\"async\" class=\"alignnone size-full wp-image-12992\" src=\"https:\/\/agora.xtec.cat\/zerelsio\/wp-content\/uploads\/usu567\/2023\/12\/avaluacio.jpg\" alt=\"\" width=\"960\" height=\"551\" srcset=\"https:\/\/agora.xtec.cat\/zerelsio\/wp-content\/uploads\/usu567\/2023\/12\/avaluacio.jpg 960w, https:\/\/agora.xtec.cat\/zerelsio\/wp-content\/uploads\/usu567\/2023\/12\/avaluacio-300x172.jpg 300w, https:\/\/agora.xtec.cat\/zerelsio\/wp-content\/uploads\/usu567\/2023\/12\/avaluacio-768x441.jpg 768w\" sizes=\"auto, (max-width: 960px) 100vw, 960px\" \/><\/a><\/h3>\n<h3><a href=\"https:\/\/sites.google.com\/insquercus.cat\/instrumentsavaluacio\/inici\">Biblioteca instruments d&#8217;avaluaci\u00f3<\/a>.<\/h3>\n<h3><a href=\"https:\/\/padlet.com\/frubio12\/la-retroacci-amb-l-alumnat-jk2caqsu0e3yunoc\">La retroacci\u00f3 amb l&#8217;alumnat<\/a>.<\/h3>\n<h3 id=\"h.ni3rnro45adu\" class=\"zfr3Q duRjpb CDt4Ke \" dir=\"ltr\"><span class=\"FdCeP C9DxTc \"><a href=\"https:\/\/sites.google.com\/xtec.cat\/informes-avaluacio-qualitatius\/p%C3%A0gina-principal\">Com avan\u00e7ar cap a un informe d&#8217;avaluaci\u00f3 m\u00e9s qualitatiu<\/a>?<\/span><\/h3>\n<p><a href=\"https:\/\/agora.xtec.cat\/zerelsio\/wp-content\/uploads\/usu567\/2025\/07\/cooltext485687808167408.png\"><img loading=\"lazy\" decoding=\"async\" class=\"alignnone size-full wp-image-17493\" src=\"https:\/\/agora.xtec.cat\/zerelsio\/wp-content\/uploads\/usu567\/2025\/07\/cooltext485687808167408.png\" alt=\"\" width=\"802\" height=\"141\" srcset=\"https:\/\/agora.xtec.cat\/zerelsio\/wp-content\/uploads\/usu567\/2025\/07\/cooltext485687808167408.png 802w, https:\/\/agora.xtec.cat\/zerelsio\/wp-content\/uploads\/usu567\/2025\/07\/cooltext485687808167408-300x53.png 300w, https:\/\/agora.xtec.cat\/zerelsio\/wp-content\/uploads\/usu567\/2025\/07\/cooltext485687808167408-768x135.png 768w\" sizes=\"auto, (max-width: 802px) 100vw, 802px\" \/><\/a><\/p>\n<table style=\"border-collapse: collapse; width: 100%;\">\n<tbody>\n<tr>\n<td style=\"width: 34.1596%;\"><iframe loading=\"lazy\" src=\"https:\/\/drive.google.com\/file\/d\/1Y6RG8yCatzXdwgV-jFenMwo4Zr356WhW\/preview\" width=\"640\" height=\"480\"><\/iframe><\/td>\n<td style=\"width: 65.8404%;\"><iframe loading=\"lazy\" src=\"https:\/\/drive.google.com\/file\/d\/1oXMvWdvCpEX85TQDmScEPSLrkNJgX7gE\/preview\" width=\"640\" height=\"480\"><\/iframe><\/td>\n<\/tr>\n<\/tbody>\n<\/table>\n<h3><\/h3>\n<h3><span style=\"color: #ff0000;\">Reuni\u00f3 \u00c0rea geogr\u00e0fica 3 a T\u00e0rrega, 03\/04.<\/span><\/h3>\n<p><iframe loading=\"lazy\" src=\"https:\/\/drive.google.com\/file\/d\/1i1H_oPF8D4RTI-kd_qukr7Z4E8FEkfGL\/preview\" width=\"640\" height=\"480\"><\/iframe><\/p>\n<p><iframe loading=\"lazy\" src=\"https:\/\/drive.google.com\/file\/d\/1hXJ9dMvFgvj6-IoZiRKCGoUwEftW84Ao\/preview\" width=\"640\" height=\"480\"><\/iframe><\/p>\n<p><a href=\"https:\/\/avaluacioeducativa.gencat.cat\/ca\/avaluacions\/calendari\/calendari-2025-2026.html\/\">Calendari d&#8217;avaluacions 2025-2026. Ag\u00e8ncia d&#8217;Avaluaci\u00f3 i Prospectiva de l&#8217;Educaci\u00f3<\/a><\/p>\n<p><a href=\"http:\/\/csda.gencat.cat\/ca\/\">http:\/\/csda.gencat.cat\/ca\/<\/a><br \/>\n<iframe loading=\"lazy\" src=\"https:\/\/drive.google.com\/file\/d\/1PBKWG2vFP6NxQUY5JB1PM8d78Z_x9TF6\/preview\" width=\"640\" height=\"480\"><\/iframe><br \/>\nFitxa per avaluar les actuacions de la Programaci\u00f3 General de ZER (PGZ).<\/p>\n<p><iframe loading=\"lazy\" src=\"https:\/\/drive.google.com\/file\/d\/1pZS5LtMw7s5Mc1aCaE5jlSPF5e7Nfwn9\/preview\" width=\"640\" height=\"480\"><\/iframe><\/p>\n<h3><a href=\"https:\/\/agora.xtec.cat\/zerelsio\/wp-content\/uploads\/usu567\/2022\/06\/cooltext413837166962765.png\"><iframe loading=\"lazy\" src=\"https:\/\/drive.google.com\/file\/d\/1wKRYL3N6Nu5TO7icYU9WaXVa1KNmd0tE\/preview\" width=\"640\" height=\"480\"><\/iframe><br \/>\n<\/a><\/h3>\n<p>&nbsp;<\/p>\n<h2><span style=\"color: #ff0000;\">Dec\u00e0leg<\/span><\/h2>\n<p><iframe loading=\"lazy\" src=\"https:\/\/drive.google.com\/file\/d\/1V7S8rTNrnj5kvOZwh21F33AtSVorox3o\/preview\" width=\"640\" height=\"480\"><\/iframe><\/p>\n<p><a href=\"https:\/\/natibergada.cat\/avaluacio-competencial-i-instruments-avaluacio\/?utm_campaign=nati-instruments-avaluacio&amp;utm_medium=email&amp;utm_source=acumbamail\"><img loading=\"lazy\" decoding=\"async\" class=\"alignnone size-full wp-image-11695\" src=\"https:\/\/agora.xtec.cat\/zerelsio\/wp-content\/uploads\/usu567\/2023\/05\/AVALUACIO\u0301-TRADICIONAL-vs-AVALUACIO\u0301-COMPETENCIAL.png\" alt=\"\" width=\"800\" height=\"600\" srcset=\"https:\/\/agora.xtec.cat\/zerelsio\/wp-content\/uploads\/usu567\/2023\/05\/AVALUACIO\u0301-TRADICIONAL-vs-AVALUACIO\u0301-COMPETENCIAL.png 800w, https:\/\/agora.xtec.cat\/zerelsio\/wp-content\/uploads\/usu567\/2023\/05\/AVALUACIO\u0301-TRADICIONAL-vs-AVALUACIO\u0301-COMPETENCIAL-300x225.png 300w, https:\/\/agora.xtec.cat\/zerelsio\/wp-content\/uploads\/usu567\/2023\/05\/AVALUACIO\u0301-TRADICIONAL-vs-AVALUACIO\u0301-COMPETENCIAL-768x576.png 768w, https:\/\/agora.xtec.cat\/zerelsio\/wp-content\/uploads\/usu567\/2023\/05\/AVALUACIO\u0301-TRADICIONAL-vs-AVALUACIO\u0301-COMPETENCIAL-200x150.png 200w\" sizes=\"auto, (max-width: 800px) 100vw, 800px\" \/><\/a><\/p>\n<p><a href=\"https:\/\/sites.google.com\/xtec.cat\/nogueratac\/cursos-anteriors\/xtcd-2019-2020\/3-com-avaluar\"><img loading=\"lazy\" decoding=\"async\" class=\"alignnone size-full wp-image-7147\" src=\"https:\/\/agora.xtec.cat\/zerelsio\/wp-content\/uploads\/usu567\/2021\/04\/avaluacio.jpg\" alt=\"\" width=\"700\" height=\"576\" \/><\/a><\/p>\n<h1><span style=\"color: #ff0000;\">Miguel \u00c1ngel Santos Guerra<\/span><\/h1>\n<p><iframe loading=\"lazy\" src=\"https:\/\/www.youtube.com\/embed\/HQQ9WA-R07c\" width=\"640\" height=\"360\" frameborder=\"0\"><\/iframe><\/p>\n<p><iframe loading=\"lazy\" src=\"https:\/\/drive.google.com\/file\/d\/15dmFHcbJcFjMkxIGCZYyLaaf-sfFVmMG\/preview\" width=\"640\" height=\"480\"><\/iframe><\/p>\n<h3><a href=\"https:\/\/mas.laopiniondemalaga.es\/blog\/eladarve\/2011\/06\/25\/evaluar-con-el-corazon\/\"><span style=\"color: #00ff00;\">Evaluar com el coraz\u00f3n.<\/span><\/a><\/h3>\n<p><a href=\"https:\/\/photos.app.goo.gl\/77tuQfcgB8nez5oAA\"><img loading=\"lazy\" decoding=\"async\" class=\"\" src=\"https:\/\/lh3.googleusercontent.com\/pw\/AM-JKLXapmluDMGWhAObcffw8aUGtv6ybPWwzfqhWiry4U--1gagH5g-8OCK8uaS0jNcqzulGf6MI_qEmxVkOoKcV9Y3aVNAo9f4zIYXUEkkXJO5nX-26CCwnXcMU0oOLVMUt3CwQCP0BG2drI_H2WJW__c7mg=w676-h507-no?authuser=1\" width=\"700\" height=\"525\" \/><\/a><\/p>\n<p><a href=\"https:\/\/cerac.unlpam.edu.ar\/index.php\/praxis\/article\/view\/2176\/2506\">Llibre<\/a>.<\/p>\n<p><a href=\"https:\/\/mas.laopiniondemalaga.es\/blog\/eladarve\/\">https:\/\/mas.laopiniondemalaga.es\/blog\/eladarve\/<\/a><\/p>\n<p><a href=\"https:\/\/blocs.xtec.cat\/19jornadaxarxacb\/\">https:\/\/blocs.xtec.cat\/19jornadaxarxacb\/<\/a><\/p>\n<h1><span style=\"color: #ff0000;\">Neus Sanmart\u00ed.<\/span><\/h1>\n<p><iframe loading=\"lazy\" src=\"https:\/\/www.youtube.com\/embed\/bVbcdijIIC4\" width=\"640\" height=\"360\" frameborder=\"0\"><\/iframe><br \/>\n<iframe loading=\"lazy\" src=\"https:\/\/www.youtube.com\/embed\/b9BTCbr_nwg\" width=\"640\" height=\"360\" frameborder=\"0\"><\/iframe><\/p>\n<h1><a href=\"http:\/\/xtec.gencat.cat\/web\/.content\/alfresco\/d\/d\/workspace\/SpacesStore\/0024\/fc53024f-626e-423b-877a-932148c56075\/avaluar_per_aprendre.pdf\"><img loading=\"lazy\" decoding=\"async\" class=\"alignnone wp-image-6299\" src=\"https:\/\/agora.xtec.cat\/zerelsio\/wp-content\/uploads\/usu567\/2020\/04\/avaluacio-1.jpg\" alt=\"\" width=\"711\" height=\"500\" srcset=\"https:\/\/agora.xtec.cat\/zerelsio\/wp-content\/uploads\/usu567\/2020\/04\/avaluacio-1.jpg 781w, https:\/\/agora.xtec.cat\/zerelsio\/wp-content\/uploads\/usu567\/2020\/04\/avaluacio-1-300x211.jpg 300w, https:\/\/agora.xtec.cat\/zerelsio\/wp-content\/uploads\/usu567\/2020\/04\/avaluacio-1-768x541.jpg 768w\" sizes=\"auto, (max-width: 711px) 100vw, 711px\" \/><\/a><\/h1>\n<p><a href=\"https:\/\/agora.xtec.cat\/zerelsio\/wp-content\/uploads\/usu567\/2020\/04\/a2.jpg\"><img loading=\"lazy\" decoding=\"async\" class=\"alignnone wp-image-6327\" src=\"https:\/\/agora.xtec.cat\/zerelsio\/wp-content\/uploads\/usu567\/2020\/04\/a2.jpg\" alt=\"\" width=\"701\" height=\"548\" srcset=\"https:\/\/agora.xtec.cat\/zerelsio\/wp-content\/uploads\/usu567\/2020\/04\/a2.jpg 703w, https:\/\/agora.xtec.cat\/zerelsio\/wp-content\/uploads\/usu567\/2020\/04\/a2-300x235.jpg 300w\" sizes=\"auto, (max-width: 701px) 100vw, 701px\" \/><\/a><\/p>\n<p><a href=\"https:\/\/agora.xtec.cat\/zerelsio\/wp-content\/uploads\/usu567\/2020\/04\/avaluacio.png\"><img loading=\"lazy\" decoding=\"async\" class=\"alignnone size-full wp-image-6295\" src=\"https:\/\/agora.xtec.cat\/zerelsio\/wp-content\/uploads\/usu567\/2020\/04\/avaluacio.png\" alt=\"\" width=\"541\" height=\"704\" srcset=\"https:\/\/agora.xtec.cat\/zerelsio\/wp-content\/uploads\/usu567\/2020\/04\/avaluacio.png 541w, https:\/\/agora.xtec.cat\/zerelsio\/wp-content\/uploads\/usu567\/2020\/04\/avaluacio-231x300.png 231w\" sizes=\"auto, (max-width: 541px) 100vw, 541px\" \/><\/a><\/p>\n<p><iframe loading=\"lazy\" src=\"https:\/\/www.youtube.com\/embed\/v16EoFjeqN0\" width=\"400\" height=\"225\" frameborder=\"0\"><\/iframe><br \/>\n<iframe loading=\"lazy\" src=\"https:\/\/www.youtube.com\/embed\/Ufrec9NpjHo\" width=\"400\" height=\"225\" frameborder=\"0\"><\/iframe><br \/>\n<iframe loading=\"lazy\" src=\"https:\/\/drive.google.com\/file\/d\/1YxUGxWgydDwUjhwXAAedlwfu9fgqkBc3\/preview\" width=\"640\" height=\"480\"><\/iframe><\/p>\n<p><a href=\"https:\/\/agora.xtec.cat\/zerelsio\/general\/lescola-a-distancia-ens-preocupa-com-aprendre-o-com-avaluar\/\">https:\/\/agora.xtec.cat\/zerelsio\/general\/lescola-a-distancia-ens-preocupa-com-aprendre-o-com-avaluar\/<\/a><\/p>\n<p><a href=\"https:\/\/projectes.xtec.cat\/xarxacb\/actavmillora\/\"><img loading=\"lazy\" decoding=\"async\" class=\"\" src=\"https:\/\/projectes.xtec.cat\/xarxacb\/wp-content\/uploads\/usu1277\/2019\/08\/cronograma-dibuix-e1565007882661.png\" width=\"483\" height=\"585\" \/><\/a><\/p>\n<h1><span style=\"color: #ff0000;\">Phelippe Perrenoud<\/span><\/h1>\n<p><iframe loading=\"lazy\" src=\"https:\/\/drive.google.com\/file\/d\/1xixaLLDFTHbMmE6nzQ6SxQFoeSIAgwiI\/preview\" width=\"640\" height=\"480\"><\/iframe><\/p>\n<p><iframe loading=\"lazy\" src=\"https:\/\/drive.google.com\/file\/d\/1nSltSprxlD5o2Wd67VA_xJugLZy3BGjg\/preview\" width=\"640\" height=\"480\"><\/iframe><br \/>\n<iframe loading=\"lazy\" src=\"https:\/\/drive.google.com\/file\/d\/1XLcaMMo0pkRMd3TSVOGuIyHMWHeGXXLA\/preview\" width=\"640\" height=\"480\"><\/iframe><br \/>\n<iframe loading=\"lazy\" src=\"https:\/\/drive.google.com\/file\/d\/1qW9aRh2GTP9jDCC9wVOf5dfeyk6NzKX_\/preview\" width=\"640\" height=\"480\"><\/iframe><br \/>\n<iframe loading=\"lazy\" src=\"https:\/\/drive.google.com\/file\/d\/1h-Mg_IXUxzdPcaUEL3EVCA_XwxvmX7uh\/preview\" width=\"640\" height=\"480\"><\/iframe><br \/>\n<iframe loading=\"lazy\" src=\"https:\/\/drive.google.com\/file\/d\/1jaRJ5atFY_7VoSvTMeT7Q5Zs6Ibqo0T5\/preview\" width=\"640\" height=\"480\"><\/iframe><\/p>\n<p><a href=\"https:\/\/www.tresorderecursos.com\/repensar-avalaucio\">https:\/\/www.tresorderecursos.com\/repensar-avalaucio<\/a><\/p>\n<p><a href=\"https:\/\/www.tresorderecursos.com\/instruments\">https:\/\/www.tresorderecursos.com\/instruments<\/a><\/p>\n<p><a href=\"https:\/\/www.tresorderecursos.com\/instruments-compartir-criteris\">https:\/\/www.tresorderecursos.com\/instruments-compartir-criteris<\/a><\/p>\n<h1><span style=\"color: #ff0000;\">NORMATIVA<\/span><\/h1>\n<p><a href=\"http:\/\/portaldogc.gencat.cat\/utilsEADOP\/PDF\/7148\/1508505.pdf\">ORDRE ENS\/164\/2016, de 14 de juny, per la qual es determinen el procediment i els documents i requisits formals del proc\u00e9s d&#8217;avaluaci\u00f3 en l&#8217;educaci\u00f3 prim\u00e0ria.<\/a><\/p>\n<p><a href=\"https:\/\/portaldogc.gencat.cat\/utilsEADOP\/PDF\/5505\/1049602.pdf\">Ordre EDU \/484\/2009, de 2 de novembre del procediment i els documents i requisits formals del proc\u00e9s d&#8217;avaluaci\u00f3 del segon cicle d&#8217;educaci\u00f3 infantil<span class=\"sr-only\">. Obre en una nova finestra.<\/span><\/a><\/p>\n<h1><span style=\"color: #ff0000;\">RECURSOS<\/span><\/h1>\n<p><a href=\"https:\/\/avaluarperaprendre.cat\/recursos-i-referents\/\"><img loading=\"lazy\" decoding=\"async\" class=\"alignnone size-full wp-image-14014\" src=\"https:\/\/agora.xtec.cat\/zerelsio\/wp-content\/uploads\/usu567\/2024\/04\/avaluar_aprendre.jpeg\" alt=\"\" width=\"225\" height=\"225\" srcset=\"https:\/\/agora.xtec.cat\/zerelsio\/wp-content\/uploads\/usu567\/2024\/04\/avaluar_aprendre.jpeg 225w, https:\/\/agora.xtec.cat\/zerelsio\/wp-content\/uploads\/usu567\/2024\/04\/avaluar_aprendre-150x150.jpeg 150w\" sizes=\"auto, (max-width: 225px) 100vw, 225px\" \/><\/a><\/p>\n<p><a href=\"https:\/\/agora.xtec.cat\/zerelsio\/wp-content\/uploads\/usu567\/2024\/04\/Portades-Nati-blog-fotos.png\"><img loading=\"lazy\" decoding=\"async\" class=\"alignnone wp-image-14005\" src=\"https:\/\/agora.xtec.cat\/zerelsio\/wp-content\/uploads\/usu567\/2024\/04\/Portades-Nati-blog-fotos.png\" alt=\"\" width=\"676\" height=\"480\" srcset=\"https:\/\/agora.xtec.cat\/zerelsio\/wp-content\/uploads\/usu567\/2024\/04\/Portades-Nati-blog-fotos.png 1024w, https:\/\/agora.xtec.cat\/zerelsio\/wp-content\/uploads\/usu567\/2024\/04\/Portades-Nati-blog-fotos-300x213.png 300w, https:\/\/agora.xtec.cat\/zerelsio\/wp-content\/uploads\/usu567\/2024\/04\/Portades-Nati-blog-fotos-768x545.png 768w\" sizes=\"auto, (max-width: 676px) 100vw, 676px\" \/><\/a><\/p>\n<p><a href=\"https:\/\/projectes.xtec.cat\/tilc\/elements-tilc\/com-avaluar\/\"><img loading=\"lazy\" decoding=\"async\" class=\"alignnone wp-image-14010\" src=\"https:\/\/agora.xtec.cat\/zerelsio\/wp-content\/uploads\/usu567\/2024\/04\/avaluar.png\" alt=\"\" width=\"692\" height=\"195\" srcset=\"https:\/\/agora.xtec.cat\/zerelsio\/wp-content\/uploads\/usu567\/2024\/04\/avaluar.png 713w, https:\/\/agora.xtec.cat\/zerelsio\/wp-content\/uploads\/usu567\/2024\/04\/avaluar-300x85.png 300w\" sizes=\"auto, (max-width: 692px) 100vw, 692px\" \/><\/a><\/p>\n<p><a href=\"https:\/\/natibergada.cat\/avaluacio-competencial-i-instruments-avaluacio\/\">https:\/\/natibergada.cat\/avaluacio-competencial-i-instruments-avaluacio\/<\/a><\/p>\n<p><a href=\"http:\/\/xtec.gencat.cat\/ca\/curriculum\/xarxacb\/avaluarperaprendre\/\">http:\/\/xtec.gencat.cat\/ca\/curriculum\/xarxacb\/avaluarperaprendre\/<\/a><\/p>\n<p><a href=\"http:\/\/csda.gencat.cat\/ca\/arees-actuacio\/avaluacions-consell\/\">http:\/\/csda.gencat.cat\/ca\/arees-actuacio\/avaluacions-consell\/<\/a><\/p>\n<p><a href=\"https:\/\/ateneu.xtec.cat\/wikiform\/wikiexport\/cursos\/curriculum\/inf_pri\/cape\/aval\/index\">https:\/\/ateneu.xtec.cat\/wikiform\/wikiexport\/cursos\/curriculum\/inf_pri\/cape\/aval\/index<\/a><\/p>\n<p><a href=\"https:\/\/ateneu.xtec.cat\/wikiform\/wikiexport\/materials\/csre\/matprj\/avaluacio\/index\">https:\/\/ateneu.xtec.cat\/wikiform\/wikiexport\/materials\/csre\/matprj\/avaluacio\/index<\/a><\/p>\n<h1 class=\"entry-title\"><span style=\"color: #ff0000;\">Per qu\u00e8 \u00e9s tan important el feedback?<\/span><\/h1>\n<p><a href=\"https:\/\/avaluarperaprendre.cat\/recursos-i-referents\/retroaccio-i-retroalimentacio-feedback\/\"><img loading=\"lazy\" decoding=\"async\" class=\"alignnone size-full wp-image-14016\" src=\"https:\/\/agora.xtec.cat\/zerelsio\/wp-content\/uploads\/usu567\/2024\/04\/Lescala-del-Feedback.jpg\" alt=\"\" width=\"586\" height=\"892\" srcset=\"https:\/\/agora.xtec.cat\/zerelsio\/wp-content\/uploads\/usu567\/2024\/04\/Lescala-del-Feedback.jpg 586w, https:\/\/agora.xtec.cat\/zerelsio\/wp-content\/uploads\/usu567\/2024\/04\/Lescala-del-Feedback-197x300.jpg 197w\" sizes=\"auto, (max-width: 586px) 100vw, 586px\" \/><\/a><\/p>\n<p><iframe loading=\"lazy\" src=\"https:\/\/drive.google.com\/file\/d\/1m_jNulOcojgjsjMgtFGNMe8A_ktt_sh7\/preview\" width=\"640\" height=\"480\"><\/iframe><\/p>\n<p><a href=\"https:\/\/drive.google.com\/file\/d\/1inUMd86tL_GgjBmcA47Lcz79bpliCUOx\/view\">https:\/\/drive.google.com\/file\/d\/1inUMd86tL_GgjBmcA47Lcz79bpliCUOx\/view<\/a><\/p>\n<p><a href=\"https:\/\/drive.google.com\/file\/d\/1hCs0KTZgwT9C6K-HBhZvU3LL9myy74b3\/view\">https:\/\/drive.google.com\/file\/d\/1hCs0KTZgwT9C6K-HBhZvU3LL9myy74b3\/view<\/a><\/p>\n<blockquote class=\"wp-embedded-content\" data-secret=\"hcpS34XMNr\"><p><a href=\"https:\/\/avaluarperaprendre.cat\/recursos-i-referents\/retroaccio-i-retroalimentacio-feedback\/\">Retroalimentaci\u00f3 (feedback) i autoregulaci\u00f3<\/a><\/p><\/blockquote>\n<p><iframe loading=\"lazy\" class=\"wp-embedded-content\" sandbox=\"allow-scripts\" security=\"restricted\" style=\"position: absolute; visibility: hidden;\" title=\"&#8220;Retroalimentaci\u00f3 (feedback) i autoregulaci\u00f3&#8221; &#8212; Avaluar per aprendre\" src=\"https:\/\/avaluarperaprendre.cat\/recursos-i-referents\/retroaccio-i-retroalimentacio-feedback\/embed\/#?secret=VBgrNDrOfY#?secret=hcpS34XMNr\" data-secret=\"hcpS34XMNr\" width=\"500\" height=\"282\" frameborder=\"0\" marginwidth=\"0\" marginheight=\"0\" scrolling=\"no\"><\/iframe><\/p>\n","protected":false},"excerpt":{"rendered":"<p>&#8220;L&#8217;avaluaci\u00f3 ha de ser el motor de l&#8217;aprenentatge, at\u00e8s que d&#8217;ella dep\u00e8n tant el qu\u00e8 i com s&#8217;ensenya, com el qu\u00e8 i com s&#8217;apr\u00e8n&#8221;. Neus Sanmart\u00ed.<br \/>\n&#8220;L&#8217;avaluaci\u00f3 hauria de ser un punt d&#8217;avituallament on cada alumne pugui trobar el que necessita.&#8221; Jordi Dom\u00e8nech<br \/>\n\ufeff\ufeff\ufeff\ufeff\ufeff\ufeff<br \/>\n<a href=\"https:\/\/sites.google.com\/insquercus.cat\/instrumentsavaluacio\/inici\"><\/a><br \/>\n<a href=\"https:\/\/sites.google.com\/insquercus.cat\/instrumentsavaluacio\/inici\">Biblioteca instruments&hellip;  <a href=\"https:\/\/agora.xtec.cat\/zerelsio\/ambits\/lavaluacio\/\" title=\"Read L&#8217;avaluaci\u00f3\">Llegeix m\u00e9s\u00bb<\/a><\/p>\n","protected":false},"author":3,"featured_media":0,"parent":1069,"menu_order":20,"comment_status":"closed","ping_status":"closed","template":"page-templates\/side-menu.php","meta":{"_bbp_topic_count":0,"_bbp_reply_count":0,"_bbp_total_topic_count":0,"_bbp_total_reply_count":0,"_bbp_voice_count":0,"_bbp_anonymous_reply_count":0,"_bbp_topic_count_hidden":0,"_bbp_reply_count_hidden":0,"_bbp_forum_subforum_count":0,"footnotes":""},"class_list":["post-6293","page","type-page","status-publish","hentry"],"post_mailing_queue_ids":[],"_links":{"self":[{"href":"https:\/\/agora.xtec.cat\/zerelsio\/wp-json\/wp\/v2\/pages\/6293","targetHints":{"allow":["GET"]}}],"collection":[{"href":"https:\/\/agora.xtec.cat\/zerelsio\/wp-json\/wp\/v2\/pages"}],"about":[{"href":"https:\/\/agora.xtec.cat\/zerelsio\/wp-json\/wp\/v2\/types\/page"}],"author":[{"embeddable":true,"href":"https:\/\/agora.xtec.cat\/zerelsio\/wp-json\/wp\/v2\/users\/3"}],"replies":[{"embeddable":true,"href":"https:\/\/agora.xtec.cat\/zerelsio\/wp-json\/wp\/v2\/comments?post=6293"}],"version-history":[{"count":6,"href":"https:\/\/agora.xtec.cat\/zerelsio\/wp-json\/wp\/v2\/pages\/6293\/revisions"}],"predecessor-version":[{"id":17636,"href":"https:\/\/agora.xtec.cat\/zerelsio\/wp-json\/wp\/v2\/pages\/6293\/revisions\/17636"}],"up":[{"embeddable":true,"href":"https:\/\/agora.xtec.cat\/zerelsio\/wp-json\/wp\/v2\/pages\/1069"}],"wp:attachment":[{"href":"https:\/\/agora.xtec.cat\/zerelsio\/wp-json\/wp\/v2\/media?parent=6293"}],"curies":[{"name":"wp","href":"https:\/\/api.w.org\/{rel}","templated":true}]}}