{"id":4897,"date":"2019-07-21T12:14:14","date_gmt":"2019-07-21T10:14:14","guid":{"rendered":"http:\/\/agora.xtec.cat\/zerelsio\/?page_id=4897"},"modified":"2024-08-10T12:59:17","modified_gmt":"2024-08-10T10:59:17","slug":"projecte-innovacio","status":"publish","type":"page","link":"https:\/\/agora.xtec.cat\/zerelsio\/projectes\/projecte-innovacio\/","title":{"rendered":"Projecte d&#8217;innovaci\u00f3: Apadrinem els nostres pobles i altres."},"content":{"rendered":"<h2><a href=\"https:\/\/agora.xtec.cat\/zerelsio\/wp-content\/uploads\/usu567\/2024\/06\/curs2024_2025.png\"><img loading=\"lazy\" decoding=\"async\" class=\"alignnone size-full wp-image-14402\" src=\"https:\/\/agora.xtec.cat\/zerelsio\/wp-content\/uploads\/usu567\/2024\/06\/curs2024_2025.png\" alt=\"\" width=\"728\" height=\"125\" srcset=\"https:\/\/agora.xtec.cat\/zerelsio\/wp-content\/uploads\/usu567\/2024\/06\/curs2024_2025.png 728w, https:\/\/agora.xtec.cat\/zerelsio\/wp-content\/uploads\/usu567\/2024\/06\/curs2024_2025-300x52.png 300w\" sizes=\"auto, (max-width: 728px) 100vw, 728px\" \/><\/a><\/h2>\n<p><iframe loading=\"lazy\" src=\"https:\/\/drive.google.com\/file\/d\/1TTZIb2wE6rYk3wDY-_6uQpARvaKX_bDR\/preview\" width=\"640\" height=\"480\" allow=\"autoplay\"><\/iframe><br \/>\n<a href=\"https:\/\/innovacio.xtec.gencat.cat\/\"><img decoding=\"async\" src=\"https:\/\/innovacio.xtec.gencat.cat\/logos\/portada.png\" alt=\"Resultat d'imatges per a &quot;mapa innovacio catalunya&quot;\" \/><\/a><\/p>\n<h1><span style=\"color: #ff0000;\">PROJECTES D&#8217;INNOVACI\u00d3 ANTERIORS<\/span><\/h1>\n<p><a href=\"https:\/\/agora.xtec.cat\/zerelsio\/wp-content\/uploads\/usu567\/2023\/11\/innovacio.png\"><img loading=\"lazy\" decoding=\"async\" class=\"alignnone size-full wp-image-12690\" src=\"https:\/\/agora.xtec.cat\/zerelsio\/wp-content\/uploads\/usu567\/2023\/11\/innovacio.png\" alt=\"\" width=\"767\" height=\"453\" srcset=\"https:\/\/agora.xtec.cat\/zerelsio\/wp-content\/uploads\/usu567\/2023\/11\/innovacio.png 767w, https:\/\/agora.xtec.cat\/zerelsio\/wp-content\/uploads\/usu567\/2023\/11\/innovacio-300x177.png 300w\" sizes=\"auto, (max-width: 767px) 100vw, 767px\" \/><\/a><\/p>\n<p><a href=\"https:\/\/agora.xtec.cat\/zerelsio\/wp-content\/uploads\/usu567\/2023\/11\/innovacio2.png\"><img loading=\"lazy\" decoding=\"async\" class=\"alignnone size-full wp-image-12691\" src=\"https:\/\/agora.xtec.cat\/zerelsio\/wp-content\/uploads\/usu567\/2023\/11\/innovacio2.png\" alt=\"\" width=\"784\" height=\"355\" srcset=\"https:\/\/agora.xtec.cat\/zerelsio\/wp-content\/uploads\/usu567\/2023\/11\/innovacio2.png 784w, https:\/\/agora.xtec.cat\/zerelsio\/wp-content\/uploads\/usu567\/2023\/11\/innovacio2-300x136.png 300w, https:\/\/agora.xtec.cat\/zerelsio\/wp-content\/uploads\/usu567\/2023\/11\/innovacio2-768x348.png 768w\" sizes=\"auto, (max-width: 784px) 100vw, 784px\" \/><\/a><\/p>\n<p><a href=\"https:\/\/agora.xtec.cat\/zerelsio\/wp-content\/uploads\/usu567\/2023\/11\/innovacio3.png\"><img loading=\"lazy\" decoding=\"async\" class=\"alignnone size-full wp-image-12692\" src=\"https:\/\/agora.xtec.cat\/zerelsio\/wp-content\/uploads\/usu567\/2023\/11\/innovacio3.png\" alt=\"\" width=\"783\" height=\"358\" srcset=\"https:\/\/agora.xtec.cat\/zerelsio\/wp-content\/uploads\/usu567\/2023\/11\/innovacio3.png 783w, https:\/\/agora.xtec.cat\/zerelsio\/wp-content\/uploads\/usu567\/2023\/11\/innovacio3-300x137.png 300w, https:\/\/agora.xtec.cat\/zerelsio\/wp-content\/uploads\/usu567\/2023\/11\/innovacio3-768x351.png 768w\" sizes=\"auto, (max-width: 783px) 100vw, 783px\" \/><\/a><\/p>\n<p><a href=\"https:\/\/agora.xtec.cat\/zerelsio\/projectes\/ilec\/\">https:\/\/agora.xtec.cat\/zerelsio\/projectes\/ilec\/<\/a><br \/>\nILEC<\/p>\n<p><a href=\"https:\/\/agora.xtec.cat\/zerelsio\/projectes\/gep\/gep\/\">https:\/\/agora.xtec.cat\/zerelsio\/projectes\/gep\/gep\/<\/a><br \/>\nGEP<\/p>\n<p><a href=\"https:\/\/agora.xtec.cat\/zerelsio\/projectes\/projecte-dinnovacio-tenim-la-paraula\/\">https:\/\/agora.xtec.cat\/zerelsio\/projectes\/projecte-dinnovacio-tenim-la-paraula\/<\/a><br \/>\nTenim la paraula<\/p>\n<p><a href=\"http:\/\/www.xtec.cat\/zerelsio\/projectes.htm\">http:\/\/www.xtec.cat\/zerelsio\/projectes.htm<\/a><br \/>\n<span style=\"font-family: inherit; font-size: 1em;\">ALTRES<\/span><\/p>\n<p><iframe loading=\"lazy\" src=\"https:\/\/drive.google.com\/file\/d\/1_OAmU5iYEOBUAEJ48wUSa2Fc4zQStQ2v\/preview\" width=\"640\" height=\"480\"><\/iframe><\/p>\n<h2 style=\"text-align: center;\"><span style=\"color: #ff0000;\"><em>Projecte finalitzat!<\/em><\/span><\/h2>\n<h2 style=\"text-align: center;\"><span style=\"color: #ff6600;\"><em>ESTIMEM ELS NOSTRES POBLES!<\/em><\/span><\/h2>\n<p>Davant el progressiu despoblament dels nuclis rurals, i el poc recolzament que reben per tal de mitigar aquest fet, la comunitat educativa de la ZER El Si\u00f3 ha volgut aportar el nostre granet de sorra amb aquest projecte; posant de relleu tot all\u00f2 que pobles com Puigverd d&#8217;Agramunt, Preixens, Les Ventoses i Buts\u00e8nit d&#8217;Urgell tenen i ens aporten.<\/p>\n<h3 style=\"text-align: center;\"><span style=\"color: #000000;\"><em>&#8220;Petits en quantitats, per\u00f2 grans en qualitats&#8221;. <\/em><\/span><\/h3>\n<h1 style=\"text-align: center;\"><span style=\"color: #ff0000;\"><em>Ells s&#8217;ho valen!<\/em><\/span><\/h1>\n<p><iframe loading=\"lazy\" src=\"https:\/\/drive.google.com\/file\/d\/1kLugoKG9j3jAK2kbTL6zj5TSYintz-27\/preview\" width=\"640\" height=\"480\"><\/iframe><\/p>\n<p><iframe loading=\"lazy\" src=\"https:\/\/drive.google.com\/file\/d\/1qr8CHy8jHluqFBekcluKIR7J12D8-qij\/preview\" width=\"640\" height=\"480\"><\/iframe><\/p>\n<p><a href=\"https:\/\/agora.xtec.cat\/zerelsio\/wp-content\/uploads\/usu567\/2022\/06\/cooltext413837166962765.png\"><img loading=\"lazy\" decoding=\"async\" class=\"alignnone size-full wp-image-10190\" src=\"https:\/\/agora.xtec.cat\/zerelsio\/wp-content\/uploads\/usu567\/2022\/06\/cooltext413837166962765.png\" alt=\"\" width=\"565\" height=\"106\" srcset=\"https:\/\/agora.xtec.cat\/zerelsio\/wp-content\/uploads\/usu567\/2022\/06\/cooltext413837166962765.png 565w, https:\/\/agora.xtec.cat\/zerelsio\/wp-content\/uploads\/usu567\/2022\/06\/cooltext413837166962765-300x56.png 300w\" sizes=\"auto, (max-width: 565px) 100vw, 565px\" \/><\/a><\/p>\n<p>Reconeixements al nostre treball, per part dels nostres Ajuntaments. Premeu a sobre de les imatges!<\/p>\n<p><a href=\"https:\/\/agora.xtec.cat\/zerelsio\/general\/reconeixement-apadrinem-el-nostre-poble\/\"><img loading=\"lazy\" decoding=\"async\" class=\"alignnone wp-image-11483\" src=\"https:\/\/agora.xtec.cat\/zerelsio\/wp-content\/uploads\/usu567\/2023\/03\/10_diplomes.jpg\" alt=\"\" width=\"748\" height=\"423\" srcset=\"https:\/\/agora.xtec.cat\/zerelsio\/wp-content\/uploads\/usu567\/2023\/03\/10_diplomes.jpg 990w, https:\/\/agora.xtec.cat\/zerelsio\/wp-content\/uploads\/usu567\/2023\/03\/10_diplomes-300x170.jpg 300w, https:\/\/agora.xtec.cat\/zerelsio\/wp-content\/uploads\/usu567\/2023\/03\/10_diplomes-768x434.jpg 768w\" sizes=\"auto, (max-width: 748px) 100vw, 748px\" \/><\/a><\/p>\n<p><a href=\"https:\/\/agora.xtec.cat\/zerelsio\/general\/obsequi-apadrinem-el-nostre-poble\/\"><img loading=\"lazy\" decoding=\"async\" class=\"alignnone wp-image-11378\" src=\"https:\/\/agora.xtec.cat\/zerelsio\/wp-content\/uploads\/usu567\/2023\/03\/IMG-20230308-WA0001-768x432-1.jpg\" alt=\"\" width=\"750\" height=\"422\" srcset=\"https:\/\/agora.xtec.cat\/zerelsio\/wp-content\/uploads\/usu567\/2023\/03\/IMG-20230308-WA0001-768x432-1.jpg 768w, https:\/\/agora.xtec.cat\/zerelsio\/wp-content\/uploads\/usu567\/2023\/03\/IMG-20230308-WA0001-768x432-1-300x169.jpg 300w\" sizes=\"auto, (max-width: 750px) 100vw, 750px\" \/><\/a><\/p>\n<p><a href=\"https:\/\/agora.xtec.cat\/zerelsio\/general\/mural-apadrinem-el-nostre-poble\/\"><img loading=\"lazy\" decoding=\"async\" class=\"alignnone wp-image-11095\" src=\"https:\/\/agora.xtec.cat\/zerelsio\/wp-content\/uploads\/usu567\/2023\/01\/mural6-1024x768.jpg\" alt=\"\" width=\"751\" height=\"564\" srcset=\"https:\/\/agora.xtec.cat\/zerelsio\/wp-content\/uploads\/usu567\/2023\/01\/mural6-1024x768.jpg 1024w, https:\/\/agora.xtec.cat\/zerelsio\/wp-content\/uploads\/usu567\/2023\/01\/mural6-300x225.jpg 300w, https:\/\/agora.xtec.cat\/zerelsio\/wp-content\/uploads\/usu567\/2023\/01\/mural6-768x576.jpg 768w, https:\/\/agora.xtec.cat\/zerelsio\/wp-content\/uploads\/usu567\/2023\/01\/mural6-1536x1152.jpg 1536w, https:\/\/agora.xtec.cat\/zerelsio\/wp-content\/uploads\/usu567\/2023\/01\/mural6-200x150.jpg 200w, https:\/\/agora.xtec.cat\/zerelsio\/wp-content\/uploads\/usu567\/2023\/01\/mural6.jpg 2016w\" sizes=\"auto, (max-width: 751px) 100vw, 751px\" \/><\/a><\/p>\n<p><a href=\"https:\/\/agora.xtec.cat\/zerelsio\/wp-content\/uploads\/usu567\/2021\/07\/coollogo_com-28834253.png\"><img loading=\"lazy\" decoding=\"async\" class=\"alignnone wp-image-7906\" src=\"https:\/\/agora.xtec.cat\/zerelsio\/wp-content\/uploads\/usu567\/2021\/07\/coollogo_com-28834253.png\" alt=\"\" width=\"561\" height=\"103\" srcset=\"https:\/\/agora.xtec.cat\/zerelsio\/wp-content\/uploads\/usu567\/2021\/07\/coollogo_com-28834253.png 550w, https:\/\/agora.xtec.cat\/zerelsio\/wp-content\/uploads\/usu567\/2021\/07\/coollogo_com-28834253-300x55.png 300w\" sizes=\"auto, (max-width: 561px) 100vw, 561px\" \/><\/a><\/p>\n<h1><span style=\"color: #ff9900;\">Les nostres tradicions.<\/span><\/h1>\n<p><iframe loading=\"lazy\" src=\"https:\/\/drive.google.com\/file\/d\/11ByzH6ghhkQb2tXEe5_yAi1SKeJJfGAu\/preview\" width=\"640\" height=\"480\"><\/iframe><\/p>\n<div style=\"position: relative; width: 100%; height: 0; padding-top: 141.4286%; padding-bottom: 48px; box-shadow: 0 2px 8px 0 rgba(63,69,81,0.16); margin-top: 1.6em; margin-bottom: 0.9em; overflow: hidden; border-radius: 8px; will-change: transform;\"><iframe style=\"position: absolute; width: 100%; height: 100%; top: 0; left: 0; border: none; padding: 0; margin: 0;\" src=\"https:\/\/www.canva.com\/design\/DAE3yXCTjk0\/view?embed\" allowfullscreen=\"allowfullscreen\"><br \/>\n<\/iframe><\/div>\n<p><a href=\"https:\/\/www.canva.com\/design\/DAE3yXCTjk0\/view?utm_content=DAE3yXCTjk0&amp;utm_campaign=designshare&amp;utm_medium=embeds&amp;utm_source=link\" target=\"_blank\" rel=\"noopener\">Escape ROOM ZER EL SI\u00d3<\/a> de msolduga<\/p>\n<p><a href=\"https:\/\/agora.xtec.cat\/zerelsio\/wp-content\/uploads\/usu567\/2020\/08\/curs2020_2021.jpg\"><img loading=\"lazy\" decoding=\"async\" class=\"alignnone wp-image-6596\" src=\"https:\/\/agora.xtec.cat\/zerelsio\/wp-content\/uploads\/usu567\/2020\/08\/curs2020_2021.jpg\" alt=\"\" width=\"586\" height=\"110\" srcset=\"https:\/\/agora.xtec.cat\/zerelsio\/wp-content\/uploads\/usu567\/2020\/08\/curs2020_2021.jpg 714w, https:\/\/agora.xtec.cat\/zerelsio\/wp-content\/uploads\/usu567\/2020\/08\/curs2020_2021-300x56.jpg 300w\" sizes=\"auto, (max-width: 586px) 100vw, 586px\" \/><\/a><\/p>\n<p><a href=\"https:\/\/agora.xtec.cat\/zerelsio\/general\/2n-any-apadrinem-els-nostres-pobles\/\"><img decoding=\"async\" src=\"https:\/\/lh3.googleusercontent.com\/pw\/ACtC-3dKOBI35y0pCM3T9rU0SGnek6bbxxUZjNDsQaGpOmUZING9tfJnB18oAQpXRYeF1c_R_7x8I2Sj_9PsoAAF7z_ZawzuBMxx3QuZHqv7Y7h96Jyn-PjUpNKtQmzJrEeYXpLScf9HVK-LQbgPjoJthqif5g=w773-h545-no?authuser=1\" \/><\/a><\/p>\n<h1><span style=\"color: #00ff00;\">Presentaci\u00f3.<\/span><\/h1>\n<div style=\"color: #40661f; width: 100%;\">\n<div style=\"position: relative; padding-bottom: 50.00%; padding-top: 0; height: 0;\"><iframe loading=\"lazy\" src=\"https:\/\/view.genial.ly\/5f46aaad91252c0d5246c2b1\" width=\"800\" height=\"400\" frameborder=\"0\"><\/iframe><\/div>\n<p><a href=\"https:\/\/agora.xtec.cat\/zerelsio\/wp-content\/uploads\/usu567\/2019\/07\/curs2019_2020.png\"><img loading=\"lazy\" decoding=\"async\" class=\"alignnone size-full wp-image-4760\" src=\"https:\/\/agora.xtec.cat\/zerelsio\/wp-content\/uploads\/usu567\/2019\/07\/curs2019_2020.png\" alt=\"\" width=\"711\" height=\"84\" srcset=\"https:\/\/agora.xtec.cat\/zerelsio\/wp-content\/uploads\/usu567\/2019\/07\/curs2019_2020.png 711w, https:\/\/agora.xtec.cat\/zerelsio\/wp-content\/uploads\/usu567\/2019\/07\/curs2019_2020-300x35.png 300w\" sizes=\"auto, (max-width: 711px) 100vw, 711px\" \/><\/a><\/p>\n<h1><span style=\"color: #339966;\">Els nostres vestigis materials.<\/span><\/h1>\n<p><a href=\"https:\/\/agora.xtec.cat\/zerelsio\/general\/apadrinem-els-nostres-pobles\/\"><img loading=\"lazy\" decoding=\"async\" class=\"alignnone size-full wp-image-6126\" src=\"https:\/\/agora.xtec.cat\/zerelsio\/wp-content\/uploads\/usu567\/2020\/03\/suro.png\" alt=\"\" width=\"888\" height=\"449\" srcset=\"https:\/\/agora.xtec.cat\/zerelsio\/wp-content\/uploads\/usu567\/2020\/03\/suro.png 888w, https:\/\/agora.xtec.cat\/zerelsio\/wp-content\/uploads\/usu567\/2020\/03\/suro-300x152.png 300w, https:\/\/agora.xtec.cat\/zerelsio\/wp-content\/uploads\/usu567\/2020\/03\/suro-768x388.png 768w\" sizes=\"auto, (max-width: 888px) 100vw, 888px\" \/><\/a><\/p>\n<ul>\n<li style=\"list-style-type: none;\">\n<ul style=\"list-style-type: square;\">\n<li><a href=\"https:\/\/drive.google.com\/open?id=1avll5g7C40VRYgocPZhOCHRyoT73Tz6c\">Cartells de divulgaci\u00f3 del projecte<\/a>.<\/li>\n<li><a href=\"https:\/\/drive.google.com\/file\/d\/18FKTTieGyugk9t0PUY_s9UCD9-6xJAlp\/view?usp=sharing\">Arribada d&#8217;una hipot\u00e8tica carta<\/a>.<\/li>\n<li><a href=\"https:\/\/drive.google.com\/open?id=1oINg2Fwdbffz3yyGEt19MivF6GvJOB_B\">Cartes informatives a alcaldes i president\/a de les diferents AMPA&#8217;s<\/a>.<\/li>\n<li><a href=\"https:\/\/agora.xtec.cat\/zerelsio\/general\/apadrinem-els-nostres-pobles\/\">V\u00eddeos i fotos de: Racons dels nostres pobles. Tirallonga de rodolins (alumnes i mestres). Cal\u00b7ligrames. Dibuixos<\/a>.<\/li>\n<li><a href=\"https:\/\/agora.xtec.cat\/zerelsio\/portada\/setmana-europea-de-la-mobilitat-sostenible\/\">Marxa per la Setmana Europea de la Mobilitat Sostenible<\/a>.<\/li>\n<li><a href=\"https:\/\/agora.xtec.cat\/zerelsio\/general\/divendres-dinstasio\/\">Disfressa d&#8217;InstaSi\u00f3<\/a>.<\/li>\n<li><a href=\"https:\/\/photos.google.com\/share\/AF1QipPpmsnuH1NaYJ4snvGbbEXQmlis44BFNDli0a27YrOYWl3XBzN49uUMhKkpI4-xbA?key=dTh6QmhUODNhUFJSdWJYZDd5M2VjenBNX3RIbFdn\">Funny break out<\/a>.<\/li>\n<li>R\u00e8tols pluriling\u00fces amb pictogrames. (<a href=\"https:\/\/agora.xtec.cat\/zerelsio\/general\/pictograms-our-towns\/\">Pictogrames<\/a>)<\/li>\n<li><a href=\"https:\/\/agora.xtec.cat\/zerelsio\/general\/correm-pels-nostres-pobles\/\">Correm pels nostres pobles<\/a>.<\/li>\n<li><a href=\"https:\/\/agora.xtec.cat\/zerelsio\/general\/una-zer-quatre-pobles-i\/\">Una ZER, 4 escoles, 4 pobles i racons molt bonics<\/a>.<\/li>\n<li>Recull d&#8217;imatges antigues dels nostres pobles.<\/li>\n<li><a href=\"https:\/\/drive.google.com\/drive\/folders\/19fpWtHb4aovNC57M4cOq_8fm8GhYyeFX?usp=sharing\">Cartells pluriling\u00fces<\/a> dels racons dels pobles.<\/li>\n<li><a href=\"https:\/\/drive.google.com\/drive\/folders\/1D97u75RhJRWRxr9mHYV_aayFjPuzKfdl?usp=sharing\">Cantada<\/a> de nadales.<\/li>\n<li><a href=\"https:\/\/photos.google.com\/u\/2\/share\/AF1QipOv5tSx0OGNgT4Rgw2F1rwPn3WEAB0aN99h6u0mU1BGiXP8vQ5b22vmqcJI1-AddQ?key=THJteTBTYktacjJJVmRMc0xpbElCNlZtQUMwdTd3\">Recorregut<\/a> pels pobles (<a href=\"https:\/\/photos.google.com\/u\/2\/share\/AF1QipOv5tSx0OGNgT4Rgw2F1rwPn3WEAB0aN99h6u0mU1BGiXP8vQ5b22vmqcJI1-AddQ?key=THJteTBTYktacjJJVmRMc0xpbElCNlZtQUMwdTd3\">Buts\u00e8nit<\/a>,<a href=\"https:\/\/photos.google.com\/u\/1\/share\/AF1QipPCtZabYU9wh13u5mMdGkBnHwNkuOcJA15z-hWANnJoq6kwlcaanw_NqxbLbQz3NQ?key=dkdjZzhTMERQSy1aNGdEQXJzNjl6cjZMNjQ0OXhn\"> Les Ventoses<\/a>, <a href=\"https:\/\/photos.google.com\/u\/1\/share\/AF1QipNeOTrTMk0xBSMfSa6FjIITjXo3EmOlgubGC4LqKBLr-VR--Wx5jNCuyUPITTg6Zg?key=ZEtNSC1jbWdCVXpQVlJ1ZzY4aFJONUFWTFFTUHl3\">Puigverd<\/a>&#8230;).<\/li>\n<li><a href=\"https:\/\/agora.xtec.cat\/zerelsio\/general\/actuacions-pel-canvi-climatic\/\">Actuacions pel canvi clim\u00e0tic<\/a><\/li>\n<li>Recull de fotos antigues (<a href=\"https:\/\/drive.google.com\/drive\/folders\/1-XXeCCr3h-XN8X3QPIyAFQfHm-IcPnNW?usp=sharing\">Buts\u00e8nit<\/a>,&#8230;)<\/li>\n<li><a href=\"https:\/\/docs.google.com\/document\/d\/1hbBifx10c_jvz40HFdhBJo27NLYA6CbQ\/edit?usp=sharing&amp;ouid=118351204923126758752&amp;rtpof=true&amp;sd=true\">Aprendre a respectar el nostre patrimoni<\/a>.<\/li>\n<li>&#8230;<\/li>\n<\/ul>\n<\/li>\n<\/ul>\n<p><a href=\"http:\/\/xtec.gencat.cat\/web\/.content\/projectes\/apadrinemnostrepatrimoni\/documents\/Programa-Apadrinem-Patrimoni-2018-2019.pdf\"><img loading=\"lazy\" decoding=\"async\" class=\"alignnone size-full wp-image-4903\" src=\"https:\/\/agora.xtec.cat\/zerelsio\/wp-content\/uploads\/usu567\/2019\/07\/apadrinem.png\" alt=\"\" width=\"497\" height=\"370\" srcset=\"https:\/\/agora.xtec.cat\/zerelsio\/wp-content\/uploads\/usu567\/2019\/07\/apadrinem.png 497w, https:\/\/agora.xtec.cat\/zerelsio\/wp-content\/uploads\/usu567\/2019\/07\/apadrinem-300x223.png 300w, https:\/\/agora.xtec.cat\/zerelsio\/wp-content\/uploads\/usu567\/2019\/07\/apadrinem-200x150.png 200w\" sizes=\"auto, (max-width: 497px) 100vw, 497px\" \/><\/a><\/p>\n<p><a href=\"http:\/\/educacio.gencat.cat\/portal\/page\/portal\/Educacio\/PCentrePrivat\/PCPInici\/PCPInnovacioPedagogica\/ApadrinemPatrimoni\">Portal de centre<\/a><\/p>\n<p><a href=\"http:\/\/xtec.gencat.cat\/ca\/projectes\/apadrinemnostrepatrimoni\/\">XTEC<\/a><\/p>\n<p><a href=\"http:\/\/xtec.gencat.cat\/ca\/curriculum\/orientacioeducativa\/model-competencial-orientador\/#\">Model competencial orientador<\/a><\/p>\n<p><a href=\"https:\/\/agora.xtec.cat\/zerelsio\/wp-content\/uploads\/usu567\/2019\/07\/model-competencial-orientador-blanc.png_1595044798.png\"><img loading=\"lazy\" decoding=\"async\" class=\"alignnone size-full wp-image-4906\" src=\"https:\/\/agora.xtec.cat\/zerelsio\/wp-content\/uploads\/usu567\/2019\/07\/model-competencial-orientador-blanc.png_1595044798.png\" alt=\"\" width=\"538\" height=\"538\" srcset=\"https:\/\/agora.xtec.cat\/zerelsio\/wp-content\/uploads\/usu567\/2019\/07\/model-competencial-orientador-blanc.png_1595044798.png 538w, https:\/\/agora.xtec.cat\/zerelsio\/wp-content\/uploads\/usu567\/2019\/07\/model-competencial-orientador-blanc.png_1595044798-150x150.png 150w, https:\/\/agora.xtec.cat\/zerelsio\/wp-content\/uploads\/usu567\/2019\/07\/model-competencial-orientador-blanc.png_1595044798-300x300.png 300w\" sizes=\"auto, (max-width: 538px) 100vw, 538px\" \/><\/a><\/p>\n<\/div>\n","protected":false},"excerpt":{"rendered":"<p><a href=\"https:\/\/agora.xtec.cat\/zerelsio\/wp-content\/uploads\/usu567\/2024\/06\/curs2024_2025.png\"><\/a><\/p>\n<p><a href=\"https:\/\/innovacio.xtec.gencat.cat\/\"><\/a><br \/>\nPROJECTES D&#8217;INNOVACI\u00d3 ANTERIORS<br \/>\n<a href=\"https:\/\/agora.xtec.cat\/zerelsio\/wp-content\/uploads\/usu567\/2023\/11\/innovacio.png\"><\/a><br \/>\n<a href=\"https:\/\/agora.xtec.cat\/zerelsio\/wp-content\/uploads\/usu567\/2023\/11\/innovacio2.png\"><\/a><br \/>\n<a href=\"https:\/\/agora.xtec.cat\/zerelsio\/wp-content\/uploads\/usu567\/2023\/11\/innovacio3.png\"><\/a><br \/>\n<a href=\"https:\/\/agora.xtec.cat\/zerelsio\/projectes\/ilec\/\">https:\/\/agora.xtec.cat\/zerelsio\/projectes\/ilec\/<\/a><br \/>\nILEC<br \/>\n<a href=\"https:\/\/agora.xtec.cat\/zerelsio\/projectes\/gep\/gep\/\">https:\/\/agora.xtec.cat\/zerelsio\/projectes\/gep\/gep\/<\/a><br \/>\nGEP<br \/>\n<a href=\"https:\/\/agora.xtec.cat\/zerelsio\/projectes\/projecte-dinnovacio-tenim-la-paraula\/\">https:\/\/agora.xtec.cat\/zerelsio\/projectes\/projecte-dinnovacio-tenim-la-paraula\/<\/a><br \/>\nTenim la paraula<br \/>\n<a href=\"http:\/\/www.xtec.cat\/zerelsio\/projectes.htm\">http:\/\/www.xtec.cat\/zerelsio\/projectes.htm<\/a><br \/>\nALTRES<\/p>\n<p>Projecte finalitzat!<br \/>\nESTIMEM ELS NOSTRES POBLES!<br \/>\nDavant el progressiu despoblament dels nuclis rurals, i el poc recolzament que reben per tal de mitigar aquest fet, la comunitat educativa de la ZER El Si\u00f3 ha&hellip;  <a href=\"https:\/\/agora.xtec.cat\/zerelsio\/projectes\/projecte-innovacio\/\" title=\"Read Projecte d&#8217;innovaci\u00f3: Apadrinem els nostres pobles i altres.\">Llegeix m\u00e9s\u00bb<\/a><\/p>\n","protected":false},"author":3,"featured_media":0,"parent":992,"menu_order":4,"comment_status":"closed","ping_status":"closed","template":"page-templates\/side-menu.php","meta":{"_bbp_topic_count":0,"_bbp_reply_count":0,"_bbp_total_topic_count":0,"_bbp_total_reply_count":0,"_bbp_voice_count":0,"_bbp_anonymous_reply_count":0,"_bbp_topic_count_hidden":0,"_bbp_reply_count_hidden":0,"_bbp_forum_subforum_count":0,"footnotes":""},"class_list":["post-4897","page","type-page","status-publish","hentry"],"post_mailing_queue_ids":[],"_links":{"self":[{"href":"https:\/\/agora.xtec.cat\/zerelsio\/wp-json\/wp\/v2\/pages\/4897","targetHints":{"allow":["GET"]}}],"collection":[{"href":"https:\/\/agora.xtec.cat\/zerelsio\/wp-json\/wp\/v2\/pages"}],"about":[{"href":"https:\/\/agora.xtec.cat\/zerelsio\/wp-json\/wp\/v2\/types\/page"}],"author":[{"embeddable":true,"href":"https:\/\/agora.xtec.cat\/zerelsio\/wp-json\/wp\/v2\/users\/3"}],"replies":[{"embeddable":true,"href":"https:\/\/agora.xtec.cat\/zerelsio\/wp-json\/wp\/v2\/comments?post=4897"}],"version-history":[{"count":7,"href":"https:\/\/agora.xtec.cat\/zerelsio\/wp-json\/wp\/v2\/pages\/4897\/revisions"}],"predecessor-version":[{"id":14914,"href":"https:\/\/agora.xtec.cat\/zerelsio\/wp-json\/wp\/v2\/pages\/4897\/revisions\/14914"}],"up":[{"embeddable":true,"href":"https:\/\/agora.xtec.cat\/zerelsio\/wp-json\/wp\/v2\/pages\/992"}],"wp:attachment":[{"href":"https:\/\/agora.xtec.cat\/zerelsio\/wp-json\/wp\/v2\/media?parent=4897"}],"curies":[{"name":"wp","href":"https:\/\/api.w.org\/{rel}","templated":true}]}}