{"id":440,"date":"2015-07-24T15:31:14","date_gmt":"2015-07-24T14:31:14","guid":{"rendered":"http:\/\/agora.xtec.cat\/zerelsio\/?page_id=440"},"modified":"2025-07-18T09:35:04","modified_gmt":"2025-07-18T07:35:04","slug":"ampa","status":"publish","type":"page","link":"https:\/\/agora.xtec.cat\/zerelsio\/zer\/ampa\/","title":{"rendered":"AFA, Associaci\u00f3 de fam\u00edlies d&#8217;alumnes"},"content":{"rendered":"<p><a href=\"https:\/\/agora.xtec.cat\/zerelsio\/wp-content\/uploads\/usu567\/2025\/07\/cooltext485687808167408.png\"><img loading=\"lazy\" decoding=\"async\" class=\"alignnone size-full wp-image-17493\" src=\"https:\/\/agora.xtec.cat\/zerelsio\/wp-content\/uploads\/usu567\/2025\/07\/cooltext485687808167408.png\" alt=\"\" width=\"802\" height=\"141\" srcset=\"https:\/\/agora.xtec.cat\/zerelsio\/wp-content\/uploads\/usu567\/2025\/07\/cooltext485687808167408.png 802w, https:\/\/agora.xtec.cat\/zerelsio\/wp-content\/uploads\/usu567\/2025\/07\/cooltext485687808167408-300x53.png 300w, https:\/\/agora.xtec.cat\/zerelsio\/wp-content\/uploads\/usu567\/2025\/07\/cooltext485687808167408-768x135.png 768w\" sizes=\"auto, (max-width: 802px) 100vw, 802px\" \/><\/a><br \/>\n<iframe loading=\"lazy\" src=\"https:\/\/drive.google.com\/file\/d\/148jqQnxQBwtyMmpaJ3fLiST-7BmEJMBX\/preview\" width=\"640\" height=\"480\"><\/iframe><\/p>\n<h2><span style=\"color: #ff0000;\">Aportaci\u00f3 Fam\u00edlies<\/span><\/h2>\n<p>L&#8217;aportaci\u00f3 anual de les fam\u00edlies \u00e9s de 35 \u20ac<\/p>\n<h2><span style=\"color: #ff0000;\">Espai Fam\u00edlies<\/span><\/h2>\n<p><a href=\"http:\/\/educacio.gencat.cat\/ca\/arees-actuacio\/families\/\"><img loading=\"lazy\" decoding=\"async\" class=\"\" src=\"https:\/\/educaciodigital.cat\/inseugenixammar\/moodle\/pluginfile.php\/2118\/course\/section\/925\/Familia.jpg\" alt=\"Curs: Espai Fam\u00edlies\" width=\"529\" height=\"320\" \/><\/a><\/p>\n<h2><span style=\"color: #ff0000;\">Escola i fam\u00edlies<\/span><\/h2>\n<p><a href=\"http:\/\/xtec.gencat.cat\/ca\/comunitat\/escolaifamilies\/\"><img loading=\"lazy\" decoding=\"async\" class=\"\" src=\"https:\/\/serveiseducatius.xtec.cat\/vallesoccidental6\/wp-content\/uploads\/usu1109\/2020\/10\/escola-i-fam%C3%ADlia-1024x576.png\" width=\"531\" height=\"299\" \/><\/a><\/p>\n<h2><span style=\"color: #ff0000;\">Informaci\u00f3 i comunicaci\u00f3<\/span><\/h2>\n<p><a href=\"https:\/\/agora.xtec.cat\/zerelsio\/wp-content\/uploads\/usu567\/2024\/01\/baixa.png\"><img loading=\"lazy\" decoding=\"async\" class=\"alignnone size-full wp-image-13295\" src=\"https:\/\/agora.xtec.cat\/zerelsio\/wp-content\/uploads\/usu567\/2024\/01\/baixa.png\" alt=\"\" width=\"224\" height=\"224\" srcset=\"https:\/\/agora.xtec.cat\/zerelsio\/wp-content\/uploads\/usu567\/2024\/01\/baixa.png 224w, https:\/\/agora.xtec.cat\/zerelsio\/wp-content\/uploads\/usu567\/2024\/01\/baixa-150x150.png 150w\" sizes=\"auto, (max-width: 224px) 100vw, 224px\" \/><\/a><\/p>\n<p>\u201cSi no comuniques, altres ho faran per tu, amb el risc de no poder controlar el que diuen\u201d<\/p>\n<p><a href=\"https:\/\/xtec.gencat.cat\/ca\/comunitat\/escolaifamilies\/informacio-i-comunicacio\/\">https:\/\/xtec.gencat.cat\/ca\/comunitat\/escolaifamilies\/informacio-i-comunicacio\/<\/a><\/p>\n<h2><span style=\"color: #ff0000;\">Projecte Fam\u00edlies digitals<\/span><\/h2>\n<p><iframe loading=\"lazy\" src=\"https:\/\/www.youtube.com\/embed\/jpQoGdX4hWE\" width=\"496\" height=\"450\" frameborder=\"0\"><\/iframe><\/p>\n<p><a href=\"https:\/\/projectes.xtec.cat\/families-digitals\/\">https:\/\/projectes.xtec.cat\/families-digitals\/<\/a><\/p>\n<p><iframe loading=\"lazy\" src=\"https:\/\/drive.google.com\/file\/d\/1v4-TVqtcuq0h5shjB5gy-yk2RdqNYt8K\/preview\" width=\"640\" height=\"480\"><\/iframe><\/p>\n<p>L\u2019AFA \u00e9s l&#8217;Associaci\u00f3 de Fam\u00edlies <span style=\"font-family: inherit; font-size: 1em;\">d\u2019Alumnes de la ZER per a la defensa dels seus interessos en tot all\u00f2 que fa refer\u00e8ncia a l\u2019educaci\u00f3 dels nens i de les nenes i col\u00b7labora en el funcionament de la Zona.<\/span><\/p>\n<p>\u00c9s una entitat constitu\u00efda com associaci\u00f3 sense \u00e0nim de lucre. Est\u00e0 regulada per uns estatuts i s\u2019organitza a trav\u00e9s de: La Junta Directiva i l\u2019Assemblea General.<\/p>\n<p>L&#8217;objectiu fonamental de l&#8217;AFA \u00e9s contribuir a la millora de la qualitat de l&#8217;ensenyament que reben els nostres fills i filles.<\/p>\n<p>Algunes de les tasques que es fan s\u00f3n:<\/p>\n<ul>\n<li>Promoure la participaci\u00f3 de pares i mares dels\/de les alumnes en les activitats que s&#8217;organitzin.<\/li>\n<li>Promoure la representaci\u00f3 i la participaci\u00f3 dels pares i mares dels\/de les alumnes en el Consell Escolar.<\/li>\n<li>Venda de productes nadalencs.<\/li>\n<li>Col\u00b7labora en els projectes de la ZER.<\/li>\n<li>Ajuda al finan\u00e7ament d&#8217;algunes activitats.<\/li>\n<li>Finan\u00e7ament de les agendes escolars.<\/li>\n<\/ul>\n<h6>Qui \u00e9s de l\u2019AFA?<\/h6>\n<p>L\u2019Associaci\u00f3 est\u00e0 formada per les fam\u00edlies que s\u2019han inscrit com a s\u00f2cies. L\u2019actual Junta est\u00e0 formada per:<\/p>\n<ul>\n<li>\n<h3><span style=\"color: #ff0000;\">Presid\u00e8ncia: AHG<\/span><\/h3>\n<\/li>\n<li>\n<h3><span style=\"color: #ff0000;\">Secretari: JBG<\/span><\/h3>\n<\/li>\n<li>\n<h3><span style=\"color: #ff0000;\">Tresoreria: NPP<\/span><\/h3>\n<\/li>\n<\/ul>\n<p>A m\u00e9s, hi ha els vocals que formen diferents grups de treball.<br \/>\nLa quota, que es paga per fam\u00edlia, \u00e9s de ?\u20ac (s&#8217;ha de concretar).<\/p>\n<h6>Contactar<\/h6>\n<ul>\n<li>\n<h3><span style=\"color: #ff0000;\">Tel\u00e8fon: 973430166<\/span><\/h3>\n<\/li>\n<li>\n<h3><span style=\"color: #ff0000;\">Correu electr\u00f2nic: zerelsio@xtec.cat<\/span><\/h3>\n<\/li>\n<\/ul>\n","protected":false},"excerpt":{"rendered":"<p><a href=\"https:\/\/agora.xtec.cat\/zerelsio\/wp-content\/uploads\/usu567\/2025\/07\/cooltext485687808167408.png\"><\/a><\/p>\n<p>Aportaci\u00f3 Fam\u00edlies<br \/>\nL&#8217;aportaci\u00f3 anual de les fam\u00edlies \u00e9s de 35 \u20ac<br \/>\nEspai Fam\u00edlies<br \/>\n<a href=\"http:\/\/educacio.gencat.cat\/ca\/arees-actuacio\/families\/\"><\/a><br \/>\nEscola i fam\u00edlies<br \/>\n<a href=\"http:\/\/xtec.gencat.cat\/ca\/comunitat\/escolaifamilies\/\"><\/a><br \/>\nInformaci\u00f3 i comunicaci\u00f3<br \/>\n<a href=\"https:\/\/agora.xtec.cat\/zerelsio\/wp-content\/uploads\/usu567\/2024\/01\/baixa.png\"><\/a><br \/>\n\u201cSi no comuniques, altres ho faran per tu, amb el risc de no poder controlar el que diuen\u201d<br \/>\n<a href=\"https:\/\/xtec.gencat.cat\/ca\/comunitat\/escolaifamilies\/informacio-i-comunicacio\/\">https:\/\/xtec.gencat.cat\/ca\/comunitat\/escolaifamilies\/informacio-i-comunicacio\/<\/a><br \/>\nProjecte Fam\u00edlies digitals<\/p>\n<p><a href=\"https:\/\/projectes.xtec.cat\/families-digitals\/\">https:\/\/projectes.xtec.cat\/families-digitals\/<\/a><\/p>\n<p>L\u2019AFA \u00e9s l&#8217;Associaci\u00f3 de Fam\u00edlies d\u2019Alumnes&hellip;  <a href=\"https:\/\/agora.xtec.cat\/zerelsio\/zer\/ampa\/\" title=\"Read AFA, Associaci\u00f3 de fam\u00edlies d&#8217;alumnes\">Llegeix m\u00e9s\u00bb<\/a><\/p>\n","protected":false},"author":1,"featured_media":0,"parent":19,"menu_order":9,"comment_status":"closed","ping_status":"closed","template":"page-templates\/side-menu.php","meta":{"_bbp_topic_count":0,"_bbp_reply_count":0,"_bbp_total_topic_count":0,"_bbp_total_reply_count":0,"_bbp_voice_count":0,"_bbp_anonymous_reply_count":0,"_bbp_topic_count_hidden":0,"_bbp_reply_count_hidden":0,"_bbp_forum_subforum_count":0,"footnotes":""},"class_list":["post-440","page","type-page","status-publish","hentry"],"post_mailing_queue_ids":[],"_links":{"self":[{"href":"https:\/\/agora.xtec.cat\/zerelsio\/wp-json\/wp\/v2\/pages\/440","targetHints":{"allow":["GET"]}}],"collection":[{"href":"https:\/\/agora.xtec.cat\/zerelsio\/wp-json\/wp\/v2\/pages"}],"about":[{"href":"https:\/\/agora.xtec.cat\/zerelsio\/wp-json\/wp\/v2\/types\/page"}],"author":[{"embeddable":true,"href":"https:\/\/agora.xtec.cat\/zerelsio\/wp-json\/wp\/v2\/users\/1"}],"replies":[{"embeddable":true,"href":"https:\/\/agora.xtec.cat\/zerelsio\/wp-json\/wp\/v2\/comments?post=440"}],"version-history":[{"count":6,"href":"https:\/\/agora.xtec.cat\/zerelsio\/wp-json\/wp\/v2\/pages\/440\/revisions"}],"predecessor-version":[{"id":17695,"href":"https:\/\/agora.xtec.cat\/zerelsio\/wp-json\/wp\/v2\/pages\/440\/revisions\/17695"}],"up":[{"embeddable":true,"href":"https:\/\/agora.xtec.cat\/zerelsio\/wp-json\/wp\/v2\/pages\/19"}],"wp:attachment":[{"href":"https:\/\/agora.xtec.cat\/zerelsio\/wp-json\/wp\/v2\/media?parent=440"}],"curies":[{"name":"wp","href":"https:\/\/api.w.org\/{rel}","templated":true}]}}