{"id":4374,"date":"2019-04-21T10:49:31","date_gmt":"2019-04-21T08:49:31","guid":{"rendered":"http:\/\/agora.xtec.cat\/zerelsio\/?page_id=4374"},"modified":"2024-12-22T11:29:25","modified_gmt":"2024-12-22T10:29:25","slug":"zer-inclusiva","status":"publish","type":"page","link":"https:\/\/agora.xtec.cat\/zerelsio\/projectes\/zer-inclusiva\/","title":{"rendered":"ZER inclusiva"},"content":{"rendered":"<p><a href=\"https:\/\/agora.xtec.cat\/zerelsio\/wp-content\/uploads\/usu567\/2024\/06\/curs2024_2025.png\"><img loading=\"lazy\" decoding=\"async\" class=\"alignnone size-full wp-image-14402\" src=\"https:\/\/agora.xtec.cat\/zerelsio\/wp-content\/uploads\/usu567\/2024\/06\/curs2024_2025.png\" alt=\"\" width=\"728\" height=\"125\" srcset=\"https:\/\/agora.xtec.cat\/zerelsio\/wp-content\/uploads\/usu567\/2024\/06\/curs2024_2025.png 728w, https:\/\/agora.xtec.cat\/zerelsio\/wp-content\/uploads\/usu567\/2024\/06\/curs2024_2025-300x52.png 300w\" sizes=\"auto, (max-width: 728px) 100vw, 728px\" \/><\/a><\/p>\n<p><iframe loading=\"lazy\" src=\"https:\/\/drive.google.com\/file\/d\/1KsIOhum2bQNuveNFyKVf1RymPbcPxMY-\/preview\" width=\"640\" height=\"480\"><\/iframe><\/p>\n<p><iframe loading=\"lazy\" src=\"https:\/\/drive.google.com\/file\/d\/1a32-l9OlWmUcioOMtlHjPrB8eMWaj6zg\/preview\" width=\"640\" height=\"480\"><\/iframe><\/p>\n<p><iframe loading=\"lazy\" src=\"https:\/\/drive.google.com\/file\/d\/1qG3jYO8253PX4aFrMXtbCFJns294Drba\/preview\" width=\"640\" height=\"480\"><\/iframe><br \/>\n<iframe loading=\"lazy\" src=\"https:\/\/drive.google.com\/file\/d\/145pFyudqpcVmn0tilqNrCQ2qAG0IAtQM\/preview\" width=\"640\" height=\"480\"><\/iframe><br \/>\n<iframe loading=\"lazy\" src=\"https:\/\/drive.google.com\/file\/d\/11eGDAU1Z4VSChWVVRH2NhGRGqk3Pq5A9\/preview\" width=\"640\" height=\"480\"><\/iframe><\/p>\n<h3><span style=\"color: #00ff00;\">FORMACI\u00d3:<\/span><\/h3>\n<p><a href=\"https:\/\/agora.xtec.cat\/zerelsio\/wp-content\/uploads\/usu567\/2023\/10\/misu.png\"><img loading=\"lazy\" decoding=\"async\" class=\"alignnone wp-image-12580\" src=\"https:\/\/agora.xtec.cat\/zerelsio\/wp-content\/uploads\/usu567\/2023\/10\/misu.png\" alt=\"\" width=\"639\" height=\"285\" srcset=\"https:\/\/agora.xtec.cat\/zerelsio\/wp-content\/uploads\/usu567\/2023\/10\/misu.png 495w, https:\/\/agora.xtec.cat\/zerelsio\/wp-content\/uploads\/usu567\/2023\/10\/misu-300x134.png 300w\" sizes=\"auto, (max-width: 639px) 100vw, 639px\" \/><\/a><\/p>\n<p><iframe loading=\"lazy\" src=\"https:\/\/www.youtube.com\/embed\/eMJ7ECjHl6o\" width=\"640\" height=\"360\" frameborder=\"0\"><span data-mce-type=\"bookmark\" style=\"display: inline-block; width: 0px; overflow: hidden; line-height: 0;\" class=\"mce_SELRES_start\">\ufeff<\/span><span data-mce-type=\"bookmark\" style=\"display: inline-block; width: 0px; overflow: hidden; line-height: 0;\" class=\"mce_SELRES_start\">\ufeff<\/span><span data-mce-type=\"bookmark\" style=\"display: inline-block; width: 0px; overflow: hidden; line-height: 0;\" class=\"mce_SELRES_start\">\ufeff<\/span><span data-mce-type=\"bookmark\" style=\"display: inline-block; width: 0px; overflow: hidden; line-height: 0;\" class=\"mce_SELRES_start\">\ufeff<\/span><\/iframe><\/p>\n<p><iframe loading=\"lazy\" src=\"https:\/\/drive.google.com\/file\/d\/1dWb4-CV6tA6v7-Rl25PAre-tjxOu4F6k\/preview\" width=\"640\" height=\"480\"><\/iframe><\/p>\n<h3><em><span style=\"color: #ff0000;\">&#8220;<a href=\"https:\/\/xtec.gencat.cat\/ca\/curriculum\/diversitat-i-inclusio\/\">Una escola per a tothom un projecte per a cadasc\u00fa<\/a>&#8220;<\/span><\/em><\/h3>\n<p><iframe loading=\"lazy\" src=\"https:\/\/drive.google.com\/file\/d\/1_XvyPYUAr9YPwlsJB8wIhYLYRndCPtgi\/preview\" width=\"640\" height=\"480\"><\/iframe><\/p>\n<h3><iframe loading=\"lazy\" src=\"https:\/\/www.youtube.com\/embed\/ZMNmFe3hpaY\" width=\"1094\" height=\"559\" frameborder=\"0\"><span data-mce-type=\"bookmark\" style=\"display: inline-block; width: 0px; overflow: hidden; line-height: 0;\" class=\"mce_SELRES_start\">\ufeff<\/span><\/iframe><\/h3>\n<h3><\/h3>\n<h1 class=\"entry-title\"><a href=\"https:\/\/natibergada.cat\/lescola-on-tots-volem-aprendre\/?utm_campaign=escola-on-tots-volem-aprendre&amp;utm_medium=email&amp;utm_source=acumbamail\">L\u2019escola on tots i totes volem aprendre<\/a>.<\/h1>\n<p><a href=\"https:\/\/natibergada.cat\/els-pictogrames\/?utm_campaign=pictogrames&amp;utm_medium=email&amp;utm_source=acumbamail\"><img decoding=\"async\" src=\"https:\/\/natibergada.cat\/wp-content\/uploads\/2021\/03\/Portades-3.png\" \/><\/a><\/p>\n<h3><span style=\"color: #00ff00;\">NORMATIVA:<\/span><\/h3>\n<ul>\n<li>\n<h5><span style=\"color: #ff0000;\"><a href=\"http:\/\/portaldogc.gencat.cat\/utilsEADOP\/PDF\/7477\/1639866.pdf\">DECRET 150\/2017<\/a>, 17 d&#8217;octubre, de l&#8217;atenci\u00f3 educativa a l&#8217;alumnat en el marc d&#8217;un <a href=\"http:\/\/ensenyament.gencat.cat\/ca\/canals\/sistema-educatiu-inclusiu\/\">sistema educatiu inclusiu<\/a>. <a href=\"http:\/\/ensenyament.gencat.cat\/web\/.content\/home\/departament\/publicacions\/a-cop-ull\/decret-inclusiu.pdf\">A cop d&#8217;ull!<\/a><\/span><\/h5>\n<\/li>\n<\/ul>\n<p><iframe loading=\"lazy\" src=\"https:\/\/drive.google.com\/file\/d\/1aG6HpuiDCdwpX43QQ6otVgm7VRpv0gZV\/preview\" width=\"640\" height=\"480\"><\/iframe><\/p>\n<p><a href=\"https:\/\/agora.xtec.cat\/ceipelspins\/wp-content\/uploads\/usu319\/2018\/01\/decret-inclusiu-INFOGRAFIA.pdf\">https:\/\/agora.xtec.cat\/ceipelspins\/wp-content\/uploads\/usu319\/2018\/01\/decret-inclusiu-INFOGRAFIA.pdf<\/a><\/p>\n<h2><span style=\"color: #00ff00;\">La Comissi\u00f3 d&#8217;Atenci\u00f3 Educativa Inclusiva (CAEI).<br \/>\n<\/span><\/h2>\n<p>Properament.<\/p>\n<h3><span style=\"color: #00ff00;\">ALUMNES AMB NECESSITATS ESPEC\u00cdFIQUES:<\/span><\/h3>\n<p>a) Els alumnes amb necessitats educatives especials associades a discapacitats f\u00edsiques, intel\u00b7lectuals o sensorials, trastorns de l&#8217;espectre autista (<a href=\"http:\/\/xtec.gencat.cat\/ca\/curriculum\/diversitat-i-inclusio\/atencio-educativa-als-alumnes\/nese\/nese-derivades-de-trastorns-de-lespectre-de-lautisme\/\">TEA<\/a>), trastorns greus de conducta, trastorns mentals, i malalties degeneratives greus i minorit\u00e0ries.<\/p>\n<p>b) Els alumnes d&#8217;origen estranger amb necessitats educatives derivades de la incorporaci\u00f3 tardana al sistema educatiu, de la falta de domini de la llengua vehicular dels aprenentatges i de l&#8217;escolaritat pr\u00e8via deficit\u00e0ria.<\/p>\n<p>c) Els alumnes amb necessitats educatives derivades de situacions socioecon\u00f2miques i socioculturals especialment desfavorides.<\/p>\n<p>d) Els alumnes amb trastorns d&#8217;aprenentatge o de comunicaci\u00f3, entesos, aquests \u00faltims, com a trastorns que afecten l&#8217;adquisici\u00f3 i l&#8217;\u00fas funcional del llenguatge.<\/p>\n<p>e) Els alumnes amb altes capacitats derivades de la superdotaci\u00f3 intel\u00b7lectual, els talents simples i complexos i la precocitat.<\/p>\n<p>f) Els alumnes amb risc d&#8217;abandonament escolar prematur.<\/p>\n<h3><span style=\"color: #00ff00;\">TRASTORNS QUE CONDICIONEN L&#8217;APRENENTATGE:<\/span><\/h3>\n<ul>\n<li>TDAH. Trastorn per d\u00e8ficit d\u2019atenci\u00f3 i hiperactivitat.<\/li>\n<li>Disl\u00e8xia<\/li>\n<li>Disgrafia<\/li>\n<li>Trastorn d\u2019aprenentatge no verbal (TANV)<\/li>\n<li>Trastorn espec\u00edfic del llenguatge<\/li>\n<\/ul>\n<p><iframe loading=\"lazy\" src=\"https:\/\/drive.google.com\/file\/d\/1j3qcS_M9aR_HhDwcHqoLzLljfDR8RJOT\/preview\" width=\"640\" height=\"480\"><\/iframe><\/p>\n<h3><span style=\"color: #00ff00;\">FULL DEMANDA EAP:<\/span><\/h3>\n<p><iframe loading=\"lazy\" src=\"https:\/\/drive.google.com\/file\/d\/1u_1NvmkyWFxn7s9HdGedi8hETT5IJAfG\/preview\" width=\"640\" height=\"480\"><\/iframe><\/p>\n<h3><span style=\"color: #00ff00;\">TIPUS DE MESURES I SUPORTS:<br \/>\n<a href=\"https:\/\/xtec.gencat.cat\/ca\/curriculum\/diversitat-i-inclusio\/mesures-i-suports\/\"><img loading=\"lazy\" decoding=\"async\" class=\"alignnone size-large wp-image-13848\" src=\"https:\/\/agora.xtec.cat\/zerelsio\/wp-content\/uploads\/usu567\/2024\/03\/Priramide-de-les-mesures-i-suports-universals-1024x577.jpg\" alt=\"\" width=\"1024\" height=\"577\" srcset=\"https:\/\/agora.xtec.cat\/zerelsio\/wp-content\/uploads\/usu567\/2024\/03\/Priramide-de-les-mesures-i-suports-universals-1024x577.jpg 1024w, https:\/\/agora.xtec.cat\/zerelsio\/wp-content\/uploads\/usu567\/2024\/03\/Priramide-de-les-mesures-i-suports-universals-300x169.jpg 300w, https:\/\/agora.xtec.cat\/zerelsio\/wp-content\/uploads\/usu567\/2024\/03\/Priramide-de-les-mesures-i-suports-universals-768x433.jpg 768w, https:\/\/agora.xtec.cat\/zerelsio\/wp-content\/uploads\/usu567\/2024\/03\/Priramide-de-les-mesures-i-suports-universals-1536x866.jpg 1536w, https:\/\/agora.xtec.cat\/zerelsio\/wp-content\/uploads\/usu567\/2024\/03\/Priramide-de-les-mesures-i-suports-universals.jpg 1900w\" sizes=\"auto, (max-width: 1024px) 100vw, 1024px\" \/><\/a><\/span><\/h3>\n<p><a href=\"https:\/\/xtec.gencat.cat\/ca\/curriculum\/diversitat-i-inclusio\/mesures-i-suports\/\" target=\"_blank\" rel=\"noopener\">https:\/\/xtec.gencat.cat\/ca\/curriculum\/diversitat-i-inclusio\/mesures-i-suports\/<\/a><\/p>\n<h3><span style=\"color: #00ff00;\">RECURSOS TECNOL\u00d2GICS:<\/span><\/h3>\n<p><a href=\"https:\/\/www.fundacionorange.es\/junto-al-autismo\/soluciones-tecnologicas\/\">https:\/\/www.fundacionorange.es\/junto-al-autismo\/soluciones-tecnologicas\/<\/a><\/p>\n<h3><span style=\"color: #00ff00;\">ALTRES RECURSOS:<\/span><\/h3>\n<p><a href=\"http:\/\/xtec.gencat.cat\/ca\/curriculum\/diversitat-i-inclusio\/\">http:\/\/xtec.gencat.cat\/ca\/curriculum\/diversitat-i-inclusio\/<\/a><\/p>\n<p><a href=\"http:\/\/ensenyament.gencat.cat\/ca\/departament\/publicacions\/colleccions\/inclusio\/\">http:\/\/ensenyament.gencat.cat\/ca\/departament\/publicacions\/colleccions\/inclusio\/<\/a><\/p>\n<p><a href=\"https:\/\/educacio.gencat.cat\/ca\/departament\/linies-estrategiques\/educacio-inclusiva\/index.html\">https:\/\/educacio.gencat.cat\/ca\/departament\/linies-estrategiques\/educacio-inclusiva\/index.html<\/a><\/p>\n<p><a href=\"https:\/\/agora.xtec.cat\/zerelsio\/ambits\/\">https:\/\/agora.xtec.cat\/zerelsio\/ambits\/<\/a><\/p>\n<p><a href=\"https:\/\/sites.google.com\/site\/seminaritacnoguera\/stap20162017\/sessio4\">https:\/\/sites.google.com\/site\/seminaritacnoguera\/stap20162017\/sessio4<\/a><\/p>\n<p><a href=\"https:\/\/serveiseducatius.xtec.cat\/urgell\/categoria\/eap\/\">https:\/\/serveiseducatius.xtec.cat\/urgell\/categoria\/eap\/<\/a><\/p>\n<p><a href=\"https:\/\/projectes.xtec.cat\/educacioinclusiva\/categoria\/recursos\/infografies\/\">https:\/\/projectes.xtec.cat\/educacioinclusiva\/categoria\/recursos\/infografies\/<\/a><\/p>\n<p><a href=\"http:\/\/xtec.gencat.cat\/ca\/curriculum\/diversitat-i-inclusio\/mesures-i-suports\/\">http:\/\/xtec.gencat.cat\/ca\/curriculum\/diversitat-i-inclusio\/mesures-i-suports\/<\/a><\/p>\n<p><a href=\"https:\/\/blocs.xtec.cat\/jornadainclusiodigital\/\"><img loading=\"lazy\" decoding=\"async\" class=\"alignnone size-full wp-image-4382\" src=\"https:\/\/agora.xtec.cat\/zerelsio\/wp-content\/uploads\/usu567\/2019\/04\/inclusio_digital.jpg\" alt=\"\" width=\"986\" height=\"286\" srcset=\"https:\/\/agora.xtec.cat\/zerelsio\/wp-content\/uploads\/usu567\/2019\/04\/inclusio_digital.jpg 986w, https:\/\/agora.xtec.cat\/zerelsio\/wp-content\/uploads\/usu567\/2019\/04\/inclusio_digital-300x87.jpg 300w, https:\/\/agora.xtec.cat\/zerelsio\/wp-content\/uploads\/usu567\/2019\/04\/inclusio_digital-768x223.jpg 768w\" sizes=\"auto, (max-width: 986px) 100vw, 986px\" \/><\/a><\/p>\n<h3><span style=\"color: #00ff00;\">ACCESSIBILITAT:<\/span><\/h3>\n<p><a href=\"http:\/\/atenciociutadana.gencat.cat\/ca\/serveis\/webs\/accessibilitat\/Dissenyant-per-laccessibilitat\/\">http:\/\/atenciociutadana.gencat.cat\/ca\/serveis\/webs\/accessibilitat\/Dissenyant-per-laccessibilitat\/<\/a><br \/>\n<iframe loading=\"lazy\" src=\"https:\/\/drive.google.com\/file\/d\/1eHhFHwD4UDOfTkf-LfrW5PCA7E8Oo7Ys\/preview\" width=\"640\" height=\"480\"><\/iframe><br \/>\n<iframe loading=\"lazy\" src=\"https:\/\/drive.google.com\/file\/d\/18rka-CYjAKJC6EDkNTUo4vX-W4RisKJU\/preview\" width=\"640\" height=\"480\"><\/iframe><br \/>\n<iframe loading=\"lazy\" src=\"https:\/\/drive.google.com\/file\/d\/1wc21cOzREAOcio9QBPvZgiqlBq09V3W3\/preview\" width=\"640\" height=\"480\"><\/iframe><\/p>\n<p><a href=\"https:\/\/atenciociutadana.gencat.cat\/ca\/serveis\/webs\/accessibilitat\/Dissenyant-per-laccessibilitat\/index.html\">https:\/\/atenciociutadana.gencat.cat\/ca\/serveis\/webs\/accessibilitat\/Dissenyant-per-laccessibilitat\/index.html<\/a><\/p>\n<h3><span style=\"color: #00ff00;\">ELS DRETS DELS INFANTS:<\/span><\/h3>\n<p><a href=\"https:\/\/www.unicef.es\/cat\/educa\/biblioteca\/memory-drets-infant\"><img loading=\"lazy\" decoding=\"async\" class=\"alignnone wp-image-7656\" src=\"https:\/\/agora.xtec.cat\/zerelsio\/wp-content\/uploads\/usu567\/2021\/05\/unicef-educa-biblioteca-memory-joc-img-CAT.png\" alt=\"\" width=\"495\" height=\"471\" srcset=\"https:\/\/agora.xtec.cat\/zerelsio\/wp-content\/uploads\/usu567\/2021\/05\/unicef-educa-biblioteca-memory-joc-img-CAT.png 425w, https:\/\/agora.xtec.cat\/zerelsio\/wp-content\/uploads\/usu567\/2021\/05\/unicef-educa-biblioteca-memory-joc-img-CAT-300x285.png 300w\" sizes=\"auto, (max-width: 495px) 100vw, 495px\" \/><\/a><\/p>\n","protected":false},"excerpt":{"rendered":"<p><a href=\"https:\/\/agora.xtec.cat\/zerelsio\/wp-content\/uploads\/usu567\/2024\/06\/curs2024_2025.png\"><\/a><\/p>\n<p>FORMACI\u00d3:<br \/>\n<a href=\"https:\/\/agora.xtec.cat\/zerelsio\/wp-content\/uploads\/usu567\/2023\/10\/misu.png\"><\/a><br \/>\n\ufeff\ufeff\ufeff\ufeff<\/p>\n<p>&#8220;<a href=\"https:\/\/xtec.gencat.cat\/ca\/curriculum\/diversitat-i-inclusio\/\">Una escola per a tothom un projecte per a cadasc\u00fa<\/a>&#8220;<\/p>\n<p>\ufeff<\/p>\n<p><a href=\"https:\/\/natibergada.cat\/lescola-on-tots-volem-aprendre\/?utm_campaign=escola-on-tots-volem-aprendre&amp;utm_medium=email&amp;utm_source=acumbamail\">L\u2019escola on tots i totes volem aprendre<\/a>.<br \/>\n<a href=\"https:\/\/natibergada.cat\/els-pictogrames\/?utm_campaign=pictogrames&amp;utm_medium=email&amp;utm_source=acumbamail\"><\/a><br \/>\nNORMATIVA:<\/p>\n<ul>\n<li>\n<a href=\"http:\/\/portaldogc.gencat.cat\/utilsEADOP\/PDF\/7477\/1639866.pdf\">DECRET 150\/2017<\/a>, 17 d&#8217;octubre, de l&#8217;atenci\u00f3 educativa a l&#8217;alumnat en el marc d&#8217;un <a href=\"http:\/\/ensenyament.gencat.cat\/ca\/canals\/sistema-educatiu-inclusiu\/\">sistema educatiu inclusiu<\/a>. <a href=\"http:\/\/ensenyament.gencat.cat\/web\/.content\/home\/departament\/publicacions\/a-cop-ull\/decret-inclusiu.pdf\">A cop d&#8217;ull!<\/a>\n<\/li>\n<\/ul>\n<p><a href=\"https:\/\/agora.xtec.cat\/ceipelspins\/wp-content\/uploads\/usu319\/2018\/01\/decret-inclusiu-INFOGRAFIA.pdf\">https:\/\/agora.xtec.cat\/ceipelspins\/wp-content\/uploads\/usu319\/2018\/01\/decret-inclusiu-INFOGRAFIA.pdf<\/a><br \/>\nLa Comissi\u00f3 d&#8217;Atenci\u00f3&hellip;  <a href=\"https:\/\/agora.xtec.cat\/zerelsio\/projectes\/zer-inclusiva\/\" title=\"Read ZER inclusiva\">Llegeix m\u00e9s\u00bb<\/a><\/p>\n","protected":false},"author":3,"featured_media":0,"parent":992,"menu_order":8,"comment_status":"closed","ping_status":"closed","template":"page-templates\/side-menu.php","meta":{"_bbp_topic_count":0,"_bbp_reply_count":0,"_bbp_total_topic_count":0,"_bbp_total_reply_count":0,"_bbp_voice_count":0,"_bbp_anonymous_reply_count":0,"_bbp_topic_count_hidden":0,"_bbp_reply_count_hidden":0,"_bbp_forum_subforum_count":0,"footnotes":""},"class_list":["post-4374","page","type-page","status-publish","hentry"],"post_mailing_queue_ids":[],"_links":{"self":[{"href":"https:\/\/agora.xtec.cat\/zerelsio\/wp-json\/wp\/v2\/pages\/4374","targetHints":{"allow":["GET"]}}],"collection":[{"href":"https:\/\/agora.xtec.cat\/zerelsio\/wp-json\/wp\/v2\/pages"}],"about":[{"href":"https:\/\/agora.xtec.cat\/zerelsio\/wp-json\/wp\/v2\/types\/page"}],"author":[{"embeddable":true,"href":"https:\/\/agora.xtec.cat\/zerelsio\/wp-json\/wp\/v2\/users\/3"}],"replies":[{"embeddable":true,"href":"https:\/\/agora.xtec.cat\/zerelsio\/wp-json\/wp\/v2\/comments?post=4374"}],"version-history":[{"count":6,"href":"https:\/\/agora.xtec.cat\/zerelsio\/wp-json\/wp\/v2\/pages\/4374\/revisions"}],"predecessor-version":[{"id":15871,"href":"https:\/\/agora.xtec.cat\/zerelsio\/wp-json\/wp\/v2\/pages\/4374\/revisions\/15871"}],"up":[{"embeddable":true,"href":"https:\/\/agora.xtec.cat\/zerelsio\/wp-json\/wp\/v2\/pages\/992"}],"wp:attachment":[{"href":"https:\/\/agora.xtec.cat\/zerelsio\/wp-json\/wp\/v2\/media?parent=4374"}],"curies":[{"name":"wp","href":"https:\/\/api.w.org\/{rel}","templated":true}]}}