{"id":3576,"date":"2019-01-24T17:46:38","date_gmt":"2019-01-24T16:46:38","guid":{"rendered":"http:\/\/agora.xtec.cat\/zerelsio\/?page_id=3576"},"modified":"2022-04-05T13:23:15","modified_gmt":"2022-04-05T11:23:15","slug":"amb-perspectiva-steam","status":"publish","type":"page","link":"https:\/\/agora.xtec.cat\/zerelsio\/ambits\/medi\/amb-perspectiva-steam\/","title":{"rendered":"Amb perspectiva STEAM"},"content":{"rendered":"<h3><a href=\"https:\/\/agora.xtec.cat\/zerelsio\/wp-content\/uploads\/usu567\/2021\/07\/coollogo_com-28834253.png\"><img loading=\"lazy\" decoding=\"async\" class=\"alignnone wp-image-7906\" src=\"https:\/\/agora.xtec.cat\/zerelsio\/wp-content\/uploads\/usu567\/2021\/07\/coollogo_com-28834253.png\" alt=\"\" width=\"566\" height=\"104\" srcset=\"https:\/\/agora.xtec.cat\/zerelsio\/wp-content\/uploads\/usu567\/2021\/07\/coollogo_com-28834253.png 550w, https:\/\/agora.xtec.cat\/zerelsio\/wp-content\/uploads\/usu567\/2021\/07\/coollogo_com-28834253-300x55.png 300w\" sizes=\"auto, (max-width: 566px) 100vw, 566px\" \/><\/a><br \/>\nMEDI: FER, PENSAR, PARLAR I SENTIR DES DE LES STEAM (2a edici\u00f3)<\/h3>\n<p><a href=\"https:\/\/drive.google.com\/drive\/folders\/1kvoXh-wbPoC96gjCbffTgo2ippF4c-yE?usp=sharing\">M\u00f2dul 5<\/a><\/p>\n<div class=\"padlet-embed\" style=\"border: 1px solid rgba(0,0,0,0.1); border-radius: 2px; box-sizing: border-box; overflow: hidden; position: relative; width: 100%; background: #F4F4F4;\">\n<p style=\"padding: 0; margin: 0;\"><iframe style=\"width: 100%; height: 608px; display: block; padding: 0; margin: 0;\" src=\"https:\/\/padlet.com\/embed\/1v6trk38ayittf97\" frameborder=\"0\"><\/iframe><\/p>\n<div style=\"padding: 8px; text-align: right; margin: 0;\"><a style=\"padding: 0; margin: 0; border: none; display: block; line-height: 1; height: 16px;\" href=\"https:\/\/padlet.com?ref=embed\" target=\"_blank\" rel=\"noopener\"><img loading=\"lazy\" decoding=\"async\" style=\"padding: 0; margin: 0; background: none; border: none; display: inline; box-shadow: none;\" src=\"https:\/\/padlet.net\/embeds\/made_with_padlet.png\" alt=\"Fet amb Padlet\" width=\"86\" height=\"16\" \/><\/a><\/div>\n<\/div>\n<p><a href=\"https:\/\/drive.google.com\/drive\/folders\/1brV7kKGs5XeBzMoJFBXSpTl8ylWfUPGY?usp=sharing\">M\u00f2dul 4<\/a><br \/>\n<iframe loading=\"lazy\" src=\"https:\/\/drive.google.com\/file\/d\/1rMoh-Klqw4M0ekX0o-iIBKXHlpexzusk\/preview\" width=\"640\" height=\"200\"><span data-mce-type=\"bookmark\" style=\"display: inline-block; width: 0px; overflow: hidden; line-height: 0;\" class=\"mce_SELRES_start\">\ufeff<\/span><span data-mce-type=\"bookmark\" style=\"display: inline-block; width: 0px; overflow: hidden; line-height: 0;\" class=\"mce_SELRES_start\">\ufeff<\/span><\/iframe><br \/>\n<a href=\"https:\/\/drive.google.com\/drive\/folders\/18BNRH7Il6wDfJfTPtZPsSlv4T_cDotjL?usp=sharing\">M\u00f2dul 3<\/a><br \/>\n<iframe loading=\"lazy\" src=\"https:\/\/drive.google.com\/file\/d\/1TV7rCLF9e89n8ZzkehwteluqZNXq49eG\/preview\" width=\"640\" height=\"200\"><span data-mce-type=\"bookmark\" style=\"display: inline-block; width: 0px; overflow: hidden; line-height: 0;\" class=\"mce_SELRES_start\">\ufeff<\/span><\/iframe><br \/>\n<a href=\"https:\/\/drive.google.com\/file\/d\/1QLGPWHiMgb4Ps3DLaNOmBsRMZfPeeEAq\/view?usp=sharing\">M\u00f2dul2<\/a><br \/>\n<iframe loading=\"lazy\" src=\"https:\/\/drive.google.com\/file\/d\/1QLGPWHiMgb4Ps3DLaNOmBsRMZfPeeEAq\/preview\" width=\"640\" height=\"200\"><span data-mce-type=\"bookmark\" style=\"display: inline-block; width: 0px; overflow: hidden; line-height: 0;\" class=\"mce_SELRES_start\">\ufeff<\/span><\/iframe><br \/>\n<a href=\"https:\/\/blocs.xtec.cat\/msolduga\/2022\/02\/07\/modul-1-medi-fer-pensar-parlar-i-sentir-des-de-les-steam\/\">M\u00f2dul 1<\/a><br \/>\n<a href=\"https:\/\/blocs.xtec.cat\/msolduga\/2022\/02\/07\/imatges-per-pensar\/\">M\u00f2dul 0<\/a><\/p>\n<h3><a href=\"https:\/\/agora.xtec.cat\/zerelsio\/wp-content\/uploads\/usu567\/2019\/07\/curs2019_2020.png\"><img loading=\"lazy\" decoding=\"async\" class=\"alignnone wp-image-4760\" src=\"https:\/\/agora.xtec.cat\/zerelsio\/wp-content\/uploads\/usu567\/2019\/07\/curs2019_2020.png\" alt=\"\" width=\"575\" height=\"68\" srcset=\"https:\/\/agora.xtec.cat\/zerelsio\/wp-content\/uploads\/usu567\/2019\/07\/curs2019_2020.png 711w, https:\/\/agora.xtec.cat\/zerelsio\/wp-content\/uploads\/usu567\/2019\/07\/curs2019_2020-300x35.png 300w\" sizes=\"auto, (max-width: 575px) 100vw, 575px\" \/><\/a><\/h3>\n<h3>Medi: Fer, parlar, pensar i sentir des de l&#8217;STEAM.<\/h3>\n<p><a href=\"https:\/\/blocs.xtec.cat\/msolduga\/aconseguirem-la-fita\/\">Activitat<\/a><br \/>\nCarpeta drive<\/p>\n<p><img loading=\"lazy\" decoding=\"async\" class=\"\" src=\"http:\/\/agora.xtec.cat\/zerelsio\/wp-content\/uploads\/usu567\/2018\/08\/ambits.png\" alt=\"\" width=\"601\" height=\"85\" \/><\/p>\n<p><a href=\"http:\/\/xtec.gencat.cat\/ca\/innovacio\/cesire\"><img loading=\"lazy\" decoding=\"async\" src=\"https:\/\/lh5.googleusercontent.com\/4i0qQyvx5HfeaucjV6t9XL1QuCrjEREslzPYTIEpgP_L8Y4cht4rW_y1n6Zn2DrY9-5PFI8zI_ACILMu2SKPrNDk0r_kOHDP_bq-7COlY8gpVYLcxYvaIztOf6-W9XlSI1_PrTBE\" width=\"602\" height=\"183\" \/><\/a><\/p>\n<table border=\"0\" width=\"575\" cellpadding=\"0\">\n<tbody>\n<tr>\n<td>\n<table border=\"0\" cellspacing=\"0\" cellpadding=\"0\">\n<tbody>\n<tr>\n<td align=\"RIGHT\" valign=\"TOP\" width=\"160\"><b><span style=\"font-family: arial, helvetica, geneva; font-size: small;\">6001580500\u00a0\u00a0<\/span><\/b><\/td>\n<td valign=\"TOP\"><span style=\"font-family: arial, helvetica, geneva; font-size: small;\">Medi amb perspectiva STEAM <\/span><\/td>\n<\/tr>\n<tr>\n<td align=\"RIGHT\" valign=\"TOP\"><b><span style=\"font-family: arial, helvetica, geneva; font-size: small;\">2018-2019\u00a0\u00a0<\/span><\/b><\/td>\n<td valign=\"TOP\"><span style=\"font-family: arial, helvetica, geneva; font-size: small;\">Curs. Educaci\u00f3 Infantil-Prim\u00e0ria<\/span><\/td>\n<\/tr>\n<tr>\n<td align=\"RIGHT\" valign=\"TOP\"><b><span style=\"font-family: arial, helvetica, geneva; font-size: small;\">\u00a0\u00a0<\/span><\/b><\/td>\n<td valign=\"TOP\"><\/td>\n<\/tr>\n<tr>\n<td align=\"RIGHT\" valign=\"TOP\"><b><span style=\"font-family: arial, helvetica, geneva; font-size: small;\">Descripci\u00f3\u00a0\u00a0<\/span><\/b><\/td>\n<td valign=\"TOP\"><span style=\"font-family: arial, helvetica, geneva; font-size: small;\"> Aquest curs s&#8217;emmarca dins de l&#8217;acord de govern Pla STEMcat, concretament en el desenvolupament de l&#8217;Eix 1 que pret\u00e9n potenciar la formaci\u00f3 del professorat en els<br \/>\n\u00e0mbits cient\u00edfics, tecnol\u00f2gics i matem\u00e0tics.<br \/>\n<\/span><\/td>\n<\/tr>\n<tr>\n<td><\/td>\n<td><\/td>\n<\/tr>\n<tr>\n<td align=\"RIGHT\" valign=\"TOP\"><b><span style=\"font-family: arial, helvetica, geneva; font-size: small;\">Objectius\u00a0\u00a0<\/span><\/b><\/td>\n<td valign=\"TOP\"><span style=\"font-family: arial, helvetica, geneva; font-size: small;\"><span style=\"font-family: arial, helvetica, geneva; font-size: small;\"> . Actualitzaci\u00f3 did\u00e0ctica del Coneixement del Medi<br \/>\n. Incorporaci\u00f3 d&#8217;una mirada STEAM, tot integrant coneixements, eines, recursos&#8230; dels \u00e0mbits de tecnologia, matem\u00e0tiques i enginyeria al desenvolupament del Coneixement del Medi.<br \/>\n&#8211; Creaci\u00f3 d&#8217;una xarxa d&#8217;escoles i mestres per compartir i desenvolupar activitat de Medi amb perspectiva STEAM.<\/span><\/span><\/td>\n<\/tr>\n<tr>\n<td><\/td>\n<td><\/td>\n<\/tr>\n<tr>\n<td align=\"RIGHT\" valign=\"TOP\"><b><span style=\"font-family: arial, helvetica, geneva; font-size: small;\">Continguts\u00a0\u00a0<\/span><\/b><\/td>\n<td valign=\"TOP\"><span style=\"font-family: arial, helvetica, geneva; font-size: small;\"><span style=\"font-family: arial, helvetica, geneva; font-size: small;\"> \u25cf En qu\u00e8 consisteix l\u2019educaci\u00f3 STEAM?<br \/>\n\u25cf Coneixement del medi. Una oportunitat per una educaci\u00f3 ciutadana cr\u00edtica (context, bones preguntes, selecci\u00f3 de continguts, problematitzaci\u00f3&#8230;)<br \/>\n\u25cf Aprendre a investigar. Investigar per comprendre<br \/>\n\u25cf Aprendre a pensar. Aprendre a actuar. Com mirar des de les ci\u00e8ncies socials?<br \/>\n\u25cf Quines tecnologies hem d\u2019ensenyar si volem formar una ciutadania cr\u00edtica des de \u00abMedi\u00bb?<br \/>\n\u25cf Qu\u00e8 tenen en com\u00fa les bones activitats\/projectes STEAM?<\/span><\/span><\/td>\n<\/tr>\n<tr>\n<td><\/td>\n<td><\/td>\n<\/tr>\n<tr>\n<td align=\"RIGHT\" valign=\"TOP\"><b><span style=\"font-family: arial, helvetica, geneva; font-size: small;\">Formador\/a\u00a0\u00a0<\/span><\/b><\/td>\n<td valign=\"TOP\"><span style=\"font-family: arial, helvetica, geneva; font-size: small;\"> Rafael Burgos i M Soledat Font <\/span><\/td>\n<\/tr>\n<tr>\n<td><\/td>\n<td><\/td>\n<\/tr>\n<tr>\n<td align=\"RIGHT\" valign=\"TOP\"><b><span style=\"font-family: arial, helvetica, geneva; font-size: small;\">Organitzaci\u00f3\u00a0\u00a0<\/span><\/b><\/td>\n<td valign=\"TOP\"><span style=\"font-family: arial, helvetica, geneva; font-size: small;\"> Servei d&#8217;Innovaci\u00f3 i Formaci\u00f3 de l&#8217;Educaci\u00f3 Infantil i Prim\u00e0ria \/ de l&#8217;Educaci\u00f3 Secund\u00e0ria <\/span><\/td>\n<\/tr>\n<tr>\n<td><\/td>\n<td><\/td>\n<\/tr>\n<tr>\n<td align=\"RIGHT\" valign=\"TOP\"><b><span style=\"font-family: arial, helvetica, geneva; font-size: small;\">E-mail\u00a0\u00a0<\/span><\/b><\/td>\n<td valign=\"TOP\"><span style=\"font-family: arial, helvetica, geneva; font-size: small;\"> <a href=\"mailto:cesire@xtec.cat?subject=Informaci\u00f3 sobre activitat 6001580500 \/ 2018-2019\">cesire@xtec.cat<\/a> <\/span><\/td>\n<\/tr>\n<tr>\n<td><\/td>\n<td><\/td>\n<\/tr>\n<tr>\n<td align=\"RIGHT\" valign=\"TOP\"><b><span style=\"font-family: arial, helvetica, geneva; font-size: small;\">Calendari\u00a0\u00a0<\/span><\/b><\/td>\n<td valign=\"TOP\">\n<table style=\"height: 205px;\" border=\"0\" width=\"367\" cellspacing=\"0\" cellpadding=\"0\">\n<tbody>\n<tr>\n<td style=\"width: 79.65px;\"><span style=\"font-family: Arial; font-size: small;\">\u00a0<a href=\"https:\/\/agora.xtec.cat\/zerelsio\/general\/sessio1-medi-amb-perspectiva-steam\/\">Sessi\u00f3 1<\/a>\u00a0<\/span><\/td>\n<td style=\"width: 81.7667px;\"><span style=\"font-family: Arial; font-size: small;\">\u00a0dimecres\u00a0<\/span><\/td>\n<td style=\"width: 93.55px;\"><span style=\"font-family: Arial; font-size: small;\">\u00a013\/02\/2019\u00a0<\/span><\/td>\n<td style=\"width: 55.0167px;\"><span style=\"font-family: Arial; font-size: small;\">\u00a01730\u00a0<\/span><\/td>\n<td style=\"width: 55.0167px;\"><span style=\"font-family: Arial; font-size: small;\">\u00a01930\u00a0<\/span><\/td>\n<\/tr>\n<tr>\n<td style=\"width: 79.65px;\"><span style=\"font-family: Arial; font-size: small;\"><a href=\"https:\/\/agora.xtec.cat\/zerelsio\/general\/sessio2-medi-amb-perspectiva-steam\/\">\u00a0Sessi\u00f3 2<\/a>\u00a0<\/span><\/td>\n<td style=\"width: 81.7667px;\"><span style=\"font-family: Arial; font-size: small;\">\u00a0dimecres\u00a0<\/span><\/td>\n<td style=\"width: 93.55px;\"><span style=\"font-family: Arial; font-size: small;\">\u00a020\/02\/2019\u00a0<\/span><\/td>\n<td style=\"width: 55.0167px;\"><span style=\"font-family: Arial; font-size: small;\">\u00a01730\u00a0<\/span><\/td>\n<td style=\"width: 55.0167px;\"><span style=\"font-family: Arial; font-size: small;\">\u00a01930\u00a0<\/span><\/td>\n<\/tr>\n<tr>\n<td style=\"width: 79.65px;\"><span style=\"font-family: Arial; font-size: small;\"><a href=\"https:\/\/agora.xtec.cat\/zerelsio\/general\/sessio3-medi-amb-perspectiva-steam\/\">\u00a0Sessi\u00f3 3<\/a>\u00a0<\/span><\/td>\n<td style=\"width: 81.7667px;\"><span style=\"font-family: Arial; font-size: small;\">\u00a0dimecres\u00a0<\/span><\/td>\n<td style=\"width: 93.55px;\"><span style=\"font-family: Arial; font-size: small;\">\u00a027\/02\/2019\u00a0<\/span><\/td>\n<td style=\"width: 55.0167px;\"><span style=\"font-family: Arial; font-size: small;\">\u00a01730\u00a0<\/span><\/td>\n<td style=\"width: 55.0167px;\"><span style=\"font-family: Arial; font-size: small;\">\u00a01930\u00a0<\/span><\/td>\n<\/tr>\n<tr>\n<td style=\"width: 79.65px;\"><a href=\"https:\/\/agora.xtec.cat\/zerelsio\/curs-2018-2019\/sessio4-medi-amb-perspectiva-steam\/\"><span style=\"font-family: Arial; font-size: small;\">\u00a0Sessi\u00f3 4\u00a0<\/span><\/a><\/td>\n<td style=\"width: 81.7667px;\"><span style=\"font-family: Arial; font-size: small;\">\u00a0dimecres\u00a0<\/span><\/td>\n<td style=\"width: 93.55px;\"><span style=\"font-family: Arial; font-size: small;\">\u00a006\/03\/2019\u00a0<\/span><\/td>\n<td style=\"width: 55.0167px;\"><span style=\"font-family: Arial; font-size: small;\">\u00a01730\u00a0<\/span><\/td>\n<td style=\"width: 55.0167px;\"><span style=\"font-family: Arial; font-size: small;\">\u00a01930\u00a0<\/span><\/td>\n<\/tr>\n<tr>\n<td style=\"width: 79.65px;\"><span style=\"font-family: Arial; font-size: small;\">\u00a0Sessi\u00f3 5\u00a0<\/span><\/td>\n<td style=\"width: 81.7667px;\"><span style=\"font-family: Arial; font-size: small;\">\u00a0dimecres\u00a0<\/span><\/td>\n<td style=\"width: 93.55px;\"><span style=\"font-family: Arial; font-size: small;\">\u00a013\/03\/2019\u00a0<\/span><\/td>\n<td style=\"width: 55.0167px;\"><span style=\"font-family: Arial; font-size: small;\">\u00a01730\u00a0<\/span><\/td>\n<td style=\"width: 55.0167px;\"><span style=\"font-family: Arial; font-size: small;\">\u00a01930\u00a0<\/span><\/td>\n<\/tr>\n<tr>\n<td style=\"width: 79.65px;\"><span style=\"font-family: Arial; font-size: small;\">\u00a0Sessi\u00f3 6\u00a0<\/span><\/td>\n<td style=\"width: 81.7667px;\"><span style=\"font-family: Arial; font-size: small;\">\u00a0dimarts\u00a0<\/span><\/td>\n<td style=\"width: 93.55px;\"><span style=\"font-family: Arial; font-size: small;\">\u00a020\/03\/2019\u00a0<\/span><\/td>\n<td style=\"width: 55.0167px;\"><span style=\"font-family: Arial; font-size: small;\">\u00a01730\u00a0<\/span><\/td>\n<td style=\"width: 55.0167px;\"><span style=\"font-family: Arial; font-size: small;\">\u00a01930\u00a0<\/span><\/td>\n<\/tr>\n<tr>\n<td style=\"width: 79.65px;\"><span style=\"font-family: Arial; font-size: small;\">\u00a0Sessi\u00f3 7\u00a0<\/span><\/td>\n<td style=\"width: 81.7667px;\"><span style=\"font-family: Arial; font-size: small;\">\u00a0dijous\u00a0<\/span><\/td>\n<td style=\"width: 93.55px;\"><span style=\"font-family: Arial; font-size: small;\">\u00a016\/05\/2019\u00a0<\/span><\/td>\n<td style=\"width: 55.0167px;\"><span style=\"font-family: Arial; font-size: small;\">\u00a01730\u00a0<\/span><\/td>\n<td style=\"width: 55.0167px;\"><span style=\"font-family: Arial; font-size: small;\">\u00a01930\u00a0<\/span><\/td>\n<\/tr>\n<\/tbody>\n<\/table>\n<\/td>\n<\/tr>\n<\/tbody>\n<\/table>\n<\/td>\n<\/tr>\n<\/tbody>\n<\/table>\n","protected":false},"excerpt":{"rendered":"<p><a href=\"https:\/\/agora.xtec.cat\/zerelsio\/wp-content\/uploads\/usu567\/2021\/07\/coollogo_com-28834253.png\"><\/a><br \/>\nMEDI: FER, PENSAR, PARLAR I SENTIR DES DE LES STEAM (2a edici\u00f3)<br \/>\n<a href=\"https:\/\/drive.google.com\/drive\/folders\/1kvoXh-wbPoC96gjCbffTgo2ippF4c-yE?usp=sharing\">M\u00f2dul 5<\/a><\/p>\n<p><a style=\"padding: 0; margin: 0; border: none; display: block; line-height: 1; height: 16px;\" href=\"https:\/\/padlet.com?ref=embed\" target=\"_blank\" rel=\"noopener\"><\/a><\/p>\n<p><a href=\"https:\/\/drive.google.com\/drive\/folders\/1brV7kKGs5XeBzMoJFBXSpTl8ylWfUPGY?usp=sharing\">M\u00f2dul 4<\/a><br \/>\n\ufeff\ufeff<br \/>\n<a href=\"https:\/\/drive.google.com\/drive\/folders\/18BNRH7Il6wDfJfTPtZPsSlv4T_cDotjL?usp=sharing\">M\u00f2dul 3<\/a><br \/>\n\ufeff<br \/>\n<a href=\"https:\/\/drive.google.com\/file\/d\/1QLGPWHiMgb4Ps3DLaNOmBsRMZfPeeEAq\/view?usp=sharing\">M\u00f2dul2<\/a><br \/>\n\ufeff<br \/>\n<a href=\"https:\/\/blocs.xtec.cat\/msolduga\/2022\/02\/07\/modul-1-medi-fer-pensar-parlar-i-sentir-des-de-les-steam\/\">M\u00f2dul 1<\/a><br \/>\n<a href=\"https:\/\/blocs.xtec.cat\/msolduga\/2022\/02\/07\/imatges-per-pensar\/\">M\u00f2dul 0<\/a><br \/>\n<a href=\"https:\/\/agora.xtec.cat\/zerelsio\/wp-content\/uploads\/usu567\/2019\/07\/curs2019_2020.png\"><\/a><br \/>\nMedi: Fer, parlar, pensar i sentir&hellip;  <a href=\"https:\/\/agora.xtec.cat\/zerelsio\/ambits\/medi\/amb-perspectiva-steam\/\" title=\"Read Amb perspectiva STEAM\">Llegeix m\u00e9s\u00bb<\/a><\/p>\n","protected":false},"author":3,"featured_media":0,"parent":1549,"menu_order":0,"comment_status":"closed","ping_status":"closed","template":"page-templates\/side-menu.php","meta":{"_bbp_topic_count":0,"_bbp_reply_count":0,"_bbp_total_topic_count":0,"_bbp_total_reply_count":0,"_bbp_voice_count":0,"_bbp_anonymous_reply_count":0,"_bbp_topic_count_hidden":0,"_bbp_reply_count_hidden":0,"_bbp_forum_subforum_count":0,"footnotes":""},"class_list":["post-3576","page","type-page","status-publish","hentry"],"post_mailing_queue_ids":[],"_links":{"self":[{"href":"https:\/\/agora.xtec.cat\/zerelsio\/wp-json\/wp\/v2\/pages\/3576","targetHints":{"allow":["GET"]}}],"collection":[{"href":"https:\/\/agora.xtec.cat\/zerelsio\/wp-json\/wp\/v2\/pages"}],"about":[{"href":"https:\/\/agora.xtec.cat\/zerelsio\/wp-json\/wp\/v2\/types\/page"}],"author":[{"embeddable":true,"href":"https:\/\/agora.xtec.cat\/zerelsio\/wp-json\/wp\/v2\/users\/3"}],"replies":[{"embeddable":true,"href":"https:\/\/agora.xtec.cat\/zerelsio\/wp-json\/wp\/v2\/comments?post=3576"}],"version-history":[{"count":3,"href":"https:\/\/agora.xtec.cat\/zerelsio\/wp-json\/wp\/v2\/pages\/3576\/revisions"}],"predecessor-version":[{"id":9677,"href":"https:\/\/agora.xtec.cat\/zerelsio\/wp-json\/wp\/v2\/pages\/3576\/revisions\/9677"}],"up":[{"embeddable":true,"href":"https:\/\/agora.xtec.cat\/zerelsio\/wp-json\/wp\/v2\/pages\/1549"}],"wp:attachment":[{"href":"https:\/\/agora.xtec.cat\/zerelsio\/wp-json\/wp\/v2\/media?parent=3576"}],"curies":[{"name":"wp","href":"https:\/\/api.w.org\/{rel}","templated":true}]}}