{"id":3549,"date":"2019-01-19T09:37:53","date_gmt":"2019-01-19T08:37:53","guid":{"rendered":"http:\/\/agora.xtec.cat\/zerelsio\/?page_id=3549"},"modified":"2023-06-15T07:05:56","modified_gmt":"2023-06-15T05:05:56","slug":"proves-acl","status":"publish","type":"page","link":"https:\/\/agora.xtec.cat\/zerelsio\/tauler_anuncis\/proves-acl\/","title":{"rendered":"Proves ACL"},"content":{"rendered":"<h3><span style=\"color: #0000ff;\">Proves:<\/span><\/h3>\n<p><iframe loading=\"lazy\" src=\"https:\/\/drive.google.com\/file\/d\/12C0l7cIhUkfXPC1AyWC0iEWSR6LfkSeO\/preview\" width=\"640\" height=\"480\"><\/iframe><\/p>\n<p><iframe loading=\"lazy\" src=\"https:\/\/drive.google.com\/file\/d\/114lmMF-MGbgT4N5fXNUq1BFPZhIe1vDH\/preview\" width=\"640\" height=\"480\"><\/iframe><\/p>\n<h3>M\u00e9s informaci\u00f3:<\/h3>\n<blockquote class=\"wp-embedded-content\" data-secret=\"fctYAUu0Iv\"><p><a href=\"https:\/\/serveiseducatius.xtec.cat\/altemporda\/equips-directius\/proves-avaluacio-comprensio-lectora-acl\/\">Proves avaluaci\u00f3 comprensi\u00f3 lectora &#8211; ACL<\/a><\/p><\/blockquote>\n<p><iframe loading=\"lazy\" class=\"wp-embedded-content\" sandbox=\"allow-scripts\" security=\"restricted\" style=\"position: absolute; clip: rect(1px, 1px, 1px, 1px);\" title=\"&#8220;Proves avaluaci\u00f3 comprensi\u00f3 lectora &#8211; ACL&#8221; &#8212; Servei Educatiu Alt Empord\u00e0\" src=\"https:\/\/serveiseducatius.xtec.cat\/altemporda\/equips-directius\/proves-avaluacio-comprensio-lectora-acl\/embed\/#?secret=qUTEkN6Ark#?secret=fctYAUu0Iv\" data-secret=\"fctYAUu0Iv\" width=\"500\" height=\"282\" frameborder=\"0\" marginwidth=\"0\" marginheight=\"0\" scrolling=\"no\"><\/iframe><\/p>\n","protected":false},"excerpt":{"rendered":"<p>Proves:<\/p>\n<p>M\u00e9s informaci\u00f3:<br \/>\n<a href=\"https:\/\/serveiseducatius.xtec.cat\/altemporda\/equips-directius\/proves-avaluacio-comprensio-lectora-acl\/\">Proves avaluaci\u00f3 comprensi\u00f3 lectora &#8211; ACL<\/a><\/p>\n","protected":false},"author":3,"featured_media":0,"parent":264,"menu_order":65,"comment_status":"closed","ping_status":"closed","template":"page-templates\/side-menu.php","meta":{"_bbp_topic_count":0,"_bbp_reply_count":0,"_bbp_total_topic_count":0,"_bbp_total_reply_count":0,"_bbp_voice_count":0,"_bbp_anonymous_reply_count":0,"_bbp_topic_count_hidden":0,"_bbp_reply_count_hidden":0,"_bbp_forum_subforum_count":0,"footnotes":""},"class_list":["post-3549","page","type-page","status-publish","hentry"],"post_mailing_queue_ids":[],"_links":{"self":[{"href":"https:\/\/agora.xtec.cat\/zerelsio\/wp-json\/wp\/v2\/pages\/3549","targetHints":{"allow":["GET"]}}],"collection":[{"href":"https:\/\/agora.xtec.cat\/zerelsio\/wp-json\/wp\/v2\/pages"}],"about":[{"href":"https:\/\/agora.xtec.cat\/zerelsio\/wp-json\/wp\/v2\/types\/page"}],"author":[{"embeddable":true,"href":"https:\/\/agora.xtec.cat\/zerelsio\/wp-json\/wp\/v2\/users\/3"}],"replies":[{"embeddable":true,"href":"https:\/\/agora.xtec.cat\/zerelsio\/wp-json\/wp\/v2\/comments?post=3549"}],"version-history":[{"count":3,"href":"https:\/\/agora.xtec.cat\/zerelsio\/wp-json\/wp\/v2\/pages\/3549\/revisions"}],"predecessor-version":[{"id":11886,"href":"https:\/\/agora.xtec.cat\/zerelsio\/wp-json\/wp\/v2\/pages\/3549\/revisions\/11886"}],"up":[{"embeddable":true,"href":"https:\/\/agora.xtec.cat\/zerelsio\/wp-json\/wp\/v2\/pages\/264"}],"wp:attachment":[{"href":"https:\/\/agora.xtec.cat\/zerelsio\/wp-json\/wp\/v2\/media?parent=3549"}],"curies":[{"name":"wp","href":"https:\/\/api.w.org\/{rel}","templated":true}]}}