{"id":3484,"date":"2019-01-13T22:16:50","date_gmt":"2019-01-13T21:16:50","guid":{"rendered":"http:\/\/agora.xtec.cat\/zerelsio\/?page_id=3484"},"modified":"2025-07-15T11:19:37","modified_gmt":"2025-07-15T09:19:37","slug":"proves-de-6e","status":"publish","type":"page","link":"https:\/\/agora.xtec.cat\/zerelsio\/tauler_anuncis\/proves-de-6e\/","title":{"rendered":"Proves de 6\u00e8"},"content":{"rendered":"<h3><a href=\"https:\/\/agora.xtec.cat\/zerelsio\/wp-content\/uploads\/usu567\/2025\/07\/cooltext485687808167408.png\"><img loading=\"lazy\" decoding=\"async\" class=\"alignnone size-full wp-image-17493\" src=\"https:\/\/agora.xtec.cat\/zerelsio\/wp-content\/uploads\/usu567\/2025\/07\/cooltext485687808167408.png\" alt=\"\" width=\"802\" height=\"141\" srcset=\"https:\/\/agora.xtec.cat\/zerelsio\/wp-content\/uploads\/usu567\/2025\/07\/cooltext485687808167408.png 802w, https:\/\/agora.xtec.cat\/zerelsio\/wp-content\/uploads\/usu567\/2025\/07\/cooltext485687808167408-300x53.png 300w, https:\/\/agora.xtec.cat\/zerelsio\/wp-content\/uploads\/usu567\/2025\/07\/cooltext485687808167408-768x135.png 768w\" sizes=\"auto, (max-width: 802px) 100vw, 802px\" \/><\/a><\/h3>\n<p><a href=\"https:\/\/espai.educacio.gencat.cat\/Alumnes\/Avaluacions-censals\/Avaluacio-Sise-Primaria\/Prova-sise-primaria\/Pagines\/default.aspx\">https:\/\/espai.educacio.gencat.cat\/Alumnes\/Avaluacions-censals\/Avaluacio-Sise-Primaria\/Prova-sise-primaria\/Pagines\/default.aspx<\/a><\/p>\n<p><iframe loading=\"lazy\" src=\"https:\/\/drive.google.com\/file\/d\/1X0ImeJsCG-nHwtqAnemg8_UQ2ZXRIX9F\/preview\" width=\"640\" height=\"480\"><\/iframe><\/p>\n<p><span style=\"color: #ff0000;\"><a href=\"http:\/\/csda.gencat.cat\/ca\/arees-actuacio\/avaluacions-consell\/calendari-avaluacions\/\">http:\/\/csda.gencat.cat\/ca\/arees-actuacio\/avaluacions-consell\/calendari-avaluacions\/<\/a><\/span><\/p>\n<p><iframe loading=\"lazy\" src=\"https:\/\/drive.google.com\/file\/d\/1hXJ9dMvFgvj6-IoZiRKCGoUwEftW84Ao\/preview\" width=\"640\" height=\"480\"><\/iframe><\/p>\n<h3>Resoluci\u00f3 &#8230;, de &#8230; de gener.<\/h3>\n<p><iframe loading=\"lazy\" src=\"https:\/\/drive.google.com\/file\/d\/1yT__1rfto7fxRjIRJVQqUl2uUxXURMRU\/preview\" width=\"640\" height=\"480\"><\/iframe><\/p>\n<p>&nbsp;<\/p>\n<p><iframe loading=\"lazy\" src=\"https:\/\/drive.google.com\/file\/d\/1uh2Em0VfTUna2qPQaYOeWHYDuG2Nb3ka\/preview\" width=\"640\" height=\"480\"><\/iframe><\/p>\n<div class=\"tyJCtd mGzaTb baZpAe\">\n<div class=\"CjVfdc\">\n<section id=\"h.67c9dcd1e51c223c_9\" class=\"yaqOZd\">\n<div class=\"mYVXT\">\n<div class=\"LS81yb VICjCf\" tabindex=\"-1\">\n<div class=\"hJDwNd-AhqUyc-uQSCkd purZT-AhqUyc-II5mzb pSzOP-AhqUyc-qWD73c JNdkSc\">\n<div class=\"JNdkSc-SmKAyb\">\n<div class=\"\">\n<div class=\"oKdM2c Kzv0Me\">\n<div id=\"h.67c9dcd1e51c223c_12\" class=\"hJDwNd-AhqUyc-uQSCkd jXK9ad D2fZ2 OjCsFc wHaque\">\n<div class=\"jXK9ad-SmKAyb\">\n<div class=\"tyJCtd baZpAe\">\n<h2><strong>Informaci\u00f3 proves<\/strong><\/h2>\n<p>Informaci\u00f3 reuni\u00f3 27 de mar\u00e7, a T\u00e0rrega, 13h.<\/p>\n<div class=\"t3iYD\">\n<hr \/>\n<\/div>\n<\/div>\n<\/div>\n<\/div>\n<\/div>\n<\/div>\n<\/div>\n<\/div>\n<\/div>\n<\/div>\n<\/section>\n<\/div>\n<div class=\"IFuOkc\">\n<section id=\"h.67c9dcd1e51c223c_88\" class=\"yaqOZd\">\n<div class=\"mYVXT\">\n<div class=\"LS81yb VICjCf\" tabindex=\"-1\">\n<div class=\"hJDwNd-AhqUyc-uQSCkd purZT-AhqUyc-II5mzb pSzOP-AhqUyc-qWD73c JNdkSc\">\n<div class=\"JNdkSc-SmKAyb\">\n<div class=\"\">\n<div class=\"oKdM2c Kzv0Me\">\n<div id=\"h.67c9dcd1e51c223c_91\" class=\"hJDwNd-AhqUyc-uQSCkd jXK9ad D2fZ2 OjCsFc wHaque GNzUNc\">\n<div class=\"jXK9ad-SmKAyb\">\n<div class=\"tyJCtd mGzaTb baZpAe\">\n<ul>\n<li><a href=\"https:\/\/drive.google.com\/file\/d\/1QkAGRLjzpU692IgQYwEjPtjgFIk7GMaa\/view\">Guia d\u2019aplicaci\u00f3 de les proves<\/a><\/li>\n<\/ul>\n<\/div>\n<ul>\n<li><a href=\"https:\/\/drive.google.com\/file\/d\/1GF4nhixyTcO70m49ku_i6Nh3xGbVSQkk\/view\">Manual d\u2019usuari de l\u2019aplicaci\u00f3 inform\u00e0tica per als centres<\/a><\/li>\n<\/ul>\n<div class=\"tyJCtd mGzaTb baZpAe\">\n<hr \/>\n<div>\n<div class=\"IFuOkc\">\n<section id=\"h.67c9dcd1e51c223c_108\" class=\"yaqOZd\">\n<div class=\"mYVXT\">\n<div class=\"LS81yb VICjCf\" tabindex=\"-1\">\n<div class=\"hJDwNd-AhqUyc-uQSCkd purZT-AhqUyc-II5mzb pSzOP-AhqUyc-qWD73c JNdkSc\">\n<div class=\"JNdkSc-SmKAyb\">\n<div class=\"\">\n<div class=\"oKdM2c Kzv0Me\">\n<div id=\"h.67c9dcd1e51c223c_111\" class=\"hJDwNd-AhqUyc-uQSCkd jXK9ad D2fZ2 OjCsFc wHaque\">\n<div class=\"jXK9ad-SmKAyb\">\n<div class=\"tyJCtd baZpAe\">\n<div class=\"t3iYD\">\n<p><strong>Aplicaci\u00f3 de les proves<\/strong><\/p>\n<\/div>\n<\/div>\n<\/div>\n<\/div>\n<\/div>\n<\/div>\n<\/div>\n<\/div>\n<\/div>\n<\/div>\n<\/section>\n<\/div>\n<div class=\"CjVfdc\">\n<section id=\"h.67c9dcd1e51c223c_13\" class=\"yaqOZd\">\n<div class=\"mYVXT\">\n<div class=\"LS81yb VICjCf\" tabindex=\"-1\">\n<div class=\"hJDwNd-AhqUyc-ibL1re purZT-AhqUyc-II5mzb pSzOP-AhqUyc-qWD73c JNdkSc\">\n<div class=\"JNdkSc-SmKAyb\">\n<div class=\"\">\n<div class=\"oKdM2c Kzv0Me\">\n<div id=\"h.67c9dcd1e51c223c_19\" class=\"hJDwNd-AhqUyc-ibL1re purZT-AhqUyc-II5mzb pSzOP-AhqUyc-qWD73c jXK9ad D2fZ2 OjCsFc wHaque GNzUNc\">\n<div class=\"jXK9ad-SmKAyb\">\n<div class=\"tyJCtd mGzaTb baZpAe\">\n<ul>\n<li class=\"CDt4Ke zfr3Q\" dir=\"ltr\"><a href=\"http:\/\/consaval.cat\/aplicadors\/\"><span class=\" aw5Odc\">Presentaci\u00f3 aplicadors\/es<\/span><\/a><\/li>\n<li dir=\"ltr\"><a href=\"https:\/\/drive.google.com\/file\/d\/1GF4nhixyTcO70m49ku_i6Nh3xGbVSQkk\/view\"><span class=\" aw5Odc\">Manual de l\u2019aplicaci\u00f3 inform\u00e0tica per a centres<\/span><\/a><\/li>\n<li dir=\"ltr\"><a href=\"https:\/\/drive.google.com\/file\/d\/1CGwynWoWTjkq1OpxBwTtXdb61os3FW5P\/view?usp=drive_link\"><span class=\"C9DxTc aw5Odc \">Infor<\/span><span class=\"C9DxTc aw5Odc \">maci\u00f3 alumnes discapacitat visual<\/span><\/a><\/li>\n<li dir=\"ltr\"><a href=\"http:\/\/csda.gencat.cat\/ca\/arees-actuacio\/avaluacions-consell\/avaluacio-sise-primaria\/prova-2024\/\"><span class=\" aw5Odc\">Informaci\u00f3 del Consell Superior d\u2019Avaluaci\u00f3. Departament d\u2019Ensenyament<\/span><\/a><\/li>\n<li dir=\"ltr\"><a href=\"https:\/\/docs.google.com\/document\/d\/1H-PnTWlHob8eCIKrXVPfoJ7lY1b1R9EVhXs_4zMGBzk\/template\/preview\">Acta d\u2019aplicaci\u00f3<\/a><\/li>\n<\/ul>\n<\/div>\n<\/div>\n<\/div>\n<\/div>\n<\/div>\n<\/div>\n<\/div>\n<\/div>\n<\/div>\n<\/section>\n<\/div>\n<\/div>\n<div>\n<hr \/>\n<\/div>\n<div><\/div>\n<div><strong>Calendari<\/strong><\/div>\n<div><\/div>\n<\/div>\n<\/div>\n<div>\n<ul>\n<li><a href=\"https:\/\/drive.google.com\/file\/d\/1I2JHWqHzw3sUeAh9zY9wOuGPLeWbTbHh\/view?usp=sharing\">Infografia calendari<\/a><\/li>\n<\/ul>\n<\/div>\n<\/div>\n<div id=\"h.67c9dcd1e51c223c_91\" class=\"hJDwNd-AhqUyc-uQSCkd jXK9ad D2fZ2 OjCsFc wHaque GNzUNc\">\n<div class=\"jXK9ad-SmKAyb\">\n<div class=\"tyJCtd mGzaTb baZpAe\">\n<div>\n<hr \/>\n<\/div>\n<div><\/div>\n<h3 class=\"CjVfdc\"><strong>Correcci\u00f3 de les proves\u00a0<\/strong><\/h3>\n<div><\/div>\n<div><strong>Reuni\u00f3 Informativa\u00a0 &#8230;<br \/>\n<\/strong><\/div>\n<\/div>\n<\/div>\n<\/div>\n<\/div>\n<div><\/div>\n<div><\/div>\n<\/div>\n<\/div>\n<\/div>\n<\/div>\n<\/div>\n<\/section>\n<\/div>\n<\/div>\n<div class=\"tyJCtd mGzaTb baZpAe\">\n<div class=\"IFuOkc\">\n<section id=\"h.67c9dcd1e51c223c_92\">\n<div>\n<div tabindex=\"-1\">\n<div>\n<div>\n<div>\n<div>\n<section id=\"h.67c9dcd1e51c223c_9\">\n<div>\n<div tabindex=\"-1\">\n<div>\n<div>\n<div>\n<div>\n<div id=\"h.67c9dcd1e51c223c_91\">\n<div>\n<div>\n<div class=\"hJDwNd-AhqUyc-II5mzb Ft7HRd-AhqUyc-II5mzb purZT-AhqUyc-II5mzb ZcASvf-AhqUyc-II5mzb pSzOP-AhqUyc-qWD73c Ktthjf-AhqUyc-qWD73c JNdkSc SQVYQc\">\n<div class=\"JNdkSc-SmKAyb LkDMRd\">\n<div class=\"\">\n<div class=\"oKdM2c ZZyype Kzv0Me\">\n<div id=\"h.2e90c012f4134dc9_7\" class=\"hJDwNd-AhqUyc-II5mzb Ft7HRd-AhqUyc-II5mzb pSzOP-AhqUyc-qWD73c Ktthjf-AhqUyc-qWD73c jXK9ad D2fZ2 zu5uec OjCsFc dmUFtb wHaque g5GTcb\">\n<div class=\"jXK9ad-SmKAyb\">\n<div class=\"tyJCtd mGzaTb Depvyb baZpAe\">\n<p class=\"zfr3Q CDt4Ke \" dir=\"ltr\"><a href=\"https:\/\/drive.google.com\/file\/d\/1rd4olHrbTqkFKJQDc-s9eObs4FcM8pEh\/view?usp=sharing\"><span class=\"C9DxTc aw5Odc \">Pagaments al docent corrector<\/span><\/a><\/p>\n<\/div>\n<\/div>\n<\/div>\n<\/div>\n<\/div>\n<\/div>\n<\/div>\n<div class=\"hJDwNd-AhqUyc-c5RTEf Ft7HRd-AhqUyc-c5RTEf purZT-AhqUyc-II5mzb ZcASvf-AhqUyc-II5mzb pSzOP-AhqUyc-qWD73c Ktthjf-AhqUyc-qWD73c JNdkSc SQVYQc\">\n<div class=\"JNdkSc-SmKAyb LkDMRd\">\n<div class=\"\">\n<div class=\"oKdM2c ZZyype Kzv0Me\">\n<div id=\"h.2e90c012f4134dc9_11\" class=\"hJDwNd-AhqUyc-c5RTEf Ft7HRd-AhqUyc-c5RTEf purZT-AhqUyc-II5mzb ZcASvf-AhqUyc-II5mzb pSzOP-AhqUyc-qWD73c Ktthjf-AhqUyc-qWD73c jXK9ad D2fZ2 zu5uec OjCsFc dmUFtb wHaque g5GTcb\">\n<div class=\"jXK9ad-SmKAyb\">\n<div class=\"tyJCtd mGzaTb Depvyb baZpAe\">\n<p class=\"zfr3Q CDt4Ke \" dir=\"ltr\"><a href=\"https:\/\/drive.google.com\/file\/d\/11u01saPamUKNojmgPxX_ei4RvHyTdeJu\/view?usp=drive_link\"><span class=\"C9DxTc aw5Odc \">Reconeixement: Formaci\u00f3 docents correctors<\/span><\/a><\/p>\n<\/div>\n<\/div>\n<\/div>\n<\/div>\n<\/div>\n<\/div>\n<\/div>\n<p dir=\"ltr\"><a href=\"https:\/\/aplicacions.gestioeducativa.gencat.cat\/pls\/apex\/f?p=A6P\">Enlla\u00e7 aplicaci\u00f3 correcci\u00f3<\/a><\/p>\n<\/div>\n<\/div>\n<\/div>\n<\/div>\n<\/div>\n<\/div>\n<\/div>\n<\/div>\n<\/div>\n<\/section>\n<section id=\"h.8f94ac3676c526b_1\">\n<div>\n<div tabindex=\"-1\">\n<div>\n<div>\n<div>\n<div>\n<div id=\"h.8f94ac3676c526b_4\">\n<div>\n<div>\n<p dir=\"ltr\"><a href=\"https:\/\/drive.google.com\/file\/d\/1iB1DdB_zAfWQ97wi8vIKWh01iUIicFr7\/view?usp=sharing\">Manual d\u2019usuari de la plataforma web de correcci\u00f3<\/a><\/p>\n<p dir=\"ltr\"><a href=\"http:\/\/consaval.cat\/correctorsA6P\/\">Presentaci\u00f3 correctors\/es<\/a><\/p>\n<\/div>\n<\/div>\n<\/div>\n<\/div>\n<\/div>\n<\/div>\n<\/div>\n<div>\n<div>\n<div>\n<div>\n<div id=\"h.8f94ac3676c526b_7\">\n<div>\n<div>\n<p dir=\"ltr\">Criteris prova de castell\u00e0 i catal\u00e0<\/p>\n<\/div>\n<\/div>\n<\/div>\n<\/div>\n<\/div>\n<\/div>\n<\/div>\n<div>\n<div>\n<div>\n<div>\n<div id=\"h.8f94ac3676c526b_10\">\n<div>\n<div>\n<p dir=\"ltr\">Criteris prova d\u2019angl\u00e8s<\/p>\n<\/div>\n<\/div>\n<\/div>\n<\/div>\n<\/div>\n<\/div>\n<\/div>\n<div>\n<div>\n<div>\n<div>\n<div id=\"h.8f94ac3676c526b_13\">\n<div>\n<div>\n<p dir=\"ltr\">Criteris prova de matem\u00e0tiques<\/p>\n<\/div>\n<\/div>\n<\/div>\n<\/div>\n<\/div>\n<\/div>\n<\/div>\n<div>\n<div>\n<div>\n<div>\n<div id=\"h.8f94ac3676c526b_16\">\n<div>\n<div>\n<p dir=\"ltr\">Criteris prova de Medi Natural<\/p>\n<\/div>\n<\/div>\n<\/div>\n<\/div>\n<\/div>\n<\/div>\n<\/div>\n<\/div>\n<\/div>\n<\/section>\n<\/div>\n<\/div>\n<\/div>\n<\/div>\n<\/div>\n<\/div>\n<\/section>\n<\/div>\n<div class=\"CjVfdc\">\n<section id=\"h.67c9dcd1e51c223c_70\" class=\"yaqOZd\">\n<div class=\"mYVXT\">\n<div class=\"LS81yb VICjCf\" tabindex=\"-1\">\n<div class=\"hJDwNd-AhqUyc-uQSCkd purZT-AhqUyc-II5mzb pSzOP-AhqUyc-qWD73c JNdkSc\">\n<div class=\"JNdkSc-SmKAyb\">\n<div class=\"\">\n<div class=\"oKdM2c Kzv0Me\">\n<div id=\"h.67c9dcd1e51c223c_73\" class=\"hJDwNd-AhqUyc-uQSCkd jXK9ad D2fZ2 OjCsFc wHaque\">\n<div class=\"jXK9ad-SmKAyb\">\n<div class=\"tyJCtd baZpAe\">\n<div class=\"t3iYD\">\n<hr \/>\n<\/div>\n<\/div>\n<\/div>\n<\/div>\n<\/div>\n<\/div>\n<\/div>\n<\/div>\n<\/div>\n<\/div>\n<\/section>\n<section id=\"h.67c9dcd1e51c223c_74\" class=\"yaqOZd\">\n<div class=\"IFuOkc\">\n<h3><span style=\"color: #ff0000;\">Calendari<\/span><\/h3>\n<h4><strong>Proves del dilluns 7 d\u2019abril de 2025<\/strong><\/h4>\n<\/div>\n<div><\/div>\n<div class=\"mYVXT\">\n<div class=\"LS81yb VICjCf\" tabindex=\"-1\">\n<div class=\"hJDwNd-AhqUyc-II5mzb purZT-AhqUyc-II5mzb pSzOP-AhqUyc-qWD73c JNdkSc\">\n<div class=\"JNdkSc-SmKAyb\">\n<div class=\"\">\n<div class=\"oKdM2c Kzv0Me\">\n<div id=\"h.67c9dcd1e51c223c_77\" class=\"hJDwNd-AhqUyc-II5mzb pSzOP-AhqUyc-qWD73c jXK9ad D2fZ2 OjCsFc wHaque GNzUNc\">\n<div class=\"jXK9ad-SmKAyb\">\n<div class=\"tyJCtd mGzaTb baZpAe\">\n<h5 class=\"CDt4Ke zfr3Q\" dir=\"ltr\">9 -10 h. <strong>Prova de llengua\u00a0 catalana<\/strong><\/h5>\n<p dir=\"ltr\">Quadern de preguntes<\/p>\n<p dir=\"ltr\">\u00c0udio llengua catalana<\/p>\n<p class=\"CDt4Ke zfr3Q\" dir=\"ltr\">Full de respostes<\/p>\n<h5 class=\"CDt4Ke zfr3Q\" dir=\"ltr\">10 -11 h. <strong>Prova de llengua estrangera<\/strong><\/h5>\n<p dir=\"ltr\">Quadern de preguntes<\/p>\n<p dir=\"ltr\">\u00c0udio llengua anglesa<\/p>\n<p class=\"CDt4Ke zfr3Q\" dir=\"ltr\">Full de respostes<\/p>\n<\/div>\n<\/div>\n<\/div>\n<\/div>\n<\/div>\n<\/div>\n<\/div>\n<div class=\"hJDwNd-AhqUyc-II5mzb purZT-AhqUyc-II5mzb pSzOP-AhqUyc-qWD73c JNdkSc\">\n<div class=\"JNdkSc-SmKAyb\">\n<div class=\"\">\n<div class=\"oKdM2c Kzv0Me\">\n<div id=\"h.67c9dcd1e51c223c_83\" class=\"hJDwNd-AhqUyc-II5mzb pSzOP-AhqUyc-qWD73c jXK9ad D2fZ2 OjCsFc wHaque GNzUNc\">\n<div class=\"jXK9ad-SmKAyb\">\n<div class=\"tyJCtd mGzaTb baZpAe\">\n<div class=\"CjVfdc\">\n<h4><strong>Proves del dimarts 8 d\u2019abril de 2025<\/strong><\/h4>\n<\/div>\n<h5 class=\"CDt4Ke zfr3Q\" dir=\"ltr\">9 -10 h. <strong>Prova de llengua castellana<\/strong><\/h5>\n<p dir=\"ltr\">Quadern de preguntes<\/p>\n<p dir=\"ltr\">\u00c0udio llengua castellana<\/p>\n<p class=\"CDt4Ke zfr3Q\" dir=\"ltr\">Full de respostes<\/p>\n<h5 class=\"CDt4Ke zfr3Q\" dir=\"ltr\">10 -11\u201900 h. <strong>Prova de l\u2019\u00e0rea de matem\u00e0tiques<\/strong><\/h5>\n<p dir=\"ltr\">Quadern de preguntes<\/p>\n<p class=\"CDt4Ke zfr3Q\" dir=\"ltr\">Full de respostes<\/p>\n<h4 class=\"CDt4Ke zfr3Q\" dir=\"ltr\"><strong>Proves del dimecres 9 d\u2019abril de 2025<\/strong><\/h4>\n<h5 class=\"CDt4Ke zfr3Q\" dir=\"ltr\">9 -10 h. <strong>Prova de ci\u00e8ncia, tecnologia i enginyeria<\/strong><\/h5>\n<p dir=\"ltr\">Quadern de preguntes<\/p>\n<p class=\"CDt4Ke zfr3Q\" dir=\"ltr\">Full de respostes<\/p>\n<\/div>\n<\/div>\n<\/div>\n<\/div>\n<\/div>\n<\/div>\n<\/div>\n<\/div>\n<\/div>\n<\/section>\n<section id=\"h.67c9dcd1e51c223c_88\" class=\"yaqOZd\">\n<div class=\"IFuOkc\">\n<h3><span style=\"color: #ff0000;\">Acc\u00e9s a l&#8217;aplicatiu<\/span><\/h3>\n<p><a href=\"https:\/\/aplicacions.gestioeducativa.gencat.cat\/pls\/apex\/f?p=2009001:64:218005749049946::NO:::\">https:\/\/aplicacions.gestioeducativa.gencat.cat\/pls\/apex\/f?p=2009001:64:218005749049946::NO:::<\/a><\/p>\n<\/div>\n<\/section>\n<section id=\"h.67c9dcd1e51c223c_112\" class=\"yaqOZd\">\n<div class=\"mYVXT\">\n<div class=\"LS81yb VICjCf\" tabindex=\"-1\">\n<div class=\"hJDwNd-AhqUyc-uQSCkd purZT-AhqUyc-II5mzb pSzOP-AhqUyc-qWD73c JNdkSc\">\n<div class=\"JNdkSc-SmKAyb\">\n<div class=\"\">\n<div class=\"oKdM2c Kzv0Me\">\n<div id=\"h.67c9dcd1e51c223c_115\" class=\"hJDwNd-AhqUyc-uQSCkd jXK9ad D2fZ2 OjCsFc wHaque GNzUNc\">\n<div class=\"jXK9ad-SmKAyb\">\n<div class=\"tyJCtd mGzaTb baZpAe\">\n<div class=\"CjVfdc\">\n<div class=\"PPhIP rviiZ\">\n<div class=\"U26fgb mUbCce fKz7Od LRAOtb rm120e\" role=\"presentation\" aria-describedby=\"h.p_-25E9v8pHrMm\" aria-label=\"Copia l'enlla\u00e7 del t\u00edtol\" aria-disabled=\"false\" data-tooltip=\"Copia l'enlla\u00e7 del t\u00edtol\" aria-hidden=\"true\" data-tooltip-position=\"top\" data-tooltip-vertical-offset=\"12\" data-tooltip-horizontal-offset=\"0\">\n<div class=\"VTBa7b MbhUzd\"><\/div>\n<\/div>\n<\/div>\n<p>INCID\u00c8NCIES AMB L\u2019APLICACI\u00d3 INFORM\u00c0TICA<\/p>\n<\/div>\n<p class=\"CDt4Ke zfr3Q\" dir=\"ltr\">Per a consultes sobre l\u2019acc\u00e9s a l\u2019aplicaci\u00f3 inform\u00e0tica, problemes t\u00e8cnics o de les llistes d\u2019alumnat us podeu adre\u00e7ar al Servei d\u2019Atenci\u00f3 a l\u2019Usuari, a l\u2019adre\u00e7a de correu\u00a0<strong>sau.tic@gencat.cat<\/strong>\u00a0o b\u00e9 al tel\u00e8fon\u00a0<strong>900 82 82 82 (4)<\/strong>.<\/p>\n<p class=\"CDt4Ke zfr3Q\" dir=\"ltr\">Les incid\u00e8ncies sorgides durant el proc\u00e9s general de les proves s\u2019adre\u00e7aran al Consell Superior d\u2019Avaluaci\u00f3 del Sistema Educatiu:\u00a0<span class=\" aw5Odc\"><a class=\"XqQF9c\" href=\"mailto:prova_sise.educacio@gencat.cat\" target=\"_blank\" rel=\"noopener noreferrer\">prova_sise.educacio@gencat.cat<\/a><\/span><\/p>\n<p class=\"CDt4Ke zfr3Q\" dir=\"ltr\">Els presidents\/es de les comissions adre\u00e7aran les consultes sobre la gesti\u00f3 de les comissions als inspectors\/es referents dels territoris i, si escau, a la Sub-direcci\u00f3 General de la Inspecci\u00f3 d\u2019Educaci\u00f3:\u00a0<span class=\" aw5Odc\"><a class=\"XqQF9c\" href=\"mailto:inspeccio_sgie.educacio@gencat.ca\" target=\"_blank\" rel=\"noopener noreferrer\">inspeccio_sgie.educacio@gencat.ca<\/a><\/span>t<\/p>\n<\/div>\n<\/div>\n<\/div>\n<\/div>\n<\/div>\n<\/div>\n<\/div>\n<\/div>\n<\/div>\n<\/section>\n<\/div>\n<\/div>\n<p><a href=\"http:\/\/csda.gencat.cat\/ca\/arees-actuacio\/avaluacions-consell\/avaluacio-sise-primaria\/prova-2024\/\">http:\/\/csda.gencat.cat\/ca\/arees-actuacio\/avaluacions-consell\/avaluacio-sise-primaria\/prova-2024\/<\/a><\/p>\n<p><a href=\"https:\/\/odissea.xtec.cat\/course\/index.php?categoryid=8581\">https:\/\/odissea.xtec.cat\/course\/index.php?categoryid=8581<\/a><\/p>\n<p><a href=\"https:\/\/aplicacions.gestioeducativa.gencat.cat\/pls\/apex\/f?p=avi\">https:\/\/aplicacions.gestioeducativa.gencat.cat\/pls\/apex\/f?p=avi<\/a><\/p>\n<p><a href=\"https:\/\/aplicacions.gestioeducativa.gencat.cat\/pls\/apex\/f?p=2022004:20:5817023350827::NO:::\">https:\/\/aplicacions.gestioeducativa.gencat.cat\/pls\/apex\/f?p=2022004:20:5817023350827::NO:::<\/a><\/p>\n<p><a href=\"https:\/\/repositori.educacio.gencat.cat\/handle\/20.500.12694\/564\">https:\/\/repositori.educacio.gencat.cat\/handle\/20.500.12694\/564<\/a><\/p>\n<section id=\"h.67c9dcd1e51c223c_74\" class=\"yaqOZd\">\n<div class=\"mYVXT\">\n<div class=\"LS81yb VICjCf\" tabindex=\"-1\">\n<div class=\"hJDwNd-AhqUyc-II5mzb purZT-AhqUyc-II5mzb pSzOP-AhqUyc-qWD73c JNdkSc\">\n<div class=\"JNdkSc-SmKAyb\">\n<div class=\"\">\n<div class=\"oKdM2c Kzv0Me\">\n<div id=\"h.67c9dcd1e51c223c_77\" class=\"hJDwNd-AhqUyc-II5mzb pSzOP-AhqUyc-qWD73c jXK9ad D2fZ2 OjCsFc wHaque GNzUNc\">\n<div class=\"jXK9ad-SmKAyb\">\n<div class=\"tyJCtd mGzaTb baZpAe\">\n<div class=\"CjVfdc\">\n<div class=\"IFuOkc\"><\/div>\n<\/div>\n<\/div>\n<\/div>\n<\/div>\n<\/div>\n<\/div>\n<\/div>\n<\/div>\n<\/div>\n<\/div>\n<\/section>\n<h3><span style=\"color: #ff0000;\">Proves anteriors<\/span><\/h3>\n<p><a href=\"http:\/\/csda.gencat.cat\/ca\/arees-actuacio\/avaluacions-consell\/avaluacio-sise-primaria\/\">http:\/\/csda.gencat.cat\/ca\/arees-actuacio\/avaluacions-consell\/avaluacio-sise-primaria\/<\/a><br \/>\n<a href=\"https:\/\/drive.google.com\/drive\/u\/0\/folders\/1kQdAFNiURY5oib_zaUPhS2NRUtlhsm4K\">Recull en un drive<\/a>.<\/p>\n<h3><span style=\"color: #ff0000;\">PROVA DE COMUNICACI\u00d3 ORAL DE 6\u00e8<\/span><\/h3>\n<p>Pendent d&#8217;actualitzar<\/p>\n<p><a href=\"https:\/\/drive.google.com\/file\/d\/1BhcMRDfEcreWmtc1DnYRIL9de0QhiRC7\/view?usp=share_link\">Resoluci\u00f3 EDU\/288\/2023, de 2 de febrer<\/a><\/p>\n<p><iframe loading=\"lazy\" src=\"https:\/\/drive.google.com\/file\/d\/1BhcMRDfEcreWmtc1DnYRIL9de0QhiRC7\/preview\" width=\"640\" height=\"480\" data-mce-fragment=\"1\"><\/iframe><\/p>\n<p>Pendent d&#8217;actualitzar!<\/p>\n<h3><span style=\"color: #ff0000;\">Acc\u00e9s al material<\/span><\/h3>\n<p><a href=\"https:\/\/odissea.xtec.cat\/course\/view.php?id=205091\">https:\/\/odissea.xtec.cat\/course\/view.php?id=205091<\/a><\/p>\n<h3><span style=\"color: #ff0000;\">Acc\u00e9s a l&#8217;aplicatiu<\/span><\/h3>\n<p><a href=\"https:\/\/aplicacions.gestioeducativa.gencat.cat\/pls\/apex\/f?p=2022004:20:203597610062132::NO:::\">https:\/\/aplicacions.gestioeducativa.gencat.cat\/pls\/apex\/f?p=2022004:20:203597610062132::NO:::<\/a><\/p>\n","protected":false},"excerpt":{"rendered":"<p><a href=\"https:\/\/agora.xtec.cat\/zerelsio\/wp-content\/uploads\/usu567\/2025\/07\/cooltext485687808167408.png\"><\/a><br \/>\n<a href=\"https:\/\/espai.educacio.gencat.cat\/Alumnes\/Avaluacions-censals\/Avaluacio-Sise-Primaria\/Prova-sise-primaria\/Pagines\/default.aspx\">https:\/\/espai.educacio.gencat.cat\/Alumnes\/Avaluacions-censals\/Avaluacio-Sise-Primaria\/Prova-sise-primaria\/Pagines\/default.aspx<\/a><\/p>\n<p><a href=\"http:\/\/csda.gencat.cat\/ca\/arees-actuacio\/avaluacions-consell\/calendari-avaluacions\/\">http:\/\/csda.gencat.cat\/ca\/arees-actuacio\/avaluacions-consell\/calendari-avaluacions\/<\/a><\/p>\n<p>Resoluci\u00f3 &#8230;, de &#8230; de gener.<\/p>\n<p>&nbsp;<\/p>\n<p>Informaci\u00f3 proves<br \/>\nInformaci\u00f3 reuni\u00f3 27 de mar\u00e7, a T\u00e0rrega, 13h.<\/p>\n<ul>\n<li><a href=\"https:\/\/drive.google.com\/file\/d\/1QkAGRLjzpU692IgQYwEjPtjgFIk7GMaa\/view\">Guia d\u2019aplicaci\u00f3 de les proves<\/a><\/li>\n<\/ul>\n<ul>\n<li><a href=\"https:\/\/drive.google.com\/file\/d\/1GF4nhixyTcO70m49ku_i6Nh3xGbVSQkk\/view\">Manual d\u2019usuari de l\u2019aplicaci\u00f3 inform\u00e0tica per als centres<\/a><\/li>\n<\/ul>\n<p>Aplicaci\u00f3 de les proves<\/p>\n<ul>\n<li class=\"CDt4Ke zfr3Q\" dir=\"ltr\"><a href=\"http:\/\/consaval.cat\/aplicadors\/\">Presentaci\u00f3 aplicadors\/es<\/a><\/li>\n<li dir=\"ltr\"><a href=\"https:\/\/drive.google.com\/file\/d\/1GF4nhixyTcO70m49ku_i6Nh3xGbVSQkk\/view\">Manual de l\u2019aplicaci\u00f3 inform\u00e0tica per a&hellip;  <a href=\"https:\/\/agora.xtec.cat\/zerelsio\/tauler_anuncis\/proves-de-6e\/\" title=\"Read Proves de 6\u00e8\">Llegeix m\u00e9s\u00bb<\/a><br \/>\n","protected":false},"author":3,"featured_media":0,"parent":264,"menu_order":60,"comment_status":"closed","ping_status":"closed","template":"page-templates\/side-menu.php","meta":{"_bbp_topic_count":0,"_bbp_reply_count":0,"_bbp_total_topic_count":0,"_bbp_total_reply_count":0,"_bbp_voice_count":0,"_bbp_anonymous_reply_count":0,"_bbp_topic_count_hidden":0,"_bbp_reply_count_hidden":0,"_bbp_forum_subforum_count":0,"footnotes":""},"class_list":["post-3484","page","type-page","status-publish","hentry"],"post_mailing_queue_ids":[],"_links":{"self":[{"href":"https:\/\/agora.xtec.cat\/zerelsio\/wp-json\/wp\/v2\/pages\/3484","targetHints":{"allow":["GET"]}}],"collection":[{"href":"https:\/\/agora.xtec.cat\/zerelsio\/wp-json\/wp\/v2\/pages"}],"about":[{"href":"https:\/\/agora.xtec.cat\/zerelsio\/wp-json\/wp\/v2\/types\/page"}],"author":[{"embeddable":true,"href":"https:\/\/agora.xtec.cat\/zerelsio\/wp-json\/wp\/v2\/users\/3"}],"replies":[{"embeddable":true,"href":"https:\/\/agora.xtec.cat\/zerelsio\/wp-json\/wp\/v2\/comments?post=3484"}],"version-history":[{"count":6,"href":"https:\/\/agora.xtec.cat\/zerelsio\/wp-json\/wp\/v2\/pages\/3484\/revisions"}],"predecessor-version":[{"id":17559,"href":"https:\/\/agora.xtec.cat\/zerelsio\/wp-json\/wp\/v2\/pages\/3484\/revisions\/17559"}],"up":[{"embeddable":true,"href":"https:\/\/agora.xtec.cat\/zerelsio\/wp-json\/wp\/v2\/pages\/264"}],"wp:attachment":[{"href":"https:\/\/agora.xtec.cat\/zerelsio\/wp-json\/wp\/v2\/media?parent=3484"}],"curies":[{"name":"wp","href":"https:\/\/api.w.org\/{rel}","templated":true}]}}